{"id":434125,"date":"2025-04-11T19:14:57","date_gmt":"2025-04-11T17:14:57","guid":{"rendered":"https:\/\/medandbeauty.com\/product\/damske-zdravotni-kalhoty-premium-rosalia\/"},"modified":"2025-12-23T11:16:45","modified_gmt":"2025-12-23T10:16:45","slug":"damske-zdravotni-kalhoty-premium-rosalia","status":"publish","type":"product","link":"https:\/\/medandbeauty.com\/cs\/product\/damske-zdravotni-kalhoty-premium-rosalia\/","title":{"rendered":"D\u00e1msk\u00e9 zdravotn\u00ed kalhoty Premium Rosalia"},"content":{"rendered":"<p>Pot\u0159ebujete pohodln\u00e9 l\u00e9ka\u0159sk\u00e9 kalhoty, kter\u00e9 v\u00e1m zajist\u00ed maxim\u00e1ln\u00ed pohodl\u00ed b\u011bhem dlouh\u00fdch hodin v pr\u00e1ci?<\/p>\n<p>Vyberte si <strong>d\u00e1msk\u00e9 p\u0159il\u00e9hav\u00e9 zdravotn\u00ed kalhoty z <a href=\"https:\/\/medandbeauty.com\/cs\/shop\/pro-ni\/kolekce-premium\/\" target=\"_blank\" rel=\"noopener\">kolekce Premium<\/a><\/strong> &#8211; jsou pro v\u00e1s ide\u00e1ln\u00ed!<\/p>\n<p>Pokud si p\u0159i v\u00fdb\u011bru zdravotnick\u00fdch od\u011bv\u016f cen\u00edte pohodl\u00ed p\u0159i no\u0161en\u00ed a prvot\u0159\u00eddn\u00ed kvality materi\u00e1l\u016f &#8211;<strong> zdravotnick\u00e9 kalhoty<\/strong> <strong>Rosalia <\/strong><strong> Premium<\/strong> <strong>v barv\u011b <\/strong><strong> Adjacent<\/strong> jist\u011b spln\u00ed v\u0161echna va\u0161e o\u010dek\u00e1v\u00e1n\u00ed!<\/p>\n<p><strong>D\u00e1msk\u00e9 zdravotn\u00ed p\u0159il\u00e9hav\u00e9 kalhoty Premium Rosalia <\/strong>jsou u\u0161ity z m\u011bkk\u00e9 a prody\u0161n\u00e9 tkaniny, tak\u017ee neomezuj\u00ed v pohybu a poskytuj\u00ed naprostou volnost pohybu. D\u00edky kombinaci 80 % vysoce kvalitn\u00ed bavlny se sm\u011bs\u00ed lycry a nylonu tkanina dokonale padne ka\u017ed\u00e9 postav\u011b a nav\u00edc je odoln\u00e1 a prody\u0161n\u00e1. <\/p>\n<p>M\u00edrn\u011b zv\u00fd\u0161en\u00fd pas s \u0161irok\u00fdm elastick\u00fdm pasem znamen\u00e1, \u017ee zkr\u00e1cen\u00e9 kalhoty neomezuj\u00ed v pohybu, a jsou proto velmi pohodln\u00e9 i p\u0159i dlouh\u00e9m no\u0161en\u00ed.<\/p>\n<p>Pudrov\u011b fialov\u00e1 barva <strong>p\u0159il\u00e9hav\u00fdch zdravotnick\u00fdch kalhot<\/strong> se hod\u00ed k elegantn\u00edm i le\u017e\u00e9rn\u00edm outfit\u016fm a d\u00edky absenci kapes se budete c\u00edtit jako v t\u011bch nejpohodln\u011bj\u0161\u00edch leg\u00edn\u00e1ch!<\/p>\n<p><strong>D\u00e1msk\u00e9 zdravotnick\u00e9 kalhoty Premium Adjacent v barv\u011b Rosalia <\/strong>maj\u00ed v pase stahovac\u00ed \u0161\u0148\u016frku pro dokonal\u00e9 p\u0159izp\u016fsoben\u00ed.<\/p>\n<p>Vytvo\u0159te si vysn\u011bnou sadu <strong>l\u00e9ka\u0159sk\u00fdch od\u011bv\u016f<\/strong> slad\u011bn\u00edm<strong>l\u00e9ka\u0159sk\u00e9 tuniky <\/strong>ze stejn\u00e9ho materi\u00e1lu s <strong>p\u0159il\u00e9haj\u00edc\u00edmi l\u00e9ka\u0159sk\u00fdmi kalhotami Rosalia <\/strong>.<\/p>\n<p>Voln\u011b kombinujte odst\u00edny a vytv\u00e1\u0159ejte jedine\u010dn\u00e9 looky nebo se rozhodn\u011bte pro jednobarevn\u00fd vzhled.<\/p>\n<ul>\n<li>\u017d\u00e1dn\u00e9 kapsy<\/li>\n<li><span style=\"font-family: inherit;\">\u0160irok\u00fd, pohodln\u00fd elastick\u00fd p\u00e1s<\/span><\/li>\n<li><span style=\"font-family: inherit;\">\u00dazk\u00fd st\u0159ih &#8211; z\u00fa\u017een\u00e9 nohy<\/span><\/li>\n<li><span style=\"font-family: inherit;\">Pru\u017en\u00e1, elastick\u00e1 tkanina<\/span><\/li>\n<\/ul>\n<p>&nbsp;<\/p>\n<p><strong>Dal\u0161\u00ed informace:<\/strong><br \/>\nModelky na fotografi\u00edch maj\u00ed na sob\u011b velikost S a jsou vysok\u00e9 170-174 cm.<\/p>\n<p>Pokud si nev\u00edte rady s v\u00fdb\u011brem velikosti, pod\u00edvejte se na tabulku velikost\u00ed. Pokud m\u00e1te dal\u0161\u00ed pochybnosti &#8211; po\u0161lete n\u00e1m sv\u00e9 m\u00edry a my v\u00e1m je p\u0159izp\u016fsob\u00edme. <\/p>\n<p>Barvy od\u011bv\u016f v <a href=\"https:\/\/medandbeauty.com\/cs\/shop\/pro-ni\/kolekce-premium\/\" target=\"_blank\" rel=\"noopener\">kolekci Premium<\/a> neodpov\u00eddaj\u00ed barv\u00e1m od\u011bv\u016f v <a href=\"https:\/\/medandbeauty.com\/cs\/shop\/pro-ni\/zakladni-kolekce\/\" target=\"_blank\" rel=\"noopener\">kolekci Basic<\/a> &#8211; jsou vyrobeny z jin\u00fdch materi\u00e1l\u016f.<\/p>\n<p>Odst\u00edny jednotliv\u00fdch od\u011bv\u016f na fotografi\u00edch se mohou li\u0161it od skute\u010dn\u00fdch &#8211; to je zp\u016fsobeno r\u016fznorodost\u00ed dostupn\u00fdch elektronick\u00fdch za\u0159\u00edzen\u00ed a jejich individu\u00e1ln\u00edm nastaven\u00edm.<\/p>\n","protected":false},"excerpt":{"rendered":"<p>Pot\u0159ebujete pohodln\u00e9 l\u00e9ka\u0159sk\u00e9 kalhoty, kter\u00e9 v\u00e1m zajist\u00ed maxim\u00e1ln\u00ed pohodl\u00ed b\u011bhem dlouh\u00fdch hodin v pr\u00e1ci? Vyberte si d\u00e1msk\u00e9 p\u0159il\u00e9hav\u00e9 zdravotn\u00ed kalhoty z kolekce Premium &#8211; jsou pro v\u00e1s ide\u00e1ln\u00ed! Pokud si p\u0159i v\u00fdb\u011bru zdravotnick\u00fdch od\u011bv\u016f cen\u00edte pohodl\u00ed p\u0159i no\u0161en\u00ed a prvot\u0159\u00eddn\u00ed kvality materi\u00e1l\u016f &#8211; zdravotnick\u00e9 kalhoty Rosalia Premium v barv\u011b Adjacent jist\u011b spln\u00ed v\u0161echna va\u0161e o\u010dek\u00e1v\u00e1n\u00ed! [&hellip;]<\/p>\n","protected":false},"featured_media":428448,"comment_status":"open","ping_status":"closed","template":"","meta":{"_acf_changed":false,"inline_featured_image":false},"kolor":[1187],"rodzaj-ubrania":[1052],"ubranie":[1248],"product_brand":[],"product_cat":[1159,1029,1247],"product_tag":[],"class_list":{"0":"post-434125","1":"product","2":"type-product","3":"status-publish","4":"has-post-thumbnail","6":"kolor-fialky-cs","7":"rodzaj-ubrania-zdravotnicke-kalhoty","8":"ubranie-premiove-damske-zdravotni-kalhoty","9":"product_cat-kolekce-premium","10":"product_cat-pro-ni","11":"product_cat-zdravotnicke-kalhoty-cs-2","13":"first","14":"instock","15":"taxable","16":"shipping-taxable","17":"purchasable","18":"product-type-variable"},"acf":[],"_links":{"self":[{"href":"https:\/\/medandbeauty.com\/cs\/wp-json\/wp\/v2\/product\/434125","targetHints":{"allow":["GET"]}}],"collection":[{"href":"https:\/\/medandbeauty.com\/cs\/wp-json\/wp\/v2\/product"}],"about":[{"href":"https:\/\/medandbeauty.com\/cs\/wp-json\/wp\/v2\/types\/product"}],"replies":[{"embeddable":true,"href":"https:\/\/medandbeauty.com\/cs\/wp-json\/wp\/v2\/comments?post=434125"}],"wp:featuredmedia":[{"embeddable":true,"href":"https:\/\/medandbeauty.com\/cs\/wp-json\/wp\/v2\/media\/428448"}],"wp:attachment":[{"href":"https:\/\/medandbeauty.com\/cs\/wp-json\/wp\/v2\/media?parent=434125"}],"wp:term":[{"taxonomy":"kolor","embeddable":true,"href":"https:\/\/medandbeauty.com\/cs\/wp-json\/wp\/v2\/kolor?post=434125"},{"taxonomy":"rodzaj-ubrania","embeddable":true,"href":"https:\/\/medandbeauty.com\/cs\/wp-json\/wp\/v2\/rodzaj-ubrania?post=434125"},{"taxonomy":"ubranie","embeddable":true,"href":"https:\/\/medandbeauty.com\/cs\/wp-json\/wp\/v2\/ubranie?post=434125"},{"taxonomy":"product_brand","embeddable":true,"href":"https:\/\/medandbeauty.com\/cs\/wp-json\/wp\/v2\/product_brand?post=434125"},{"taxonomy":"product_cat","embeddable":true,"href":"https:\/\/medandbeauty.com\/cs\/wp-json\/wp\/v2\/product_cat?post=434125"},{"taxonomy":"product_tag","embeddable":true,"href":"https:\/\/medandbeauty.com\/cs\/wp-json\/wp\/v2\/product_tag?post=434125"}],"curies":[{"name":"wp","href":"https:\/\/api.w.org\/{rel}","templated":true}]}}