{"id":484658,"date":"2025-07-14T11:43:47","date_gmt":"2025-07-14T09:43:47","guid":{"rendered":"https:\/\/medandbeauty.com\/product\/damska-lekarska-bluza-basic-flex-black\/"},"modified":"2025-12-23T11:34:53","modified_gmt":"2025-12-23T10:34:53","slug":"damska-lekarska-bluza-basic-flex-black","status":"publish","type":"product","link":"https:\/\/medandbeauty.com\/cs\/product\/damska-lekarska-bluza-basic-flex-black\/","title":{"rendered":"D\u00e1msk\u00e1 l\u00e9ka\u0159sk\u00e1 bl\u016fza Basic Flex BLACK"},"content":{"rendered":"<p>Novinka v na\u0161\u00ed nab\u00eddce &#8211; <strong>l\u00e9ka\u0159sk\u00e9 halenky ve st\u0159ihu FLEX<\/strong> &#8211; pro v\u0161echny milovn\u00edky elegance a pohodl\u00ed!<\/p>\n<p>P\u0159i dlouh\u00fdch a intenzivn\u00edch hodin\u00e1ch str\u00e1ven\u00fdch v pr\u00e1ci pot\u0159ebujete zdravotn\u00ed od\u011bvy, kter\u00e9 v\u00e1m poskytnou maxim\u00e1ln\u00ed pohodl\u00ed. <strong>D\u00e1msk\u00e1 l\u00e9ka\u0159sk\u00e1 bl\u016fza Scrubs Basic Flex v \u010dern\u00e9 barv\u011b <\/strong>byla vyrobena z t\u00e9 nejkvalitn\u011bj\u0161\u00ed tkaniny.<\/p>\n<p>D\u00edky kombinaci polyesteru, visk\u00f3zy a lycry je materi\u00e1l velmi odoln\u00fd, m\u011bkk\u00fd, p\u0159\u00edjemn\u00fd na dotek, p\u0159izp\u016fsob\u00ed se jak\u00e9mukoli typu \u017eensk\u00e9 postavy, neomezuje v pohybu a, co\u017e je u <strong>zdravotnick\u00fdch od\u011bv\u016f<\/strong> nesm\u00edrn\u011b d\u016fle\u017eit\u00e9, je tak\u00e9 prody\u0161n\u00fd a prody\u0161n\u00fd.<\/p>\n<p><strong>\u010cern\u00e1 d\u00e1msk\u00e1 zdravotnick\u00e1 bl\u016fza<\/strong><strong> Basic Flex <\/strong>je dokonal\u00fdm z\u00e1kladem spolehliv\u00e9ho a nad\u010dasov\u00e9ho zdravotnick\u00e9ho od\u011bvu.<\/p>\n<p>Je vybavena dv\u011bma prostorn\u00fdmi, skryt\u00fdmi a velmi praktick\u00fdmi kapsami, do kter\u00fdch m\u016f\u017eete ulo\u017eit v\u0161echny drobnosti, kter\u00e9 pot\u0159ebujete p\u0159i pr\u00e1ci, a jednou n\u00e1prsn\u00ed kapsou, kter\u00e1 se skv\u011ble hod\u00ed na pero a pr\u016fkazku.<\/p>\n<p>Klasick\u00fd stoj\u00e1\u010dek kr\u00e1sn\u011b podtrhuje eleganci tohoto modelu, voln\u00fd, tvarovan\u00fd st\u0159ih zaji\u0161\u0165uje maxim\u00e1ln\u00ed pohodl\u00ed a ruk\u00e1vy kr\u00e1sn\u011b sed\u00ed na ramenou a neomezuj\u00ed v pohybu.<\/p>\n<p>Kombinujte <strong>d\u00e1msk\u00e9 pracovn\u00ed od\u011bvy Basic medical blouse v \u010dern\u00e9 barv\u011b<\/strong> s<strong>l\u00e9ka\u0159sk\u00fdmi <\/strong> <strong>kalhotami joggers <\/strong><strong>, \u0161irok\u00fdmi l\u00e9ka\u0159sk\u00fdmi kalhotami <\/strong>nebo klasick\u00fdmi <strong>rovn\u00fdmi l\u00e9ka\u0159sk\u00fdmi kalhotami<\/strong> ve stejn\u00e9 barv\u011b, nebo si vyberte jin\u00fd odst\u00edn z mnoha dostupn\u00fdch v kolekci. <a href=\"https:\/\/medandbeauty.com\/cs\/shop\/pro-ni\/zakladni-kolekce\/\" target=\"_blank\" rel=\"noopener\"><strong>Med &amp; Beauty Basic<\/strong><\/a>.<\/p>\n<p>Zajist\u011bte si maxim\u00e1ln\u00ed pohodl\u00ed a profesion\u00e1ln\u00ed vzhled p\u0159i pr\u00e1ci<strong> se zdravotnick\u00fdmi n\u00e1vleky<\/strong>. <a href=\"https:\/\/medandbeauty.com\/cs\/shop\/pro-ni\/zakladni-kolekce\/\" target=\"_blank\" rel=\"noopener\"><strong>Med &amp; Beauty Basic<\/strong><\/a>.<\/p>\n<ul>\n<li>Dv\u011b velk\u00e9, praktick\u00e9, skryt\u00e9 a prostorn\u00e9 kapsy<\/li>\n<li>P\u0159\u00eddavn\u00e1 n\u00e1prsn\u00ed kapsa<\/li>\n<li><span style=\"font-family: inherit;\">Voln\u00fd st\u0159ih, \u00fazk\u00fd st\u0159ih<\/span><\/li>\n<li><span style=\"font-family: inherit;\">Elegantn\u00ed stojat\u00fd l\u00edmec<\/span><\/li>\n<li><span style=\"font-family: inherit;\">Pohodln\u00fd, kr\u00e1tk\u00fd ruk\u00e1v<\/span><\/li>\n<\/ul>\n<p>&nbsp;<\/p>\n<p><strong>Dal\u0161\u00ed informace:<\/strong><br \/>\nModelky na fotografi\u00edch maj\u00ed na sob\u011b velikost S a jsou vysok\u00e9 170-174 cm.<\/p>\n<p>Pokud si nev\u00edte rady s v\u00fdb\u011brem velikosti, pod\u00edvejte se na tabulku velikost\u00ed. Pokud m\u00e1te dal\u0161\u00ed pochybnosti &#8211; po\u0161lete n\u00e1m sv\u00e9 m\u00edry a my v\u00e1m je p\u0159izp\u016fsob\u00edme. <\/p>\n<p>Barvy od\u011bv\u016f v kolekci Basic neodpov\u00eddaj\u00ed barv\u00e1m od\u011bv\u016f v<a href=\"https:\/\/medandbeauty.com\/cs\/shop\/pro-ni\/kolekce-premium\/\" target=\"_blank\" rel=\"noopener\"> kolekci Premium<\/a> &#8211; jsou vyrobeny z jin\u00fdch materi\u00e1l\u016f.<\/p>\n<p>V p\u0159\u00edpad\u011b sv\u011btl\u00fdch barev m\u016f\u017ee doch\u00e1zet k m\u00edrn\u00e9 pr\u016fsvitnosti tkaniny, co\u017e je p\u0159irozen\u00e1 vlastnost tkaniny vzhledem k jej\u00ed struktu\u0159e a hmotnosti.<\/p>\n<p>Odst\u00edny jednotliv\u00fdch od\u011bv\u016f na fotografi\u00edch se mohou li\u0161it od skute\u010dn\u00fdch &#8211; to je zp\u016fsobeno r\u016fznorodost\u00ed dostupn\u00fdch elektronick\u00fdch za\u0159\u00edzen\u00ed a jejich individu\u00e1ln\u00edm nastaven\u00edm.<\/p>\n","protected":false},"excerpt":{"rendered":"<p>Novinka v na\u0161\u00ed nab\u00eddce &#8211; l\u00e9ka\u0159sk\u00e9 halenky ve st\u0159ihu FLEX &#8211; pro v\u0161echny milovn\u00edky elegance a pohodl\u00ed! P\u0159i dlouh\u00fdch a intenzivn\u00edch hodin\u00e1ch str\u00e1ven\u00fdch v pr\u00e1ci pot\u0159ebujete zdravotn\u00ed od\u011bvy, kter\u00e9 v\u00e1m poskytnou maxim\u00e1ln\u00ed pohodl\u00ed. D\u00e1msk\u00e1 l\u00e9ka\u0159sk\u00e1 bl\u016fza Scrubs Basic Flex v \u010dern\u00e9 barv\u011b byla vyrobena z t\u00e9 nejkvalitn\u011bj\u0161\u00ed tkaniny. D\u00edky kombinaci polyesteru, visk\u00f3zy a lycry je [&hellip;]<\/p>\n","protected":false},"featured_media":484351,"comment_status":"open","ping_status":"closed","template":"","meta":{"_acf_changed":false,"inline_featured_image":false},"kolor":[1172],"rodzaj-ubrania":[1087,1051],"ubranie":[1415],"product_brand":[],"product_cat":[1086,1029,1049,1048],"product_tag":[],"class_list":{"0":"post-484658","1":"product","2":"type-product","3":"status-publish","4":"has-post-thumbnail","6":"kolor-czernie-cs","7":"rodzaj-ubrania-lekarske-halenky","8":"rodzaj-ubrania-scrubs-cs","9":"ubranie-damska-lekarska-bluza-scrubs-flex-basic","10":"product_cat-lekarske-halenky","11":"product_cat-pro-ni","12":"product_cat-scrubs","13":"product_cat-zakladni-kolekce","15":"first","16":"instock","17":"taxable","18":"shipping-taxable","19":"purchasable","20":"product-type-variable"},"acf":[],"_links":{"self":[{"href":"https:\/\/medandbeauty.com\/cs\/wp-json\/wp\/v2\/product\/484658","targetHints":{"allow":["GET"]}}],"collection":[{"href":"https:\/\/medandbeauty.com\/cs\/wp-json\/wp\/v2\/product"}],"about":[{"href":"https:\/\/medandbeauty.com\/cs\/wp-json\/wp\/v2\/types\/product"}],"replies":[{"embeddable":true,"href":"https:\/\/medandbeauty.com\/cs\/wp-json\/wp\/v2\/comments?post=484658"}],"wp:featuredmedia":[{"embeddable":true,"href":"https:\/\/medandbeauty.com\/cs\/wp-json\/wp\/v2\/media\/484351"}],"wp:attachment":[{"href":"https:\/\/medandbeauty.com\/cs\/wp-json\/wp\/v2\/media?parent=484658"}],"wp:term":[{"taxonomy":"kolor","embeddable":true,"href":"https:\/\/medandbeauty.com\/cs\/wp-json\/wp\/v2\/kolor?post=484658"},{"taxonomy":"rodzaj-ubrania","embeddable":true,"href":"https:\/\/medandbeauty.com\/cs\/wp-json\/wp\/v2\/rodzaj-ubrania?post=484658"},{"taxonomy":"ubranie","embeddable":true,"href":"https:\/\/medandbeauty.com\/cs\/wp-json\/wp\/v2\/ubranie?post=484658"},{"taxonomy":"product_brand","embeddable":true,"href":"https:\/\/medandbeauty.com\/cs\/wp-json\/wp\/v2\/product_brand?post=484658"},{"taxonomy":"product_cat","embeddable":true,"href":"https:\/\/medandbeauty.com\/cs\/wp-json\/wp\/v2\/product_cat?post=484658"},{"taxonomy":"product_tag","embeddable":true,"href":"https:\/\/medandbeauty.com\/cs\/wp-json\/wp\/v2\/product_tag?post=484658"}],"curies":[{"name":"wp","href":"https:\/\/api.w.org\/{rel}","templated":true}]}}