{"id":562969,"date":"2025-10-14T00:17:12","date_gmt":"2025-10-13T22:17:12","guid":{"rendered":"https:\/\/medandbeauty.com\/product\/damske-zdravotni-kalhoty-flare-premium-milk-chocolate\/"},"modified":"2026-02-17T15:23:27","modified_gmt":"2026-02-17T14:23:27","slug":"damske-zdravotni-kalhoty-flare-premium-milk-chocolate","status":"publish","type":"product","link":"https:\/\/medandbeauty.com\/cs\/product\/damske-zdravotni-kalhoty-flare-premium-milk-chocolate\/","title":{"rendered":"D\u00e1msk\u00e9 zdravotn\u00ed kalhoty Flare Premium Milk Chocolate"},"content":{"rendered":"<p>Nyn\u00ed jsou k dispozici na\u0161e nejprod\u00e1van\u011bj\u0161\u00ed <strong>l\u00e9ka\u0159sk\u00e9 kalhoty v roz\u0161\u00ed\u0159en\u00e9m st\u0159ihu FLARE!<\/strong><\/p>\n<p><span style=\"color: #000000;\">Pokud hled\u00e1te l\u00e9ka\u0159sk\u00e9 oble\u010den\u00ed z nejkvalitn\u011bj\u0161\u00edch materi\u00e1l\u016f pro maxim\u00e1ln\u00ed pohodl\u00ed &#8211; na\u0161e <\/span><strong><span style=\"color: #000000;\">l\u00e9ka\u0159sk\u00e9 kalhoty <\/span><span style=\"color: #000000;\"><span style=\"caret-color: #000000;\">Flara Premium<\/span> <\/span><span style=\"color: #000000;\"> v barv\u011b ml\u00e9\u010dn\u00e9 \u010dokol\u00e1dy<\/span><\/strong><span style=\"color: #000000;\"> jsou nezbytnou sou\u010d\u00e1st\u00ed va\u0161eho \u0161atn\u00edku.<\/span><\/p>\n<p style=\"color: #000000;\"><strong>D\u00e1msk\u00e9 <span style=\"color: #000000;\">zdravotn\u00ed kalhoty<\/span> Flare Premium Milk <span style=\"color: #000000;\">Chocolate<\/span> byly u\u0161ity z <\/strong>na dotek m\u011bkk\u00e9 a na no\u0161en\u00ed velmi p\u0159\u00edjemn\u00e9 tkaniny, kter\u00e1 zaji\u0161\u0165uje maxim\u00e1ln\u00ed pohodl\u00ed p\u0159i no\u0161en\u00ed a zachov\u00e1n\u00ed pln\u00e9ho rozsahu pohybu.<\/p>\n<p style=\"color: #000000;\"><span style=\"caret-color: #333333; color: #333333;\">  D\u00edky 80% pod\u00edlu vysoce kvalitn\u00ed bavlny v kombinaci s nylonem a lycrou je prody\u0161n\u00fd, m\u011bkk\u00fd, kr\u00e1sn\u011b sed\u00ed na postav\u011b a nema\u010dk\u00e1 se.<\/span><\/p>\n<p><span style=\"color: #000000;\">Stoprocentn\u00ed pohodl\u00ed zaru\u010duje m\u00edrn\u011b zv\u00fd\u0161en\u00fd pas a \u0161irok\u00fd elastick\u00fd p\u00e1s.<\/span><strong style=\"color: #000000;\"> <\/strong><strong><span style=\"color: #000000;\">Zdravotnick\u00e9 kalhoty Flare od spole\u010dnosti Med &amp; Beauty<\/span><\/strong><span style=\"color: #000000;\"> neomezuj\u00ed v pohybu ani p\u0159i del\u0161\u00edm no\u0161en\u00ed.<\/span><\/p>\n<p><span style=\"color: #000000;\">Sestavte si sadu sn\u016f <\/span><strong style=\"color: #000000;\">zdravotnick\u00e9ho oble\u010den\u00ed<\/strong><span style=\"color: #000000;\">slad\u011bn\u00edm<\/span><strong><span style=\"color: #000000;\"> d\u00e1msk\u00e9 l\u00e9ka\u0159sk\u00e9 kalhoty Flare Milk Chocolate <\/span><\/strong><strong style=\"font-family: inherit;\">l\u00e9ka\u0159sk\u00e9 tuniky <\/strong><span style=\"font-family: inherit;\">ze stejn\u00e9ho materi\u00e1lu.<\/span><\/p>\n<p style=\"color: #000000;\">Voln\u011b kombinujte barvy a vytv\u00e1\u0159ejte jedine\u010dn\u00e9 vzhledy nebo zvolte klasick\u00fd a nad\u010dasov\u00fd jednobarevn\u00fd vzhled.<\/p>\n<ul style=\"color: #000000;\">\n<li>Elastick\u00fd p\u00e1s<\/li>\n<li><span style=\"font-family: inherit;\">Roz\u0161\u00ed\u0159en\u00e9 nohy<\/span><\/li>\n<li><span style=\"font-family: inherit;\">Vysok\u00fd n\u00e1r\u016fst pro zv\u00fdrazn\u011bn\u00ed postavy<\/span><\/li>\n<\/ul>\n<p style=\"color: #000000;\"><strong> <\/strong><\/p>\n<p style=\"color: #000000;\"><strong>Dal\u0161\u00ed informace:<\/strong><br \/>\nModelky na fotografi\u00edch maj\u00ed na sob\u011b velikost S a jsou vysok\u00e9 170-174 cm.<\/p>\n<p style=\"color: #000000;\">Pokud si nev\u00edte rady s v\u00fdb\u011brem velikosti, pod\u00edvejte se na tabulku velikost\u00ed. Pokud m\u00e1te dal\u0161\u00ed pochybnosti &#8211; po\u0161lete n\u00e1m sv\u00e9 m\u00edry a my v\u00e1m je p\u0159izp\u016fsob\u00edme. <\/p>\n<p style=\"color: #000000;\">Barvy od\u011bv\u016f v<a href=\"https:\/\/medandbeauty.com\/cs\/shop\/pro-ni\/zakladni-kolekce\/\" target=\"_blank\" rel=\"noopener\"> kolekci Basic<\/a> neodpov\u00eddaj\u00ed barv\u00e1m od\u011bv\u016f v <a href=\"https:\/\/medandbeauty.com\/cs\/shop\/pro-ni\/kolekce-premium\/\" target=\"_blank\" rel=\"noopener\">kolekci Premium<\/a> &#8211; jsou vyrobeny z jin\u00fdch materi\u00e1l\u016f.<\/p>\n<p style=\"color: #000000;\">Odst\u00edny jednotliv\u00fdch od\u011bv\u016f na fotografi\u00edch se mohou li\u0161it od skute\u010dn\u00fdch &#8211; to je zp\u016fsobeno r\u016fznorodost\u00ed dostupn\u00fdch elektronick\u00fdch za\u0159\u00edzen\u00ed a jejich individu\u00e1ln\u00edm nastaven\u00edm.<\/p>\n","protected":false},"excerpt":{"rendered":"<p>Nyn\u00ed jsou k dispozici na\u0161e nejprod\u00e1van\u011bj\u0161\u00ed l\u00e9ka\u0159sk\u00e9 kalhoty v roz\u0161\u00ed\u0159en\u00e9m st\u0159ihu FLARE! Pokud hled\u00e1te l\u00e9ka\u0159sk\u00e9 oble\u010den\u00ed z nejkvalitn\u011bj\u0161\u00edch materi\u00e1l\u016f pro maxim\u00e1ln\u00ed pohodl\u00ed &#8211; na\u0161e l\u00e9ka\u0159sk\u00e9 kalhoty Flara Premium v barv\u011b ml\u00e9\u010dn\u00e9 \u010dokol\u00e1dy jsou nezbytnou sou\u010d\u00e1st\u00ed va\u0161eho \u0161atn\u00edku. D\u00e1msk\u00e9 zdravotn\u00ed kalhoty Flare Premium Milk Chocolate byly u\u0161ity z na dotek m\u011bkk\u00e9 a na no\u0161en\u00ed velmi p\u0159\u00edjemn\u00e9 [&hellip;]<\/p>\n","protected":false},"featured_media":561281,"comment_status":"open","ping_status":"closed","template":"","meta":{"_acf_changed":false,"inline_featured_image":false},"kolor":[1203],"rodzaj-ubrania":[1052],"ubranie":[1505],"product_brand":[],"product_cat":[1159,1029,1247],"product_tag":[],"class_list":{"0":"post-562969","1":"product","2":"type-product","3":"status-publish","4":"has-post-thumbnail","6":"kolor-browns-cs","7":"rodzaj-ubrania-zdravotnicke-kalhoty","8":"ubranie-damske-zdravotni-kalhoty-flare-premium","9":"product_cat-kolekce-premium","10":"product_cat-pro-ni","11":"product_cat-zdravotnicke-kalhoty-cs-2","13":"first","14":"instock","15":"taxable","16":"shipping-taxable","17":"purchasable","18":"product-type-variable"},"acf":[],"_links":{"self":[{"href":"https:\/\/medandbeauty.com\/cs\/wp-json\/wp\/v2\/product\/562969","targetHints":{"allow":["GET"]}}],"collection":[{"href":"https:\/\/medandbeauty.com\/cs\/wp-json\/wp\/v2\/product"}],"about":[{"href":"https:\/\/medandbeauty.com\/cs\/wp-json\/wp\/v2\/types\/product"}],"replies":[{"embeddable":true,"href":"https:\/\/medandbeauty.com\/cs\/wp-json\/wp\/v2\/comments?post=562969"}],"wp:featuredmedia":[{"embeddable":true,"href":"https:\/\/medandbeauty.com\/cs\/wp-json\/wp\/v2\/media\/561281"}],"wp:attachment":[{"href":"https:\/\/medandbeauty.com\/cs\/wp-json\/wp\/v2\/media?parent=562969"}],"wp:term":[{"taxonomy":"kolor","embeddable":true,"href":"https:\/\/medandbeauty.com\/cs\/wp-json\/wp\/v2\/kolor?post=562969"},{"taxonomy":"rodzaj-ubrania","embeddable":true,"href":"https:\/\/medandbeauty.com\/cs\/wp-json\/wp\/v2\/rodzaj-ubrania?post=562969"},{"taxonomy":"ubranie","embeddable":true,"href":"https:\/\/medandbeauty.com\/cs\/wp-json\/wp\/v2\/ubranie?post=562969"},{"taxonomy":"product_brand","embeddable":true,"href":"https:\/\/medandbeauty.com\/cs\/wp-json\/wp\/v2\/product_brand?post=562969"},{"taxonomy":"product_cat","embeddable":true,"href":"https:\/\/medandbeauty.com\/cs\/wp-json\/wp\/v2\/product_cat?post=562969"},{"taxonomy":"product_tag","embeddable":true,"href":"https:\/\/medandbeauty.com\/cs\/wp-json\/wp\/v2\/product_tag?post=562969"}],"curies":[{"name":"wp","href":"https:\/\/api.w.org\/{rel}","templated":true}]}}