{"id":581802,"date":"2025-10-30T14:16:47","date_gmt":"2025-10-30T13:16:47","guid":{"rendered":"https:\/\/medandbeauty.com\/product\/hi-barbie-damske-zdravotni-tricko-s-dlouhym-rukavem\/"},"modified":"2025-12-23T11:51:37","modified_gmt":"2025-12-23T10:51:37","slug":"hi-barbie-damske-zdravotni-tricko-s-dlouhym-rukavem","status":"publish","type":"product","link":"https:\/\/medandbeauty.com\/cs\/product\/hi-barbie-damske-zdravotni-tricko-s-dlouhym-rukavem\/","title":{"rendered":"HI BARBIE d\u00e1msk\u00e9 zdravotn\u00ed tri\u010dko s dlouh\u00fdm ruk\u00e1vem"},"content":{"rendered":"<p>\u00dapln\u00e1 novinka v na\u0161em sortimentu &#8211; mimo\u0159\u00e1dn\u011b pohodln\u00e9, prody\u0161n\u00e9 a prody\u0161n\u00e9 <strong>l\u00e9ka\u0159sk\u00e9 dlouh\u00e9 ruk\u00e1vy!<\/strong><\/p>\n<p><span style=\"font-weight: 400;\">P\u0159i dlouh\u00fdch a intenzivn\u00edch hodin\u00e1ch str\u00e1ven\u00fdch v pr\u00e1ci pot\u0159ebujete<strong> zdravotn\u00ed od\u011bv, <\/strong>kter\u00fd v\u00e1m poskytne maxim\u00e1ln\u00ed pohodl\u00ed.  <\/span><\/p>\n<p> <span style=\"font-weight: 400;\"><strong> L<\/strong><\/span><b>D\u00e1msk\u00fd zdravotn\u00ed ruk\u00e1v Hi Barbie byl <\/b>vyroben z 92 % z visk\u00f3zy nejvy\u0161\u0161\u00ed kvality v kombinaci s 8 % elastanu.<\/p>\n<p style=\"font-weight: 400;\">D\u00edky t\u00e9to sm\u011bsi vl\u00e1ken v tkanin\u011b je materi\u00e1l velmi odoln\u00fd, m\u011bkk\u00fd, p\u0159\u00edjemn\u00fd na dotek, p\u0159izp\u016fsob\u00ed se ka\u017ed\u00e9mu typu \u017eensk\u00e9 postavy, neomezuje v pohybu a, co\u017e je u <strong>zdravotnick\u00fdch od\u011bv\u016f<\/strong> nesm\u00edrn\u011b d\u016fle\u017eit\u00e9, je tak\u00e9 prody\u0161n\u00fd a prody\u0161n\u00fd.<\/p>\n<p style=\"font-weight: 400;\"><strong>D\u00e1msk\u00fd l\u00e9ka\u0159sk\u00fd dlouh\u00fd ruk\u00e1v Hi Barbie je dokonal\u00fdm z\u00e1kladem <\/strong>pro spolehliv\u00fd a nad\u010dasov\u00fd <strong>\u0161atn\u00edk<\/strong> l\u00e9ka\u0159sk\u00e9ho <strong>oble\u010den\u00ed<\/strong>.<\/p>\n<p style=\"font-weight: 400;\">D\u00edky klasick\u00e9mu kulat\u00e9mu v\u00fdst\u0159ihu se tento dlouh\u00fd ruk\u00e1v dokonale kombinuje s <strong>kombin\u00e9zami z na\u0161\u00ed kolekce Basic<\/strong> a je velmi klasick\u00fdm kouskem<strong> l\u00e9ka\u0159sk\u00e9ho \u0161atn\u00edku<\/strong>.<\/p>\n<p style=\"font-weight: 400;\">Dlouh\u00e9 ruk\u00e1vy chr\u00e1n\u00ed p\u0159edlokt\u00ed a pom\u00e1haj\u00ed udr\u017eovat optim\u00e1ln\u00ed t\u011blesnou teplotu i v chladn\u011bj\u0161\u00edch dnech.<\/p>\n<p style=\"font-weight: 400;\">Kombinujte <strong>l\u00e9ka\u0159sk\u00fd dlouh\u00fd ruk\u00e1v Hi Barbie s <\/strong> <a href=\"https:\/\/medandbeauty.com\/cs\/shop\/pro-ni\/zakladni-kolekce\/?rodzaj-ubrania=bluzki-medyczne\" target=\"_blank\" rel=\"noopener\">l\u00e9ka\u0159skou halenkou a<\/a> <a href=\"https:\/\/medandbeauty.com\/cs\/shop\/pro-ni\/zakladni-kolekce\/?rodzaj-ubrania=spodnie-medyczne\" target=\"_blank\" rel=\"noopener\">l\u00e9ka\u0159sk\u00fdmi kalhotami v<\/a> libovoln\u00e9m st\u0159ihu a odst\u00ednu z mnoha dostupn\u00fdch v kolekci. <a href=\"https:\/\/medandbeauty.com\/cs\/shop\/pro-ni\/zakladni-kolekce\/\" target=\"_blank\" rel=\"noopener\"><strong>Med &amp; Beauty Basic<\/strong><\/a>.<\/p>\n<p>Nezapome\u0148te si prohl\u00e9dnout tak\u00e9 n\u00e1\u0161 h\u0159ejiv\u00fd fleece  <a href=\"https:\/\/medandbeauty.com\/cs\/shop\/pro-ni\/zakladni-kolekce\/lekarske-halenky-cs-2\/\" target=\"_blank\" rel=\"noopener\">l\u00e9ka\u0159sk\u00e9 halenky<\/a>  z certifikovan\u00e9ho prody\u0161n\u00e9ho materi\u00e1lu!<\/p>\n<p style=\"font-weight: 400;\">Zajist\u011bte si maxim\u00e1ln\u00ed pohodl\u00ed a profesion\u00e1ln\u00ed vzhled p\u0159i pr\u00e1ci se<strong> zdravotnick\u00fdmi dlouh\u00fdmi ruk\u00e1vy<\/strong>. <a href=\"https:\/\/medandbeauty.com\/cs\/shop\/pro-ni\/zakladni-kolekce\/\" target=\"_blank\" rel=\"noopener\"><strong>Med &amp; Beauty Basic<\/strong><\/a>.<\/p>\n<p><strong>D\u00e1msk\u00fd<\/strong> <strong>zdravotn\u00ed dlouh\u00fd ruk\u00e1v<\/strong> <strong>Hi Barbie<\/strong> <strong>je vyroben ze<\/strong> stre\u010dov\u00e9ho materi\u00e1lu &#8211; p\u0159i kontrole rozm\u011br\u016f m\u011bjte na pam\u011bti, \u017ee materi\u00e1l se nat\u00e1hne p\u0159ibli\u017en\u011b o 5 cm.<\/p>\n<ul>\n<li style=\"font-weight: 400;\">Vzdu\u0161n\u00fd, prody\u0161n\u00fd a pru\u017en\u00fd materi\u00e1l<\/li>\n<li>P\u0159izp\u016fsoben\u00fd st\u0159ih<\/li>\n<li>Dlouh\u00e9 ruk\u00e1vy<\/li>\n<li>Klasick\u00fd v\u00fdst\u0159ih<\/li>\n<li>Lze p\u0159izp\u016fsobit v\u00fd\u0161ivkou<\/li>\n<\/ul>\n<p style=\"font-weight: 400;\"><strong>Dal\u0161\u00ed informace:<\/strong><br \/>\nModelky na fotografi\u00edch maj\u00ed na sob\u011b velikost S a jsou vysok\u00e9 170-174 cm.<\/p>\n<p style=\"font-weight: 400;\">Pokud si nev\u00edte rady s v\u00fdb\u011brem velikosti, pod\u00edvejte se na tabulku velikost\u00ed. Pokud m\u00e1te dal\u0161\u00ed pochybnosti &#8211; po\u0161lete n\u00e1m sv\u00e9 m\u00edry a my v\u00e1m je p\u0159izp\u016fsob\u00edme. <\/p>\n<p style=\"font-weight: 400;\">Barvy dlouh\u00fdch ruk\u00e1v\u016f neodpov\u00eddaj\u00ed barv\u00e1m kolekc\u00ed <a href=\"https:\/\/medandbeauty.com\/cs\/shop\/pro-ni\/zakladni-kolekce\/\" target=\"_blank\" rel=\"noopener\">Basic<\/a> a <a href=\"https:\/\/medandbeauty.com\/cs\/shop\/pro-ni\/kolekce-premium\/\" target=\"_blank\" rel=\"noopener\">Premium<\/a> &#8211; jsou vyrobeny z jin\u00fdch materi\u00e1l\u016f.<\/p>\n<p style=\"font-weight: 400;\">Odst\u00edny jednotliv\u00fdch od\u011bv\u016f na fotografi\u00edch se mohou li\u0161it od skute\u010dn\u00fdch &#8211; to je zp\u016fsobeno r\u016fznorodost\u00ed dostupn\u00fdch elektronick\u00fdch za\u0159\u00edzen\u00ed a jejich individu\u00e1ln\u00edm nastaven\u00edm.<\/p>\n","protected":false},"excerpt":{"rendered":"<p>\u00dapln\u00e1 novinka v na\u0161em sortimentu &#8211; mimo\u0159\u00e1dn\u011b pohodln\u00e9, prody\u0161n\u00e9 a prody\u0161n\u00e9 l\u00e9ka\u0159sk\u00e9 dlouh\u00e9 ruk\u00e1vy! P\u0159i dlouh\u00fdch a intenzivn\u00edch hodin\u00e1ch str\u00e1ven\u00fdch v pr\u00e1ci pot\u0159ebujete zdravotn\u00ed od\u011bv, kter\u00fd v\u00e1m poskytne maxim\u00e1ln\u00ed pohodl\u00ed. LD\u00e1msk\u00fd zdravotn\u00ed ruk\u00e1v Hi Barbie byl vyroben z 92 % z visk\u00f3zy nejvy\u0161\u0161\u00ed kvality v kombinaci s 8 % elastanu. D\u00edky t\u00e9to sm\u011bsi vl\u00e1ken v [&hellip;]<\/p>\n","protected":false},"featured_media":647052,"comment_status":"open","ping_status":"closed","template":"","meta":{"_acf_changed":false,"inline_featured_image":false},"kolor":[1039],"rodzaj-ubrania":[1087],"ubranie":[1166],"product_brand":[],"product_cat":[1029,1048,1165],"product_tag":[],"class_list":{"0":"post-581802","1":"product","2":"type-product","3":"status-publish","4":"has-post-thumbnail","6":"kolor-ruze","7":"rodzaj-ubrania-lekarske-halenky","8":"ubranie-damsky-zakladni-rukav-s-dlouhym-rukavem","9":"product_cat-pro-ni","10":"product_cat-zakladni-kolekce","11":"product_cat-zdravotnicke-dlouhe-rukavy","13":"first","14":"instock","15":"taxable","16":"shipping-taxable","17":"purchasable","18":"product-type-variable"},"acf":[],"_links":{"self":[{"href":"https:\/\/medandbeauty.com\/cs\/wp-json\/wp\/v2\/product\/581802","targetHints":{"allow":["GET"]}}],"collection":[{"href":"https:\/\/medandbeauty.com\/cs\/wp-json\/wp\/v2\/product"}],"about":[{"href":"https:\/\/medandbeauty.com\/cs\/wp-json\/wp\/v2\/types\/product"}],"replies":[{"embeddable":true,"href":"https:\/\/medandbeauty.com\/cs\/wp-json\/wp\/v2\/comments?post=581802"}],"wp:featuredmedia":[{"embeddable":true,"href":"https:\/\/medandbeauty.com\/cs\/wp-json\/wp\/v2\/media\/647052"}],"wp:attachment":[{"href":"https:\/\/medandbeauty.com\/cs\/wp-json\/wp\/v2\/media?parent=581802"}],"wp:term":[{"taxonomy":"kolor","embeddable":true,"href":"https:\/\/medandbeauty.com\/cs\/wp-json\/wp\/v2\/kolor?post=581802"},{"taxonomy":"rodzaj-ubrania","embeddable":true,"href":"https:\/\/medandbeauty.com\/cs\/wp-json\/wp\/v2\/rodzaj-ubrania?post=581802"},{"taxonomy":"ubranie","embeddable":true,"href":"https:\/\/medandbeauty.com\/cs\/wp-json\/wp\/v2\/ubranie?post=581802"},{"taxonomy":"product_brand","embeddable":true,"href":"https:\/\/medandbeauty.com\/cs\/wp-json\/wp\/v2\/product_brand?post=581802"},{"taxonomy":"product_cat","embeddable":true,"href":"https:\/\/medandbeauty.com\/cs\/wp-json\/wp\/v2\/product_cat?post=581802"},{"taxonomy":"product_tag","embeddable":true,"href":"https:\/\/medandbeauty.com\/cs\/wp-json\/wp\/v2\/product_tag?post=581802"}],"curies":[{"name":"wp","href":"https:\/\/api.w.org\/{rel}","templated":true}]}}