{"id":648646,"date":"2024-01-06T21:02:29","date_gmt":"2024-01-06T21:02:29","guid":{"rendered":"https:\/\/medandbeauty.com\/product\/pansky-klasicky-lekarsky-plast-premium-white\/"},"modified":"2024-01-06T21:02:29","modified_gmt":"2024-01-06T20:02:29","slug":"pansky-klasicky-lekarsky-plast-premium-white","status":"publish","type":"product","link":"https:\/\/medandbeauty.com\/cs\/product\/pansky-klasicky-lekarsky-plast-premium-white\/","title":{"rendered":"P\u00e1nsk\u00fd klasick\u00fd l\u00e9ka\u0159sk\u00fd pl\u00e1\u0161\u0165 Premium WHITE"},"content":{"rendered":"<p style=\"font-weight: 400;\"><strong>Klasick\u00e1 p\u00e1nsk\u00e1 l\u00e9ka\u0159sk\u00e1 z\u00e1st\u011bra Med &amp; Beauty z kolekce<\/strong> <a href=\"https:\/\/medandbeauty.com\/cs\/shop\/pro-nej\/kolekce-premium-cs\/\" target=\"_blank\" rel=\"noopener\"><strong>kolekce Premium<\/strong> <\/a>je nejpohodln\u011bj\u0161\u00ed <strong>z\u00e1st\u011bra pro<\/strong> ka\u017edodenn\u00ed pr\u00e1ci pro v\u0161echny zdravotn\u00edky a kosmeti\u010dky.<\/p>\n<p style=\"font-weight: 400;\"><strong>P\u00e1nsk\u00e1 l\u00e9ka\u0159sk\u00e1 z\u00e1st\u011bra byla<\/strong> vyrobena z vysoce kvalitn\u00ed bavlny se sm\u011bs\u00ed nylonu a lycry, tak\u017ee materi\u00e1l je prody\u0161n\u00fd a dokonale padne mu\u017esk\u00e9 postav\u011b.<\/p>\n<p style=\"font-weight: 400;\">V\u00edme, jak funk\u010dn\u00ed kapsy usnad\u0148uj\u00ed pr\u00e1ci, a proto v <strong>p\u00e1nsk\u00e9 l\u00e9ka\u0159sk\u00e9 z\u00e1st\u011b\u0159e <\/strong>Med &amp; Beauty najdete a\u017e t\u0159i.<\/p>\n<p style=\"font-weight: 400;\">Dv\u011b prostorn\u00e9 p\u0159edn\u00ed kapsy v\u00e1m umo\u017en\u00ed vz\u00edt si s sebou v\u0161echny pracovn\u00ed pot\u0159eby a n\u00e1prsn\u00ed kapsa se skv\u011ble hod\u00ed nap\u0159\u00edklad pro ulo\u017een\u00ed pr\u016fkazu toto\u017enosti.<\/p>\n<p style=\"font-weight: 400;\">Klasick\u00fd a minimalistick\u00fd st\u0159ih <strong>p\u00e1nsk\u00e9 l\u00e9ka\u0159sk\u00e9 z\u00e1st\u011bry nejen<\/strong> skv\u011ble vypad\u00e1, ale tak\u00e9 zaji\u0161\u0165uje maxim\u00e1ln\u00ed volnost pohybu, i kdy\u017e je z\u00e1st\u011bra zapnut\u00e1.<\/p>\n<p style=\"font-weight: 400;\"><strong>Klasick\u00e1 <a href=\"https:\/\/medandbeauty.com\/cs\/shop\/pro-nej\/kolekce-premium-cs\/\" target=\"_blank\" rel=\"noopener\">p\u00e1nsk\u00e1 l\u00e9ka\u0159sk\u00e1 z\u00e1st\u011bra Med &amp; Beauty Premium<\/a> se skv\u011ble hod\u00ed<\/strong> ke k\u0159ov\u00ed, kter\u00e9 je k dispozici v nab\u00eddce. <a href=\"https:\/\/medandbeauty.com\/cs\/shop\/pro-nej\/zakladni-kolekce-cs\/\" target=\"_blank\" rel=\"noopener\"><strong>Basic collection scrubs<\/strong><\/a>.<\/p>\n<p style=\"font-weight: 400;\">P\u0159idejte si je do ko\u0161\u00edku a vytvo\u0159te si nejpohodln\u011bj\u0161\u00ed sadu <strong>zdravotnick\u00e9ho oble\u010den\u00ed!<\/strong><\/p>\n<ul>\n<li style=\"font-weight: 400;\">Celkem 3 praktick\u00e9 kapsy<\/li>\n<li style=\"font-weight: 400;\"><span style=\"font-family: inherit;\">Pru\u017en\u00e1, prody\u0161n\u00e1 tkanina<\/span><\/li>\n<li style=\"font-weight: 400;\"><span style=\"font-family: inherit;\">Klasick\u00fd, elegantn\u00ed st\u0159ih<\/span><\/li>\n<li style=\"font-weight: 400;\"><span style=\"font-family: inherit;\">Lze p\u0159izp\u016fsobit v\u00fd\u0161ivkou<\/span><\/li>\n<\/ul>\n<p>&nbsp;<\/p>\n<p style=\"font-weight: 400;\"><strong>Dal\u0161\u00ed informace:<\/strong><\/p>\n<p style=\"font-weight: 400;\">Modelka na fotografi\u00edch m\u00e1 na sob\u011b velikost L a je vysok\u00e1 186 cm.<\/p>\n<p style=\"font-weight: 400;\">Pokud si nev\u00edte rady s v\u00fdb\u011brem velikosti, pod\u00edvejte se na tabulku velikost\u00ed. Pokud m\u00e1te dal\u0161\u00ed pochybnosti &#8211; po\u0161lete n\u00e1m sv\u00e9 m\u00edry a my v\u00e1m je p\u0159izp\u016fsob\u00edme. <\/p>\n<p style=\"font-weight: 400;\">Barvy od\u011bv\u016f v <a href=\"https:\/\/medandbeauty.com\/cs\/shop\/pro-nej\/kolekce-premium-cs\/\" target=\"_blank\" rel=\"noopener\">kolekci Premium<\/a> neodpov\u00eddaj\u00ed barv\u00e1m od\u011bv\u016f v <a href=\"https:\/\/medandbeauty.com\/cs\/shop\/pro-nej\/zakladni-kolekce-cs\/\" target=\"_blank\" rel=\"noopener\">kolekci Basic<\/a> &#8211; jsou vyrobeny z jin\u00fdch materi\u00e1l\u016f.<\/p>\n<p style=\"font-weight: 400;\">Odst\u00edny jednotliv\u00fdch od\u011bv\u016f na fotografi\u00edch se mohou li\u0161it od skute\u010dn\u00fdch &#8211; to je zp\u016fsobeno r\u016fznorodost\u00ed dostupn\u00fdch elektronick\u00fdch za\u0159\u00edzen\u00ed a jejich individu\u00e1ln\u00edm nastaven\u00edm.<\/p>\n","protected":false},"excerpt":{"rendered":"<p>Klasick\u00e1 p\u00e1nsk\u00e1 l\u00e9ka\u0159sk\u00e1 z\u00e1st\u011bra Med &amp; Beauty z kolekce kolekce Premium je nejpohodln\u011bj\u0161\u00ed z\u00e1st\u011bra pro ka\u017edodenn\u00ed pr\u00e1ci pro v\u0161echny zdravotn\u00edky a kosmeti\u010dky. P\u00e1nsk\u00e1 l\u00e9ka\u0159sk\u00e1 z\u00e1st\u011bra byla vyrobena z vysoce kvalitn\u00ed bavlny se sm\u011bs\u00ed nylonu a lycry, tak\u017ee materi\u00e1l je prody\u0161n\u00fd a dokonale padne mu\u017esk\u00e9 postav\u011b. V\u00edme, jak funk\u010dn\u00ed kapsy usnad\u0148uj\u00ed pr\u00e1ci, a proto v p\u00e1nsk\u00e9 [&hellip;]<\/p>\n","protected":false},"featured_media":479650,"comment_status":"open","ping_status":"closed","template":"","meta":{"_acf_changed":false,"inline_featured_image":false},"kolor":[1066],"rodzaj-ubrania":[1318],"ubranie":[2125],"product_brand":[],"product_cat":[1335,1422,1104,2124],"product_tag":[],"class_list":{"0":"post-648646","1":"product","2":"type-product","3":"status-publish","4":"has-post-thumbnail","6":"kolor-bile","7":"rodzaj-ubrania-zdravotnicke-plaste","8":"ubranie-klasicky-pansky-lekarsky-plast-premium","9":"product_cat-bestsellery-cs-2","10":"product_cat-kolekce-premium-cs","11":"product_cat-pro-nej","12":"product_cat-zdravotnicke-plaste","14":"first","15":"instock","16":"taxable","17":"shipping-taxable","18":"purchasable","19":"product-type-variable"},"acf":[],"_links":{"self":[{"href":"https:\/\/medandbeauty.com\/cs\/wp-json\/wp\/v2\/product\/648646","targetHints":{"allow":["GET"]}}],"collection":[{"href":"https:\/\/medandbeauty.com\/cs\/wp-json\/wp\/v2\/product"}],"about":[{"href":"https:\/\/medandbeauty.com\/cs\/wp-json\/wp\/v2\/types\/product"}],"replies":[{"embeddable":true,"href":"https:\/\/medandbeauty.com\/cs\/wp-json\/wp\/v2\/comments?post=648646"}],"wp:featuredmedia":[{"embeddable":true,"href":"https:\/\/medandbeauty.com\/cs\/wp-json\/wp\/v2\/media\/479650"}],"wp:attachment":[{"href":"https:\/\/medandbeauty.com\/cs\/wp-json\/wp\/v2\/media?parent=648646"}],"wp:term":[{"taxonomy":"kolor","embeddable":true,"href":"https:\/\/medandbeauty.com\/cs\/wp-json\/wp\/v2\/kolor?post=648646"},{"taxonomy":"rodzaj-ubrania","embeddable":true,"href":"https:\/\/medandbeauty.com\/cs\/wp-json\/wp\/v2\/rodzaj-ubrania?post=648646"},{"taxonomy":"ubranie","embeddable":true,"href":"https:\/\/medandbeauty.com\/cs\/wp-json\/wp\/v2\/ubranie?post=648646"},{"taxonomy":"product_brand","embeddable":true,"href":"https:\/\/medandbeauty.com\/cs\/wp-json\/wp\/v2\/product_brand?post=648646"},{"taxonomy":"product_cat","embeddable":true,"href":"https:\/\/medandbeauty.com\/cs\/wp-json\/wp\/v2\/product_cat?post=648646"},{"taxonomy":"product_tag","embeddable":true,"href":"https:\/\/medandbeauty.com\/cs\/wp-json\/wp\/v2\/product_tag?post=648646"}],"curies":[{"name":"wp","href":"https:\/\/api.w.org\/{rel}","templated":true}]}}