{"id":696717,"date":"2026-01-29T20:31:24","date_gmt":"2026-01-29T19:31:24","guid":{"rendered":"https:\/\/medandbeauty.com\/product\/damske-zdravotnicke-kalhoty-flare-scrubs-basic-kakao\/"},"modified":"2026-01-29T20:31:24","modified_gmt":"2026-01-29T19:31:24","slug":"damske-zdravotnicke-kalhoty-flare-scrubs-basic-kakao","status":"publish","type":"product","link":"https:\/\/medandbeauty.com\/cs\/product\/damske-zdravotnicke-kalhoty-flare-scrubs-basic-kakao\/","title":{"rendered":"D\u00e1msk\u00e9 zdravotnick\u00e9 kalhoty FLARE scrubs Basic KAKAO"},"content":{"rendered":"<p>Nyn\u00ed jsou k dispozici na\u0161e nejprod\u00e1van\u011bj\u0161\u00ed <strong>l\u00e9ka\u0159sk\u00e9 kalhoty v roz\u0161\u00ed\u0159en\u00e9m st\u0159ihu FLARE!<\/strong><\/p>\n<p><span style=\"color: #000000;\">Pokud chcete l\u00e9ka\u0159sk\u00e9 od\u011bvy vyroben\u00e9 z nejkvalitn\u011bj\u0161\u00edch materi\u00e1l\u016f pro maxim\u00e1ln\u00ed pohodl\u00ed &#8211; na\u0161e<strong> <\/strong>. <\/span><strong><span style=\"color: #000000;\">Zdravotnick\u00e9 kalhoty Flare Basic v barv\u011b Cocoa<\/span><\/strong><span style=\"color: #000000;\"> jsou nezbytnou sou\u010d\u00e1st\u00ed va\u0161eho \u0161atn\u00edku.<\/span><\/p>\n<p style=\"color: #000000;\"><strong>D\u00e1msk\u00e9 zdravotnick\u00e9 kalhoty Flare scrubs Basic Cocoa byly <\/strong>u\u0161ity z m\u011bkk\u00e9 na dotek a na no\u0161en\u00ed velmi p\u0159\u00edjemn\u00e9 tkaniny, kter\u00e1 zaji\u0161\u0165uje maxim\u00e1ln\u00ed pohodl\u00ed p\u0159i no\u0161en\u00ed a zachov\u00e1n\u00ed pln\u00e9ho rozsahu pohybu.<\/p>\n<p style=\"color: #000000;\">D\u00edky kombinaci polyesteru, visk\u00f3zy a lycry je tkanina dokonale p\u0159izp\u016fsoben\u00e1 \u017eensk\u00e9 postav\u011b, je mimo\u0159\u00e1dn\u011b odoln\u00e1 a velmi prody\u0161n\u00e1.<\/p>\n<p><span style=\"color: #000000;\">Stoprocentn\u00ed pohodl\u00ed zaru\u010duje m\u00edrn\u011b zv\u00fd\u0161en\u00fd pas a \u0161irok\u00fd elastick\u00fd p\u00e1s se \u0161\u0148\u016frkou pro snadn\u00e9 nastaven\u00ed velikosti.<\/span><strong style=\"color: #000000;\">. <\/strong><strong><span style=\"color: #000000;\">L\u00e9ka\u0159sk\u00e9 kalhoty Flare od Med &amp; Beauty<\/span><\/strong><span style=\"color: #000000;\"> neomezuj\u00ed v pohybu ani p\u0159i del\u0161\u00edm no\u0161en\u00ed.<\/span><\/p>\n<p style=\"color: #000000;\"><strong>Zdravotnick\u00e9 kalhoty Flare v barv\u011b Cocoa se <\/strong>hod\u00ed ke ka\u017ed\u00e9mu stylu a d\u00edky \u010dty\u0159em prostorn\u00fdm a praktick\u00fdm kaps\u00e1m budete m\u00edt v\u0161echny pracovn\u00ed pot\u0159eby a n\u00e1\u0159ad\u00ed po ruce.<\/p>\n<p><span style=\"color: #000000;\">Sestavte si sadu sn\u016f <\/span><strong style=\"color: #000000;\">zdravotnick\u00e9ho oble\u010den\u00ed<\/strong><span style=\"color: #000000;\">slad\u011bn\u00edm s<\/span><strong><span style=\"color: #000000;\"> D\u00e1msk\u00e9 l\u00e9ka\u0159sk\u00e9 kalhoty Flare Kakao se dv\u011bma kapsami, l\u00e9ka\u0159sk\u00e1 halenka s jednou kapsou <\/span><\/strong><span style=\"color: #000000;\">nebo na\u0161\u00ed novinkou &#8211; <\/span><strong><span style=\"color: #000000;\">l\u00e9ka\u0159skou halenku Flex<\/span><\/strong><span style=\"color: #000000;\"> ze stejn\u00e9ho materi\u00e1lu.<\/span><\/p>\n<p style=\"color: #000000;\">Voln\u011b kombinujte barvy a vytv\u00e1\u0159ejte jedine\u010dn\u00e9 vzhledy nebo zvolte klasick\u00fd a nad\u010dasov\u00fd jednobarevn\u00fd vzhled.<\/p>\n<ul style=\"color: #000000;\">\n<li>Elastick\u00fd pas se stahovac\u00ed \u0161\u0148\u016frkou<\/li>\n<li><span style=\"font-family: inherit;\">4 praktick\u00e9 a prostorn\u00e9 kapsy<\/span><\/li>\n<li><span style=\"font-family: inherit;\">Roz\u0161\u00ed\u0159en\u00e9 nohy<\/span><\/li>\n<li><span style=\"font-family: inherit;\">Vysok\u00fd n\u00e1r\u016fst pro zv\u00fdrazn\u011bn\u00ed postavy<\/span><\/li>\n<\/ul>\n<p style=\"color: #000000;\"><strong> <\/strong><\/p>\n<p style=\"color: #000000;\"><strong>Dal\u0161\u00ed informace:<\/strong><br \/>\nModelky na fotografi\u00edch maj\u00ed na sob\u011b velikost S a jsou vysok\u00e9 170-174 cm.<\/p>\n<p style=\"color: #000000;\">Pokud si nev\u00edte rady s v\u00fdb\u011brem velikosti, pod\u00edvejte se na tabulku velikost\u00ed. Pokud m\u00e1te dal\u0161\u00ed pochybnosti &#8211; po\u0161lete n\u00e1m sv\u00e9 m\u00edry a my v\u00e1m je p\u0159izp\u016fsob\u00edme. <\/p>\n<p style=\"color: #000000;\">Barvy od\u011bv\u016f v<a href=\"https:\/\/medandbeauty.com\/cs\/shop\/pro-ni\/zakladni-kolekce\/\" target=\"_blank\" rel=\"noopener\"> kolekci Basic<\/a> neodpov\u00eddaj\u00ed barv\u00e1m od\u011bv\u016f v <a href=\"https:\/\/medandbeauty.com\/cs\/shop\/pro-ni\/kolekce-premium\/\" target=\"_blank\" rel=\"noopener\">kolekci Premium<\/a> &#8211; jsou vyrobeny z jin\u00fdch materi\u00e1l\u016f.<\/p>\n<p style=\"color: #000000;\">Odst\u00edny jednotliv\u00fdch od\u011bv\u016f na fotografi\u00edch se mohou li\u0161it od skute\u010dn\u00fdch &#8211; to je zp\u016fsobeno r\u016fznorodost\u00ed dostupn\u00fdch elektronick\u00fdch za\u0159\u00edzen\u00ed a jejich individu\u00e1ln\u00edm nastaven\u00edm.<\/p>\n","protected":false},"excerpt":{"rendered":"<p>Nyn\u00ed jsou k dispozici na\u0161e nejprod\u00e1van\u011bj\u0161\u00ed l\u00e9ka\u0159sk\u00e9 kalhoty v roz\u0161\u00ed\u0159en\u00e9m st\u0159ihu FLARE! Pokud chcete l\u00e9ka\u0159sk\u00e9 od\u011bvy vyroben\u00e9 z nejkvalitn\u011bj\u0161\u00edch materi\u00e1l\u016f pro maxim\u00e1ln\u00ed pohodl\u00ed &#8211; na\u0161e . Zdravotnick\u00e9 kalhoty Flare Basic v barv\u011b Cocoa jsou nezbytnou sou\u010d\u00e1st\u00ed va\u0161eho \u0161atn\u00edku. D\u00e1msk\u00e9 zdravotnick\u00e9 kalhoty Flare scrubs Basic Cocoa byly u\u0161ity z m\u011bkk\u00e9 na dotek a na no\u0161en\u00ed velmi [&hellip;]<\/p>\n","protected":false},"featured_media":678238,"comment_status":"open","ping_status":"closed","template":"","meta":{"_acf_changed":false,"inline_featured_image":false},"kolor":[1203],"rodzaj-ubrania":[1051,1052],"ubranie":[1503],"product_brand":[],"product_cat":[1029,1049,1048,1050],"product_tag":[],"class_list":{"0":"post-696717","1":"product","2":"type-product","3":"status-publish","4":"has-post-thumbnail","6":"kolor-browns-cs","7":"rodzaj-ubrania-scrubs-cs","8":"rodzaj-ubrania-zdravotnicke-kalhoty","9":"ubranie-damske-lekarske-kalhoty-flare-scrubs-basic","10":"product_cat-pro-ni","11":"product_cat-scrubs","12":"product_cat-zakladni-kolekce","13":"product_cat-zdravotnicke-kalhoty","15":"first","16":"instock","17":"taxable","18":"shipping-taxable","19":"purchasable","20":"product-type-variable"},"acf":[],"_links":{"self":[{"href":"https:\/\/medandbeauty.com\/cs\/wp-json\/wp\/v2\/product\/696717","targetHints":{"allow":["GET"]}}],"collection":[{"href":"https:\/\/medandbeauty.com\/cs\/wp-json\/wp\/v2\/product"}],"about":[{"href":"https:\/\/medandbeauty.com\/cs\/wp-json\/wp\/v2\/types\/product"}],"replies":[{"embeddable":true,"href":"https:\/\/medandbeauty.com\/cs\/wp-json\/wp\/v2\/comments?post=696717"}],"wp:featuredmedia":[{"embeddable":true,"href":"https:\/\/medandbeauty.com\/cs\/wp-json\/wp\/v2\/media\/678238"}],"wp:attachment":[{"href":"https:\/\/medandbeauty.com\/cs\/wp-json\/wp\/v2\/media?parent=696717"}],"wp:term":[{"taxonomy":"kolor","embeddable":true,"href":"https:\/\/medandbeauty.com\/cs\/wp-json\/wp\/v2\/kolor?post=696717"},{"taxonomy":"rodzaj-ubrania","embeddable":true,"href":"https:\/\/medandbeauty.com\/cs\/wp-json\/wp\/v2\/rodzaj-ubrania?post=696717"},{"taxonomy":"ubranie","embeddable":true,"href":"https:\/\/medandbeauty.com\/cs\/wp-json\/wp\/v2\/ubranie?post=696717"},{"taxonomy":"product_brand","embeddable":true,"href":"https:\/\/medandbeauty.com\/cs\/wp-json\/wp\/v2\/product_brand?post=696717"},{"taxonomy":"product_cat","embeddable":true,"href":"https:\/\/medandbeauty.com\/cs\/wp-json\/wp\/v2\/product_cat?post=696717"},{"taxonomy":"product_tag","embeddable":true,"href":"https:\/\/medandbeauty.com\/cs\/wp-json\/wp\/v2\/product_tag?post=696717"}],"curies":[{"name":"wp","href":"https:\/\/api.w.org\/{rel}","templated":true}]}}