{"id":456240,"date":"2023-09-08T09:04:12","date_gmt":"2023-09-08T07:04:12","guid":{"rendered":"https:\/\/medandbeauty.com\/helyhez-kotott-uzletek\/"},"modified":"2025-12-15T13:13:41","modified_gmt":"2025-12-15T12:13:41","slug":"helyhez-kotott-uzletek","status":"publish","type":"page","link":"https:\/\/medandbeauty.com\/hu\/helyhez-kotott-uzletek\/","title":{"rendered":"Helyhez k\u00f6t\u00f6tt \u00fczletek"},"content":{"rendered":"","protected":false},"excerpt":{"rendered":"","protected":false},"author":1,"featured_media":0,"parent":0,"menu_order":0,"comment_status":"closed","ping_status":"closed","template":"template-pages\/page-about-us.php","meta":{"_acf_changed":false,"inline_featured_image":false,"footnotes":""},"class_list":["post-456240","page","type-page","status-publish","hentry"],"acf":[],"_links":{"self":[{"href":"https:\/\/medandbeauty.com\/hu\/wp-json\/wp\/v2\/pages\/456240","targetHints":{"allow":["GET"]}}],"collection":[{"href":"https:\/\/medandbeauty.com\/hu\/wp-json\/wp\/v2\/pages"}],"about":[{"href":"https:\/\/medandbeauty.com\/hu\/wp-json\/wp\/v2\/types\/page"}],"author":[{"embeddable":true,"href":"https:\/\/medandbeauty.com\/hu\/wp-json\/wp\/v2\/users\/1"}],"replies":[{"embeddable":true,"href":"https:\/\/medandbeauty.com\/hu\/wp-json\/wp\/v2\/comments?post=456240"}],"version-history":[{"count":1,"href":"https:\/\/medandbeauty.com\/hu\/wp-json\/wp\/v2\/pages\/456240\/revisions"}],"predecessor-version":[{"id":555286,"href":"https:\/\/medandbeauty.com\/hu\/wp-json\/wp\/v2\/pages\/456240\/revisions\/555286"}],"wp:attachment":[{"href":"https:\/\/medandbeauty.com\/hu\/wp-json\/wp\/v2\/media?parent=456240"}],"curies":[{"name":"wp","href":"https:\/\/api.w.org\/{rel}","templated":true}]}}