{"id":456254,"date":"2024-01-15T20:48:54","date_gmt":"2024-01-15T19:48:54","guid":{"rendered":"https:\/\/medandbeauty.com\/koltsegek-es-szallitasi-ido\/"},"modified":"2024-01-15T20:48:54","modified_gmt":"2024-01-15T19:48:54","slug":"koltsegek-es-szallitasi-ido","status":"publish","type":"page","link":"https:\/\/medandbeauty.com\/hu\/koltsegek-es-szallitasi-ido\/","title":{"rendered":"K\u00f6lts\u00e9gek \u00e9s sz\u00e1ll\u00edt\u00e1si id\u0151"},"content":{"rendered":"","protected":false},"excerpt":{"rendered":"","protected":false},"author":6,"featured_media":0,"parent":0,"menu_order":0,"comment_status":"closed","ping_status":"closed","template":"template-pages\/page-about-us.php","meta":{"_acf_changed":false,"inline_featured_image":false,"footnotes":""},"class_list":["post-456254","page","type-page","status-publish","hentry"],"acf":[],"_links":{"self":[{"href":"https:\/\/medandbeauty.com\/hu\/wp-json\/wp\/v2\/pages\/456254","targetHints":{"allow":["GET"]}}],"collection":[{"href":"https:\/\/medandbeauty.com\/hu\/wp-json\/wp\/v2\/pages"}],"about":[{"href":"https:\/\/medandbeauty.com\/hu\/wp-json\/wp\/v2\/types\/page"}],"author":[{"embeddable":true,"href":"https:\/\/medandbeauty.com\/hu\/wp-json\/wp\/v2\/users\/6"}],"replies":[{"embeddable":true,"href":"https:\/\/medandbeauty.com\/hu\/wp-json\/wp\/v2\/comments?post=456254"}],"version-history":[{"count":0,"href":"https:\/\/medandbeauty.com\/hu\/wp-json\/wp\/v2\/pages\/456254\/revisions"}],"wp:attachment":[{"href":"https:\/\/medandbeauty.com\/hu\/wp-json\/wp\/v2\/media?parent=456254"}],"curies":[{"name":"wp","href":"https:\/\/api.w.org\/{rel}","templated":true}]}}