{"id":456291,"date":"2023-09-08T09:05:14","date_gmt":"2023-09-08T07:05:14","guid":{"rendered":"https:\/\/medandbeauty.com\/az-aruk-visszakuldese\/"},"modified":"2025-07-02T08:42:23","modified_gmt":"2025-07-02T06:42:23","slug":"az-aruk-visszakuldese","status":"publish","type":"page","link":"https:\/\/medandbeauty.com\/hu\/az-aruk-visszakuldese\/","title":{"rendered":"Az \u00e1ruk visszak\u00fcld\u00e9se"},"content":{"rendered":"","protected":false},"excerpt":{"rendered":"","protected":false},"author":1,"featured_media":0,"parent":0,"menu_order":0,"comment_status":"closed","ping_status":"closed","template":"template-pages\/page-about-us.php","meta":{"_acf_changed":false,"inline_featured_image":false,"footnotes":""},"class_list":["post-456291","page","type-page","status-publish","hentry"],"acf":[],"_links":{"self":[{"href":"https:\/\/medandbeauty.com\/hu\/wp-json\/wp\/v2\/pages\/456291","targetHints":{"allow":["GET"]}}],"collection":[{"href":"https:\/\/medandbeauty.com\/hu\/wp-json\/wp\/v2\/pages"}],"about":[{"href":"https:\/\/medandbeauty.com\/hu\/wp-json\/wp\/v2\/types\/page"}],"author":[{"embeddable":true,"href":"https:\/\/medandbeauty.com\/hu\/wp-json\/wp\/v2\/users\/1"}],"replies":[{"embeddable":true,"href":"https:\/\/medandbeauty.com\/hu\/wp-json\/wp\/v2\/comments?post=456291"}],"version-history":[{"count":1,"href":"https:\/\/medandbeauty.com\/hu\/wp-json\/wp\/v2\/pages\/456291\/revisions"}],"predecessor-version":[{"id":466915,"href":"https:\/\/medandbeauty.com\/hu\/wp-json\/wp\/v2\/pages\/456291\/revisions\/466915"}],"wp:attachment":[{"href":"https:\/\/medandbeauty.com\/hu\/wp-json\/wp\/v2\/media?parent=456291"}],"curies":[{"name":"wp","href":"https:\/\/api.w.org\/{rel}","templated":true}]}}