{"id":456302,"date":"2023-09-06T12:27:12","date_gmt":"2023-09-06T10:27:12","guid":{"rendered":"https:\/\/medandbeauty.com\/visszateritesi-politika-2\/"},"modified":"2025-07-02T08:20:56","modified_gmt":"2025-07-02T06:20:56","slug":"visszateritesi-politika","status":"publish","type":"page","link":"https:\/\/medandbeauty.com\/hu\/visszateritesi-politika\/","title":{"rendered":"Visszat\u00e9r\u00edt\u00e9si politika"},"content":{"rendered":"\n<p><b>Ez egy mintaoldal.<\/b><\/p>\n\n<h3>Overview<\/h3>\n\n<p>Visszat\u00e9r\u00edt\u00e9si \u00e9s visszat\u00e9r\u00edt\u00e9si szab\u00e1lyzatunk 30 napig tart. Ha a v\u00e1s\u00e1rl\u00e1s \u00f3ta eltelt 30 nap, nem tudjuk teljes visszat\u00e9r\u00edt\u00e9st vagy cser\u00e9t aj\u00e1nlani. <\/p>\n\n<p>A visszak\u00fcld\u00e9shez a term\u00e9knek haszn\u00e1laton k\u00edv\u00fclinek \u00e9s ugyanolyan \u00e1llapotban kell lennie, mint ahogyan azt megkapta. A term\u00e9knek az eredeti csomagol\u00e1sban kell lennie. <\/p>\n\n<p>Sz\u00e1mos \u00e1rut\u00edpus mentes\u00fcl a visszak\u00fcld\u00e9s al\u00f3l. Az olyan romland\u00f3 \u00e1ruk, mint az \u00e9lelmiszerek, vir\u00e1gok, \u00fajs\u00e1gok vagy magazinok nem k\u00fcldhet\u0151k vissza. Nem fogadunk el olyan term\u00e9keket sem, amelyek intim vagy eg\u00e9szs\u00e9g\u00fcgyi term\u00e9kek, vesz\u00e9lyes anyagok vagy gy\u00fal\u00e9kony folyad\u00e9kok vagy g\u00e1zok.  <\/p>\n\n<p>Tov\u00e1bbi nem visszav\u00e1lthat\u00f3 t\u00e9telek:<\/p>\n\n<ul class=\"wp-block-list\">\n<li>Aj\u00e1nd\u00e9kk\u00e1rty\u00e1k<\/li>\n<li>Let\u00f6lthet\u0151 szoftverterm\u00e9kek<\/li>\n<li>N\u00e9h\u00e1ny eg\u00e9szs\u00e9g\u00fcgyi \u00e9s test\u00e1pol\u00e1si cikk<\/li>\n<\/ul>\n\n<p>A visszak\u00fcld\u00e9s befejez\u00e9s\u00e9hez sz\u00fcks\u00e9g\u00fcnk van a v\u00e1s\u00e1rl\u00e1st igazol\u00f3 nyugt\u00e1ra vagy bizonylatra.<\/p>\n\n<p>K\u00e9rj\u00fck, ne k\u00fcldje vissza a v\u00e1s\u00e1rl\u00e1st a gy\u00e1rt\u00f3nak.<\/p>\n\n<p>Vannak bizonyos helyzetek, amikor csak r\u00e9szleges visszat\u00e9r\u00edt\u00e9sre ker\u00fcl sor:<\/p>\n\n<ul class=\"wp-block-list\">\n<li>Nyilv\u00e1nval\u00f3 haszn\u00e1lati nyomokkal rendelkez\u0151 k\u00f6nyv<\/li>\n<li>CD, DVD, VHS-szalag, szoftver, videoj\u00e1t\u00e9k, kazetta vagy bakelitlemez, amelyet felbontottak.<\/li>\n<li>B\u00e1rmely olyan term\u00e9k, amely nem az eredeti \u00e1llapot\u00e1ban van, s\u00e9r\u00fclt vagy hi\u00e1nyzik bel\u0151le olyan okokb\u00f3l, amelyek nem a mi hib\u00e1nkb\u00f3l erednek.<\/li>\n<li>B\u00e1rmely olyan term\u00e9k, amelyet a sz\u00e1ll\u00edt\u00e1st\u00f3l sz\u00e1m\u00edtott 30 napn\u00e1l hosszabb id\u0151n bel\u00fcl visszak\u00fcldenek.<\/li>\n<\/ul>\n\n<h2>Visszat\u00e9r\u00edt\u00e9sek<\/h2>\n\n<p>Miut\u00e1n a visszak\u00fcld\u00f6tt term\u00e9ket megkaptuk \u00e9s megvizsg\u00e1ltuk, k\u00fcld\u00fcnk \u00d6nnek egy e-mailt, amelyben \u00e9rtes\u00edtj\u00fck, hogy megkaptuk a visszak\u00fcld\u00f6tt term\u00e9ket. A visszat\u00e9r\u00edt\u00e9s j\u00f3v\u00e1hagy\u00e1s\u00e1r\u00f3l vagy elutas\u00edt\u00e1s\u00e1r\u00f3l is \u00e9rtes\u00edtj\u00fck \u00d6nt. <\/p>\n\n<p>Ha j\u00f3v\u00e1hagyj\u00e1k, akkor a visszat\u00e9r\u00edt\u00e9st feldolgozzuk, \u00e9s egy bizonyos sz\u00e1m\u00fa napon bel\u00fcl automatikusan j\u00f3v\u00e1\u00edrjuk az \u00d6n hitelk\u00e1rty\u00e1j\u00e1n vagy eredeti fizet\u00e9si m\u00f3dj\u00e1n.<\/p>\n\n<b>Late or missing refunds<\/b>\n\n<p>Ha m\u00e9g nem kapott visszat\u00e9r\u00edt\u00e9st, el\u0151sz\u00f6r ellen\u0151rizze \u00fajra a banksz\u00e1ml\u00e1j\u00e1t.<\/p>\n\n<p>Ezut\u00e1n l\u00e9pjen kapcsolatba a hitelk\u00e1rtya-t\u00e1rsas\u00e1ggal, mert eltarthat egy ideig, am\u00edg a visszat\u00e9r\u00edt\u00e9st hivatalosan is elk\u00fcldik.<\/p>\n\n<p>Ezut\u00e1n l\u00e9pjen kapcsolatba a bankj\u00e1val. A visszat\u00e9r\u00edt\u00e9s k\u00f6nyvel\u00e9se gyakran n\u00e9mi feldolgoz\u00e1si id\u0151t vesz ig\u00e9nybe. <\/p>\n\n<p>Ha mindezt megtette, \u00e9s m\u00e9g mindig nem kapta meg a visszat\u00e9r\u00edt\u00e9st, k\u00e9rj\u00fck, l\u00e9pjen kapcsolatba vel\u00fcnk a {email c\u00edm} c\u00edmen.<\/p>\n\n<b>Sale items<\/b>\n\n<p>Csak a norm\u00e1l \u00e1r\u00fa t\u00e9telek t\u00e9r\u00edthet\u0151k vissza. Az akci\u00f3s t\u00e9telek nem t\u00e9r\u00edthet\u0151k vissza. <\/p>\n\n<h2>Cser\u00e9k<\/h2>\n\n<p>Csak akkor cser\u00e9lj\u00fck ki a term\u00e9keket, ha azok hib\u00e1sak vagy s\u00e9r\u00fcltek. Ha ugyanarra a term\u00e9kre szeretn\u00e9 kicser\u00e9lni, k\u00fcldj\u00f6n nek\u00fcnk egy e-mailt a {email c\u00edm} c\u00edmre, \u00e9s k\u00fcldje el a term\u00e9ket a k\u00f6vetkez\u0151 c\u00edmre: {fizikai c\u00edm}. <\/p>\n\n<h2>Aj\u00e1nd\u00e9kok<\/h2>\n\n<p>Ha a term\u00e9ket aj\u00e1nd\u00e9kk\u00e9nt jel\u00f6lt\u00e9k meg, amikor megv\u00e1s\u00e1rolta \u00e9s k\u00f6zvetlen\u00fcl \u00d6nnek k\u00fcldt\u00e9k, akkor a visszak\u00fcld\u00f6tt term\u00e9k \u00e9rt\u00e9k\u00e9nek megfelel\u0151 aj\u00e1nd\u00e9k j\u00f3v\u00e1\u00edr\u00e1st kap. Amint a visszak\u00fcld\u00f6tt term\u00e9k be\u00e9rkezik, az aj\u00e1nd\u00e9kutalv\u00e1nyt post\u00e1zzuk \u00d6nnek. <\/p>\n\n<p>Ha a term\u00e9ket v\u00e1s\u00e1rl\u00e1skor nem jel\u00f6lt\u00e9k meg aj\u00e1nd\u00e9kk\u00e9nt, vagy az aj\u00e1nd\u00e9koz\u00f3 saj\u00e1t mag\u00e1nak k\u00fcldte el a rendel\u00e9st, hogy k\u00e9s\u0151bb \u00e1tadja \u00d6nnek, akkor visszat\u00e9r\u00edt\u00e9st k\u00fcld\u00fcnk az aj\u00e1nd\u00e9koz\u00f3nak, \u00e9s \u0151 \u00e9rtes\u00fcl az \u00d6n visszat\u00e9r\u00edt\u00e9s\u00e9r\u0151l.<\/p>\n\n<h2>Sz\u00e1ll\u00edt\u00e1si visszat\u00e9r\u00edt\u00e9sek<\/h2>\n\n<p>A term\u00e9k visszak\u00fcld\u00e9s\u00e9hez a term\u00e9ket a k\u00f6vetkez\u0151 c\u00edmre kell post\u00e1znia: {fizikai c\u00edm}.<\/p>\n\n<p>A term\u00e9k visszak\u00fcld\u00e9s\u00e9nek sz\u00e1ll\u00edt\u00e1si k\u00f6lts\u00e9geit \u00d6n maga viseli. A sz\u00e1ll\u00edt\u00e1si k\u00f6lts\u00e9gek nem visszat\u00e9r\u00edthet\u0151k. Ha visszat\u00e9r\u00edt\u00e9st kap, a visszak\u00fcld\u00e9s k\u00f6lts\u00e9ge levon\u00e1sra ker\u00fcl a visszat\u00e9r\u00edt\u00e9sb\u0151l.  <\/p>\n\n<p>Att\u00f3l f\u00fcgg\u0151en, hogy hol lakik, a kicser\u00e9lt term\u00e9k eljut\u00e1si ideje elt\u00e9r\u0151 lehet.<\/p>\n\n<p>Ha dr\u00e1g\u00e1bb term\u00e9keket k\u00fcld vissza, fontolja meg, hogy nyomon k\u00f6vethet\u0151 sz\u00e1ll\u00edt\u00e1si szolg\u00e1ltat\u00e1st vesz ig\u00e9nybe, vagy sz\u00e1ll\u00edt\u00e1si biztos\u00edt\u00e1st k\u00f6t. Nem garant\u00e1ljuk, hogy megkapjuk a visszak\u00fcld\u00f6tt term\u00e9ket. <\/p>\n\n<h2>Seg\u00edts\u00e9gre van sz\u00fcks\u00e9ge?<\/h2>\n\n<p>A visszat\u00e9r\u00edt\u00e9ssel \u00e9s a visszak\u00fcld\u00e9ssel kapcsolatos k\u00e9rd\u00e9sekben forduljon hozz\u00e1nk a {email} e-mail c\u00edmen.<\/p>\n","protected":false},"excerpt":{"rendered":"<p>Ez egy mintaoldal. Overview Visszat\u00e9r\u00edt\u00e9si \u00e9s visszat\u00e9r\u00edt\u00e9si szab\u00e1lyzatunk 30 napig tart. Ha a v\u00e1s\u00e1rl\u00e1s \u00f3ta eltelt 30 nap, nem tudjuk teljes visszat\u00e9r\u00edt\u00e9st vagy cser\u00e9t aj\u00e1nlani. A visszak\u00fcld\u00e9shez a term\u00e9knek haszn\u00e1laton k\u00edv\u00fclinek \u00e9s ugyanolyan \u00e1llapotban kell lennie, mint ahogyan azt megkapta. A term\u00e9knek az eredeti csomagol\u00e1sban kell lennie. Sz\u00e1mos \u00e1rut\u00edpus mentes\u00fcl a visszak\u00fcld\u00e9s al\u00f3l. Az olyan [&hellip;]<\/p>\n","protected":false},"author":1,"featured_media":0,"parent":0,"menu_order":0,"comment_status":"closed","ping_status":"closed","template":"","meta":{"_acf_changed":false,"inline_featured_image":false,"footnotes":""},"class_list":["post-456302","page","type-page","status-publish","hentry"],"acf":[],"_links":{"self":[{"href":"https:\/\/medandbeauty.com\/hu\/wp-json\/wp\/v2\/pages\/456302","targetHints":{"allow":["GET"]}}],"collection":[{"href":"https:\/\/medandbeauty.com\/hu\/wp-json\/wp\/v2\/pages"}],"about":[{"href":"https:\/\/medandbeauty.com\/hu\/wp-json\/wp\/v2\/types\/page"}],"author":[{"embeddable":true,"href":"https:\/\/medandbeauty.com\/hu\/wp-json\/wp\/v2\/users\/1"}],"replies":[{"embeddable":true,"href":"https:\/\/medandbeauty.com\/hu\/wp-json\/wp\/v2\/comments?post=456302"}],"version-history":[{"count":1,"href":"https:\/\/medandbeauty.com\/hu\/wp-json\/wp\/v2\/pages\/456302\/revisions"}],"predecessor-version":[{"id":456311,"href":"https:\/\/medandbeauty.com\/hu\/wp-json\/wp\/v2\/pages\/456302\/revisions\/456311"}],"wp:attachment":[{"href":"https:\/\/medandbeauty.com\/hu\/wp-json\/wp\/v2\/media?parent=456302"}],"curies":[{"name":"wp","href":"https:\/\/api.w.org\/{rel}","templated":true}]}}