{"id":456314,"date":"2024-11-21T12:50:54","date_gmt":"2024-11-21T11:50:54","guid":{"rendered":"https:\/\/medandbeauty.com\/ruhazat-az-egeszsegugyi-szolgaltato-szamara\/"},"modified":"2025-06-29T08:39:07","modified_gmt":"2025-06-29T06:39:07","slug":"ruhazat-az-egeszsegugyi-szolgaltato-szamara","status":"publish","type":"page","link":"https:\/\/medandbeauty.com\/hu\/ruhazat-az-egeszsegugyi-szolgaltato-szamara\/","title":{"rendered":"Ruh\u00e1zat az eg\u00e9szs\u00e9g\u00fcgyi szolg\u00e1ltat\u00f3 sz\u00e1m\u00e1ra"},"content":{"rendered":"\n<p>Az eg\u00e9szs\u00e9g\u00fcgyi gondoz\u00f3 munk\u00e1ja nemcsak nagyfok\u00fa emp\u00e1ti\u00e1t \u00e9s elk\u00f6telezetts\u00e9get ig\u00e9nyel, hanem megfelel\u0151 felk\u00e9sz\u00fclts\u00e9get is a ruh\u00e1zat tekintet\u00e9ben.<strong> Az eg\u00e9szs\u00e9g\u00fcgyi gondoz\u00f3 ruh\u00e1zata fontos elem, amely k\u00f6zvetlen hat\u00e1ssal van a k\u00e9nyelemre \u00e9s az<\/strong> elv\u00e9gzett feladatok<strong> min\u0151s\u00e9g\u00e9re<\/strong>. Az \u00e1pol\u00f3nak eg\u00e9sz nap k\u00e9nyelmesen kell \u00e9reznie mag\u00e1t a ruh\u00e1zat\u00e1ban, f\u00fcggetlen\u00fcl az elv\u00e9gzett munka intenzit\u00e1s\u00e1t\u00f3l vagy az \u00fcgyelet hossz\u00e1t\u00f3l. Ez\u00e9rt k\u00edn\u00e1latunk nemcsak az eg\u00e9szs\u00e9g\u00fcgyi dolgoz\u00f3k sz\u00e1m\u00e1ra k\u00edn\u00e1l ruh\u00e1zatot, hanem olyan eszk\u00f6zt is, amely seg\u00edt a mindennapi kih\u00edv\u00e1sok lek\u00fczd\u00e9s\u00e9ben.  <\/p>\n\n<h2 class=\"wp-block-heading\">Ruh\u00e1zat az eg\u00e9szs\u00e9g\u00fcgyi gondoz\u00f3knak &#8211; milyen ruh\u00e1t v\u00e1lasszunk?<\/h2>\n\n<p>Az eg\u00e9szs\u00e9g\u00fcgyi gondoz\u00f3 ruh\u00e1zat\u00e1nak t\u00f6bb kulcsfontoss\u00e1g\u00fa tulajdons\u00e1got kell egyes\u00edtenie: k\u00e9nyelmet, funkcionalit\u00e1st \u00e9s eszt\u00e9tik\u00e1t. A k\u00e9nyelem abszol\u00fat priorit\u00e1s, ez\u00e9rt <strong>k\u00edn\u00e1lunk olyan eg\u00e9szs\u00e9g\u00fcgyi \u00e1pol\u00f3i ruh\u00e1zatot, amely puha, l\u00e9g\u00e1tereszt\u0151 anyagokb\u00f3l k\u00e9sz\u00fcl. <\/strong>Egy olyan munkak\u00f6rben, ahol \u00e1lland\u00f3an mozg\u00e1sban kell lennie, nagyon fontos, hogy a ruh\u00e1zat ne korl\u00e1tozza a mozg\u00e1st, \u00e9s teljes cselekv\u00e9si szabads\u00e1got biztos\u00edtson. Emellett modelljeinket \u00fagy tervezt\u00fck, hogy ergonomikus szab\u00e1svonalakat biztos\u00edtsanak, amelyek t\u00e1mogatj\u00e1k a testet a term\u00e9szetes mozg\u00e1sban, \u00edgy minimaliz\u00e1lva a f\u00e1radts\u00e1g kock\u00e1zat\u00e1t.  <\/p>\n\n<h2 class=\"wp-block-heading\">Orvosi \u00e1pol\u00f3i \u00f6lt\u00f6z\u00e9k &#8211; funkcionalit\u00e1s \u00e9s praktikus r\u00e9szletek<\/h2>\n\n<p>Minden eg\u00e9szs\u00e9g\u00fcgyi gondoz\u00f3 tiszt\u00e1ban van a ruh\u00e1zat gyakorlati r\u00e9szleteinek fontoss\u00e1g\u00e1val. <strong>Az eg\u00e9szs\u00e9g\u00fcgyi gondoz\u00f3knak sz\u00e1nt ruh\u00e1ink sz\u00e1mos zsebbel rendelkeznek, amelyekben biztons\u00e1gosan t\u00e1rolhatja <\/strong>a mindennapi munk\u00e1j\u00e1hoz <strong>sz\u00fcks\u00e9ges alapvet\u0151 tartoz\u00e9kokat <\/strong>&#8211; tollakat vagy kisebb m\u0171szereket. Ezek olyan r\u00e9szletek, amelyek mindent megv\u00e1ltoztatnak, k\u00fcl\u00f6n\u00f6sen akkor, amikor a munka sor\u00e1n minden m\u00e1sodperc sz\u00e1m\u00edt.   <\/p>\n\n<h2 class=\"wp-block-heading\">K\u00e9nyelmes ruh\u00e1zat az \u00e1pol\u00f3nak &#8211; kiv\u00e1l\u00f3 min\u0151s\u00e9g\u0171 anyagokb\u00f3l<\/h2>\n\n<p>Az \u00e1pol\u00f3 sz\u00e1m\u00e1ra k\u00e9sz\u00fclt k\u00e9nyelmes ruhadaraboknak olyan anyagokb\u00f3l kell k\u00e9sz\u00fclni\u00fck, amelyek \u00f6tv\u00f6zik a l\u00e9g\u00e1tereszt\u0151 k\u00e9pess\u00e9get, a rugalmass\u00e1got \u00e9s a tart\u00f3ss\u00e1got. Ez\u00e9rt tal\u00e1l pamut, nejlon \u00e9s lycra (pr\u00e9mium v\u00e1ltozat), illetve poli\u00e9szter, viszk\u00f3z \u00e9s lycra (alapv\u00e1ltozat) kever\u00e9k\u00e9b\u0151l k\u00e9sz\u00fclt ruhadarabokat &#8211; a pamut k\u00e9nyelmet \u00e9s term\u00e9szetes nedvess\u00e9gelvezet\u00e9st biztos\u00edt, a poli\u00e9szter tart\u00f3ss\u00e1got, a nejlon tart\u00f3ss\u00e1got, a lycra \u00e9s a viszk\u00f3z pedig rugalmass\u00e1got k\u00f6lcs\u00f6n\u00f6z a ruhadarabnak, ami felbecs\u00fclhetetlen\u00fcl fontos egy hossz\u00fa munkanap sor\u00e1n. Ennek a kombin\u00e1ci\u00f3nak k\u00f6sz\u00f6nhet\u0151en <strong>a Med&amp;Beauty orvosi \u00e1pol\u00f3i ruh\u00e1zatai nemcsak j\u00f3l n\u00e9znek ki, hanem hossz\u00fa ideig t\u00f6k\u00e9letesen teljes\u00edtenek is<\/strong>.  <\/p>\n\n<h2 class=\"wp-block-heading\">St\u00edlusos megjelen\u00e9s \u00e9s professzionalizmus<\/h2>\n\n<p>A gondoz\u00f3i \u00f6lt\u00f6z\u00e9knek t\u00fckr\u00f6znie kell a visel\u0151j\u00e9nek szakmais\u00e1g\u00e1t is. <strong>Ruh\u00e1ink a klasszikus szab\u00e1sokat modern elemekkel \u00f6tv\u00f6zik, \u00edgy minden \u00e1pol\u00f3 magabiztos lehet<\/strong> abban a tudatban, hogy ruh\u00e1zata t\u00e1mogatja a pozit\u00edv im\u00e1zst a betegek \u00e9s a koll\u00e9g\u00e1k k\u00f6r\u00e9ben. K\u00edn\u00e1latunkban klasszikus szab\u00e1sokat \u00e9s modernebb modelleket egyar\u00e1nt tal\u00e1l, \u00edgy \u00d6n olyan ruh\u00e1t v\u00e1laszthat, amely t\u00f6k\u00e9letesen megfelel szem\u00e9lyes preferenci\u00e1inak \u00e9s munkast\u00edlus\u00e1nak. <\/p>\n\n<h2 class=\"wp-block-heading\">Egy\u00e9ni ig\u00e9nyekre szab\u00e1s<\/h2>\n\n<p>A gondoz\u00f3i ruh\u00e1k sz\u00e9les m\u00e9rettartom\u00e1nyban kaphat\u00f3k, \u00edgy a ruhadarab t\u00f6k\u00e9letesen illeszkedik az \u00d6n alakj\u00e1hoz. <strong>Lehet\u0151s\u00e9g van a ruhadarabok szem\u00e9lyre szab\u00e1s\u00e1ra<\/strong> is <strong>, a sz\u00ednek kiv\u00e1laszt\u00e1s\u00e1t\u00f3l kezdve a l\u00e9tes\u00edtm\u00e9ny nev\u00e9nek vagy log\u00f3j\u00e1nak h\u00edmz\u00e9s\u00e9ig.<\/strong> Ez a lehet\u0151s\u00e9g lehet\u0151v\u00e9 teszi, hogy a ruhadarabok m\u00e9g ink\u00e1bb a csapat ig\u00e9nyeihez igazodjanak, \u00e9s egys\u00e9ges arculatot teremtsenek, ami k\u00fcl\u00f6n\u00f6sen fontos a betegekkel val\u00f3 b\u00e1n\u00e1sm\u00f3d sor\u00e1n. <\/p>\n\n<h2 class=\"wp-block-heading\">Mi\u00e9rt v\u00e1lassza a mi ruh\u00e1inkat az eg\u00e9szs\u00e9g\u00fcgyi szakemberek sz\u00e1m\u00e1ra?<\/h2>\n\n<p>Az <strong>eg\u00e9szs\u00e9g\u00fcgyi gondoz\u00f3knak sz\u00e1nt ruh\u00e1zatunk t\u00f6bb\u00e9ves tapasztalat \u00e9s az eg\u00e9szs\u00e9g\u00fcgyi szakemberekkel val\u00f3 egy\u00fcttm\u0171k\u00f6d\u00e9s eredm\u00e9nye<\/strong>. A pol\u00edrozott min\u0151s\u00e9gre, k\u00e9nyelemre \u00e9s funkcionalit\u00e1sra \u00f6sszpontos\u00edtunk. Term\u00e9keink tart\u00f3s anyagokb\u00f3l k\u00e9sz\u00fclnek, amelyek ellen\u00e1llnak az ism\u00e9telt mos\u00e1snak, nem gy\u0171r\u0151dnek \u00e9s k\u00f6nnyen tiszt\u00e1n tarthat\u00f3k, ami elengedhetetlen az ig\u00e9nyes munkak\u00f6rnyezetben. Az \u00e1ltalunk k\u00edn\u00e1lt ruhadarabok a modern diz\u00e1jn, az ergon\u00f3mia \u00e9s a kiv\u00e1l\u00f3 min\u0151s\u00e9g t\u00f6k\u00e9letes kombin\u00e1ci\u00f3ja, amely minden munkanapot k\u00f6nnyebb\u00e9 \u00e9s \u00e9lvezetesebb\u00e9 tesz.   <\/p>\n\n<p><a href=\"https:\/\/medandbeauty.com\/hu\/\">Orvosi ruh\u00e1zati \u00fczlet\u00fcnk<\/a> aj\u00e1nlja:<\/p>\n\n<ul class=\"wp-block-list\">\n<li><a href=\"https:\/\/medandbeauty.com\/sklep\/dla-niej\/\">n\u0151i orvosi ruh\u00e1zat<\/a>,<\/li>\n\n\n\n<li><a href=\"https:\/\/medandbeauty.com\/sklep\/dla-niego\/\">f\u00e9rfi orvosi ruh\u00e1zat<\/a>,<\/li>\n\n\n\n<li><a href=\"https:\/\/medandbeauty.com\/rodzaj-ubrania\/bluzki-medyczne\/\">orvosi bl\u00fazok<\/a>,<\/li>\n\n\n\n<li><a href=\"https:\/\/medandbeauty.com\/rodzaj-ubrania\/spodnie-medyczne\/\">orvosi nadr\u00e1g<\/a>,<\/li>\n\n\n\n<li><a href=\"https:\/\/medandbeauty.com\/rodzaj-ubrania\/scrubsy\/\">orvosi k\u00f6peny.<\/a><\/li>\n<\/ul>\n\n<p>Arra b\u00e1tor\u00edtjuk \u00d6nt, hogy adjon le megrendel\u00e9seket.<\/p>\n","protected":false},"excerpt":{"rendered":"<p>Az eg\u00e9szs\u00e9g\u00fcgyi gondoz\u00f3 munk\u00e1ja nemcsak nagyfok\u00fa emp\u00e1ti\u00e1t \u00e9s elk\u00f6telezetts\u00e9get ig\u00e9nyel, hanem megfelel\u0151 felk\u00e9sz\u00fclts\u00e9get is a ruh\u00e1zat tekintet\u00e9ben. Az eg\u00e9szs\u00e9g\u00fcgyi gondoz\u00f3 ruh\u00e1zata fontos elem, amely k\u00f6zvetlen hat\u00e1ssal van a k\u00e9nyelemre \u00e9s az elv\u00e9gzett feladatok min\u0151s\u00e9g\u00e9re. Az \u00e1pol\u00f3nak eg\u00e9sz nap k\u00e9nyelmesen kell \u00e9reznie mag\u00e1t a ruh\u00e1zat\u00e1ban, f\u00fcggetlen\u00fcl az elv\u00e9gzett munka intenzit\u00e1s\u00e1t\u00f3l vagy az \u00fcgyelet hossz\u00e1t\u00f3l. Ez\u00e9rt k\u00edn\u00e1latunk [&hellip;]<\/p>\n","protected":false},"author":28789,"featured_media":0,"parent":0,"menu_order":0,"comment_status":"closed","ping_status":"closed","template":"page.php","meta":{"_acf_changed":false,"inline_featured_image":false,"footnotes":""},"class_list":["post-456314","page","type-page","status-publish","hentry"],"acf":[],"_links":{"self":[{"href":"https:\/\/medandbeauty.com\/hu\/wp-json\/wp\/v2\/pages\/456314","targetHints":{"allow":["GET"]}}],"collection":[{"href":"https:\/\/medandbeauty.com\/hu\/wp-json\/wp\/v2\/pages"}],"about":[{"href":"https:\/\/medandbeauty.com\/hu\/wp-json\/wp\/v2\/types\/page"}],"author":[{"embeddable":true,"href":"https:\/\/medandbeauty.com\/hu\/wp-json\/wp\/v2\/users\/28789"}],"replies":[{"embeddable":true,"href":"https:\/\/medandbeauty.com\/hu\/wp-json\/wp\/v2\/comments?post=456314"}],"version-history":[{"count":1,"href":"https:\/\/medandbeauty.com\/hu\/wp-json\/wp\/v2\/pages\/456314\/revisions"}],"predecessor-version":[{"id":456316,"href":"https:\/\/medandbeauty.com\/hu\/wp-json\/wp\/v2\/pages\/456314\/revisions\/456316"}],"wp:attachment":[{"href":"https:\/\/medandbeauty.com\/hu\/wp-json\/wp\/v2\/media?parent=456314"}],"curies":[{"name":"wp","href":"https:\/\/api.w.org\/{rel}","templated":true}]}}