{"id":456315,"date":"2023-09-06T12:22:34","date_gmt":"2023-09-06T10:22:34","guid":{"rendered":"https:\/\/medandbeauty.com\/adatvedelmi-szabalyzat\/"},"modified":"2025-06-29T08:39:08","modified_gmt":"2025-06-29T06:39:08","slug":"adatvedelmi-szabalyzat","status":"publish","type":"page","link":"https:\/\/medandbeauty.com\/hu\/adatvedelmi-szabalyzat\/","title":{"rendered":"Adatv\u00e9delmi szab\u00e1lyzat"},"content":{"rendered":"<p>Tartalomjegyz\u00e9k<br \/>&#8211; I. Szem\u00e9lyes adatok kezel\u0151je<br \/>&#8211; II. Az \u00c1ltal\u00e1nos Szerz\u0151d\u00e9si Felt\u00e9telek hat\u00e1lya, az Elad\u00f3 azonos\u00edt\u00f3 adatai<br \/>&#8211; III. A szem\u00e9lyes adatok kezel\u00e9s\u00e9nek c\u00e9lja \u00e9s indoka<br \/>&#8211; IV.   Az adatok c\u00edmzettjei. Adattov\u00e1bb\u00edt\u00e1s harmadik orsz\u00e1gokba<br \/>&#8211; V. A szem\u00e9lyes adatok meg\u0151rz\u00e9s\u00e9nek id\u0151tartama<br \/>&#8211; VI. Az \u00e9rintett jogai<br \/>&#8211; VII.   Automatiz\u00e1lt d\u00f6nt\u00e9shozatal. Profilalkot\u00e1s<br \/>&#8211; VIII. S\u00fctikre vonatkoz\u00f3 politika<br \/>I. A szem\u00e9lyes adatok kezel\u0151je<br \/>1. Az adminisztr\u00e1tor t\u00e1j\u00e9koztatja, hogy a szem\u00e9lyes adatok feldolgoz\u00e1s\u00e1val a k\u00f6vetkez\u0151 szervezeteket b\u00edzza meg:<br \/>a) Edrone Sp.   z o.o., ul. Lekarska 1, 31-203 Krak\u00f3w, NIP: 676-248-20-64, KRS: 0000537197 &#8211; a h\u00edrlev\u00e9l k\u00fcld\u00e9s\u00e9re haszn\u00e1lt edrone.me levelez\u0151rendszer haszn\u00e1lat\u00e1\u00e9rt,<br \/>b) USER.COM Sp. z o.o., ul. Grzybowska 87, 00-844 Vars\u00f3, NIP: 5272791969, KRS: 0000654981 &#8211; a user.com marketingautomatiz\u00e1l\u00e1si \u00e9s levelez\u0151rendszer haszn\u00e1lata c\u00e9lj\u00e1b\u00f3l h\u00edrlevelek k\u00fcld\u00e9s\u00e9re, e-mail \u00e9s SMS \u00fatj\u00e1n t\u00f6rt\u00e9n\u0151 m\u00e1rkakommunik\u00e1ci\u00f3 kezel\u00e9s\u00e9re, a<br \/>weboldalon v\u00e9gzett felhaszn\u00e1l\u00f3i aktivit\u00e1s nyomon k\u00f6vet\u00e9s\u00e9re c) GRUPA ALTER REMIGIUSZ \u015aLIWKA ul. D\u0119bowa 6A 56-400 Spalice NIP: PL9111078576 (e-mail: kontakt@weblo.pl, tel. +48 571 201 007, URL: www.weblo.pl) &#8211; weboldal t\u00e1mogat\u00e1s, felel\u0151s az \u00fczlet biztons\u00e1g\u00e1\u00e9rt, adatfeldolgoz\u00e1s az \u00fczlet karbantart\u00e1sa \u00e9s adminisztr\u00e1ci\u00f3ja c\u00e9lj\u00e1b\u00f3l.    <\/p>\n<p>(2) A Rendszergazda t\u00e1j\u00e9koztat, hogy a k\u00f6vetkez\u0151 technol\u00f3gi\u00e1kat haszn\u00e1lja a felhaszn\u00e1l\u00f3\/\u00fcgyf\u00e9l \u00e1ltal az \u00dczlet weboldal\u00e1n bel\u00fcl v\u00e9gzett m\u0171veletek nyomon k\u00f6vet\u00e9s\u00e9re:<br \/>a) user.com nyomk\u00f6vet\u0151 k\u00f3d &#8211; lehet\u0151v\u00e9 teszi a felhaszn\u00e1l\u00f3ra, a weboldalon bel\u00fcli forgalomra \u00e9s a weboldalon bel\u00fcli interakci\u00f3kra vonatkoz\u00f3 inform\u00e1ci\u00f3k gy\u0171jt\u00e9s\u00e9t a felhaszn\u00e1l\u00f3val val\u00f3 kommunik\u00e1ci\u00f3 szem\u00e9lyre szab\u00e1sa \u00e9s a felhaszn\u00e1l\u00f3 preferenci\u00e1ihoz val\u00f3 igaz\u00edt\u00e1sa \u00e9rdek\u00e9ben.<br \/>3Az adatkezel\u0151 a RODO 32. cikk\u00e9nek (1) bekezd\u00e9s\u00e9vel \u00f6sszhangban tiszteletben tartja a szem\u00e9lyes adatok v\u00e9delm\u00e9nek elv\u00e9t, \u00e9s megfelel\u0151 technikai \u00e9s szervez\u00e9si int\u00e9zked\u00e9seket tesz a tev\u00e9kenys\u00e9ge sor\u00e1n feldolgozott szem\u00e9lyes adatok v\u00e9letlen vagy jogellenes megsemmis\u00edt\u00e9s\u00e9nek, elveszt\u00e9s\u00e9nek, m\u00f3dos\u00edt\u00e1s\u00e1nak, jogosulatlan k\u00f6zl\u00e9s\u00e9nek vagy a jogosulatlan hozz\u00e1f\u00e9r\u00e9snek a megakad\u00e1lyoz\u00e1sa \u00e9rdek\u00e9ben.  <br \/>A szem\u00e9lyes adatok megad\u00e1sa \u00f6nk\u00e9ntes, de sz\u00fcks\u00e9ges ahhoz, hogy a MED&amp;BEAUTY S.Grocholewski Sp\u00f3\u0142ka komandytowa Internet Shop (kor\u00e1bban: MED&amp;BEAUTY &#8211; Grocholewski Sp\u00f3\u0142ka jawna) . szab\u00e1lyzat\u00e1nak megfelel\u0151en teljes\u00edteni tudjuk a szerz\u0151d\u00e9st, amely a k\u00f6vetkez\u0151 linken \u00e9rhet\u0151 el: www.medandbeauty\/regulaminy (a tov\u00e1bbiakban: szab\u00e1lyzat).<br \/>(5) Az \u00c1ruh\u00e1z \u00dcgyfele alatt minden olyan szem\u00e9lyt \u00e9rt\u00fcnk, aki az \u00c1ruh\u00e1zat az \u00c1ltal\u00e1nos Szerz\u0151d\u00e9si Felt\u00e9telekben megjel\u00f6lt m\u00f3don \u00e9s m\u00e9rt\u00e9kben haszn\u00e1lja.<br \/>6 Az Adatkezel\u0151 az \u00dcgyfelek al\u00e1bbi szem\u00e9lyes adatait kezeli:<br \/>a) n\u00e9v,<br \/>b) lakc\u00edm,<br \/>c) sz\u00e1ll\u00edt\u00e1si c\u00edm,<br \/>d) e-mail c\u00edm,<br \/>e) telefonsz\u00e1m.<br \/>II. A szab\u00e1lyzat hat\u00e1lya, az elad\u00f3 azonos\u00edt\u00f3 adatai<br \/>1. A jelen \u00c1ltal\u00e1nos Szerz\u0151d\u00e9si Felt\u00e9telek meghat\u00e1rozz\u00e1k a www.medandbeauty.com web\u00e1ruh\u00e1z haszn\u00e1lat\u00e1nak, valamint a MED&amp;BEAUTY S.Grocholewski Sp\u00f3\u0142ka komandytowa (kor\u00e1bban: MED&amp;BEAUTY &#8211; Grocholewski Sp\u00f3\u0142ka jawna) web\u00e1ruh\u00e1z keret\u00e9ben leadott megrendel\u00e9sek lead\u00e1s\u00e1nak \u00e9s feldolgoz\u00e1s\u00e1nak alapelveit . a k\u00f6vetkez\u0151 c\u00edmen m\u0171k\u00f6dik: www.medandbeauty.com<br \/>2. A Med&amp;Beauty Internet Shop elad\u00f3ja \u00e9s \u00fczemeltet\u0151je a MED&amp;BEAUTY S.Grocholewski Sp\u00f3\u0142ka komandytowa (kor\u00e1bban: MED&amp;BEAUTY &#8211; Grocholewski Sp\u00f3\u0142ka jawna) KRS 0001169806 NIP 7882040978 REGON 527048220, kapcsolattart\u00f3 e-mail c\u00edme: shop@medandbeauty.com, kapcsolattart\u00f3 telefonsz\u00e1ma: 736 630 825<br \/>III. A szem\u00e9lyes adatok feldolgoz\u00e1s\u00e1nak c\u00e9lja \u00e9s alapja<br \/>1. Az Adminisztr\u00e1tor a szem\u00e9lyes adatokat a k\u00f6vetkez\u0151 c\u00e9lokb\u00f3l kezeli:<br \/>a) abb\u00f3l a c\u00e9lb\u00f3l, hogy az \u00dcgyfelek az \u00c1ltal\u00e1nos Szerz\u0151d\u00e9si Felt\u00e9telekkel \u00f6sszhangban megrendel\u00e9seket adhassanak le,<br \/>b) abb\u00f3l a c\u00e9lb\u00f3l, hogy az \u00c1ltal\u00e1nos Szerz\u0151d\u00e9si Felt\u00e9telekkel \u00f6sszhangban a megrendel\u00e9seket feldolgozza,<br \/>c) abb\u00f3l a c\u00e9lb\u00f3l, hogy az \u00dcgyfelek panaszait kezelje,<br \/>d) ad\u00f3z\u00e1si c\u00e9lb\u00f3l &#8211; kiz\u00e1r\u00f3lag a k\u00f6telez\u0151 jogi el\u0151\u00edr\u00e1soknak megfelel\u0151 elsz\u00e1mol\u00e1sok c\u00e9lj\u00e1b\u00f3l,<br \/>e) marketing c\u00e9lokb\u00f3l, azaz az \u00dczlet tev\u00e9kenys\u00e9g\u00e9vel kapcsolatos aktu\u00e1lis inform\u00e1ci\u00f3k k\u00fcld\u00e9se az \u00dcgyfeleknek. A marketing c\u00e9l\u00fa hozz\u00e1j\u00e1rul\u00e1s \u00f6nk\u00e9ntes, \u00e9s nem felt\u00e9tele annak, hogy a V\u00e1s\u00e1rl\u00f3 ig\u00e9nybe vegye a Web\u00e1ruh\u00e1zat.<br \/>2. Az Adatkezel\u0151 a V\u00e1s\u00e1rl\u00f3k szem\u00e9lyes adatait a V\u00e1s\u00e1rl\u00f3k \u00f6nk\u00e9ntes hozz\u00e1j\u00e1rul\u00e1sa alapj\u00e1n (RODO 6. cikk (1) bekezd\u00e9s a) pontja), meghat\u00e1rozott t\u00e9telekre vonatkoz\u00f3 ad\u00e1sv\u00e9teli szerz\u0151d\u00e9s teljes\u00edt\u00e9se c\u00e9lj\u00e1b\u00f3l (RODO 6. cikk (1) bekezd\u00e9s b) pontja) \u00e9s az ad\u00f3k\u00f6telezetts\u00e9gek k\u00f6r\u00e9ben &#8211; az Adatkezel\u0151t terhel\u0151 k\u00f6telezetts\u00e9gek teljes\u00edt\u00e9se c\u00e9lj\u00e1b\u00f3l (RODO 6. cikk (1) bekezd\u00e9s c) pontja) kezeli. A marketing hozz\u00e1j\u00e1rul\u00e1s tekintet\u00e9ben az Adminisztr\u00e1tor csak az \u00dcgyf\u00e9l \u00f6nk\u00e9ntes hozz\u00e1j\u00e1rul\u00e1sa alapj\u00e1n kezeli az adatokat (RODO 6. cikk (1) bekezd\u00e9s a) pont).      <br \/>IV. Az adatok c\u00edmzettjei. Adattov\u00e1bb\u00edt\u00e1s harmadik orsz\u00e1gokba<br \/>1. Az Adatkezel\u0151 \u00e1ltal kezelt szem\u00e9lyes adatok c\u00edmzettjei az Adatkezel\u0151vel egy\u00fcttm\u0171k\u00f6d\u0151 szervezetek lehetnek, amennyiben ez az \u00e9rintettel az \u00c1ltal\u00e1nos Szerz\u0151d\u00e9si Felt\u00e9telekkel \u00f6sszhangban k\u00f6t\u00f6tt szerz\u0151d\u00e9s teljes\u00edt\u00e9s\u00e9hez sz\u00fcks\u00e9ges.  <br \/>2 Az adatkezel\u0151 \u00e1ltal feldolgozott szem\u00e9lyes adatok c\u00edmzettjei lehetnek alv\u00e1llalkoz\u00f3k is &#8211; olyan szervezetek, amelyek szolg\u00e1ltat\u00e1sait az adatkezel\u0151 adatfeldolgoz\u00e1shoz ig\u00e9nybe veszi, pl. k\u00f6nyvel\u0151 irod\u00e1k, \u00fcgyv\u00e9di irod\u00e1k, informatikai szolg\u00e1ltat\u00e1sokat ny\u00fajt\u00f3 szervezetek (bele\u00e9rtve a t\u00e1rhelyszolg\u00e1ltat\u00e1sokat).<br \/>3. az adatkezel\u0151 az alkalmazand\u00f3 jogszab\u00e1lyok alapj\u00e1n k\u00f6telezhet\u0151 szem\u00e9lyes adatok k\u00f6zl\u00e9s\u00e9re, k\u00fcl\u00f6n\u00f6sen arra, hogy a szem\u00e9lyes adatokat az erre felhatalmazott \u00e1llami hat\u00f3s\u00e1gok vagy int\u00e9zm\u00e9nyek sz\u00e1m\u00e1ra kiadja.<br \/>4. a szem\u00e9lyes adatok nem ker\u00fclnek tov\u00e1bb\u00edt\u00e1sra az Eur\u00f3pai Gazdas\u00e1gi T\u00e9rs\u00e9gen k\u00edv\u00fcl letelepedett szervezetek r\u00e9sz\u00e9re<br \/>V. A szem\u00e9lyes adatok t\u00e1rol\u00e1s\u00e1nak id\u0151tartama<br \/>1. Az Adatkezel\u0151 a szem\u00e9lyes adatokat az \u00e9rintettel k\u00f6t\u00f6tt szerz\u0151d\u00e9s id\u0151tartama alatt \u00e9s annak megsz\u0171n\u00e9s\u00e9t k\u00f6vet\u0151en a szerz\u0151d\u00e9ssel kapcsolatos ig\u00e9nyek \u00e9rv\u00e9nyes\u00edt\u00e9s\u00e9vel, a vonatkoz\u00f3 jogszab\u00e1lyokb\u00f3l ered\u0151 k\u00f6telezetts\u00e9gek teljes\u00edt\u00e9s\u00e9vel kapcsolatos c\u00e9lokra, de legfeljebb a Polg\u00e1ri T\u00f6rv\u00e9nyk\u00f6nyv rendelkez\u00e9sei szerinti el\u00e9v\u00fcl\u00e9si id\u0151ig t\u00e1rolja. Az \u00c1ltal\u00e1nos Szerz\u0151d\u00e9si Felt\u00e9telek \u00e9rtelm\u00e9ben \u00dcgyf\u00e9lsz\u00e1ml\u00e1val rendelkez\u0151 \u00dcgyf\u00e9l eset\u00e9ben az Adatkezel\u0151 az adatait az el\u0151z\u0151 mondatban megjel\u00f6lt id\u0151tartamig, illetve a Sz\u00e1mla fenn\u00e1ll\u00e1s\u00e1nak id\u0151tartam\u00e1ig t\u00e1rolja, att\u00f3l f\u00fcgg\u0151en, hogy melyik a k\u00e9s\u0151bbi id\u0151pont.<br \/>2.Az Adminisztr\u00e1tor a sz\u00e1ml\u00e1z\u00e1si dokumentumokban (pl. sz\u00e1ml\u00e1k) szerepl\u0151 szem\u00e9lyes adatokat az \u00e1ltal\u00e1nos forgalmi ad\u00f3r\u00f3l sz\u00f3l\u00f3 t\u00f6rv\u00e9ny \u00e9s a sz\u00e1mviteli t\u00f6rv\u00e9ny rendelkez\u00e9seiben megjel\u00f6lt ideig t\u00e1rolja.<br \/>3. Az Adminisztr\u00e1tor a marketing c\u00e9llal kezelt szem\u00e9lyes adatokat 10 \u00e9vig, de legfeljebb az adatkezel\u00e9shez adott hozz\u00e1j\u00e1rul\u00e1s visszavon\u00e1s\u00e1ig vagy az adatkezel\u00e9ssel szembeni tiltakoz\u00e1sig t\u00e1rolja.<br \/>VI. Az \u00e9rintettek jogai<br \/>1. Minden \u00e9rintettnek joga van:<br \/>a) az adatokhoz val\u00f3 hozz\u00e1f\u00e9r\u00e9shez &#8211; az adatkezel\u0151t\u0151l meger\u0151s\u00edt\u00e9st k\u00e9rni arr\u00f3l, hogy szem\u00e9lyes adatainak kezel\u00e9se folyamatban van-e.   Ha egy szem\u00e9lyre vonatkoz\u00f3 adatok feldolgoz\u00e1s\u00e1ra ker\u00fcl sor, az \u00e9rintett jogosult a k\u00f6vetkez\u0151 inform\u00e1ci\u00f3khoz val\u00f3 hozz\u00e1f\u00e9r\u00e9sre \u00e9s azok megszerz\u00e9s\u00e9re: az adatkezel\u00e9s c\u00e9ljai, a szem\u00e9lyes adatok kateg\u00f3ri\u00e1i, inform\u00e1ci\u00f3k azon c\u00edmzettekr\u0151l vagy c\u00edmzettek kateg\u00f3ri\u00e1ir\u00f3l, akiknek az adatokat tov\u00e1bb\u00edtott\u00e1k vagy tov\u00e1bb\u00edtj\u00e1k, az adatmeg\u0151rz\u00e9s id\u0151tartama vagy annak meghat\u00e1roz\u00e1s\u00e1ra vonatkoz\u00f3 krit\u00e9riumok, az \u00e9rintett joga a szem\u00e9lyes adatok helyesb\u00edt\u00e9s\u00e9nek, t\u00f6rl\u00e9s\u00e9nek vagy kezel\u00e9s\u00e9nek korl\u00e1toz\u00e1s\u00e1nak k\u00e9r\u00e9s\u00e9re, valamint az ilyen adatkezel\u00e9s elleni tiltakoz\u00e1sra (RODO 15. cikk);<br \/>(b) az adatok m\u00e1solat\u00e1nak megszerz\u00e9se &#8211; az adatkezel\u00e9s alatt \u00e1ll\u00f3 adatok m\u00e1solat\u00e1nak megszerz\u00e9se, az els\u0151 m\u00e1solat ingyenes, a tov\u00e1bbi m\u00e1solatok\u00e9rt az adatkezel\u0151 az adminisztrat\u00edv k\u00f6lts\u00e9geken alapul\u00f3 \u00e9sszer\u0171 d\u00edjat sz\u00e1m\u00edthat fel (RODO 15. cikk (3) bekezd\u00e9s);<br \/>(c) helyesb\u00edt\u00e9shez &#8211; a r\u00e1 vonatkoz\u00f3 pontatlan szem\u00e9lyes adatok helyesb\u00edt\u00e9s\u00e9t vagy a hi\u00e1nyos adatok kieg\u00e9sz\u00edt\u00e9s\u00e9t k\u00e9rheti (RODO 16. cikk);<br \/>(d) a t\u00f6rl\u00e9shez &#8211; k\u00e9rheti szem\u00e9lyes adatainak t\u00f6rl\u00e9s\u00e9t, ha az adatkezel\u0151nek m\u00e1r nincs jogalapja az adatkezel\u00e9sre, vagy az adatokra m\u00e1r nincs sz\u00fcks\u00e9g az adatkezel\u00e9s c\u00e9ljaihoz (RODO 17. cikk);<br \/>(e) az adatkezel\u00e9s korl\u00e1toz\u00e1sa &#8211; a szem\u00e9lyes adatok kezel\u00e9s\u00e9nek korl\u00e1toz\u00e1s\u00e1t k\u00e9rheti (RODO 18. cikk), ha:<br \/>az \u00e9rintett megk\u00e9rd\u0151jelezi a szem\u00e9lyes adatok pontoss\u00e1g\u00e1t &#8211; egy olyan id\u0151tartamra, amely lehet\u0151v\u00e9 teszi az Adatkezel\u0151 sz\u00e1m\u00e1ra, hogy ellen\u0151rizze az adatok pontoss\u00e1g\u00e1t,<br \/>az adatkezel\u00e9s jogellenes, \u00e9s az \u00e9rintett tiltakozik a t\u00f6rl\u00e9s ellen a felhaszn\u00e1l\u00e1s korl\u00e1toz\u00e1s\u00e1t k\u00e9rve,<br \/>Az adatkezel\u0151nek m\u00e1r nincs sz\u00fcks\u00e9ge ezekre az adatokra, de az \u00e9rintettnek sz\u00fcks\u00e9ge van r\u00e1juk k\u00f6vetel\u00e9s\u00e9nek meg\u00e1llap\u00edt\u00e1s\u00e1hoz, \u00e9rv\u00e9nyes\u00edt\u00e9s\u00e9hez vagy v\u00e9delm\u00e9hez,<br \/>az \u00e9rintett tiltakozott az adatkezel\u00e9s ellen &#8211; mindaddig, am\u00edg nem \u00e1llap\u00edtj\u00e1k meg, hogy az adatkezel\u0151 jogos indokai els\u0151bbs\u00e9get \u00e9lveznek-e az \u00e9rintett tiltakoz\u00e1s\u00e1nak indokaival szemben;<br \/>(f) tiltakoz\u00e1s &#8211; tiltakozhat szem\u00e9lyes adatainak az adatkezel\u0151 jogos c\u00e9ljaira t\u00f6rt\u00e9n\u0151 kezel\u00e9se ellen a saj\u00e1t helyzet\u00e9vel kapcsolatos okokb\u00f3l, ide\u00e9rtve a profilalkot\u00e1st is. Az adatkezel\u0151 ezut\u00e1n megvizsg\u00e1lja, hogy fenn\u00e1llnak-e az adatkezel\u00e9sre olyan \u00e9rv\u00e9nyes jogos okok, amelyek els\u0151bbs\u00e9get \u00e9lveznek az \u00e9rintett \u00e9rdekeivel, jogaival \u00e9s szabads\u00e1gaival szemben, vagy az ig\u00e9nyek el\u0151terjeszt\u00e9s\u00e9hez, \u00e9rv\u00e9nyes\u00edt\u00e9s\u00e9hez vagy v\u00e9delm\u00e9hez sz\u00fcks\u00e9ges okok. Ha az \u00e9rt\u00e9kel\u00e9s szerint az \u00e9rintett \u00e9rdekei els\u0151bbs\u00e9get \u00e9lveznek az adatkezel\u0151 \u00e9rdekeivel szemben, az adatkezel\u0151 k\u00f6teles megsz\u00fcntetni az ilyen c\u00e9l\u00fa adatkezel\u00e9st (RODO 21. cikk).<br \/>2. A fent eml\u00edtett jogok gyakorl\u00e1sa \u00e9rdek\u00e9ben az \u00e9rintettnek a megadott el\u00e9rhet\u0151s\u00e9geken kereszt\u00fcl kapcsolatba kell l\u00e9pnie az adatkezel\u0151vel, \u00e9s t\u00e1j\u00e9koztatnia kell arr\u00f3l, hogy mely jog\u00e1t \u00e9s milyen m\u00e9rt\u00e9kben k\u00edv\u00e1nja gyakorolni.<br \/>3.Az \u00e9rintett jogosult panaszt tenni a fel\u00fcgyeleti hat\u00f3s\u00e1gn\u00e1l, amely a Szem\u00e9lyes Adatok V\u00e9delm\u00e9\u00e9rt Felel\u0151s Hivatal eln\u00f6ke, Vars\u00f3, Stawki utca 2.<br \/>VII.    Automatiz\u00e1lt d\u00f6nt\u00e9shozatal. Profilalkot\u00e1s<br \/>&#8211; A szem\u00e9lyes adatok feldolgoz\u00e1sa nem t\u00f6rt\u00e9nik automatiz\u00e1lt m\u00f3don, ide\u00e9rtve a profilalkot\u00e1st is.<br \/>VIII. S\u00fctikre vonatkoz\u00f3 politika<br \/>1. Az \u00dczlet nem gy\u0171jt semmilyen inform\u00e1ci\u00f3t automatikus eszk\u00f6z\u00f6kkel, kiv\u00e9ve a s\u00fctikben tal\u00e1lhat\u00f3 inform\u00e1ci\u00f3kat.<br \/>2. A s\u00fctik (\u00fan. &#8222;cookie-k&#8221;) olyan informatikai adatok, k\u00fcl\u00f6n\u00f6sen sz\u00f6veges f\u00e1jlok, amelyeket az \u00dcgyf\u00e9l v\u00e9gberendez\u00e9s\u00e9n t\u00e1rolnak, \u00e9s amelyek az \u00dczlet weboldalainak haszn\u00e1lat\u00e1ra szolg\u00e1lnak.   A s\u00fctik \u00e1ltal\u00e1ban tartalmazz\u00e1k annak a weboldalnak a nev\u00e9t, ahonnan sz\u00e1rmaznak, a t\u00e1rol\u00e1s id\u0151tartam\u00e1t a v\u00e9gberendez\u00e9sen \u00e9s egy egyedi sz\u00e1mot.<br \/>(3) Az \u00e1ruh\u00e1zi rendszergazda az a szervezet, amely cookie-kat helyez el az \u00dcgyf\u00e9l v\u00e9gberendez\u00e9s\u00e9n, \u00e9s hozz\u00e1f\u00e9r azokhoz.<br \/>4 A s\u00fctiket a k\u00f6vetkez\u0151 c\u00e9lokra haszn\u00e1lj\u00e1k:<br \/>a) az \u00dczlet weboldalainak tartalm\u00e1nak a V\u00e1s\u00e1rl\u00f3 preferenci\u00e1ihoz val\u00f3 igaz\u00edt\u00e1sa \u00e9s a weboldalak haszn\u00e1lat\u00e1nak optimaliz\u00e1l\u00e1sa; k\u00fcl\u00f6n\u00f6sen ezek a f\u00e1jlok lehet\u0151v\u00e9 teszik a V\u00e1s\u00e1rl\u00f3 eszk\u00f6z\u00e9nek felismer\u00e9s\u00e9t \u00e9s a weboldal megfelel\u0151, az egy\u00e9ni ig\u00e9nyeihez igaz\u00edtott megjelen\u00edt\u00e9s\u00e9t;<br \/>b) statisztik\u00e1k k\u00e9sz\u00edt\u00e9se, amelyek seg\u00edtenek meg\u00e9rteni, hogy a V\u00e1s\u00e1rl\u00f3k hogyan haszn\u00e1lj\u00e1k a weboldalakat, ami lehet\u0151v\u00e9 teszi azok szerkezet\u00e9nek \u00e9s tartalm\u00e1nak jav\u00edt\u00e1s\u00e1t;<br \/>c) a V\u00e1s\u00e1rl\u00f3 munkamenet\u00e9nek fenntart\u00e1sa.<br \/>(5) A k\u00f6vetkez\u0151 t\u00edpus\u00fa s\u00fctiket haszn\u00e1ljuk a Web\u00e1ruh\u00e1zban:<br \/>a) &#8222;munkamenet&#8221; s\u00fctik \u00e9s &#8222;\u00e1lland\u00f3&#8221; s\u00fctik. A &#8222;munkamenet&#8221; s\u00fctik olyan ideiglenes f\u00e1jlok, amelyek a V\u00e1s\u00e1rl\u00f3 v\u00e9gberendez\u00e9s\u00e9n t\u00e1rol\u00f3dnak mindaddig, am\u00edg a V\u00e1s\u00e1rl\u00f3 ki nem jelentkezik, el nem hagyja a weboldalt vagy ki nem kapcsolja a szoftvert (webb\u00f6ng\u00e9sz\u0151t). A &#8222;tart\u00f3s&#8221; cookie-k a cookie-k param\u00e9tereiben meghat\u00e1rozott ideig vagy a Vev\u0151 \u00e1ltali t\u00f6rl\u00e9s\u00fckig t\u00e1rol\u00f3dnak az \u00dcgyf\u00e9l v\u00e9gberendez\u00e9s\u00e9n;  <br \/>b) &#8222;alapvet\u0151&#8221; s\u00fctik, amelyek lehet\u0151v\u00e9 teszik a Web\u00e1ruh\u00e1zban el\u00e9rhet\u0151 szolg\u00e1ltat\u00e1sok haszn\u00e1lat\u00e1t, pl. hiteles\u00edt\u00e9si s\u00fctik, amelyeket a Web\u00e1ruh\u00e1zban hiteles\u00edt\u00e9st ig\u00e9nyl\u0151 szolg\u00e1ltat\u00e1sokhoz haszn\u00e1lnak;<br \/>c) a biztons\u00e1got szolg\u00e1l\u00f3 s\u00fctik, pl. a Web\u00e1ruh\u00e1zban a hiteles\u00edt\u00e9ssel val\u00f3 vissza\u00e9l\u00e9sek felder\u00edt\u00e9s\u00e9re haszn\u00e1lt s\u00fctik. a Shopon bel\u00fcli hiteles\u00edt\u00e9ssel val\u00f3 vissza\u00e9l\u00e9sek felder\u00edt\u00e9s\u00e9re;<br \/>d) &#8222;teljes\u00edtm\u00e9ny&#8221; cookie-k, amelyek lehet\u0151v\u00e9 teszik a Shop weboldalainak haszn\u00e1lati m\u00f3dj\u00e1ra vonatkoz\u00f3 inform\u00e1ci\u00f3k gy\u0171jt\u00e9s\u00e9t;<br \/>e) &#8222;funkcion\u00e1lis&#8221; cookie-k, amelyek lehet\u0151v\u00e9 teszik a Vev\u0151 \u00e1ltal kiv\u00e1lasztott be\u00e1ll\u00edt\u00e1sok &#8222;megjegyz\u00e9s\u00e9t&#8221; \u00e9s a Vev\u0151 fel\u00fclet\u00e9nek szem\u00e9lyre szab\u00e1s\u00e1t, pl. a kiv\u00e1lasztott nyelv vagy r\u00e9gi\u00f3 tekintet\u00e9ben, ahonnan a Vev\u0151 \u00e9rkezik, bet\u0171m\u00e9ret, weboldal elrendez\u00e9se stb. tekintet\u00e9ben;<br \/>f) &#8222;rekl\u00e1m&#8221; cookie-k, amelyek lehet\u0151v\u00e9 teszik a Vev\u0151 \u00e9rdekl\u0151d\u00e9s\u00e9nek jobban megfelel\u0151 rekl\u00e1mtartalom ny\u00fajt\u00e1s\u00e1t.<br \/>(6) Sok esetben a webb\u00f6ng\u00e9sz\u0151 szoftver (webb\u00f6ng\u00e9sz\u0151) alap\u00e9rtelmez\u00e9s szerint lehet\u0151v\u00e9 teszi a s\u00fctik t\u00e1rol\u00e1s\u00e1t az \u00dcgyf\u00e9l v\u00e9gberendez\u00e9s\u00e9n. Az \u00dcgyfelek b\u00e1rmikor megv\u00e1ltoztathatj\u00e1k a cookie-k be\u00e1ll\u00edt\u00e1sait. Ezek a be\u00e1ll\u00edt\u00e1sok k\u00fcl\u00f6n\u00f6sen \u00fagy m\u00f3dos\u00edthat\u00f3k, hogy a webb\u00f6ng\u00e9sz\u0151 be\u00e1ll\u00edt\u00e1saiban blokkolj\u00e1k a s\u00fctik automatikus kezel\u00e9s\u00e9t, vagy minden egyes alkalommal t\u00e1j\u00e9koztatj\u00e1k az \u00dcgyf\u00e9l k\u00e9sz\u00fcl\u00e9k\u00e9n t\u00f6rt\u00e9n\u0151 elhelyez\u00e9s\u00fckr\u0151l. A s\u00fctik haszn\u00e1lat\u00e1nak lehet\u0151s\u00e9g\u00e9r\u0151l \u00e9s m\u00f3dj\u00e1r\u00f3l r\u00e9szletes inform\u00e1ci\u00f3 a szoftver (webb\u00f6ng\u00e9sz\u0151) be\u00e1ll\u00edt\u00e1saiban tal\u00e1lhat\u00f3.<br \/>7. Az Adminisztr\u00e1tor t\u00e1j\u00e9koztatja, hogy a s\u00fctik haszn\u00e1lat\u00e1nak korl\u00e1toz\u00e1sa befoly\u00e1solhatja az \u00dczletben el\u00e9rhet\u0151 egyes funkci\u00f3kat.   <\/p>\n\n<script id=\"CookieDeclaration\" src=\"https:\/\/consent.cookiebot.com\/0017215b-cfe1-4ff7-909a-fe2399bd0be9\/cd.js\" type=\"text\/javascript\"><\/script>\n","protected":false},"excerpt":{"rendered":"<p>Tartalomjegyz\u00e9k&#8211; I. Szem\u00e9lyes adatok kezel\u0151je&#8211; II. Az \u00c1ltal\u00e1nos Szerz\u0151d\u00e9si Felt\u00e9telek hat\u00e1lya, az Elad\u00f3 azonos\u00edt\u00f3 adatai&#8211; III. A szem\u00e9lyes adatok kezel\u00e9s\u00e9nek c\u00e9lja \u00e9s indoka&#8211; IV. Az adatok c\u00edmzettjei. Adattov\u00e1bb\u00edt\u00e1s harmadik orsz\u00e1gokba&#8211; V. A szem\u00e9lyes adatok meg\u0151rz\u00e9s\u00e9nek id\u0151tartama&#8211; VI. Az \u00e9rintett jogai&#8211; VII. Automatiz\u00e1lt d\u00f6nt\u00e9shozatal. Profilalkot\u00e1s&#8211; VIII. S\u00fctikre vonatkoz\u00f3 politikaI. A szem\u00e9lyes adatok kezel\u0151je1. Az adminisztr\u00e1tor t\u00e1j\u00e9koztatja, [&hellip;]<\/p>\n","protected":false},"author":1,"featured_media":0,"parent":0,"menu_order":0,"comment_status":"closed","ping_status":"closed","template":"","meta":{"_acf_changed":false,"inline_featured_image":false,"footnotes":""},"class_list":["post-456315","page","type-page","status-publish","hentry"],"acf":[],"_links":{"self":[{"href":"https:\/\/medandbeauty.com\/hu\/wp-json\/wp\/v2\/pages\/456315","targetHints":{"allow":["GET"]}}],"collection":[{"href":"https:\/\/medandbeauty.com\/hu\/wp-json\/wp\/v2\/pages"}],"about":[{"href":"https:\/\/medandbeauty.com\/hu\/wp-json\/wp\/v2\/types\/page"}],"author":[{"embeddable":true,"href":"https:\/\/medandbeauty.com\/hu\/wp-json\/wp\/v2\/users\/1"}],"replies":[{"embeddable":true,"href":"https:\/\/medandbeauty.com\/hu\/wp-json\/wp\/v2\/comments?post=456315"}],"version-history":[{"count":1,"href":"https:\/\/medandbeauty.com\/hu\/wp-json\/wp\/v2\/pages\/456315\/revisions"}],"predecessor-version":[{"id":456317,"href":"https:\/\/medandbeauty.com\/hu\/wp-json\/wp\/v2\/pages\/456315\/revisions\/456317"}],"wp:attachment":[{"href":"https:\/\/medandbeauty.com\/hu\/wp-json\/wp\/v2\/media?parent=456315"}],"curies":[{"name":"wp","href":"https:\/\/api.w.org\/{rel}","templated":true}]}}