{"id":456325,"date":"2024-09-18T09:55:06","date_gmt":"2024-09-18T07:55:06","guid":{"rendered":"https:\/\/medandbeauty.com\/az-ajanlatot-elfogadtak\/"},"modified":"2025-06-29T08:39:19","modified_gmt":"2025-06-29T06:39:19","slug":"az-ajanlatot-elfogadtak","status":"publish","type":"page","link":"https:\/\/medandbeauty.com\/hu\/az-ajanlatot-elfogadtak\/","title":{"rendered":"Az aj\u00e1nlatot elfogadt\u00e1k"},"content":{"rendered":"\n<p class=\"has-text-align-center\">K\u00f6sz\u00f6nj\u00fck, hogy elfogadta az aj\u00e1nlatot<\/p>\n","protected":false},"excerpt":{"rendered":"<p>K\u00f6sz\u00f6nj\u00fck, hogy elfogadta az aj\u00e1nlatot<\/p>\n","protected":false},"author":12009,"featured_media":0,"parent":0,"menu_order":0,"comment_status":"closed","ping_status":"closed","template":"","meta":{"_acf_changed":false,"inline_featured_image":false,"footnotes":""},"class_list":["post-456325","page","type-page","status-publish","hentry"],"acf":[],"_links":{"self":[{"href":"https:\/\/medandbeauty.com\/hu\/wp-json\/wp\/v2\/pages\/456325","targetHints":{"allow":["GET"]}}],"collection":[{"href":"https:\/\/medandbeauty.com\/hu\/wp-json\/wp\/v2\/pages"}],"about":[{"href":"https:\/\/medandbeauty.com\/hu\/wp-json\/wp\/v2\/types\/page"}],"author":[{"embeddable":true,"href":"https:\/\/medandbeauty.com\/hu\/wp-json\/wp\/v2\/users\/12009"}],"replies":[{"embeddable":true,"href":"https:\/\/medandbeauty.com\/hu\/wp-json\/wp\/v2\/comments?post=456325"}],"version-history":[{"count":1,"href":"https:\/\/medandbeauty.com\/hu\/wp-json\/wp\/v2\/pages\/456325\/revisions"}],"predecessor-version":[{"id":456345,"href":"https:\/\/medandbeauty.com\/hu\/wp-json\/wp\/v2\/pages\/456325\/revisions\/456345"}],"wp:attachment":[{"href":"https:\/\/medandbeauty.com\/hu\/wp-json\/wp\/v2\/media?parent=456325"}],"curies":[{"name":"wp","href":"https:\/\/api.w.org\/{rel}","templated":true}]}}