{"id":456348,"date":"2025-03-31T10:22:46","date_gmt":"2025-03-31T08:22:46","guid":{"rendered":"https:\/\/medandbeauty.com\/valaki-itt-szeretne-klasszisokkal-razni-a-sarkat\/"},"modified":"2025-06-29T08:39:27","modified_gmt":"2025-06-29T06:39:27","slug":"valaki-itt-szeretne-klasszisokkal-razni-a-sarkat","status":"publish","type":"page","link":"https:\/\/medandbeauty.com\/hu\/valaki-itt-szeretne-klasszisokkal-razni-a-sarkat\/","title":{"rendered":"Valaki itt szeretn\u00e9 klasszisokkal r\u00e1zni a sark\u00e1t!"},"content":{"rendered":"\n<h2 class=\"wp-block-heading\"><\/h2>\n\n\n<div class=\"wp-block-image\">\n<figure class=\"aligncenter size-large\"><img loading=\"lazy\" decoding=\"async\" width=\"1024\" height=\"853\" src=\"https:\/\/medandbeauty.com\/wp-content\/uploads\/2025\/03\/PRIMA-APRILLIS-1024x853.jpg\" alt=\"\" class=\"wp-image-386891\" srcset=\"https:\/\/medandbeauty.com\/wp-content\/uploads\/2025\/03\/PRIMA-APRILLIS-1024x853.jpg 1024w, https:\/\/medandbeauty.com\/wp-content\/uploads\/2025\/03\/PRIMA-APRILLIS-300x250.jpg 300w, https:\/\/medandbeauty.com\/wp-content\/uploads\/2025\/03\/PRIMA-APRILLIS-768x640.jpg 768w, https:\/\/medandbeauty.com\/wp-content\/uploads\/2025\/03\/PRIMA-APRILLIS-600x500.jpg 600w, https:\/\/medandbeauty.com\/wp-content\/uploads\/2025\/03\/PRIMA-APRILLIS-104x87.jpg 104w, https:\/\/medandbeauty.com\/wp-content\/uploads\/2025\/03\/PRIMA-APRILLIS.jpg 1200w\" sizes=\"auto, (max-width: 1024px) 100vw, 1024px\" \/><\/figure>\n<\/div>","protected":false},"excerpt":{"rendered":"","protected":false},"author":546,"featured_media":0,"parent":0,"menu_order":0,"comment_status":"closed","ping_status":"closed","template":"","meta":{"_acf_changed":false,"inline_featured_image":false,"footnotes":""},"class_list":["post-456348","page","type-page","status-publish","hentry"],"acf":[],"_links":{"self":[{"href":"https:\/\/medandbeauty.com\/hu\/wp-json\/wp\/v2\/pages\/456348","targetHints":{"allow":["GET"]}}],"collection":[{"href":"https:\/\/medandbeauty.com\/hu\/wp-json\/wp\/v2\/pages"}],"about":[{"href":"https:\/\/medandbeauty.com\/hu\/wp-json\/wp\/v2\/types\/page"}],"author":[{"embeddable":true,"href":"https:\/\/medandbeauty.com\/hu\/wp-json\/wp\/v2\/users\/546"}],"replies":[{"embeddable":true,"href":"https:\/\/medandbeauty.com\/hu\/wp-json\/wp\/v2\/comments?post=456348"}],"version-history":[{"count":1,"href":"https:\/\/medandbeauty.com\/hu\/wp-json\/wp\/v2\/pages\/456348\/revisions"}],"predecessor-version":[{"id":456358,"href":"https:\/\/medandbeauty.com\/hu\/wp-json\/wp\/v2\/pages\/456348\/revisions\/456358"}],"wp:attachment":[{"href":"https:\/\/medandbeauty.com\/hu\/wp-json\/wp\/v2\/media?parent=456348"}],"curies":[{"name":"wp","href":"https:\/\/api.w.org\/{rel}","templated":true}]}}