{"id":456357,"date":"2024-11-21T14:11:45","date_gmt":"2024-11-21T13:11:45","guid":{"rendered":"https:\/\/medandbeauty.com\/fogaszati-ruhazat\/"},"modified":"2025-06-29T08:39:33","modified_gmt":"2025-06-29T06:39:33","slug":"fogaszati-ruhazat","status":"publish","type":"page","link":"https:\/\/medandbeauty.com\/hu\/fogaszati-ruhazat\/","title":{"rendered":"Fog\u00e1szati ruh\u00e1zat"},"content":{"rendered":"\n<p>Az orvosi ruh\u00e1zat az \u00e1pol\u00f3k sz\u00e1m\u00e1ra a napi munka szerves r\u00e9sz\u00e9t k\u00e9pezi. Az \u00e1pol\u00f3k ruh\u00e1zat\u00e1nak nem csak vizu\u00e1lis elem, hanem mindenekel\u0151tt olyan eszk\u00f6z, amely t\u00e1mogatja a fogorvosok, a fog\u00e1szati asszisztensek \u00e9s az eg\u00e9szs\u00e9g\u00fcgyi szem\u00e9lyzet mindennapi munk\u00e1j\u00e1t. A visel\u00e9si k\u00e9nyelem, a funkcionalit\u00e1s \u00e9s az eszt\u00e9tikum a legfontosabb jellemz\u0151k, amelyek meghat\u00e1rozz\u00e1k az orvosi fogorvosi ruh\u00e1zati k\u00edn\u00e1latunkat. <strong>A megfelel\u0151 fogorvosi ruh\u00e1zat kiv\u00e1laszt\u00e1s\u00e1val a fogorvosok \u00e9s csapataik k\u00e9nyelmesen \u00e9rezhetik magukat<\/strong>, ami pozit\u00edv hat\u00e1ssal van a p\u00e1ciensekkel val\u00f3 kapcsolatra \u00e9s az elv\u00e9gzett elj\u00e1r\u00e1sok min\u0151s\u00e9g\u00e9re.  <\/p>\n\n<h2 class=\"wp-block-heading\">Fog\u00e1szati k\u00f6t\u00e9nyek &#8211; k\u00e9nyelem \u00e9s v\u00e9delem munka k\u00f6zben<\/h2>\n\n<p>Fog\u00e1szati k\u00f6t\u00e9nyeink minden fogorvosi rendel\u0151 elengedhetetlen r\u00e9sz\u00e9t k\u00e9pezik. A Med&amp;Beauty fogorvosi k\u00f6t\u00e9nyei \u00f6tv\u00f6zik a st\u00edlust a k\u00e9nyelemmel, \u00edgy k\u00f6nnyed\u00e9n alkalmazkodhat a munkak\u00f6rnyezet\u00e9hez. A legmagasabb min\u0151s\u00e9g\u0171 anyagokb\u00f3l k\u00e9sz\u00fclnek, \u00e9s k\u00f6nnyen tiszt\u00e1n tarthat\u00f3k. <strong>A k\u00fcl\u00f6nf\u00e9le szab\u00e1soknak k\u00f6sz\u00f6nhet\u0151en kiv\u00e1laszthatja az egy\u00e9ni ig\u00e9nyeinek legink\u00e1bb megfelel\u0151 fog\u00e1szati k\u00f6t\u00e9nyeket<\/strong> &#8211; a klasszikus szab\u00e1sokt\u00f3l a modern v\u00e1ltozatokig. Minden k\u00f6t\u00e9nyt \u00fagy terveztek, hogy megfelel\u0151 v\u00e9delmet ny\u00fajtson a k\u00fcls\u0151 t\u00e9nyez\u0151kkel szemben, mik\u00f6zben nem korl\u00e1tozza a mozg\u00e1sszabads\u00e1got.   <\/p>\n\n<h2 class=\"wp-block-heading\">Fogorvosi egyenruh\u00e1k &#8211; elegancia \u00e9s funkcionalit\u00e1s<\/h2>\n\n<p>A fogorvosi egyenruh\u00e1k minden fogorvos \u00e9s asszisztens\u00fck professzion\u00e1lis megjelen\u00e9s\u00e9nek alapj\u00e1t k\u00e9pezik. A <strong>fogorvosok sz\u00e1m\u00e1ra<\/strong> k\u00e9sz\u00fclt <strong>ruh\u00e1zatunk l\u00e9legz\u0151 anyagokb\u00f3l k\u00e9sz\u00fcl, amelyek eg\u00e9sz napos k\u00e9nyelmet biztos\u00edtanak.<\/strong> A pamut, nejlon \u00e9s lycra (pr\u00e9mium vonal), valamint a poli\u00e9szter, viszk\u00f3z \u00e9s lycra (alapvonal) kombin\u00e1ci\u00f3ja nemcsak kellemes tapint\u00e1s\u00fav\u00e1, hanem tart\u00f3sakk\u00e1 \u00e9s t\u00f6bbsz\u00f6ri mos\u00e1snak ellen\u00e1ll\u00f3v\u00e1 is teszi a ruhadarabokat. Ez rendk\u00edv\u00fcl fontos a fog\u00e1szati iparban, ahol a higi\u00e9nia kulcsszerepet j\u00e1tszik.    <\/p>\n\n<h2 class=\"wp-block-heading\">\u00d6lt\u00f6zk\u00f6d\u00e9si szab\u00e1lyok fog\u00e1szati asszisztensek sz\u00e1m\u00e1ra &#8211; k\u00e9nyelem \u00e9s professzionalizmus<\/h2>\n\n<p>A fog\u00e1szati asszisztens fontos szerepet j\u00e1tszik a rendel\u0151 mindennapi munk\u00e1j\u00e1ban, ez\u00e9rt<strong> a fog\u00e1szati asszisztens \u00f6lt\u00f6z\u00e9k\u00e9nek egyes\u00edtenie kell a k\u00e9nyelmet, a funkcionalit\u00e1st \u00e9s az eleganci\u00e1t<\/strong>. K\u00edn\u00e1latunkban kozmetikai k\u00f6t\u00e9nyek, m\u0171t\u0151sk\u00f6penyek \u00e9s ruh\u00e1k sz\u00e9les v\u00e1laszt\u00e9ka tal\u00e1lhat\u00f3, amelyek lehet\u0151v\u00e9 teszik, hogy k\u00e9nyelmesen \u00e9s professzion\u00e1lisan \u00e9rezze mag\u00e1t. Sz\u00e1mos modell funkcion\u00e1lis zsebekkel rendelkezik, amelyek rendk\u00edv\u00fcl hasznosak az olyan alapvet\u0151 kieg\u00e9sz\u00edt\u0151k, mint a tollak vagy jegyzett\u00f6mb\u00f6k t\u00e1rol\u00e1s\u00e1ra.  <\/p>\n\n<h3 class=\"wp-block-heading\">Orvosi bl\u00fazok &#8211; mindennapi k\u00e9nyelem<\/h3>\n\n<p>Az orvosi fog\u00e1szati bl\u00fazok ide\u00e1lis megold\u00e1st jelentenek azok sz\u00e1m\u00e1ra, akiknek fontos a k\u00e9nyelem \u00e9s a funkcionalit\u00e1s. Bl\u00fazaink sztreccs anyagb\u00f3l k\u00e9sz\u00fclnek, amelyek biztos\u00edtj\u00e1k a mozg\u00e1sszabads\u00e1got a p\u00e1ciensekkel val\u00f3 munka sor\u00e1n. <strong>T\u00f6bbf\u00e9le szab\u00e1st k\u00edn\u00e1lunk &#8211; a klasszikus, egyenes modellekt\u0151l az <\/strong>alakot hangs\u00falyoz\u00f3, <strong>testhez\u00e1ll\u00f3bb szab\u00e1sokig <\/strong>. Az orvosi fogorvosi bl\u00fazok sz\u00e9les sz\u00ednv\u00e1laszt\u00e9kban kaphat\u00f3k, lehet\u0151v\u00e9 t\u00e9ve, hogy \u00f6lt\u00f6z\u00e9k\u00e9t a rendel\u0151 arculat\u00e1hoz \u00e9s a szem\u00e9lyzet preferenci\u00e1ihoz igaz\u00edtsa.    <\/p>\n\n<h3 class=\"wp-block-heading\">Orvosi fog\u00e1szati nadr\u00e1g &#8211; k\u00e9nyelem \u00e9s funkcionalit\u00e1s<\/h3>\n\n<p>B\u00e1rmely orvosi \u00e1gazatban, de k\u00fcl\u00f6n\u00f6sen a fog\u00e1szatban a megfelel\u0151en szabott nadr\u00e1gok elengedhetetlenek a k\u00e9nyelem \u00e9s a biztons\u00e1g szempontj\u00e1b\u00f3l a munkav\u00e9gz\u00e9s sor\u00e1n. A k\u00edn\u00e1latunkban el\u00e9rhet\u0151 orvosi fogorvosi nadr\u00e1gok a modern diz\u00e1jnt \u00e9s a praktikus megold\u00e1sokat \u00f6tv\u00f6zik.   <strong>A rugalmas, l\u00e9g\u00e1tereszt\u0151 anyagokb\u00f3l k\u00e9sz\u00fcltek, \u00edgy maxim\u00e1lis k\u00e9nyelmet garant\u00e1lnak a hossz\u00fa munkaid\u0151 alatt is.<\/strong>  Az el\u00e9rhet\u0151 modellek k\u00f6z\u00f6tt t\u00f6bbf\u00e9le szab\u00e1s\u00fa nadr\u00e1gok szerepelnek, bele\u00e9rtve a n\u00e9pszer\u0171 joggereket \u00e9s a nadr\u00e1gokat, amelyek szabott vagy egyenes, sz\u00e9les sz\u00e1r\u00faak.  <\/p>\n\n<h2 class=\"wp-block-heading\">Orvosi fogorvosi ruh\u00e1zat &#8211; min\u0151s\u00e9g \u00e9s professzionalizmus<\/h2>\n\n<p><strong>Az \u00fczlet\u00fcnkben kaphat\u00f3 fog\u00e1szati orvosi ruh\u00e1zat a legmagasabb min\u0151s\u00e9g\u0171 anyagokat <\/strong>\u00e9s a modern designt <strong>\u00f6tv\u00f6zi <\/strong>. A ruhadarabok szem\u00e9lyre szab\u00e1sa &#8211; p\u00e9ld\u00e1ul a n\u00e9v vagy vezet\u00e9kn\u00e9v h\u00edmz\u00e9se &#8211; lehet\u0151v\u00e9 teszi, hogy m\u00e9g ink\u00e1bb hangs\u00falyozza professzionalizmus\u00e1t \u00e9s a p\u00e1ciensekhez val\u00f3 egy\u00e9ni hozz\u00e1\u00e1ll\u00e1s\u00e1t. Tekintse meg fogorvosok sz\u00e1m\u00e1ra k\u00e9sz\u00fclt orvosi ruh\u00e1zati k\u00edn\u00e1latunkat, amely a k\u00e9nyelmet, a min\u0151s\u00e9get \u00e9s a professzion\u00e1lis megjelen\u00e9st \u00f6tv\u00f6zi, hogy t\u00e1mogassa \u00d6nt a mindennapi szakmai kih\u00edv\u00e1sokban.  <\/p>\n\n<p><a href=\"\/\">Orvosi ruh\u00e1zati \u00fczlet\u00fcnk<\/a> aj\u00e1nlja:<\/p>\n\n<ul class=\"wp-block-list\">\n<li><a href=\"https:\/\/medandbeauty.com\/sklep\/dla-niego\/\">Orvosi ruh\u00e1zat f\u00e9rfiak sz\u00e1m\u00e1ra<\/a><\/li>\n\n\n\n<li><a href=\"https:\/\/medandbeauty.com\/sklep\/dla-niej\/\">N\u0151i orvosi ruh\u00e1zat<\/a><\/li>\n\n\n\n<li><a href=\"https:\/\/medandbeauty.com\/rodzaj-ubrania\/bluzki-medyczne\/\">Orvosi bl\u00fazok<\/a><\/li>\n\n\n\n<li><a href=\"https:\/\/medandbeauty.com\/rodzaj-ubrania\/spodnie-medyczne\/\">Orvosi nadr\u00e1g<\/a><\/li>\n\n\n\n<li><a href=\"https:\/\/medandbeauty.com\/rodzaj-ubrania\/scrubsy\/\">Orvosi k\u00f6penyek<\/a><\/li>\n\n\n\n<li><a href=\"https:\/\/medandbeauty.com\/rodzaj-ubrania\/sukienki-medyczne\/\">Orvosi ruh\u00e1k<\/a><\/li>\n\n\n\n<li><a href=\"https:\/\/medandbeauty.com\/rodzaj-ubrania\/fartuchy-medyczne\/\">Orvosi k\u00f6penyek<\/a><\/li>\n\n\n\n<li><a href=\"https:\/\/medandbeauty.com\/rodzaj-ubrania\/tuniki-medyczne\/\">Orvosi tunik\u00e1k<\/a><\/li>\n\n\n\n<li><a href=\"https:\/\/medandbeauty.com\/rodzaj-ubrania\/marynarki-medyczne\/\">Orvosi kab\u00e1tok<\/a><\/li>\n<\/ul>\n\n<p>Arra b\u00e1tor\u00edtjuk \u00d6nt, hogy adjon le megrendel\u00e9seket.<\/p>\n","protected":false},"excerpt":{"rendered":"<p>Az orvosi ruh\u00e1zat az \u00e1pol\u00f3k sz\u00e1m\u00e1ra a napi munka szerves r\u00e9sz\u00e9t k\u00e9pezi. Az \u00e1pol\u00f3k ruh\u00e1zat\u00e1nak nem csak vizu\u00e1lis elem, hanem mindenekel\u0151tt olyan eszk\u00f6z, amely t\u00e1mogatja a fogorvosok, a fog\u00e1szati asszisztensek \u00e9s az eg\u00e9szs\u00e9g\u00fcgyi szem\u00e9lyzet mindennapi munk\u00e1j\u00e1t. A visel\u00e9si k\u00e9nyelem, a funkcionalit\u00e1s \u00e9s az eszt\u00e9tikum a legfontosabb jellemz\u0151k, amelyek meghat\u00e1rozz\u00e1k az orvosi fogorvosi ruh\u00e1zati k\u00edn\u00e1latunkat. A [&hellip;]<\/p>\n","protected":false},"author":28789,"featured_media":0,"parent":0,"menu_order":0,"comment_status":"closed","ping_status":"closed","template":"page.php","meta":{"_acf_changed":false,"inline_featured_image":false,"footnotes":""},"class_list":["post-456357","page","type-page","status-publish","hentry"],"acf":[],"_links":{"self":[{"href":"https:\/\/medandbeauty.com\/hu\/wp-json\/wp\/v2\/pages\/456357","targetHints":{"allow":["GET"]}}],"collection":[{"href":"https:\/\/medandbeauty.com\/hu\/wp-json\/wp\/v2\/pages"}],"about":[{"href":"https:\/\/medandbeauty.com\/hu\/wp-json\/wp\/v2\/types\/page"}],"author":[{"embeddable":true,"href":"https:\/\/medandbeauty.com\/hu\/wp-json\/wp\/v2\/users\/28789"}],"replies":[{"embeddable":true,"href":"https:\/\/medandbeauty.com\/hu\/wp-json\/wp\/v2\/comments?post=456357"}],"version-history":[{"count":1,"href":"https:\/\/medandbeauty.com\/hu\/wp-json\/wp\/v2\/pages\/456357\/revisions"}],"predecessor-version":[{"id":456361,"href":"https:\/\/medandbeauty.com\/hu\/wp-json\/wp\/v2\/pages\/456357\/revisions\/456361"}],"wp:attachment":[{"href":"https:\/\/medandbeauty.com\/hu\/wp-json\/wp\/v2\/media?parent=456357"}],"curies":[{"name":"wp","href":"https:\/\/api.w.org\/{rel}","templated":true}]}}