{"id":456359,"date":"2024-11-21T12:46:50","date_gmt":"2024-11-21T11:46:50","guid":{"rendered":"https:\/\/medandbeauty.com\/ruhazat-orvosok-szamara\/"},"modified":"2025-06-29T08:39:34","modified_gmt":"2025-06-29T06:39:34","slug":"ruhazat-orvosok-szamara","status":"publish","type":"page","link":"https:\/\/medandbeauty.com\/hu\/ruhazat-orvosok-szamara\/","title":{"rendered":"Ruh\u00e1zat orvosok sz\u00e1m\u00e1ra"},"content":{"rendered":"\n<p>Az orvosi ruh\u00e1zat az orvosok sz\u00e1m\u00e1ra kulcsfontoss\u00e1g\u00fa elem, amely nemcsak v\u00e9delmet, hanem a megfelel\u0151 megjelen\u00e9st is biztos\u00edtja a munk\u00e1ban. K\u00edn\u00e1latunkban <strong>olyan orvosi ruh\u00e1zatot<\/strong> tal\u00e1l <strong>, amely egyes\u00edti a funkcionalit\u00e1st, a visel\u00e9si k\u00e9nyelmet \u00e9s a modern st\u00edlust.<\/strong> A klasszikus k\u00f6t\u00e9nyekt\u0151l az eleg\u00e1ns orvosi egyenruh\u00e1kig minden egyes orvosi ruhadarabot \u00fagy tervezt\u00fcnk, hogy maxim\u00e1lis k\u00e9nyelmet biztos\u00edtson a hossz\u00fa szolg\u00e1lati \u00f3r\u00e1k alatt. <\/p>\n\n<h2 class=\"wp-block-heading\">Ruh\u00e1zat orvosoknak &#8211; funkcionalit\u00e1s \u00e9s k\u00e9nyelem<\/h2>\n\n<p>Az orvosok j\u00f3l megmunk\u00e1lt ruh\u00e1zat\u00e1nak mindenekel\u0151tt praktikusnak \u00e9s k\u00e9nyelmesnek kell lennie. Orvosi ruh\u00e1zatunkat \u00fagy tervezt\u00fck, hogy t\u00e1mogassa az orvosokat mindennapi feladataik ell\u00e1t\u00e1s\u00e1ban. Kiv\u00e1l\u00f3 min\u0151s\u00e9g\u0171 anyagokat haszn\u00e1lunk, amelyek megfelel\u0151 l\u00e9g\u00e1tereszt\u0151 k\u00e9pess\u00e9get \u00e9s mozg\u00e1sszabads\u00e1got biztos\u00edtanak. Ez lehet\u0151v\u00e9 teszi <strong>az orvosok sz\u00e1m\u00e1ra, hogy a p\u00e1cienseikre koncentr\u00e1ljanak an\u00e9lk\u00fcl, hogy a nem megfelel\u0151 ruh\u00e1zatb\u00f3l ered\u0151 kellemetlens\u00e9gek miatt agg\u00f3dn\u00e1nak.<\/strong>   <\/p>\n\n<h2 class=\"wp-block-heading\">Orvosi k\u00f6t\u00e9nyek &#8211; az orvostudom\u00e1ny klasszikusa<\/h2>\n\n<p>Az orvosi k\u00f6t\u00e9ny minden orvos ruh\u00e1zat\u00e1nak elengedhetetlen r\u00e9sze. Orvosi k\u00f6t\u00e9nyeink \u00f6tv\u00f6zik a hagyom\u00e1nyos eleganci\u00e1t az olyan k\u00e9nyelmes funkci\u00f3kkal, mint az extra t\u00e1gas zsebek \u00e9s a szem\u00e9lyi igazolv\u00e1nyra szolg\u00e1l\u00f3 ny\u00edl\u00e1s. Az anyagv\u00e1laszt\u00e1s is figyelemre m\u00e9lt\u00f3. <strong>Pr\u00e9mium kateg\u00f3ri\u00e1s orvosi k\u00f6t\u00e9nyeink 80% pamut, 17% nejlon \u00e9s 3% lycra kever\u00e9k\u00e9b\u0151l k\u00e9sz\u00fclnek <\/strong>, ami kiv\u00e1l\u00f3 l\u00e9g\u00e1tereszt\u0151 k\u00e9pess\u00e9get, rugalmass\u00e1got \u00e9s tart\u00f3ss\u00e1got biztos\u00edt. Az alapvonal k\u00f6t\u00e9nyei viszont 63% poli\u00e9szterb\u0151l, 29% viszk\u00f3zb\u00f3l \u00e9s 8% lycr\u00e1b\u00f3l \u00e1llnak, ami k\u00f6nny\u0171s\u00e9get, k\u00f6nny\u0171 karbantart\u00e1st \u00e9s tart\u00f3ss\u00e1got garant\u00e1l m\u00e9g intenz\u00edv haszn\u00e1lat sor\u00e1n is.   <\/p>\n\n<h2 class=\"wp-block-heading\">V\u00e9d\u0151ruh\u00e1zat orvosoknak &#8211; a biztons\u00e1g az els\u0151<\/h2>\n\n<p>Az orvosok v\u00e9d\u0151ruh\u00e1ja kulcsfontoss\u00e1g\u00fa felszerel\u00e9s, amely nemcsak v\u00e9delmet ny\u00fajt a lehets\u00e9ges vesz\u00e9lyekkel szemben, hanem a munkakomfortot is befoly\u00e1solja. Olyan v\u00e9d\u0151ruh\u00e1zatot k\u00edn\u00e1lunk, amely megfelel a legmagasabb biztons\u00e1gi \u00e9s higi\u00e9niai el\u0151\u00edr\u00e1soknak. <strong>A felhaszn\u00e1lt anyagok szennyez\u0151d\u00e9s\u00e1ll\u00f3ak, k\u00f6nnyen tiszt\u00edthat\u00f3k \u00e9s hossz\u00fa t\u00e1v\u00fa v\u00e9delmet ny\u00fajtanak<\/strong>, ami rendk\u00edv\u00fcl fontos, ha orvosi k\u00f6rnyezetben dolgozunk. <\/p>\n\n<h2 class=\"wp-block-heading\">Szem\u00e9lyre szab\u00e1s \u00e9s orvosi ruh\u00e1zat sz\u00e9les v\u00e1laszt\u00e9ka<\/h2>\n\n<p>Az orvosi ruh\u00e1zatot az orvosok ig\u00e9nyeihez kell igaz\u00edtani, ez\u00e9rt k\u00edn\u00e1lunk szem\u00e9lyre szab\u00e1si lehet\u0151s\u00e9geket, amelyek lehet\u0151v\u00e9 teszik, hogy a ruh\u00e1zatot az \u00d6n egy\u00e9ni ig\u00e9nyeihez igaz\u00edtsa &#8211; a sz\u00ednv\u00e1laszt\u00e1st\u00f3l kezdve a n\u00e9vvel vagy az int\u00e9zm\u00e9ny log\u00f3j\u00e1val t\u00f6rt\u00e9n\u0151 h\u00edmz\u00e9sig. Ez lehet\u0151v\u00e9 teszi, hogy minden orvos ne csak k\u00e9nyelmesen, hanem egyedinek is \u00e9rezze mag\u00e1t, hangs\u00falyozva csapattags\u00e1g\u00e1t \u00e9s professzionalizmus\u00e1t. <\/p>\n\n<p><a href=\"https:\/\/medandbeauty.com\/hu\/\">Orvosi ruh\u00e1zati \u00fczlet\u00fcnk<\/a> aj\u00e1nlja:<\/p>\n\n<ul class=\"wp-block-list\">\n<li><a href=\"https:\/\/medandbeauty.com\/sklep\/dla-niego\/\">f\u00e9rfi orvosi ruh\u00e1zat,<\/a><\/li>\n\n\n\n<li><a href=\"https:\/\/medandbeauty.com\/sklep\/dla-niej\/\">n\u0151i orvosi ruh\u00e1zat,<\/a><\/li>\n\n\n\n<li><a href=\"https:\/\/medandbeauty.com\/rodzaj-ubrania\/bluzki-medyczne\/\">orvosi bl\u00fazok,<\/a><\/li>\n\n\n\n<li><a href=\"https:\/\/medandbeauty.com\/rodzaj-ubrania\/spodnie-medyczne\/\">orvosi nadr\u00e1g,<\/a><\/li>\n\n\n\n<li><a href=\"https:\/\/medandbeauty.com\/rodzaj-ubrania\/scrubsy\/\">orvosi k\u00f6peny,<\/a><\/li>\n\n\n\n<li><a href=\"https:\/\/medandbeauty.com\/rodzaj-ubrania\/sukienki-medyczne\/\">orvosi ruh\u00e1k,<\/a><\/li>\n\n\n\n<li><a href=\"https:\/\/medandbeauty.com\/rodzaj-ubrania\/fartuchy-medyczne\/\">orvosi k\u00f6penyek,<\/a><\/li>\n\n\n\n<li><a href=\"https:\/\/medandbeauty.com\/rodzaj-ubrania\/tuniki-medyczne\/\">orvosi tunik\u00e1k,<\/a><\/li>\n\n\n\n<li><a href=\"https:\/\/medandbeauty.com\/rodzaj-ubrania\/marynarki-medyczne\/\">orvosi kab\u00e1tok.<\/a><\/li>\n<\/ul>\n\n<p>Arra b\u00e1tor\u00edtjuk \u00d6nt, hogy adjon le megrendel\u00e9seket.<\/p>\n","protected":false},"excerpt":{"rendered":"<p>Az orvosi ruh\u00e1zat az orvosok sz\u00e1m\u00e1ra kulcsfontoss\u00e1g\u00fa elem, amely nemcsak v\u00e9delmet, hanem a megfelel\u0151 megjelen\u00e9st is biztos\u00edtja a munk\u00e1ban. K\u00edn\u00e1latunkban olyan orvosi ruh\u00e1zatot tal\u00e1l , amely egyes\u00edti a funkcionalit\u00e1st, a visel\u00e9si k\u00e9nyelmet \u00e9s a modern st\u00edlust. A klasszikus k\u00f6t\u00e9nyekt\u0151l az eleg\u00e1ns orvosi egyenruh\u00e1kig minden egyes orvosi ruhadarabot \u00fagy tervezt\u00fcnk, hogy maxim\u00e1lis k\u00e9nyelmet biztos\u00edtson a hossz\u00fa [&hellip;]<\/p>\n","protected":false},"author":28789,"featured_media":0,"parent":0,"menu_order":0,"comment_status":"closed","ping_status":"closed","template":"page.php","meta":{"_acf_changed":false,"inline_featured_image":false,"footnotes":""},"class_list":["post-456359","page","type-page","status-publish","hentry"],"acf":[],"_links":{"self":[{"href":"https:\/\/medandbeauty.com\/hu\/wp-json\/wp\/v2\/pages\/456359","targetHints":{"allow":["GET"]}}],"collection":[{"href":"https:\/\/medandbeauty.com\/hu\/wp-json\/wp\/v2\/pages"}],"about":[{"href":"https:\/\/medandbeauty.com\/hu\/wp-json\/wp\/v2\/types\/page"}],"author":[{"embeddable":true,"href":"https:\/\/medandbeauty.com\/hu\/wp-json\/wp\/v2\/users\/28789"}],"replies":[{"embeddable":true,"href":"https:\/\/medandbeauty.com\/hu\/wp-json\/wp\/v2\/comments?post=456359"}],"version-history":[{"count":1,"href":"https:\/\/medandbeauty.com\/hu\/wp-json\/wp\/v2\/pages\/456359\/revisions"}],"predecessor-version":[{"id":456362,"href":"https:\/\/medandbeauty.com\/hu\/wp-json\/wp\/v2\/pages\/456359\/revisions\/456362"}],"wp:attachment":[{"href":"https:\/\/medandbeauty.com\/hu\/wp-json\/wp\/v2\/media?parent=456359"}],"curies":[{"name":"wp","href":"https:\/\/api.w.org\/{rel}","templated":true}]}}