{"id":456364,"date":"2024-11-21T14:06:56","date_gmt":"2024-11-21T13:06:56","guid":{"rendered":"https:\/\/medandbeauty.com\/ruhazat-fizioterapeutak-szamara\/"},"modified":"2025-06-29T08:39:42","modified_gmt":"2025-06-29T06:39:42","slug":"ruhazat-fizioterapeutak-szamara","status":"publish","type":"page","link":"https:\/\/medandbeauty.com\/hu\/ruhazat-fizioterapeutak-szamara\/","title":{"rendered":"Ruh\u00e1zat fizioterapeut\u00e1k sz\u00e1m\u00e1ra"},"content":{"rendered":"\n<p>A fizioterapeut\u00e1k ruh\u00e1zata alapvet\u0151 felszerel\u00e9s minden olyan szakember sz\u00e1m\u00e1ra, aki a betegekkel dolgozik eg\u00e9szs\u00e9g\u00fck \u00e9s j\u00f3l\u00e9t\u00fck jav\u00edt\u00e1sa \u00e9rdek\u00e9ben. <strong>A fizioterapeut\u00e1k sz\u00e1m\u00e1ra megfelel\u0151 ruh\u00e1zat biztos\u00edtja a k\u00e9nyelmet, a <\/strong>mozg\u00e1sszabads\u00e1got \u00e9s a professzion\u00e1lis megjelen\u00e9st. A fizioterapeut\u00e1knak olyan ruh\u00e1zatra van sz\u00fcks\u00e9g\u00fck, amely k\u00e9pes megbirk\u00f3zni a dinamikus munka k\u00f6vetelm\u00e9nyeivel, ez\u00e9rt javaslataink a modern diz\u00e1jnt \u00e9s a funkcionalit\u00e1st \u00f6tv\u00f6zik. <\/p>\n\n<h2 class=\"wp-block-heading\">Orvosi ruh\u00e1zat fizioterapeut\u00e1k sz\u00e1m\u00e1ra &#8211; anyagmin\u0151s\u00e9g \u00e9s ergon\u00f3mia<\/h2>\n\n<p>A fizioterapeut\u00e1k orvosi ruh\u00e1zat\u00e1nak kiv\u00e1l\u00f3 min\u0151s\u00e9g\u0171 anyagokb\u00f3l kell k\u00e9sz\u00fclnie, amelyek l\u00e9g\u00e1tereszt\u0151 k\u00e9pess\u00e9get, rugalmass\u00e1got \u00e9s tart\u00f3ss\u00e1got biztos\u00edtanak. <strong>Fizioterapeut\u00e1knak sz\u00e1nt ruh\u00e1inkat olyan anyagok kever\u00e9k\u00e9b\u0151l gy\u00e1rtjuk, mint a pamut, nejlon, viszk\u00f3z, poli\u00e9szter \u00e9s lycra <\/strong>, amelyek megfelel\u0151 k\u00e9nyelmet biztos\u00edtanak, amikor a munkanap sor\u00e1n viselik \u0151ket. A rehabilit\u00e1ci\u00f3s terapeut\u00e1k sz\u00e1m\u00e1ra megfelel\u0151en kiv\u00e1lasztott ruh\u00e1zat megfelel\u0151 l\u00e9g\u00e1raml\u00e1st biztos\u00edt, ami k\u00fcl\u00f6n\u00f6sen fontos a fizioterapeuta munk\u00e1j\u00e1val gyakran egy\u00fctt j\u00e1r\u00f3 intenz\u00edv fizikai megterhel\u00e9s sor\u00e1n. <\/p>\n\n<h2 class=\"wp-block-heading\">Pul\u00f3ver a gy\u00f3gytorn\u00e1sznak &#8211; k\u00e9nyelem \u00e9s st\u00edlus<\/h2>\n\n<p>A fizioterapeuta pul\u00f3ver\u00e9nek kombin\u00e1lnia kell a funkcionalit\u00e1st \u00e9s az eszt\u00e9tik\u00e1t. A <strong>fizioterapeut\u00e1knak sz\u00e1nt orvosi meleg\u00edt\u0151inket \u00fagy tervezt\u00fck, hogy maxim\u00e1lis mozg\u00e1sszabads\u00e1got biztos\u00edtsanak<\/strong>, ami elengedhetetlen a k\u00fcl\u00f6nb\u00f6z\u0151 ter\u00e1pi\u00e1s technik\u00e1k v\u00e9gz\u00e9se sor\u00e1n. A k\u00e9nyelmes szab\u00e1s \u00e9s a rugalmas anyagok azt jelentik, hogy a fizioterapeut\u00e1k a p\u00e1cienseikre koncentr\u00e1lhatnak an\u00e9lk\u00fcl, hogy agg\u00f3dniuk kellene a ruh\u00e1zat korl\u00e1tai miatt. Ezenk\u00edv\u00fcl a funkcion\u00e1lis zsebek lehet\u0151v\u00e9 teszik az olyan praktikus kieg\u00e9sz\u00edt\u0151k, mint a tollak, jegyzetek vagy kisebb ter\u00e1pi\u00e1s eszk\u00f6z\u00f6k t\u00e1rol\u00e1s\u00e1t.   <\/p>\n\n<h2 class=\"wp-block-heading\">Fizioter\u00e1pi\u00e1s nadr\u00e1g &#8211; k\u00e9nyelem \u00e9s mobilit\u00e1s<\/h2>\n\n<p>A fizioterapeut\u00e1knak sz\u00e1nt nadr\u00e1gjaink sztreccs anyagb\u00f3l k\u00e9sz\u00fclnek, amelyek t\u00f6k\u00e9letesen illeszkednek an\u00e9lk\u00fcl, hogy korl\u00e1tozn\u00e1k a mozg\u00e1st. <strong>Egyenes sz\u00e1r\u00fa modellek \u00e9s joggerek<\/strong> is kaphat\u00f3k <strong>, amelyek a rugalmas h\u00faz\u00f3zsin\u00f3roknak k\u00f6sz\u00f6nhet\u0151en extra k\u00e9nyelmet biztos\u00edtanak.<\/strong> A fizioterapeut\u00e1knak sz\u00e1nt nadr\u00e1gok t\u00f6bbf\u00e9le sz\u00ednben \u00e9s m\u00e9retben kaphat\u00f3k, \u00edgy \u00d6n egy\u00e9ni ig\u00e9nyeihez \u00e9s preferenci\u00e1ihoz igaz\u00edthatja \u00f6lt\u00f6z\u00e9k\u00e9t. <\/p>\n\n<h2 class=\"wp-block-heading\">Mi\u00e9rt v\u00e1lassza a Med&amp;Beauty orvosi ruh\u00e1zat\u00e1t fizioterapeut\u00e1k sz\u00e1m\u00e1ra?<\/h2>\n\n<p>A fizioterapeut\u00e1knak sz\u00e1nt orvosi ruh\u00e1zatunk <strong>a legmagasabb min\u0151s\u00e9g\u0171 anyagokat, a modern diz\u00e1jnt \u00e9s a funkcion\u00e1lis megold\u00e1sokat \u00f6tv\u00f6zi<\/strong>. Az olyan szem\u00e9lyre szab\u00e1si lehet\u0151s\u00e9gekkel, mint a n\u00e9v- vagy log\u00f3h\u00edmz\u00e9s, a fizioterapeut\u00e1k orvosi ruh\u00e1zata m\u00e9g egyedibb\u00e9 v\u00e1lhat, \u00e9s hangs\u00falyozhatja a professzionalizmust mindennapi munk\u00e1juk sor\u00e1n. <\/p>\n\n<p><a href=\"\/\">Orvosi ruh\u00e1zati \u00fczlet\u00fcnk<\/a> k\u00edn\u00e1l:<\/p>\n\n<ul class=\"wp-block-list\">\n<li><a href=\"https:\/\/medandbeauty.com\/sklep\/dla-niego\/\">f\u00e9rfi orvosi ruh\u00e1zat<\/a><\/li>\n\n\n\n<li><a href=\"https:\/\/medandbeauty.com\/sklep\/dla-niej\/\">n\u0151i orvosi ruh\u00e1zat<\/a><\/li>\n\n\n\n<li><a href=\"https:\/\/medandbeauty.com\/rodzaj-ubrania\/bluzki-medyczne\/\">orvosi bl\u00fazok<\/a><\/li>\n\n\n\n<li><a href=\"https:\/\/medandbeauty.com\/rodzaj-ubrania\/spodnie-medyczne\/\">orvosi nadr\u00e1g<\/a><\/li>\n\n\n\n<li><a href=\"https:\/\/medandbeauty.com\/rodzaj-ubrania\/scrubsy\/\">orvosi m\u0171t\u0151sruha<\/a><\/li>\n<\/ul>\n\n<p>Arra b\u00e1tor\u00edtjuk \u00d6nt, hogy adjon le megrendel\u00e9seket.<\/p>\n","protected":false},"excerpt":{"rendered":"<p>A fizioterapeut\u00e1k ruh\u00e1zata alapvet\u0151 felszerel\u00e9s minden olyan szakember sz\u00e1m\u00e1ra, aki a betegekkel dolgozik eg\u00e9szs\u00e9g\u00fck \u00e9s j\u00f3l\u00e9t\u00fck jav\u00edt\u00e1sa \u00e9rdek\u00e9ben. A fizioterapeut\u00e1k sz\u00e1m\u00e1ra megfelel\u0151 ruh\u00e1zat biztos\u00edtja a k\u00e9nyelmet, a mozg\u00e1sszabads\u00e1got \u00e9s a professzion\u00e1lis megjelen\u00e9st. A fizioterapeut\u00e1knak olyan ruh\u00e1zatra van sz\u00fcks\u00e9g\u00fck, amely k\u00e9pes megbirk\u00f3zni a dinamikus munka k\u00f6vetelm\u00e9nyeivel, ez\u00e9rt javaslataink a modern diz\u00e1jnt \u00e9s a funkcionalit\u00e1st \u00f6tv\u00f6zik. Orvosi [&hellip;]<\/p>\n","protected":false},"author":28789,"featured_media":0,"parent":0,"menu_order":0,"comment_status":"closed","ping_status":"closed","template":"page.php","meta":{"_acf_changed":false,"inline_featured_image":false,"footnotes":""},"class_list":["post-456364","page","type-page","status-publish","hentry"],"acf":[],"_links":{"self":[{"href":"https:\/\/medandbeauty.com\/hu\/wp-json\/wp\/v2\/pages\/456364","targetHints":{"allow":["GET"]}}],"collection":[{"href":"https:\/\/medandbeauty.com\/hu\/wp-json\/wp\/v2\/pages"}],"about":[{"href":"https:\/\/medandbeauty.com\/hu\/wp-json\/wp\/v2\/types\/page"}],"author":[{"embeddable":true,"href":"https:\/\/medandbeauty.com\/hu\/wp-json\/wp\/v2\/users\/28789"}],"replies":[{"embeddable":true,"href":"https:\/\/medandbeauty.com\/hu\/wp-json\/wp\/v2\/comments?post=456364"}],"version-history":[{"count":1,"href":"https:\/\/medandbeauty.com\/hu\/wp-json\/wp\/v2\/pages\/456364\/revisions"}],"predecessor-version":[{"id":456369,"href":"https:\/\/medandbeauty.com\/hu\/wp-json\/wp\/v2\/pages\/456364\/revisions\/456369"}],"wp:attachment":[{"href":"https:\/\/medandbeauty.com\/hu\/wp-json\/wp\/v2\/media?parent=456364"}],"curies":[{"name":"wp","href":"https:\/\/api.w.org\/{rel}","templated":true}]}}