{"id":456368,"date":"2025-03-25T14:12:29","date_gmt":"2025-03-25T13:12:29","guid":{"rendered":"https:\/\/medandbeauty.com\/csatlakozzon-a-medbeauty-tanacshoz\/"},"modified":"2025-06-29T08:39:43","modified_gmt":"2025-06-29T06:39:43","slug":"csatlakozzon-a-medbeauty-tanacshoz","status":"publish","type":"page","link":"https:\/\/medandbeauty.com\/hu\/csatlakozzon-a-medbeauty-tanacshoz\/","title":{"rendered":"Csatlakozzon a Med&amp;Beauty Tan\u00e1cshoz!"},"content":{"rendered":"<div class=\"custom_content_wrapper_r\">\n<p>Szeretn\u00e9, ha val\u00f3ban belesz\u00f3l\u00e1sa lenne abba, hogy milyenek legyenek a leg\u00fajabb Med &amp; Beauty term\u00e9kek?<\/p>\n<p>Megh\u00edvjuk \u00d6nt, hogy csatlakozzon a Med&amp;Beauty Tan\u00e1cshoz, amely els\u0151 alkalommal m\u00e1r 2025.04.17-\u00e9n \u00f6ssze\u00fcl.<\/p>\n<p>Egy egyed\u00fcl\u00e1ll\u00f3 tal\u00e1lkoz\u00f3 sor\u00e1n a k\u00f6zpontunkban betekint\u00e9st nyerhetsz a kulissz\u00e1k m\u00f6g\u00e9, \u00e9s lehet\u0151s\u00e9ged ny\u00edlik arra, hogy VAL\u00d3DI HAT\u00c1ST gyakorolj leg\u00fajabb term\u00e9k\u00fcnkre &#8211; az orvosi cip\u0151kre!<\/p>\n<p>Legy\u00e9l tagja a Med&amp;Beauty Tan\u00e1csnak, amely fontos d\u00f6nt\u00e9seket hoz egy \u00faj term\u00e9k bevezet\u00e9s\u00e9vel kapcsolatban, \u00e9s oszd meg tapasztalataidat a j\u00f6v\u0151beli projektek jav\u00edt\u00e1sa \u00e9rdek\u00e9ben.<\/p>\n<p>\u00dagy \u00e9rzed, hogy ebben a bens\u0151s\u00e9ges csoportban a helyed?<\/p>\n<p>Jelentkezz most \u00e9s csatlakozz hozz\u00e1nk 17.04.2025-ben!<\/p>\n<\/div>\n\n<p><\/p>\n\n<p><\/p>\n\n\n<div class=\"wpcf7 no-js\" id=\"wpcf7-f603879-o1\" lang=\"hu-HU\" dir=\"ltr\" data-wpcf7-id=\"603879\">\n<div class=\"screen-reader-response\"><p role=\"status\" aria-live=\"polite\" aria-atomic=\"true\"><\/p> <ul><\/ul><\/div>\n<form action=\"\/hu\/wp-json\/wp\/v2\/pages\/456368#wpcf7-f603879-o1\" method=\"post\" class=\"wpcf7-form init\" aria-label=\"Kapcsolatfelv\u00e9teli \u0171rlap\" novalidate=\"novalidate\" data-status=\"init\">\n<fieldset class=\"hidden-fields-container\"><input type=\"hidden\" name=\"_wpcf7\" value=\"603879\" \/><input type=\"hidden\" name=\"_wpcf7_version\" value=\"6.1.5\" \/><input type=\"hidden\" name=\"_wpcf7_locale\" value=\"hu_HU\" \/><input type=\"hidden\" name=\"_wpcf7_unit_tag\" value=\"wpcf7-f603879-o1\" \/><input type=\"hidden\" name=\"_wpcf7_container_post\" value=\"0\" \/><input type=\"hidden\" name=\"_wpcf7_posted_data_hash\" value=\"\" \/><input type=\"hidden\" name=\"_wpcf7_recaptcha_response\" value=\"\" \/>\n<\/fieldset>\n<div class=\"form-section wpc_form_registration\">\n\t<div class=\"form-row\">\n\t\t<p>N\u00e9v *<br \/>\n<span class=\"wpcf7-form-control-wrap\" data-name=\"full_name\"><input size=\"40\" maxlength=\"400\" minlength=\"2\" class=\"wpcf7-form-control wpcf7-text wpcf7-validates-as-required full_name\" aria-required=\"true\" aria-invalid=\"false\" placeholder=\"N\u00e9v\" value=\"\" type=\"text\" name=\"full_name\" \/><\/span>\n\t\t<\/p>\n\t<\/div>\n\t<div class=\"form-row\">\n\t\t<p><label> \u00d6n a mi \u00fcgyfel\u00fcnk? <span class=\"requied\">*<\/span><\/label><br \/>\n<span class=\"wpcf7-form-control-wrap\" data-name=\"client\"><span class=\"wpcf7-form-control wpcf7-radio client\"><span class=\"wpcf7-list-item first\"><label><input type=\"radio\" name=\"client\" value=\"Igen\" \/><span class=\"wpcf7-list-item-label\">Igen<\/span><\/label><\/span><span class=\"wpcf7-list-item last\"><label><input type=\"radio\" name=\"client\" value=\"Nem\" \/><span class=\"wpcf7-list-item-label\">Nem<\/span><\/label><\/span><\/span><\/span>\n\t\t<\/p>\n\t<\/div>\n\t<div class=\"form-row\">\n\t\t<p><label> Mivel foglalkozik hivat\u00e1sszer\u0171en? <span class=\"requied\">*<\/span><\/label><br \/>\n<span class=\"wpcf7-form-control-wrap\" data-name=\"work\"><input size=\"40\" maxlength=\"400\" minlength=\"2\" class=\"wpcf7-form-control wpcf7-text wpcf7-validates-as-required work\" aria-required=\"true\" aria-invalid=\"false\" placeholder=\"Mib\u0151l \u00e9l?\" value=\"\" type=\"text\" name=\"work\" \/><\/span>\n\t\t<\/p>\n\t<\/div>\n\t<div class=\"form-row\">\n\t\t<p><label> Kapcsolattart\u00f3 e-mail *<\/label><br \/>\n<span class=\"wpcf7-form-control-wrap\" data-name=\"mail\"><input size=\"40\" maxlength=\"400\" minlength=\"2\" class=\"wpcf7-form-control wpcf7-email wpcf7-validates-as-required wpcf7-text wpcf7-validates-as-email mail\" aria-required=\"true\" aria-invalid=\"false\" placeholder=\"Kapcsolattart\u00f3 e-mail\" value=\"\" type=\"email\" name=\"mail\" \/><\/span>\n\t\t<\/p>\n\t<\/div>\n\t<div class=\"form-row\">\n\t\t<p><label> Telefonsz\u00e1m *<\/label><br \/>\n<span class=\"wpcf7-form-control-wrap\" data-name=\"phone_nubmer\"><input size=\"40\" maxlength=\"400\" minlength=\"9\" class=\"wpcf7-form-control wpcf7-tel wpcf7-validates-as-required wpcf7-text wpcf7-validates-as-tel phone_nubmer\" aria-required=\"true\" aria-invalid=\"false\" placeholder=\"500600700\" value=\"\" type=\"tel\" name=\"phone_nubmer\" \/><\/span>\n\t\t<\/p>\n\t<\/div>\n\t<div class=\"form-row\">\n\t\t<p><span class=\"wpcf7-form-control-wrap\" data-name=\"acceptance-1\"><span class=\"wpcf7-form-control wpcf7-acceptance\"><span class=\"wpcf7-list-item\"><label><input type=\"checkbox\" name=\"acceptance-1\" value=\"1\" class=\"acceptance-1\" aria-invalid=\"false\" \/><span class=\"wpcf7-list-item-label\">Egyet\u00e9rt azzal, hogy k\u00e9p\u00e9t megosszuk a k\u00f6z\u00f6ss\u00e9gi m\u00e9di\u00e1nkon?- tal\u00e1lkoz\u00f3i jelent\u00e9s<\/span><\/label><\/span><\/span><\/span>\n\t\t<\/p>\n\t<\/div>\n\t<div class=\"form-row\">\n\t\t<p><label> Mi\u00e9rt szeretne r\u00e9szt venni a tal\u00e1lkoz\u00f3n? <span class=\"requied\">*<\/span><\/label><br \/>\n<span class=\"wpcf7-form-control-wrap\" data-name=\"why\"><input size=\"40\" maxlength=\"400\" minlength=\"2\" class=\"wpcf7-form-control wpcf7-text wpcf7-validates-as-required why\" autocomplete=\"name\" aria-required=\"true\" aria-invalid=\"false\" placeholder=\"Mi\u00e9rt szeretne r\u00e9szt venni egy tal\u00e1lkoz\u00f3n?\" value=\"\" type=\"text\" name=\"why\" \/><\/span>\n\t\t<\/p>\n\t<\/div>\n\t<div class=\"form-row\">\n\t\t<p><span class=\"wpcf7-form-control-wrap\" data-name=\"acceptance-2\"><span class=\"wpcf7-form-control wpcf7-acceptance\"><span class=\"wpcf7-list-item\"><label><input type=\"checkbox\" name=\"acceptance-2\" value=\"1\" class=\"acceptance-2\" aria-invalid=\"false\" \/><span class=\"wpcf7-list-item-label\">Hozz\u00e1j\u00e1rulok ahhoz, hogy a MED&BEAUTY - GROCHOLEWSKI ; ul.27 Grudnia 15A, 64-330 Opalenica, Lengyelorsz\u00e1g szem\u00e9lyes adataimat, bele\u00e9rtve a nevet, e-mail c\u00edmet \u00e9s telefonsz\u00e1mot, prom\u00f3ci\u00f3s inform\u00e1ci\u00f3k k\u00fcld\u00e9se c\u00e9lj\u00e1b\u00f3l feldolgozza. <span class=\"acceptance_more_info acceptance_more_info_hidden\">Tov\u00e1bb\u00e1 kijelentem, hogy t\u00e1j\u00e9koztattak arr\u00f3l, hogy hozz\u00e1j\u00e1rul\u00e1somat b\u00e1rmikor visszavonhatom, \u00e9s hogy annak visszavon\u00e1sa nem \u00e9rinti a hozz\u00e1j\u00e1rul\u00e1s alapj\u00e1n a visszavon\u00e1s el\u0151tt v\u00e9gzett feldolgoz\u00e1s jogszer\u0171s\u00e9g\u00e9t.<\/span><\/span><\/label><\/span><\/span><\/span>\n\t\t<\/p>\n\t<\/div>\n\t<p><input class=\"wpcf7-form-control wpcf7-submit has-spinner send-btn btn\" id=\"send-btn\" type=\"submit\" value=\"K\u00fcldje el a\" \/>\n\t<\/p>\n<\/div><div class=\"wpcf7-response-output\" aria-hidden=\"true\"><\/div>\n<\/form>\n<\/div>\n\n<p><script>$(document).ready(function() {console.log('test123')<br \/>\n    if ($('.wpc_form_registration').length) {<\/p>\n<p>        if ($('.acceptance_more_info_btn').length &amp;&amp; $('.acceptance_more_info_hidden').length) {<br \/>\n            $('.acceptance_more_info_btn').on('click', function() {<br \/>\n                $('.acceptance_more_info').removeClass('acceptance_more_info_hidden');<br \/>\n            });<br \/>\n        }<br \/>\n    }<br \/>\n});<\/scirpt><\/script><\/p>\n\n<p><\/p>\n","protected":false},"excerpt":{"rendered":"<p>Szeretn\u00e9, ha val\u00f3ban belesz\u00f3l\u00e1sa lenne abba, hogy milyenek legyenek a leg\u00fajabb Med &amp; Beauty term\u00e9kek? Megh\u00edvjuk \u00d6nt, hogy csatlakozzon a Med&amp;Beauty Tan\u00e1cshoz, amely els\u0151 alkalommal m\u00e1r 2025.04.17-\u00e9n \u00f6ssze\u00fcl. Egy egyed\u00fcl\u00e1ll\u00f3 tal\u00e1lkoz\u00f3 sor\u00e1n a k\u00f6zpontunkban betekint\u00e9st nyerhetsz a kulissz\u00e1k m\u00f6g\u00e9, \u00e9s lehet\u0151s\u00e9ged ny\u00edlik arra, hogy VAL\u00d3DI HAT\u00c1ST gyakorolj leg\u00fajabb term\u00e9k\u00fcnkre &#8211; az orvosi cip\u0151kre! Legy\u00e9l tagja [&hellip;]<\/p>\n","protected":false},"author":1,"featured_media":0,"parent":0,"menu_order":0,"comment_status":"closed","ping_status":"closed","template":"template-pages\/page_form_register.php","meta":{"_acf_changed":false,"inline_featured_image":false,"footnotes":""},"class_list":["post-456368","page","type-page","status-publish","hentry"],"acf":[],"_links":{"self":[{"href":"https:\/\/medandbeauty.com\/hu\/wp-json\/wp\/v2\/pages\/456368","targetHints":{"allow":["GET"]}}],"collection":[{"href":"https:\/\/medandbeauty.com\/hu\/wp-json\/wp\/v2\/pages"}],"about":[{"href":"https:\/\/medandbeauty.com\/hu\/wp-json\/wp\/v2\/types\/page"}],"author":[{"embeddable":true,"href":"https:\/\/medandbeauty.com\/hu\/wp-json\/wp\/v2\/users\/1"}],"replies":[{"embeddable":true,"href":"https:\/\/medandbeauty.com\/hu\/wp-json\/wp\/v2\/comments?post=456368"}],"version-history":[{"count":1,"href":"https:\/\/medandbeauty.com\/hu\/wp-json\/wp\/v2\/pages\/456368\/revisions"}],"predecessor-version":[{"id":456371,"href":"https:\/\/medandbeauty.com\/hu\/wp-json\/wp\/v2\/pages\/456368\/revisions\/456371"}],"wp:attachment":[{"href":"https:\/\/medandbeauty.com\/hu\/wp-json\/wp\/v2\/media?parent=456368"}],"curies":[{"name":"wp","href":"https:\/\/api.w.org\/{rel}","templated":true}]}}