{"id":456382,"date":"2024-02-14T12:23:09","date_gmt":"2024-02-14T11:23:09","guid":{"rendered":"https:\/\/medandbeauty.com\/az-aruk-visszakuldese\/visszateresi-urlap\/"},"modified":"2024-02-14T12:23:09","modified_gmt":"2024-02-14T11:23:09","slug":"visszateresi-urlap","status":"publish","type":"page","link":"https:\/\/medandbeauty.com\/hu\/az-aruk-visszakuldese\/visszateresi-urlap\/","title":{"rendered":"Visszat\u00e9r\u00e9si \u0171rlap"},"content":{"rendered":"<p><script src=\"https:\/\/static.airtable.com\/js\/embed\/embed_snippet_v1.js\"><\/script><iframe loading=\"lazy\" class=\"airtable-embed airtable-dynamic-height\" src=\"https:\/\/airtable.com\/embed\/shrVf9JmAeo9LkQwx?backgroundColor=pink\" frameborder=\"0\" onmousewheel=\"\" width=\"100%\" height=\"1147\" style=\"background: transparent; border: 1px solid #ccc;\"><\/iframe><\/p>\n","protected":false},"excerpt":{"rendered":"","protected":false},"author":1,"featured_media":0,"parent":456291,"menu_order":0,"comment_status":"closed","ping_status":"closed","template":"","meta":{"_acf_changed":false,"inline_featured_image":false,"footnotes":""},"class_list":["post-456382","page","type-page","status-publish","hentry"],"acf":[],"_links":{"self":[{"href":"https:\/\/medandbeauty.com\/hu\/wp-json\/wp\/v2\/pages\/456382","targetHints":{"allow":["GET"]}}],"collection":[{"href":"https:\/\/medandbeauty.com\/hu\/wp-json\/wp\/v2\/pages"}],"about":[{"href":"https:\/\/medandbeauty.com\/hu\/wp-json\/wp\/v2\/types\/page"}],"author":[{"embeddable":true,"href":"https:\/\/medandbeauty.com\/hu\/wp-json\/wp\/v2\/users\/1"}],"replies":[{"embeddable":true,"href":"https:\/\/medandbeauty.com\/hu\/wp-json\/wp\/v2\/comments?post=456382"}],"version-history":[{"count":0,"href":"https:\/\/medandbeauty.com\/hu\/wp-json\/wp\/v2\/pages\/456382\/revisions"}],"up":[{"embeddable":true,"href":"https:\/\/medandbeauty.com\/hu\/wp-json\/wp\/v2\/pages\/456291"}],"wp:attachment":[{"href":"https:\/\/medandbeauty.com\/hu\/wp-json\/wp\/v2\/media?parent=456382"}],"curies":[{"name":"wp","href":"https:\/\/api.w.org\/{rel}","templated":true}]}}