{"id":456384,"date":"2023-09-25T09:48:34","date_gmt":"2023-09-25T07:48:34","guid":{"rendered":"https:\/\/medandbeauty.com\/csoportos-vasarlas\/"},"modified":"2025-06-30T13:16:23","modified_gmt":"2025-06-30T11:16:23","slug":"csoportos-vasarlas","status":"publish","type":"page","link":"https:\/\/medandbeauty.com\/hu\/csoportos-vasarlas\/","title":{"rendered":"Csoportos v\u00e1s\u00e1rl\u00e1s"},"content":{"rendered":"","protected":false},"excerpt":{"rendered":"","protected":false},"author":1,"featured_media":0,"parent":0,"menu_order":0,"comment_status":"closed","ping_status":"closed","template":"template-pages\/page-group-shopping.php","meta":{"_acf_changed":false,"inline_featured_image":false,"footnotes":""},"class_list":["post-456384","page","type-page","status-publish","hentry"],"acf":[],"_links":{"self":[{"href":"https:\/\/medandbeauty.com\/hu\/wp-json\/wp\/v2\/pages\/456384","targetHints":{"allow":["GET"]}}],"collection":[{"href":"https:\/\/medandbeauty.com\/hu\/wp-json\/wp\/v2\/pages"}],"about":[{"href":"https:\/\/medandbeauty.com\/hu\/wp-json\/wp\/v2\/types\/page"}],"author":[{"embeddable":true,"href":"https:\/\/medandbeauty.com\/hu\/wp-json\/wp\/v2\/users\/1"}],"replies":[{"embeddable":true,"href":"https:\/\/medandbeauty.com\/hu\/wp-json\/wp\/v2\/comments?post=456384"}],"version-history":[{"count":4,"href":"https:\/\/medandbeauty.com\/hu\/wp-json\/wp\/v2\/pages\/456384\/revisions"}],"predecessor-version":[{"id":458242,"href":"https:\/\/medandbeauty.com\/hu\/wp-json\/wp\/v2\/pages\/456384\/revisions\/458242"}],"wp:attachment":[{"href":"https:\/\/medandbeauty.com\/hu\/wp-json\/wp\/v2\/media?parent=456384"}],"curies":[{"name":"wp","href":"https:\/\/api.w.org\/{rel}","templated":true}]}}