{"id":456391,"date":"2024-06-19T10:49:13","date_gmt":"2024-06-19T08:49:13","guid":{"rendered":"https:\/\/medandbeauty.com\/a-hallgatoi-program-szabalyzata\/"},"modified":"2025-11-07T14:12:26","modified_gmt":"2025-11-07T13:12:26","slug":"a-hallgatoi-program-szabalyzata","status":"publish","type":"page","link":"https:\/\/medandbeauty.com\/hu\/a-hallgatoi-program-szabalyzata\/","title":{"rendered":"Di\u00e1kkedvezm\u00e9nyre vonatkoz\u00f3 szab\u00e1lyok"},"content":{"rendered":"\n<h2 class=\"wp-block-heading\">\u00a71 \u00c1ltal\u00e1nos rendelkez\u00e9sek <\/h2>\n\n<p>(1) A di\u00e1kkedvezm\u00e9nyrendszer (&#8222;Di\u00e1kkedvezm\u00e9ny&#8221;) kiz\u00e1r\u00f3lag a di\u00e1kigazolv\u00e1nnyal vagy egy\u00e9b jogosults\u00e1got igazol\u00f3 dokumentummal igazolt \u00e9rv\u00e9nyes di\u00e1kst\u00e1tusszal rendelkez\u0151 szem\u00e9lyeknek sz\u00f3l.<\/p>\n\n<p>2. A di\u00e1kkedvezm\u00e9ny 15%, \u00e9s a teljes v\u00e1laszt\u00e9kra vonatkozik, kiv\u00e9ve az outlet term\u00e9keket \u00e9s az aj\u00e1nd\u00e9kk\u00e1rty\u00e1kat.<\/p>\n\n<p>3 A di\u00e1kkedvezm\u00e9ny az online \u00e9s a pap\u00edrboltban is \u00e9rv\u00e9nyes (akt\u00edv di\u00e1kst\u00e1tusz \u00e9s di\u00e1kigazolv\u00e1ny felmutat\u00e1s\u00e1val).<\/p>\n\n<h2 class=\"wp-block-heading\">\u00a72 A kedvezm\u00e9ny ig\u00e9nybev\u00e9tel\u00e9nek szab\u00e1lyai <\/h2>\n\n<p>1. Ahhoz, hogy a di\u00e1kkedvezm\u00e9nyt az online \u00e1ruh\u00e1zban ig\u00e9nybe vehesd, be kell jelentkezned egy olyan fi\u00f3kkal, amelyben sikeresen igazolt\u00e1k a di\u00e1kst\u00e1tuszodat.<\/p>\n\n<p>2. Miut\u00e1n sikeresen ellen\u0151rizt\u00fck a di\u00e1kst\u00e1tuszodat, a kedvezm\u00e9nyt automatikusan kisz\u00e1m\u00edtjuk a p\u00e9nzt\u00e1rn\u00e1l, amikor term\u00e9keket adsz a kosaradba.<\/p>\n\n<p>(3) Az igazolt hallgat\u00f3i st\u00e1tusz egy tanulm\u00e1nyi f\u00e9l\u00e9vre \u00e9rv\u00e9nyes (a szem\u00e9lyi igazolv\u00e1ny \u00e9rv\u00e9nyess\u00e9gi d\u00e1tumai szerint), ezt k\u00f6vet\u0151en a jogosults\u00e1got \u00fajra meg kell er\u0151s\u00edteni.<\/p>\n\n<p>4 A di\u00e1kkedvezm\u00e9ny nem vonhat\u00f3 \u00f6ssze m\u00e1s kedvezm\u00e9nyekkel vagy akci\u00f3kkal.<\/p>\n\n<p>5 M\u00e1s kedvezm\u00e9nyk\u00f3d haszn\u00e1lata eset\u00e9n a di\u00e1kkedvezm\u00e9ny automatikusan az \u00faj kedvezm\u00e9nyre v\u00e1ltozik.<\/p>\n\n<h2 class=\"wp-block-heading\">\u00a73 Korl\u00e1toz\u00e1sok \u00e9s k\u00fcl\u00f6nleges felt\u00e9telek <\/h2>\n\n<p>1 A di\u00e1kkedvezm\u00e9ny szem\u00e9lyre sz\u00f3l\u00f3, \u00e9s csak mag\u00e1njelleg\u0171, nem \u00fczleti c\u00e9l\u00fa v\u00e1s\u00e1rl\u00e1sokra haszn\u00e1lhat\u00f3 fel.<\/p>\n\n<p>(2) Di\u00e1kkedvezm\u00e9ny ig\u00e9nybev\u00e9tel\u00e9vel t\u00f6rt\u00e9n\u0151 v\u00e1s\u00e1rl\u00e1s eset\u00e9n nem \u00e1ll\u00edthat\u00f3 ki a vev\u0151 \u00e1fa-sz\u00e1m\u00e1val ell\u00e1tott \u00e1f\u00e1s sz\u00e1mla, illetve a v\u00e1s\u00e1rl\u00e1st dokument\u00e1l\u00f3 sz\u00e1mla a v\u00e1llalkoz\u00e1s nev\u00e9re.<\/p>\n\n<p>(3) Ha \u00e1f\u00e1s sz\u00e1ml\u00e1t szeretne kapni a c\u00e9g\u00e9nek, a di\u00e1kkedvezm\u00e9ny nem ker\u00fcl kisz\u00e1m\u00edt\u00e1sra.<\/p>\n\n<p>4 Az \u00fcgyf\u00e9lnek joga van v\u00e1lasztani:<\/p>\n\n<p>  a) a di\u00e1kkedvezm\u00e9ny ig\u00e9nybev\u00e9tel\u00e9vel, egy\u00e9ni alapon (TIN n\u00e9lk\u00fcl) v\u00e1s\u00e1rolhat, vagy<\/p>\n\n<p>  b) kedvezm\u00e9ny n\u00e9lk\u00fcli v\u00e1s\u00e1rl\u00e1s, a v\u00e1llalkoz\u00e1snak sz\u00f3l\u00f3 \u00e1f\u00e1s sz\u00e1mla ki\u00e1ll\u00edt\u00e1s\u00e1nak lehet\u0151s\u00e9g\u00e9vel.<\/p>\n\n<p>(5) A di\u00e1kkedvezm\u00e9ny ig\u00e9nybev\u00e9tele egyen\u00e9rt\u00e9k\u0171 e szab\u00e1lyzat elfogad\u00e1s\u00e1val.<\/p>\n\n<h2 class=\"wp-block-heading\">\u00a74 Z\u00e1r\u00f3 rendelkez\u00e9sek <\/h2>\n\n<p>(1) A szervez\u0151 fenntartja mag\u00e1nak a jogot, hogy a szab\u00e1lyzatot b\u00e1rmikor m\u00f3dos\u00edtsa, a vonatkoz\u00f3 jogszab\u00e1lyok figyelembev\u00e9tel\u00e9vel.<\/p>\n\n<p>2 Az \u00e1ltal\u00e1nos szerz\u0151d\u00e9si felt\u00e9telek aktu\u00e1lis tartalma el\u00e9rhet\u0151 az \u00fczlet weboldal\u00e1n.<\/p>\n\n<p>(3) Az e szab\u00e1lyzatban nem szab\u00e1lyozott k\u00e9rd\u00e9sekben a Polg\u00e1ri T\u00f6rv\u00e9nyk\u00f6nyv \u00e9s m\u00e1s vonatkoz\u00f3 jogszab\u00e1lyok rendelkez\u00e9seit kell alkalmazni.<\/p>\n","protected":false},"excerpt":{"rendered":"<p>\u00a71 \u00c1ltal\u00e1nos rendelkez\u00e9sek (1) A di\u00e1kkedvezm\u00e9nyrendszer (&#8222;Di\u00e1kkedvezm\u00e9ny&#8221;) kiz\u00e1r\u00f3lag a di\u00e1kigazolv\u00e1nnyal vagy egy\u00e9b jogosults\u00e1got igazol\u00f3 dokumentummal igazolt \u00e9rv\u00e9nyes di\u00e1kst\u00e1tusszal rendelkez\u0151 szem\u00e9lyeknek sz\u00f3l. 2. A di\u00e1kkedvezm\u00e9ny 15%, \u00e9s a teljes v\u00e1laszt\u00e9kra vonatkozik, kiv\u00e9ve az outlet term\u00e9keket \u00e9s az aj\u00e1nd\u00e9kk\u00e1rty\u00e1kat. 3 A di\u00e1kkedvezm\u00e9ny az online \u00e9s a pap\u00edrboltban is \u00e9rv\u00e9nyes (akt\u00edv di\u00e1kst\u00e1tusz \u00e9s di\u00e1kigazolv\u00e1ny felmutat\u00e1s\u00e1val). \u00a72 A kedvezm\u00e9ny [&hellip;]<\/p>\n","protected":false},"author":18285,"featured_media":0,"parent":0,"menu_order":0,"comment_status":"closed","ping_status":"closed","template":"","meta":{"_acf_changed":false,"inline_featured_image":false,"footnotes":""},"class_list":["post-456391","page","type-page","status-publish","hentry"],"acf":[],"_links":{"self":[{"href":"https:\/\/medandbeauty.com\/hu\/wp-json\/wp\/v2\/pages\/456391","targetHints":{"allow":["GET"]}}],"collection":[{"href":"https:\/\/medandbeauty.com\/hu\/wp-json\/wp\/v2\/pages"}],"about":[{"href":"https:\/\/medandbeauty.com\/hu\/wp-json\/wp\/v2\/types\/page"}],"author":[{"embeddable":true,"href":"https:\/\/medandbeauty.com\/hu\/wp-json\/wp\/v2\/users\/18285"}],"replies":[{"embeddable":true,"href":"https:\/\/medandbeauty.com\/hu\/wp-json\/wp\/v2\/comments?post=456391"}],"version-history":[{"count":5,"href":"https:\/\/medandbeauty.com\/hu\/wp-json\/wp\/v2\/pages\/456391\/revisions"}],"predecessor-version":[{"id":584310,"href":"https:\/\/medandbeauty.com\/hu\/wp-json\/wp\/v2\/pages\/456391\/revisions\/584310"}],"wp:attachment":[{"href":"https:\/\/medandbeauty.com\/hu\/wp-json\/wp\/v2\/media?parent=456391"}],"curies":[{"name":"wp","href":"https:\/\/api.w.org\/{rel}","templated":true}]}}