{"id":456404,"date":"2024-03-12T15:27:55","date_gmt":"2024-03-12T14:27:55","guid":{"rendered":"https:\/\/medandbeauty.com\/kapjon-10-kedvezmenyt-az-elso-rendelesebol\/elkuldott-urlap\/"},"modified":"2024-03-12T15:27:55","modified_gmt":"2024-03-12T14:27:55","slug":"elkuldott-urlap","status":"publish","type":"page","link":"https:\/\/medandbeauty.com\/hu\/kapjon-10-kedvezmenyt-az-elso-rendelesebol\/elkuldott-urlap\/","title":{"rendered":"Elk\u00fcld\u00f6tt \u0171rlap"},"content":{"rendered":"","protected":false},"excerpt":{"rendered":"","protected":false},"author":1,"featured_media":0,"parent":456363,"menu_order":0,"comment_status":"closed","ping_status":"closed","template":"template-pages\/page-newsletter.php","meta":{"_acf_changed":false,"inline_featured_image":false,"footnotes":""},"class_list":["post-456404","page","type-page","status-publish","hentry"],"acf":[],"_links":{"self":[{"href":"https:\/\/medandbeauty.com\/hu\/wp-json\/wp\/v2\/pages\/456404","targetHints":{"allow":["GET"]}}],"collection":[{"href":"https:\/\/medandbeauty.com\/hu\/wp-json\/wp\/v2\/pages"}],"about":[{"href":"https:\/\/medandbeauty.com\/hu\/wp-json\/wp\/v2\/types\/page"}],"author":[{"embeddable":true,"href":"https:\/\/medandbeauty.com\/hu\/wp-json\/wp\/v2\/users\/1"}],"replies":[{"embeddable":true,"href":"https:\/\/medandbeauty.com\/hu\/wp-json\/wp\/v2\/comments?post=456404"}],"version-history":[{"count":0,"href":"https:\/\/medandbeauty.com\/hu\/wp-json\/wp\/v2\/pages\/456404\/revisions"}],"up":[{"embeddable":true,"href":"https:\/\/medandbeauty.com\/hu\/wp-json\/wp\/v2\/pages\/456363"}],"wp:attachment":[{"href":"https:\/\/medandbeauty.com\/hu\/wp-json\/wp\/v2\/media?parent=456404"}],"curies":[{"name":"wp","href":"https:\/\/api.w.org\/{rel}","templated":true}]}}