{"id":456423,"date":"2024-11-21T10:01:48","date_gmt":"2024-11-21T09:01:48","guid":{"rendered":"https:\/\/medandbeauty.com\/orvosi-ruhazat-varso\/"},"modified":"2025-06-29T08:40:40","modified_gmt":"2025-06-29T06:40:40","slug":"orvosi-ruhazat-varso","status":"publish","type":"page","link":"https:\/\/medandbeauty.com\/hu\/orvosi-ruhazat-varso\/","title":{"rendered":"Orvosi ruh\u00e1zat Vars\u00f3"},"content":{"rendered":"\n<p>Ha orvosi ruh\u00e1zatot keres Vars\u00f3ban, akkor a legjobb helyen j\u00e1r! Orvosi ruh\u00e1zati \u00fczlet\u00fcnkben Vars\u00f3ban olyan orvosi ruh\u00e1zat sz\u00e9les v\u00e1laszt\u00e9k\u00e1t k\u00edn\u00e1ljuk, amely nem csak <strong>a legnagyobb k\u00e9nyelmet biztos\u00edtja a hossz\u00fa munkaid\u0151 alatt, hanem j\u00f3l is n\u00e9z ki.<\/strong> Orvosi ruh\u00e1zati \u00fczlet\u00fcnk Vars\u00f3ban a mai szakemberek ig\u00e9nyeihez igaz\u00edtott megold\u00e1sokat k\u00edn\u00e1l. <\/p>\n\n<h2 class=\"wp-block-heading\"><strong>Orvosi ruh\u00e1zati bolt Vars\u00f3<\/strong><\/h2>\n\n<p>A Med&amp;Beauty egy olyan hely, ahol kiv\u00e1l\u00f3 min\u0151s\u00e9g\u0171 orvosi ruh\u00e1kat tal\u00e1lhat Vars\u00f3ban. Term\u00e9keink \u00f6tv\u00f6zik a modern diz\u00e1jnt a funkcionalit\u00e1ssal, ami nemcsak praktikuss\u00e1, hanem divatoss\u00e1 is teszi \u0151ket. K\u00edn\u00e1latunkban t\u00f6bbek k\u00f6z\u00f6tt a k\u00f6vetkez\u0151ket tal\u00e1lja:  <\/p>\n\n<ul class=\"wp-block-list\">\n<li>orvosi k\u00f6t\u00e9nyek Vars\u00f3,<\/li>\n\n\n\n<li>orvosi m\u0171t\u0151sruha Vars\u00f3, nadr\u00e1g,<\/li>\n\n\n\n<li>orvosi bl\u00fazok Vars\u00f3,<\/li>\n\n\n\n<li>orvosi ruh\u00e1k Vars\u00f3,<\/li>\n\n\n\n<li>orvosi nadr\u00e1gok Vars\u00f3.<\/li>\n<\/ul>\n\n<p>A vars\u00f3i orvosi ruh\u00e1zatunkat \u00fagy tervezt\u00fck, hogy eg\u00e9sz nap k\u00e9nyelmesen viselhet\u0151 legyen.  <strong>A legmagasabb min\u0151s\u00e9g\u0171 anyagokat haszn\u00e1ljuk, amelyek l\u00e9g\u00e1tereszt\u0151ek, puh\u00e1k \u00e9s k\u00f6nnyen tiszt\u00edthat\u00f3k.<\/strong>  Orvosi ruh\u00e1zatunk nemcsak st\u00edlusos, hanem ergonomikus \u00e9s tart\u00f3s is.<\/p>\n\n<h2 class=\"wp-block-heading\"><strong>Med&amp;Beauty helyhez k\u00f6t\u00f6tt bolt &#8211; orvosi ruh\u00e1zat Vars\u00f3 az \u00d6n keze \u00fcgy\u00e9be<\/strong><\/h2>\n\n<p>Szeretn\u00e9nk megh\u00edvni \u00d6nt a vars\u00f3i orvosi ruh\u00e1zati \u00fczlet\u00fcnkbe, amely Wilan\u00f3wban, a Klimczaka utca 6A\/U4 alatt tal\u00e1lhat\u00f3. A helysz\u00ednen megtekintheti \u00e9s felpr\u00f3b\u00e1lhatja az orvosi ruh\u00e1zatot, \u00e9s <strong>tan\u00e1csad\u00f3ink sz\u00edvesen seg\u00edtenek kiv\u00e1lasztani az \u00d6n ig\u00e9nyeinek megfelel\u0151 term\u00e9keket.<\/strong> A szomsz\u00e9dos utc\u00e1kban tal\u00e1lhat\u00f3 ingyenes parkol\u00f3kban k\u00e9nyelmesen parkolhat. Lehet\u0151s\u00e9g van a Wilan\u00f3wi Kir\u00e1lyi Gal\u00e9ri\u00e1ban is parkolni. H\u00e9tf\u0151t\u0151l szombatig \u00e9s a v\u00e1s\u00e1rl\u00e1si vas\u00e1rnapokon v\u00e1s\u00e1rl\u00e1sra buzd\u00edtjuk \u00d6nt.    <\/p>\n\n<h2 class=\"wp-block-heading\"><strong>Online v\u00e1s\u00e1rl\u00e1s &#8211; k\u00e9nyelmes \u00e9s gyors<\/strong><\/h2>\n\n<p>Ha nincs ideje ell\u00e1togatni a helyhez k\u00f6t\u00f6tt \u00fczlet\u00fcnkbe, <strong>lehet\u0151s\u00e9get k\u00edn\u00e1lunk arra, hogy online v\u00e1s\u00e1roljon orvosi ruh\u00e1zatot.<\/strong> Web\u00e1ruh\u00e1zunk teljes v\u00e1laszt\u00e9kot k\u00edn\u00e1l, \u00edgy \u00d6n an\u00e9lk\u00fcl rendelhet orvosi ruh\u00e1zatot Vars\u00f3b\u00f3l, hogy elhagyn\u00e1 otthon\u00e1t. Intuit\u00edv kiszolg\u00e1l\u00e1s, r\u00e9szletes term\u00e9kle\u00edr\u00e1sok \u00e9s m\u00e9rett\u00e1bl\u00e1zatok teszik a v\u00e1s\u00e1rl\u00e1st gyors \u00e9s \u00e9lvezetes \u00e9lm\u00e9nny\u00e9. Minden modell gondosan le van \u00edrva, \u00e9s a kiv\u00e1l\u00f3 min\u0151s\u00e9g\u0171 fot\u00f3k lehet\u0151v\u00e9 teszik, hogy a term\u00e9kek r\u00e9szletesen megtekinthet\u0151k legyenek, miel\u0151tt d\u00f6nt\u00e9st hozna.  <\/p>\n\n<h2 class=\"wp-block-heading\"><strong>Orvosi ruh\u00e1zat Vars\u00f3<\/strong><\/h2>\n\n<p>A vars\u00f3i \u00fczlet\u00fcnkb\u0151l sz\u00e1rmaz\u00f3 orvosi ruh\u00e1kat Lengyelorsz\u00e1gban varrj\u00e1k, ami garant\u00e1lja <strong>a magas min\u0151s\u00e9g\u0171 kivitelez\u00e9st \u00e9s a minden r\u00e9szletre val\u00f3 odafigyel\u00e9st<\/strong>. Ak\u00e1r 100 napot is adunk a visszak\u00fcld\u00e9sre, ami lehet\u0151v\u00e9 teszi, hogy nyugodt lelkiismerettel hozza meg v\u00e1s\u00e1rl\u00e1si d\u00f6nt\u00e9s\u00e9t. Ezen k\u00edv\u00fcl <strong>lehet\u0151s\u00e9get k\u00edn\u00e1lunk<\/strong> a ruhadarabok <strong>szem\u00e9lyre szab\u00e1s\u00e1ra<\/strong> &#8211; a c\u00e9g log\u00f3j\u00e1t, a dolgoz\u00f3 nev\u00e9t h\u00edmezz\u00fck, hogy a ruhadarab ne csak praktikus, hanem egyedi is legyen. <a href=\"\/\">Orvosi ruh\u00e1zati \u00fczlet\u00fcnk<\/a> rendszeres kedvezm\u00e9nyeket k\u00edn\u00e1l di\u00e1koknak, \u00e9s minden v\u00e1s\u00e1rl\u00f3nknak ingyenes kisz\u00e1ll\u00edt\u00e1st biztos\u00edtunk 500 font feletti rendel\u00e9s eset\u00e9n.   <\/p>\n\n<p>K\u00f6vessen minket az Instagramon, hogy inspir\u00e1ci\u00f3t, term\u00e9kh\u00edreket \u00e9s divattippeket kapjon a Med&amp;Beauty orvosi stylingj\u00e1r\u00f3l. Fedezd fel, hogy <a href=\"https:\/\/medandbeauty.com\/sklep\/dla-niej\/\" data-type=\"product_cat\" data-id=\"69\">n\u0151i orvosi ruh\u00e1ink<\/a> \u00e9s <a href=\"https:\/\/medandbeauty.com\/sklep\/dla-niego\/\">f\u00e9rfi orvosi ruh\u00e1ink<\/a> hogyan j\u00e1rulhatnak hozz\u00e1 a k\u00e9nyelemhez \u00e9s a st\u00edlusodhoz a mindennapokban! Szeretettel v\u00e1rjuk megrendel\u00e9seid lead\u00e1s\u00e1ra.  <\/p>\n","protected":false},"excerpt":{"rendered":"<p>Ha orvosi ruh\u00e1zatot keres Vars\u00f3ban, akkor a legjobb helyen j\u00e1r! Orvosi ruh\u00e1zati \u00fczlet\u00fcnkben Vars\u00f3ban olyan orvosi ruh\u00e1zat sz\u00e9les v\u00e1laszt\u00e9k\u00e1t k\u00edn\u00e1ljuk, amely nem csak a legnagyobb k\u00e9nyelmet biztos\u00edtja a hossz\u00fa munkaid\u0151 alatt, hanem j\u00f3l is n\u00e9z ki. Orvosi ruh\u00e1zati \u00fczlet\u00fcnk Vars\u00f3ban a mai szakemberek ig\u00e9nyeihez igaz\u00edtott megold\u00e1sokat k\u00edn\u00e1l. Orvosi ruh\u00e1zati bolt Vars\u00f3 A Med&amp;Beauty egy olyan [&hellip;]<\/p>\n","protected":false},"author":28789,"featured_media":0,"parent":0,"menu_order":0,"comment_status":"closed","ping_status":"closed","template":"page.php","meta":{"_acf_changed":false,"inline_featured_image":false,"footnotes":""},"class_list":["post-456423","page","type-page","status-publish","hentry"],"acf":[],"_links":{"self":[{"href":"https:\/\/medandbeauty.com\/hu\/wp-json\/wp\/v2\/pages\/456423","targetHints":{"allow":["GET"]}}],"collection":[{"href":"https:\/\/medandbeauty.com\/hu\/wp-json\/wp\/v2\/pages"}],"about":[{"href":"https:\/\/medandbeauty.com\/hu\/wp-json\/wp\/v2\/types\/page"}],"author":[{"embeddable":true,"href":"https:\/\/medandbeauty.com\/hu\/wp-json\/wp\/v2\/users\/28789"}],"replies":[{"embeddable":true,"href":"https:\/\/medandbeauty.com\/hu\/wp-json\/wp\/v2\/comments?post=456423"}],"version-history":[{"count":1,"href":"https:\/\/medandbeauty.com\/hu\/wp-json\/wp\/v2\/pages\/456423\/revisions"}],"predecessor-version":[{"id":456430,"href":"https:\/\/medandbeauty.com\/hu\/wp-json\/wp\/v2\/pages\/456423\/revisions\/456430"}],"wp:attachment":[{"href":"https:\/\/medandbeauty.com\/hu\/wp-json\/wp\/v2\/media?parent=456423"}],"curies":[{"name":"wp","href":"https:\/\/api.w.org\/{rel}","templated":true}]}}