{"id":456450,"date":"2024-11-21T12:43:05","date_gmt":"2024-11-21T11:43:05","guid":{"rendered":"https:\/\/medandbeauty.com\/kozmetikai-egyenruhak\/"},"modified":"2025-06-29T08:40:54","modified_gmt":"2025-06-29T06:40:54","slug":"kozmetikai-egyenruhak","status":"publish","type":"page","link":"https:\/\/medandbeauty.com\/hu\/kozmetikai-egyenruhak\/","title":{"rendered":"Kozmetikai egyenruh\u00e1k"},"content":{"rendered":"\n<p>A kozmetikus egyenruh\u00e1k nemcsak a szennyez\u0151d\u00e9sek ellen v\u00e9d\u0151 ruh\u00e1zatot jelentenek, hanem mindenekel\u0151tt olyan elemet, amely hangs\u00falyozza munk\u00e1ja professzionalizmus\u00e1t \u00e9s eszt\u00e9tik\u00e1j\u00e1t. Legyen sz\u00f3<strong> kozmetikusr\u00f3l, k\u00f6r\u00f6mstylistr\u00f3l vagy eszt\u00e9tikai orvosr\u00f3l, a megfelel\u0151 kozmetikai ruh\u00e1zat befoly\u00e1solja a k\u00e9nyelmet<\/strong> \u00e9s a komfort\u00e9rzetet a hossz\u00fa munka\u00f3r\u00e1k alatt. Kollekci\u00f3nk az elegancia, a modern diz\u00e1jn \u00e9s a funkcionalit\u00e1s kombin\u00e1ci\u00f3ja, amely biztos\u00edtja a megfelel\u0151 megjelen\u00e9st, an\u00e9lk\u00fcl, hogy kompromisszumot k\u00f6tne a k\u00e9nyelem ter\u00e9n.  <\/p>\n\n<h2 class=\"wp-block-heading\">Kozmetikai k\u00f6t\u00e9nyek &#8211; praktikus \u00e9s eleg\u00e1ns<\/h2>\n\n<p>A kozmetikai k\u00f6t\u00e9nyek minden sz\u00e9ps\u00e9gipari szakember ruhat\u00e1r\u00e1nak n\u00e9lk\u00fcl\u00f6zhetetlen r\u00e9sz\u00e9t k\u00e9pezik. <strong>Ha ragasztott kozmetikai k\u00f6t\u00e9nyeinket v\u00e1lasztja, sz\u00e1m\u00edthat az optim\u00e1lis illeszked\u00e9sre<\/strong>, ami k\u00fcl\u00f6n\u00f6sen fontos a prec\u00edz elj\u00e1r\u00e1sok elv\u00e9gz\u00e9sekor. A klasszikus modellekt\u0151l az orvosi kozmetikai ruh\u00e1kig t\u00f6bbf\u00e9le szab\u00e1sban kaphat\u00f3k, kozmetikai k\u00f6t\u00e9nyeinket a k\u00e9nyelmet \u00e9s a funkcionalit\u00e1st szem el\u0151tt tartva tervezt\u00fck &#8211; ide\u00e1lisak azok sz\u00e1m\u00e1ra, akiknek fontos a k\u00e9nyelem \u00e9s a professzion\u00e1lis megjelen\u00e9s. A kozmetikai kimon\u00f3 k\u00f6t\u00e9nyek (kozmetikai tunik\u00e1k) sokoldal\u00fas\u00e1guk \u00e9s k\u00f6nny\u0171 felvehet\u0151s\u00e9g\u00fck miatt dinamikusan n\u00f6vekv\u0151 n\u00e9pszer\u0171s\u00e9gnek \u00f6rvendenek.  <\/p>\n\n<h2 class=\"wp-block-heading\">Kozmetikai egyenruh\u00e1k &#8211; mindennapi elegancia<\/h2>\n\n<p>A Med&amp;Beauty kozmetikai ruh\u00e1i <strong>azok sz\u00e1m\u00e1ra<\/strong> k\u00e9sz\u00fcltek, <strong>akik a k\u00e9nyelmet eleg\u00e1ns megjelen\u00e9ssel szeretn\u00e9k \u00f6tv\u00f6zni.<\/strong> Minden kozmetikai ruha a legmagasabb min\u0151s\u00e9g\u0171 anyagokb\u00f3l k\u00e9sz\u00fcl, amelyek nem gy\u0171r\u0151dnek, l\u00e9g\u00e1tereszt\u0151ek \u00e9s k\u00f6nnyen tiszt\u00e1n tarthat\u00f3k. Kozmetikusoknak sz\u00e1nt ruh\u00e1zatunk a divatos diz\u00e1jnt \u00e9s az ergon\u00f3mi\u00e1t \u00f6tv\u00f6zi, hogy minden munkanapot kellemesebb\u00e9 tegyen. <\/p>\n\n<h2 class=\"wp-block-heading\">Kozmetikai b\u0151rrad\u00edrok &#8211; a funkcionalit\u00e1s az el\u0151t\u00e9rben<\/h2>\n\n<p><strong>A kozmetikai m\u0171t\u0151sruha t\u00f6k\u00e9letes v\u00e1laszt\u00e1s azok sz\u00e1m\u00e1ra, akiknek fontos a maxim\u00e1lis mozg\u00e1sszabads\u00e1g \u00e9s a funkcionalit\u00e1s<\/strong> (k\u00e9nyelmes zsebek). Az elasztikus anyagoknak k\u00f6sz\u00f6nhet\u0151en a m\u0171t\u0151sruha t\u00f6k\u00e9letesen illeszkedik a testhez, \u00edgy k\u00e9nyelmet ny\u00fajt az intenz\u00edv munkaid\u0151ben \u00e9s a j\u00f3l meg\u00e9rdemelt k\u00e1v\u00e9sz\u00fcnetben egyar\u00e1nt. Modern szab\u00e1suk \u00e9s sz\u00e1mos sz\u00ednben val\u00f3 el\u00e9rhet\u0151s\u00e9g\u00fck r\u00e9v\u00e9n alkalmazkodnak az egy\u00e9ni preferenci\u00e1khoz \u00e9s a szalon eszt\u00e9tikai k\u00f6vetelm\u00e9nyeihez.  <\/p>\n\n<h2 class=\"wp-block-heading\">Soksz\u00edn\u0171s\u00e9g \u00e9s szem\u00e9lyre szabotts\u00e1g &#8211; mit k\u00edn\u00e1lunk?<\/h2>\n\n<p>K\u00edn\u00e1latunkban sz\u00e9ps\u00e9g\u00e1pol\u00e1si egyenruh\u00e1k sz\u00e9les v\u00e1laszt\u00e9k\u00e1t tal\u00e1lja. <strong>A szem\u00e9lyre szab\u00e1si lehet\u0151s\u00e9gnek k\u00f6sz\u00f6nhet\u0151en minden kozmetikai egyenruh\u00e1t c\u00e9ges log\u00f3val vagy n\u00e9vvel lehet d\u00edsz\u00edteni <\/strong>, tov\u00e1bb hangs\u00falyozva a szalon professzionalizmus\u00e1t. Ruh\u00e1zatunk sz\u00e9les m\u00e9retv\u00e1laszt\u00e9kban kaphat\u00f3, \u00edgy minden alkatra t\u00f6k\u00e9letesen illeszkedik, \u00edgy biztos\u00edtva a maxim\u00e1lis k\u00e9nyelmet az eg\u00e9sz napos viselet sor\u00e1n. <\/p>\n\n<p>Minden kozmetikai egyenruh\u00e1nk pr\u00e9mium min\u0151s\u00e9g\u0171 anyagokb\u00f3l k\u00e9sz\u00fcl, amelyek biztos\u00edtj\u00e1k a tart\u00f3ss\u00e1got \u00e9s a visel\u00e9si k\u00e9nyelmet. <strong>A pr\u00e9mium vonalb\u00f3l sz\u00e1rmaz\u00f3 pamut k\u00f6t\u00e9ny nejlonnal \u00e9s lycr\u00e1val<\/strong> biztos\u00edtja, hogy a ruhadarab nemcsak j\u00f3l n\u00e9zzen ki, hanem l\u00e9g\u00e1tereszt\u0151 \u00e9s tart\u00f3s is legyen. A basic vonal kozmetikai k\u00f6t\u00e9nyei viszont a k\u00e9nyelem \u00e9s rugalmass\u00e1g \u00e9rdek\u00e9ben a poli\u00e9szter, a viszk\u00f3z \u00e9s a lycra ide\u00e1lis kombin\u00e1ci\u00f3ja. <\/p>\n\n<p><a href=\"https:\/\/medandbeauty.com\/hu\/\">Orvosi \u00e9s kozmetikai ruh\u00e1zati \u00fczlet\u00fcnk<\/a> k\u00edn\u00e1l:<\/p>\n\n<ul class=\"wp-block-list\">\n<li><a href=\"https:\/\/medandbeauty.com\/sklep\/dla-niego\/\">f\u00e9rfi orvosi ruh\u00e1zat,<\/a><\/li>\n\n\n\n<li><a href=\"https:\/\/medandbeauty.com\/sklep\/dla-niej\/\">n\u0151i orvosi ruh\u00e1zat,<\/a><\/li>\n\n\n\n<li><a href=\"https:\/\/medandbeauty.com\/rodzaj-ubrania\/bluzki-medyczne\/\">orvosi bl\u00fazok,<\/a><\/li>\n\n\n\n<li><a href=\"https:\/\/medandbeauty.com\/rodzaj-ubrania\/spodnie-medyczne\/\">orvosi nadr\u00e1g,<\/a><\/li>\n\n\n\n<li><a href=\"https:\/\/medandbeauty.com\/rodzaj-ubrania\/scrubsy\/\">orvosi k\u00f6peny,<\/a><\/li>\n\n\n\n<li><a href=\"https:\/\/medandbeauty.com\/rodzaj-ubrania\/sukienki-medyczne\/\">orvosi ruh\u00e1k,<\/a><\/li>\n\n\n\n<li><a href=\"https:\/\/medandbeauty.com\/rodzaj-ubrania\/fartuchy-medyczne\/\">orvosi k\u00f6penyek,<\/a><\/li>\n\n\n\n<li><a href=\"https:\/\/medandbeauty.com\/rodzaj-ubrania\/tuniki-medyczne\/\">orvosi tunik\u00e1k.<\/a><\/li>\n<\/ul>\n\n<p>Arra b\u00e1tor\u00edtjuk \u00d6nt, hogy adjon le megrendel\u00e9seket.<\/p>\n","protected":false},"excerpt":{"rendered":"<p>A kozmetikus egyenruh\u00e1k nemcsak a szennyez\u0151d\u00e9sek ellen v\u00e9d\u0151 ruh\u00e1zatot jelentenek, hanem mindenekel\u0151tt olyan elemet, amely hangs\u00falyozza munk\u00e1ja professzionalizmus\u00e1t \u00e9s eszt\u00e9tik\u00e1j\u00e1t. Legyen sz\u00f3 kozmetikusr\u00f3l, k\u00f6r\u00f6mstylistr\u00f3l vagy eszt\u00e9tikai orvosr\u00f3l, a megfelel\u0151 kozmetikai ruh\u00e1zat befoly\u00e1solja a k\u00e9nyelmet \u00e9s a komfort\u00e9rzetet a hossz\u00fa munka\u00f3r\u00e1k alatt. Kollekci\u00f3nk az elegancia, a modern diz\u00e1jn \u00e9s a funkcionalit\u00e1s kombin\u00e1ci\u00f3ja, amely biztos\u00edtja a megfelel\u0151 [&hellip;]<\/p>\n","protected":false},"author":28789,"featured_media":0,"parent":0,"menu_order":0,"comment_status":"closed","ping_status":"closed","template":"page.php","meta":{"_acf_changed":false,"inline_featured_image":false,"footnotes":""},"class_list":["post-456450","page","type-page","status-publish","hentry"],"acf":[],"_links":{"self":[{"href":"https:\/\/medandbeauty.com\/hu\/wp-json\/wp\/v2\/pages\/456450","targetHints":{"allow":["GET"]}}],"collection":[{"href":"https:\/\/medandbeauty.com\/hu\/wp-json\/wp\/v2\/pages"}],"about":[{"href":"https:\/\/medandbeauty.com\/hu\/wp-json\/wp\/v2\/types\/page"}],"author":[{"embeddable":true,"href":"https:\/\/medandbeauty.com\/hu\/wp-json\/wp\/v2\/users\/28789"}],"replies":[{"embeddable":true,"href":"https:\/\/medandbeauty.com\/hu\/wp-json\/wp\/v2\/comments?post=456450"}],"version-history":[{"count":1,"href":"https:\/\/medandbeauty.com\/hu\/wp-json\/wp\/v2\/pages\/456450\/revisions"}],"predecessor-version":[{"id":456457,"href":"https:\/\/medandbeauty.com\/hu\/wp-json\/wp\/v2\/pages\/456450\/revisions\/456457"}],"wp:attachment":[{"href":"https:\/\/medandbeauty.com\/hu\/wp-json\/wp\/v2\/media?parent=456450"}],"curies":[{"name":"wp","href":"https:\/\/api.w.org\/{rel}","templated":true}]}}