{"id":457782,"date":"2025-07-28T15:54:18","date_gmt":"2025-07-28T13:54:18","guid":{"rendered":"https:\/\/medandbeauty.com\/?post_type=product&#038;p=457782"},"modified":"2025-11-18T11:37:17","modified_gmt":"2025-11-18T10:37:17","slug":"soolite-lila-orvosi-flip-flopok","status":"publish","type":"product","link":"https:\/\/medandbeauty.com\/hu\/product\/soolite-lila-orvosi-flip-flopok\/","title":{"rendered":"SooLite LILA orvosi flip-flopok"},"content":{"rendered":"<div class=\"p-rich_text_section\">\n<div class=\"p-rich_text_section\">Ismerje meg innovat\u00edv \u00fajdons\u00e1gunkat: a <strong>SooLite!orvosi flip-flopot &#8211; k\u00e9nyelem, min\u0151s\u00e9g<\/strong>\u00e9s modern design.<\/div>\n<div class=\"p-rich_text_section\">A <strong>SooLite! orvosi flip-flopok egyes\u00edtik<\/strong> a funkcionalit\u00e1st, a k\u00e9nyelmet \u00e9s az eszt\u00e9tik\u00e1t.<\/div>\n<div class=\"p-rich_text_section\">K\u00f6nny\u0171 \u00e9s rugalmas EVA habb\u00f3l k\u00e9sz\u00fcltek, kiv\u00e9teles k\u00e9nyelmet biztos\u00edtanak, ergonomikus kialak\u00edt\u00e1suk pedig t\u00e1mogatja a l\u00e1b term\u00e9szetes igazod\u00e1s\u00e1t.<\/div>\n<div><\/div>\n<div>Garant\u00e1ltan ez lesz a kedvenc flip-flopod a munk\u00e1ba!<\/div>\n<div>Ultrak\u00f6nny\u0171, hihetetlen\u00fcl k\u00e9nyelmes, gy\u00f6ny\u00f6r\u0171 sz\u00ednekben, hogy passzoljon kedvenc m\u0171t\u0151sruh\u00e1idhoz!<\/div>\n<div><\/div>\n<div class=\"p-rich_text_section\"><strong>A SooLite orvosi flip-flop legfontosabb jellemz\u0151i!<\/strong><\/div>\n<ul class=\"p-rich_text_list p-rich_text_list__bullet p-rich_text_list--nested\" data-stringify-type=\"unordered-list\" data-list-tree=\"true\" data-indent=\"0\" data-border=\"0\">\n<li data-stringify-indent=\"0\" data-stringify-border=\"0\">K\u00f6nny\u0171 \u00e9s tart\u00f3s konstrukci\u00f3 &#8211; SooLite orvosi flip-flopok! Kiv\u00e1l\u00f3 min\u0151s\u00e9g\u0171 EVA habb\u00f3l k\u00e9sz\u00fclt, ellen\u00e1ll a s\u00e9r\u00fcl\u00e9seknek \u00e9s k\u00f6nnyen tiszt\u00edthat\u00f3.<\/li>\n<li data-stringify-indent=\"0\" data-stringify-border=\"0\">\u00c1ll\u00edthat\u00f3 p\u00e1ntok &#8211; A csattal \u00e9s finom M&amp;B log\u00f3val ell\u00e1tott p\u00e1ntok lehet\u0151v\u00e9 teszik a l\u00e1b form\u00e1j\u00e1hoz \u00e9s a l\u00e1bfej magass\u00e1g\u00e1hoz val\u00f3 testreszab\u00e1st.<\/li>\n<li data-stringify-indent=\"0\" data-stringify-border=\"0\">Fejlett p\u00e1rn\u00e1z\u00e1s &#8211; A megemelt talp hat\u00e9konyan cs\u00f6kkenti a r\u00e1zk\u00f3d\u00e1st, n\u00f6velve a j\u00e1r\u00e1s k\u00e9nyelm\u00e9t.<\/li>\n<li data-stringify-indent=\"0\" data-stringify-border=\"0\">Ergonomikus talpbet\u00e9t &#8211; Anat\u00f3miailag form\u00e1zott, t\u00e1mogatja a l\u00e1bat \u00e9s minimaliz\u00e1lja a f\u00e1radts\u00e1got m\u00e9g hosszabb haszn\u00e1lat eset\u00e9n is.<\/li>\n<li data-stringify-indent=\"0\" data-stringify-border=\"0\">Lengyel gy\u00e1rt\u00e1s &#8211; Az orvosi flip-flop SooLite! Lengyelorsz\u00e1gban k\u00e9sz\u00fclnek, ami garant\u00e1lja a kiv\u00e1l\u00f3 min\u0151s\u00e9g\u0171 kivitelez\u00e9st \u00e9s a r\u00e9szletekre val\u00f3 odafigyel\u00e9st.<\/li>\n<li data-stringify-indent=\"0\" data-stringify-border=\"0\">Modern design &#8211; A p\u00e1ntokon \u00e9s a h\u00e1ts\u00f3 patenton tal\u00e1lhat\u00f3 M&amp;B log\u00f3 egyedi, professzion\u00e1lis jelleget k\u00f6lcs\u00f6n\u00f6z a modellnek.<\/li>\n<\/ul>\n<div class=\"p-rich_text_section\">A k\u00e9nyelem, a tart\u00f3ss\u00e1g \u00e9s a st\u00edlusos kialak\u00edt\u00e1s kombin\u00e1ci\u00f3j\u00e1val a SooLite! orvosi flip-flop t\u00f6k\u00e9letes v\u00e1laszt\u00e1s mind a mindennapi viselethez, mind az ig\u00e9nyes munkak\u00f6rnyezethez.<b data-stringify-type=\"bold\"><\/b><\/div>\n<div><\/div>\n<div>A k\u00e9peken l\u00e1that\u00f3 sz\u00ednek kiss\u00e9 elt\u00e9rhetnek a t\u00e9nyleges sz\u00ednekt\u0151l. Ez a k\u00fcl\u00f6nb\u00f6z\u0151 elektronikus berendez\u00e9sek \u00e9s azok egyedi be\u00e1ll\u00edt\u00e1sai miatt van \u00edgy. <\/div>\n<\/div>\n","protected":false},"excerpt":{"rendered":"<p>Ismerje meg innovat\u00edv \u00fajdons\u00e1gunkat: a SooLite!orvosi flip-flopot &#8211; k\u00e9nyelem, min\u0151s\u00e9g\u00e9s modern design. A SooLite! orvosi flip-flopok egyes\u00edtik a funkcionalit\u00e1st, a k\u00e9nyelmet \u00e9s az eszt\u00e9tik\u00e1t. K\u00f6nny\u0171 \u00e9s rugalmas EVA habb\u00f3l k\u00e9sz\u00fcltek, kiv\u00e9teles k\u00e9nyelmet biztos\u00edtanak, ergonomikus kialak\u00edt\u00e1suk pedig t\u00e1mogatja a l\u00e1b term\u00e9szetes igazod\u00e1s\u00e1t. Garant\u00e1ltan ez lesz a kedvenc flip-flopod a munk\u00e1ba! Ultrak\u00f6nny\u0171, hihetetlen\u00fcl k\u00e9nyelmes, gy\u00f6ny\u00f6r\u0171 sz\u00ednekben, hogy [&hellip;]<\/p>\n","protected":false},"featured_media":499385,"comment_status":"open","ping_status":"closed","template":"","meta":{"_acf_changed":false,"inline_featured_image":false},"kolor":[1898],"rodzaj-ubrania":[],"ubranie":[1899],"product_brand":[],"product_cat":[2074,1887],"product_tag":[],"class_list":{"0":"post-457782","1":"product","2":"type-product","3":"status-publish","4":"has-post-thumbnail","6":"kolor-ibolyak","7":"ubranie-soolite-orvosi-flip-flopok","8":"product_cat-labbeli","9":"product_cat-neki","11":"first","12":"outofstock","13":"taxable","14":"shipping-taxable","15":"purchasable","16":"product-type-variable"},"acf":[],"_links":{"self":[{"href":"https:\/\/medandbeauty.com\/hu\/wp-json\/wp\/v2\/product\/457782","targetHints":{"allow":["GET"]}}],"collection":[{"href":"https:\/\/medandbeauty.com\/hu\/wp-json\/wp\/v2\/product"}],"about":[{"href":"https:\/\/medandbeauty.com\/hu\/wp-json\/wp\/v2\/types\/product"}],"replies":[{"embeddable":true,"href":"https:\/\/medandbeauty.com\/hu\/wp-json\/wp\/v2\/comments?post=457782"}],"wp:featuredmedia":[{"embeddable":true,"href":"https:\/\/medandbeauty.com\/hu\/wp-json\/wp\/v2\/media\/499385"}],"wp:attachment":[{"href":"https:\/\/medandbeauty.com\/hu\/wp-json\/wp\/v2\/media?parent=457782"}],"wp:term":[{"taxonomy":"kolor","embeddable":true,"href":"https:\/\/medandbeauty.com\/hu\/wp-json\/wp\/v2\/kolor?post=457782"},{"taxonomy":"rodzaj-ubrania","embeddable":true,"href":"https:\/\/medandbeauty.com\/hu\/wp-json\/wp\/v2\/rodzaj-ubrania?post=457782"},{"taxonomy":"ubranie","embeddable":true,"href":"https:\/\/medandbeauty.com\/hu\/wp-json\/wp\/v2\/ubranie?post=457782"},{"taxonomy":"product_brand","embeddable":true,"href":"https:\/\/medandbeauty.com\/hu\/wp-json\/wp\/v2\/product_brand?post=457782"},{"taxonomy":"product_cat","embeddable":true,"href":"https:\/\/medandbeauty.com\/hu\/wp-json\/wp\/v2\/product_cat?post=457782"},{"taxonomy":"product_tag","embeddable":true,"href":"https:\/\/medandbeauty.com\/hu\/wp-json\/wp\/v2\/product_tag?post=457782"}],"curies":[{"name":"wp","href":"https:\/\/api.w.org\/{rel}","templated":true}]}}