{"id":457842,"date":"2025-06-18T13:28:10","date_gmt":"2025-06-18T11:28:10","guid":{"rendered":"https:\/\/medandbeauty.com\/product\/premium-rovid-ujju-orvosi-boritekruha-spring-szinben\/"},"modified":"2026-03-31T08:17:45","modified_gmt":"2026-03-31T06:17:45","slug":"premium-rovid-ujju-orvosi-boritekruha-spring-szinben","status":"publish","type":"product","link":"https:\/\/medandbeauty.com\/hu\/product\/premium-rovid-ujju-orvosi-boritekruha-spring-szinben\/","title":{"rendered":"Pr\u00e9mium r\u00f6vid ujj\u00fa orvosi bor\u00edt\u00e9kruha SPRING sz\u00ednben"},"content":{"rendered":"<p>Forradalmas\u00edtjuk az orvosi \u00e9s a sz\u00e9ps\u00e9gipar im\u00e1zs\u00e1t a legkelend\u0151bb <strong>bor\u00edt\u00e9kruh\u00e1inkkal<\/strong>!<\/p>\n<p>Felejtse el a klasszikus <strong>orvosi egyenruh\u00e1kat<\/strong> &#8211; itt az ideje az eleg\u00e1ns \u00e9s rendk\u00edv\u00fcl k\u00e9nyelmes, <strong>r\u00f6vid ujj\u00fa orvosi bor\u00edt\u00e9kruh\u00e1knak<\/strong>.<\/p>\n<p>Tudta, hogy a betegek \u00e9s az \u00fcgyfelek egyre ink\u00e1bb odafigyelnek arra, hogyan \u00f6lt\u00f6zk\u00f6dik, amikor a munk\u00e1j\u00e1t v\u00e9gzi?<\/p>\n<p>Ha olyan <strong>orvosi ruh\u00e1t<\/strong> visel, amely rendezett \u00e9s hangs\u00falyozza a professzionalizmus\u00e1t, nemcsak a saj\u00e1t j\u00f3l\u00e9t\u00e9t jav\u00edtja, hanem a betegek \u00e9s az \u00fcgyfelek szem\u00e9ben is el\u0151nyre tesz szert.<\/p>\n<p>A <a href=\"https:\/\/medandbeauty.com\/hu\/shop\/neki\/premium-kollekcio\/\" target=\"_blank\" rel=\"noopener\">Premium kollekci\u00f3b\u00f3l<\/a> sz\u00e1rmaz\u00f3, <strong>s\u00e1ska sz\u00edn\u0171,<span style=\"font-weight: 400;\"><strong>r\u00f6vid ujj\u00fa orvosi bor\u00edt\u00e9kruha<\/strong> <\/span> <\/strong> 80% kiv\u00e1l\u00f3 min\u0151s\u00e9g\u0171 pamutb\u00f3l, nylonnal \u00e9s lycr\u00e1val kombin\u00e1lva k\u00e9sz\u00fclt. Az anyagban l\u00e9v\u0151 sz\u00e1lak ezen kombin\u00e1ci\u00f3ja l\u00e9g\u00e1tereszt\u0151, puha, sz\u00e9pen illeszkedik az alakhoz \u00e9s nem gy\u0171r\u0151dik. <\/p>\n<p><strong>A r\u00f6vid ujj\u00fa, heather bor\u00edt\u00e9kolt orvosi ruha<\/strong> nyakkiv\u00e1g\u00e1s\u00e1n\u00e1l egy rejtett z\u00e1r\u00f3elemet helyezt\u00fcnk el a nyakkiv\u00e1g\u00e1s r\u00f6gz\u00edt\u00e9s\u00e9re, \u00edgy biztos\u00edtva a teljes mozg\u00e1sszabads\u00e1got, m\u00e9g a zs\u00fafolt munkaid\u0151ben is.<\/p>\n<p>Tiszt\u00e1ban vagyunk annak fontoss\u00e1g\u00e1val, hogy az apr\u00f3 munkaeszk\u00f6z\u00f6k k\u00e9zn\u00e9l legyenek, ez\u00e9rt<strong> a heather r\u00f6vid ujj\u00fa orvosi bor\u00edt\u00e9kruha<\/strong> k\u00e9t t\u00e1gas \u00e9s praktikus zsebbel van ell\u00e1tva.<\/p>\n<p>A mellr\u00e9szen elhelyezett eleg\u00e1ns dombor\u00edt\u00e1sok \u00e9s a der\u00e9kr\u00e9szen hozz\u00e1adott der\u00e9k\u00f6v teszi ezt a <strong>r\u00f6vid ujj\u00fa, burok alak\u00fa orvosi ruh\u00e1t<\/strong> t\u00f6k\u00e9letesen illeszked\u0151v\u00e9 b\u00e1rmilyen t\u00edpus\u00fa n\u0151i alakhoz.<\/p>\n<ul>\n<li>K\u00e9t nagy, t\u00e1gas zseb<\/li>\n<li><span style=\"font-family: inherit;\">Der\u00e9kp\u00e1nt a t\u00f6k\u00e9letes illeszked\u00e9s\u00e9rt minden sziluetthez<\/span><\/li>\n<li><span style=\"font-family: inherit;\">Hossz t\u00e9rd el\u0151tt<\/span><\/li>\n<li><span style=\"font-family: inherit;\">Praktikus gomb a nyakkiv\u00e1g\u00e1sn\u00e1l a teljes k\u00e9nyelem \u00e9rdek\u00e9ben<\/span><\/li>\n<li><span style=\"font-family: inherit;\">H\u00edmz\u00e9ssel szem\u00e9lyre szabhat\u00f3<\/span><\/li>\n<\/ul>\n<p><strong>Tov\u00e1bbi inform\u00e1ci\u00f3k:<\/strong><br \/>\nA k\u00e9peken l\u00e1that\u00f3 modellek S-es m\u00e9retet viselnek, \u00e9s 170-174 cm magasak.<\/p>\n<p>Ha nem tudja, milyen m\u00e9retet v\u00e1lasszon &#8211; n\u00e9zze meg a m\u00e9rett\u00e1bl\u00e1zatot. Ha tov\u00e1bbi k\u00e9ts\u00e9gek mer\u00fclnek fel &#8211; k\u00fcldje el nek\u00fcnk a m\u00e9reteit, \u00e9s mi m\u00e9retre szabjuk \u00d6nnek. <\/p>\n<p>A <a href=\"https:\/\/medandbeauty.com\/hu\/shop\/neki\/premium-kollekcio\/\" target=\"_blank\" rel=\"noopener\">Premium kollekci\u00f3<\/a> ruhadarabjainak sz\u00ednei nem egyeznek a <a href=\"https:\/\/medandbeauty.com\/hu\/shop\/neki\/basic-kollekcio\/\" target=\"_blank\" rel=\"noopener\">Basic kollekci\u00f3<\/a> sz\u00edneivel &#8211; m\u00e1s anyagb\u00f3l k\u00e9sz\u00fcltek.<\/p>\n<p>A k\u00e9peken l\u00e1that\u00f3 egyes ruhadarabok \u00e1rnyalatai elt\u00e9rhetnek a t\u00e9nylegesekt\u0151l &#8211; ez a k\u00fcl\u00f6nb\u00f6z\u0151 elektronikus berendez\u00e9sek \u00e9s azok egyedi be\u00e1ll\u00edt\u00e1sai miatt van \u00edgy.<\/p>\n","protected":false},"excerpt":{"rendered":"<p>Forradalmas\u00edtjuk az orvosi \u00e9s a sz\u00e9ps\u00e9gipar im\u00e1zs\u00e1t a legkelend\u0151bb bor\u00edt\u00e9kruh\u00e1inkkal! Felejtse el a klasszikus orvosi egyenruh\u00e1kat &#8211; itt az ideje az eleg\u00e1ns \u00e9s rendk\u00edv\u00fcl k\u00e9nyelmes, r\u00f6vid ujj\u00fa orvosi bor\u00edt\u00e9kruh\u00e1knak. Tudta, hogy a betegek \u00e9s az \u00fcgyfelek egyre ink\u00e1bb odafigyelnek arra, hogyan \u00f6lt\u00f6zk\u00f6dik, amikor a munk\u00e1j\u00e1t v\u00e9gzi? Ha olyan orvosi ruh\u00e1t visel, amely rendezett \u00e9s hangs\u00falyozza [&hellip;]<\/p>\n","protected":false},"featured_media":468178,"comment_status":"open","ping_status":"closed","template":"","meta":{"_acf_changed":false,"inline_featured_image":false},"kolor":[1900],"rodzaj-ubrania":[1884],"ubranie":[1904],"product_brand":[],"product_cat":[1887,1903,1902],"product_tag":[],"class_list":{"0":"post-457842","1":"product","2":"type-product","3":"status-publish","4":"has-post-thumbnail","6":"kolor-rozsak","7":"rodzaj-ubrania-orvosi-ruhak","8":"ubranie-orvosi-boritek-ruha-rovid-ujju-premium","9":"product_cat-neki","10":"product_cat-orvosi-ruhak","11":"product_cat-premium-kollekcio","13":"first","14":"instock","15":"taxable","16":"shipping-taxable","17":"purchasable","18":"product-type-variable"},"acf":[],"_links":{"self":[{"href":"https:\/\/medandbeauty.com\/hu\/wp-json\/wp\/v2\/product\/457842","targetHints":{"allow":["GET"]}}],"collection":[{"href":"https:\/\/medandbeauty.com\/hu\/wp-json\/wp\/v2\/product"}],"about":[{"href":"https:\/\/medandbeauty.com\/hu\/wp-json\/wp\/v2\/types\/product"}],"replies":[{"embeddable":true,"href":"https:\/\/medandbeauty.com\/hu\/wp-json\/wp\/v2\/comments?post=457842"}],"wp:featuredmedia":[{"embeddable":true,"href":"https:\/\/medandbeauty.com\/hu\/wp-json\/wp\/v2\/media\/468178"}],"wp:attachment":[{"href":"https:\/\/medandbeauty.com\/hu\/wp-json\/wp\/v2\/media?parent=457842"}],"wp:term":[{"taxonomy":"kolor","embeddable":true,"href":"https:\/\/medandbeauty.com\/hu\/wp-json\/wp\/v2\/kolor?post=457842"},{"taxonomy":"rodzaj-ubrania","embeddable":true,"href":"https:\/\/medandbeauty.com\/hu\/wp-json\/wp\/v2\/rodzaj-ubrania?post=457842"},{"taxonomy":"ubranie","embeddable":true,"href":"https:\/\/medandbeauty.com\/hu\/wp-json\/wp\/v2\/ubranie?post=457842"},{"taxonomy":"product_brand","embeddable":true,"href":"https:\/\/medandbeauty.com\/hu\/wp-json\/wp\/v2\/product_brand?post=457842"},{"taxonomy":"product_cat","embeddable":true,"href":"https:\/\/medandbeauty.com\/hu\/wp-json\/wp\/v2\/product_cat?post=457842"},{"taxonomy":"product_tag","embeddable":true,"href":"https:\/\/medandbeauty.com\/hu\/wp-json\/wp\/v2\/product_tag?post=457842"}],"curies":[{"name":"wp","href":"https:\/\/api.w.org\/{rel}","templated":true}]}}