{"id":457952,"date":"2025-06-18T13:25:41","date_gmt":"2025-06-18T11:25:41","guid":{"rendered":"https:\/\/medandbeauty.com\/product\/orvosi-boritek-ruha-rovid-ujju-basic-lawendowa\/"},"modified":"2026-03-31T08:14:49","modified_gmt":"2026-03-31T06:14:49","slug":"orvosi-boritek-ruha-rovid-ujju-basic-lawendowa","status":"publish","type":"product","link":"https:\/\/medandbeauty.com\/hu\/product\/orvosi-boritek-ruha-rovid-ujju-basic-lawendowa\/","title":{"rendered":"Orvosi bor\u00edt\u00e9k ruha r\u00f6vid ujj\u00fa Basic LAWENDOWA"},"content":{"rendered":"<p>Forradalmas\u00edtjuk az orvosi \u00e9s a sz\u00e9ps\u00e9gipar im\u00e1zs\u00e1t a legkelend\u0151bb <strong>bor\u00edt\u00e9kruh\u00e1inkkal<\/strong>!<\/p>\n<p>Felejtse el a klasszikus <strong>orvosi egyenruh\u00e1kat<\/strong> &#8211; itt az ideje az eleg\u00e1ns \u00e9s rendk\u00edv\u00fcl k\u00e9nyelmes, <strong>r\u00f6vid ujj\u00fa orvosi bor\u00edt\u00e9kruh\u00e1knak<\/strong>.<\/p>\n<p>Tudta, hogy a betegek \u00e9s az \u00fcgyfelek egyre ink\u00e1bb odafigyelnek arra, hogyan \u00f6lt\u00f6zk\u00f6dik, amikor a munk\u00e1j\u00e1t v\u00e9gzi?<\/p>\n<p>Ha olyan <strong>orvosi ruh\u00e1t<\/strong> visel, amely rendezett \u00e9s hangs\u00falyozza a professzionalizmus\u00e1t, nemcsak a saj\u00e1t j\u00f3l\u00e9t\u00e9t jav\u00edtja, hanem a betegek \u00e9s az \u00fcgyfelek szem\u00e9ben is el\u0151nyre tesz szert.<\/p>\n<p><strong>A levendulasz\u00edn\u0171, r\u00f6vid ujj\u00fa, bor\u00edt\u00e9kolhat\u00f3 orvosi ruha<\/strong> a Basic kollekci\u00f3b\u00f3l k\u00e9sz\u00fclt, poli\u00e9szterb\u0151l, viszk\u00f3zb\u00f3l \u00e9s lycr\u00e1b\u00f3l. Az anyagban l\u00e9v\u0151 sz\u00e1lak e kombin\u00e1ci\u00f3ja l\u00e9g\u00e1tereszt\u0151, puha, sz\u00e9pen illeszkedik az alakhoz \u00e9s nem gy\u0171r\u0151dik. <\/p>\n<p><strong>A r\u00f6vid ujj\u00fa, bor\u00edt\u00e9kolhat\u00f3 orvosi ruha<\/strong> nyakkiv\u00e1g\u00e1s\u00e1n\u00e1l egy rejtett z\u00e1r\u00f3elemet helyezt\u00fcnk el, amely r\u00f6gz\u00edti a nyakkiv\u00e1g\u00e1st, \u00edgy garant\u00e1lva a teljes mozg\u00e1sszabads\u00e1got, m\u00e9g a zs\u00fafolt munkaid\u0151ben is.<\/p>\n<p>Tiszt\u00e1ban vagyunk annak fontoss\u00e1g\u00e1val, hogy az apr\u00f3 munkaeszk\u00f6z\u00f6k k\u00e9zn\u00e9l legyenek, ez\u00e9rt<strong> a levendulasz\u00edn\u0171, r\u00f6vid ujj\u00fa orvosi bor\u00edt\u00e9kruha<\/strong> k\u00e9t t\u00e1gas \u00e9s praktikus zsebbel van ell\u00e1tva.<\/p>\n<p>A mellr\u00e9szen elhelyezett eleg\u00e1ns dombor\u00edt\u00e1sok \u00e9s a der\u00e9kr\u00e9szen hozz\u00e1adott \u00f6v teszi<strong> a levendulasz\u00edn\u0171, r\u00f6vid ujj\u00fa, bor\u00edt\u00e9kolhat\u00f3 orvosi ruh\u00e1t<\/strong> t\u00f6k\u00e9letesen illeszked\u0151v\u00e9 b\u00e1rmilyen t\u00edpus\u00fa n\u0151i alakhoz.<\/p>\n<ul>\n<li>K\u00e9t nagy, t\u00e1gas zseb<\/li>\n<li><span style=\"font-family: inherit;\">Der\u00e9kp\u00e1nt a t\u00f6k\u00e9letes illeszked\u00e9s\u00e9rt minden sziluetthez<\/span><\/li>\n<li><span style=\"font-family: inherit;\">Hossz t\u00e9rd el\u0151tt<\/span><\/li>\n<li><span style=\"font-family: inherit;\">Praktikus gomb a nyakkiv\u00e1g\u00e1sn\u00e1l a teljes k\u00e9nyelem \u00e9rdek\u00e9ben<\/span><\/li>\n<li><span style=\"font-family: inherit;\">H\u00edmz\u00e9ssel szem\u00e9lyre szabhat\u00f3<\/span><\/li>\n<\/ul>\n<p><strong>Tov\u00e1bbi inform\u00e1ci\u00f3k:<\/strong><br \/>\nA k\u00e9pen l\u00e1that\u00f3 modell S-es m\u00e9retet visel \u00e9s 170 cm magas.<\/p>\n<p>Ha nem tudja, milyen m\u00e9retet v\u00e1lasszon &#8211; n\u00e9zze meg a m\u00e9rett\u00e1bl\u00e1zatot. Ha tov\u00e1bbi k\u00e9ts\u00e9gek mer\u00fclnek fel &#8211; k\u00fcldje el nek\u00fcnk a m\u00e9reteit, \u00e9s mi m\u00e9retre szabjuk \u00d6nnek. <\/p>\n<p>A <a href=\"https:\/\/medandbeauty.com\/hu\/shop\/neki\/basic-kollekcio\/\" target=\"_blank\" rel=\"noopener\">Basic kollekci\u00f3<\/a> ruhadarabjainak sz\u00ednei nem egyeznek a <a href=\"https:\/\/medandbeauty.com\/hu\/shop\/neki\/premium-kollekcio\/\" target=\"_blank\" rel=\"noopener\">Premium kollekci\u00f3<\/a> sz\u00edneivel &#8211; m\u00e1s anyagb\u00f3l k\u00e9sz\u00fcltek.<\/p>\n<p>A k\u00e9peken l\u00e1that\u00f3 egyes ruhadarabok \u00e1rnyalatai elt\u00e9rhetnek a t\u00e9nylegesekt\u0151l &#8211; ez a k\u00fcl\u00f6nb\u00f6z\u0151 elektronikus berendez\u00e9sek \u00e9s azok egyedi be\u00e1ll\u00edt\u00e1sai miatt van \u00edgy.<\/p>\n","protected":false},"excerpt":{"rendered":"<p>Forradalmas\u00edtjuk az orvosi \u00e9s a sz\u00e9ps\u00e9gipar im\u00e1zs\u00e1t a legkelend\u0151bb bor\u00edt\u00e9kruh\u00e1inkkal! Felejtse el a klasszikus orvosi egyenruh\u00e1kat &#8211; itt az ideje az eleg\u00e1ns \u00e9s rendk\u00edv\u00fcl k\u00e9nyelmes, r\u00f6vid ujj\u00fa orvosi bor\u00edt\u00e9kruh\u00e1knak. Tudta, hogy a betegek \u00e9s az \u00fcgyfelek egyre ink\u00e1bb odafigyelnek arra, hogyan \u00f6lt\u00f6zk\u00f6dik, amikor a munk\u00e1j\u00e1t v\u00e9gzi? Ha olyan orvosi ruh\u00e1t visel, amely rendezett \u00e9s hangs\u00falyozza [&hellip;]<\/p>\n","protected":false},"featured_media":457968,"comment_status":"open","ping_status":"closed","template":"","meta":{"_acf_changed":false,"inline_featured_image":false},"kolor":[1900],"rodzaj-ubrania":[1884],"ubranie":[1910],"product_brand":[],"product_cat":[1888,1887,1909],"product_tag":[],"class_list":{"0":"post-457952","1":"product","2":"type-product","3":"status-publish","4":"has-post-thumbnail","6":"kolor-rozsak","7":"rodzaj-ubrania-orvosi-ruhak","8":"ubranie-orvosi-boritek-ruha-rovid-ujju-basic","9":"product_cat-basic-kollekcio","10":"product_cat-neki","11":"product_cat-orvosi-ruhak-hu","13":"first","14":"instock","15":"taxable","16":"shipping-taxable","17":"purchasable","18":"product-type-variable"},"acf":[],"_links":{"self":[{"href":"https:\/\/medandbeauty.com\/hu\/wp-json\/wp\/v2\/product\/457952","targetHints":{"allow":["GET"]}}],"collection":[{"href":"https:\/\/medandbeauty.com\/hu\/wp-json\/wp\/v2\/product"}],"about":[{"href":"https:\/\/medandbeauty.com\/hu\/wp-json\/wp\/v2\/types\/product"}],"replies":[{"embeddable":true,"href":"https:\/\/medandbeauty.com\/hu\/wp-json\/wp\/v2\/comments?post=457952"}],"wp:featuredmedia":[{"embeddable":true,"href":"https:\/\/medandbeauty.com\/hu\/wp-json\/wp\/v2\/media\/457968"}],"wp:attachment":[{"href":"https:\/\/medandbeauty.com\/hu\/wp-json\/wp\/v2\/media?parent=457952"}],"wp:term":[{"taxonomy":"kolor","embeddable":true,"href":"https:\/\/medandbeauty.com\/hu\/wp-json\/wp\/v2\/kolor?post=457952"},{"taxonomy":"rodzaj-ubrania","embeddable":true,"href":"https:\/\/medandbeauty.com\/hu\/wp-json\/wp\/v2\/rodzaj-ubrania?post=457952"},{"taxonomy":"ubranie","embeddable":true,"href":"https:\/\/medandbeauty.com\/hu\/wp-json\/wp\/v2\/ubranie?post=457952"},{"taxonomy":"product_brand","embeddable":true,"href":"https:\/\/medandbeauty.com\/hu\/wp-json\/wp\/v2\/product_brand?post=457952"},{"taxonomy":"product_cat","embeddable":true,"href":"https:\/\/medandbeauty.com\/hu\/wp-json\/wp\/v2\/product_cat?post=457952"},{"taxonomy":"product_tag","embeddable":true,"href":"https:\/\/medandbeauty.com\/hu\/wp-json\/wp\/v2\/product_tag?post=457952"}],"curies":[{"name":"wp","href":"https:\/\/api.w.org\/{rel}","templated":true}]}}