{"id":458894,"date":"2025-02-05T12:18:23","date_gmt":"2025-02-05T11:18:23","guid":{"rendered":"https:\/\/medandbeauty.com\/product\/med-student-life-orvosi-zokni\/"},"modified":"2025-11-18T11:41:24","modified_gmt":"2025-11-18T10:41:24","slug":"med-student-life-orvosi-zokni","status":"publish","type":"product","link":"https:\/\/medandbeauty.com\/hu\/product\/med-student-life-orvosi-zokni\/","title":{"rendered":"MED STUDENT LIFE orvosi zokni"},"content":{"rendered":"<p><strong>\u00daJ a k\u00edn\u00e1latunkban<\/strong> &#8211; rendk\u00edv\u00fcl k\u00e9nyelmes <strong>orvosi zokni<\/strong>, amely hangs\u00falyozza a szakma ir\u00e1nti szenved\u00e9lyt!<\/p>\n<p>\u00d6n orvostanhallgat\u00f3? Eg\u00e9sz\u00edtse ki ruhat\u00e1r\u00e1t <strong>orvosi zoknikkal: Med Student Life!<\/strong> <\/p>\n<p><span style=\"font-weight: 400;\">Ha hossz\u00fa \u00e9s intenz\u00edv \u00f3r\u00e1kat t\u00f6ltesz a munkahelyeden, nem csak olyan<strong> orvosi ruh\u00e1zatra <\/strong>van sz\u00fcks\u00e9ged, amely maxim\u00e1lis k\u00e9nyelmet biztos\u00edt, hanem k\u00e9nyelmes \u00e9s l\u00e9legz\u0151 <strong>orvosi zoknikra<\/strong> is!<\/span><\/p>\n<p><b>A r\u00f3zsasz\u00edn Med Student Life orvosi zokni <\/b>80% kiv\u00e1l\u00f3 min\u0151s\u00e9g\u0171 pamutb\u00f3l, 17% poliamiddal \u00e9s 3% elaszt\u00e1nnal kombin\u00e1lva k\u00e9sz\u00fclt.<\/p>\n<p style=\"font-weight: 400;\">A sz\u00f6vetben l\u00e9v\u0151 sz\u00e1laknak ez a kever\u00e9ke teszi az anyagot nagyon tart\u00f3s, puha, kellemes tapint\u00e1s\u00fav\u00e1, alkalmazkodik a l\u00e1bfejhez, nem korl\u00e1tozza a mozg\u00e1st, \u00e9s &#8211; ami rendk\u00edv\u00fcl fontos az <strong>orvosi zoknik<\/strong> eset\u00e9ben &#8211; l\u00e9g\u00e1tereszt\u0151 \u00e9s l\u00e9legz\u0151.<\/p>\n<p>Orvosi zoknijaink szeg\u00e9lyei elasztikusak, \u00edgy haszn\u00e1lat k\u00f6zben nem nyomj\u00e1k a bok\u00e1t.<\/p>\n<p>Az orvosi zoknikon elhelyezett feliratok hangs\u00falyozz\u00e1k a szakmais\u00e1got \u00e9s a szakma ir\u00e1nti szeretetet.<\/p>\n<p>Biztos\u00edtsa a maxim\u00e1lis k\u00e9nyelmet \u00e9s komfortot a munkahely\u00e9n a<strong> Med Student Life orvosi zoknikkal!<\/strong><\/p>\n<ul>\n<li style=\"font-weight: 400;\">L\u00e9g\u00e1tereszt\u0151, l\u00e9legz\u0151 \u00e9s rugalmas anyag<\/li>\n<li>Egyedi design<\/li>\n<li>Elasztikus szeg\u00e9lyek<\/li>\n<li>A szakm\u00e1t kiemel\u0151 feliratok<\/li>\n<\/ul>\n<p><strong>Tov\u00e1bbi inform\u00e1ci\u00f3k:<\/strong><\/p>\n<p>A k\u00e9peken l\u00e1that\u00f3 zoknik \u00e1rnyalata elt\u00e9rhet a t\u00e9nyleges \u00e1rnyalatt\u00f3l &#8211; ez a k\u00fcl\u00f6nb\u00f6z\u0151 elektronikus berendez\u00e9sek \u00e9s azok egyedi be\u00e1ll\u00edt\u00e1sai miatt van \u00edgy.<\/p>\n","protected":false},"excerpt":{"rendered":"<p>\u00daJ a k\u00edn\u00e1latunkban &#8211; rendk\u00edv\u00fcl k\u00e9nyelmes orvosi zokni, amely hangs\u00falyozza a szakma ir\u00e1nti szenved\u00e9lyt! \u00d6n orvostanhallgat\u00f3? Eg\u00e9sz\u00edtse ki ruhat\u00e1r\u00e1t orvosi zoknikkal: Med Student Life! Ha hossz\u00fa \u00e9s intenz\u00edv \u00f3r\u00e1kat t\u00f6ltesz a munkahelyeden, nem csak olyan orvosi ruh\u00e1zatra van sz\u00fcks\u00e9ged, amely maxim\u00e1lis k\u00e9nyelmet biztos\u00edt, hanem k\u00e9nyelmes \u00e9s l\u00e9legz\u0151 orvosi zoknikra is! A r\u00f3zsasz\u00edn Med Student Life [&hellip;]<\/p>\n","protected":false},"featured_media":458904,"comment_status":"open","ping_status":"closed","template":"","meta":{"_acf_changed":false,"inline_featured_image":false},"kolor":[1900],"rodzaj-ubrania":[],"ubranie":[1933],"product_brand":[],"product_cat":[1887,1897],"product_tag":[],"class_list":{"0":"post-458894","1":"product","2":"type-product","3":"status-publish","4":"has-post-thumbnail","6":"kolor-rozsak","7":"ubranie-orvosi-zokni","8":"product_cat-neki","9":"product_cat-tartozekok","11":"first","12":"instock","13":"taxable","14":"shipping-taxable","15":"purchasable","16":"product-type-variable"},"acf":[],"_links":{"self":[{"href":"https:\/\/medandbeauty.com\/hu\/wp-json\/wp\/v2\/product\/458894","targetHints":{"allow":["GET"]}}],"collection":[{"href":"https:\/\/medandbeauty.com\/hu\/wp-json\/wp\/v2\/product"}],"about":[{"href":"https:\/\/medandbeauty.com\/hu\/wp-json\/wp\/v2\/types\/product"}],"replies":[{"embeddable":true,"href":"https:\/\/medandbeauty.com\/hu\/wp-json\/wp\/v2\/comments?post=458894"}],"wp:featuredmedia":[{"embeddable":true,"href":"https:\/\/medandbeauty.com\/hu\/wp-json\/wp\/v2\/media\/458904"}],"wp:attachment":[{"href":"https:\/\/medandbeauty.com\/hu\/wp-json\/wp\/v2\/media?parent=458894"}],"wp:term":[{"taxonomy":"kolor","embeddable":true,"href":"https:\/\/medandbeauty.com\/hu\/wp-json\/wp\/v2\/kolor?post=458894"},{"taxonomy":"rodzaj-ubrania","embeddable":true,"href":"https:\/\/medandbeauty.com\/hu\/wp-json\/wp\/v2\/rodzaj-ubrania?post=458894"},{"taxonomy":"ubranie","embeddable":true,"href":"https:\/\/medandbeauty.com\/hu\/wp-json\/wp\/v2\/ubranie?post=458894"},{"taxonomy":"product_brand","embeddable":true,"href":"https:\/\/medandbeauty.com\/hu\/wp-json\/wp\/v2\/product_brand?post=458894"},{"taxonomy":"product_cat","embeddable":true,"href":"https:\/\/medandbeauty.com\/hu\/wp-json\/wp\/v2\/product_cat?post=458894"},{"taxonomy":"product_tag","embeddable":true,"href":"https:\/\/medandbeauty.com\/hu\/wp-json\/wp\/v2\/product_tag?post=458894"}],"curies":[{"name":"wp","href":"https:\/\/api.w.org\/{rel}","templated":true}]}}