{"id":459030,"date":"2025-04-16T13:46:33","date_gmt":"2025-04-16T11:46:33","guid":{"rendered":"https:\/\/medandbeauty.com\/product\/noi-orvosi-bluz-mutosruha-basic-one-pocket-chocolate\/"},"modified":"2026-04-06T23:35:15","modified_gmt":"2026-04-06T21:35:15","slug":"noi-orvosi-bluz-mutosruha-basic-one-pocket-chocolate","status":"publish","type":"product","link":"https:\/\/medandbeauty.com\/hu\/product\/noi-orvosi-bluz-mutosruha-basic-one-pocket-chocolate\/","title":{"rendered":"N\u0151i orvosi bl\u00faz m\u0171t\u0151sruha Basic One Pocket CHOCOLATE"},"content":{"rendered":"<p>Klasszikus \u00e9s megb\u00edzhat\u00f3 <a href=\"https:\/\/medandbeauty.com\/hu\/shop\/neki\/basic-kollekcio\/?rodzaj-ubrania=bluzki-medyczne\" target=\"_blank\" rel=\"noopener\"><strong>orvosi bl\u00fazok a Med &amp; Beauty Basic kollekci\u00f3b\u00f3l<\/strong><\/a> most One Pocket v\u00e1ltozatban is el\u00e9rhet\u0151!<\/p>\n<p>Ha hossz\u00fa \u00e9s intenz\u00edv \u00f3r\u00e1kat t\u00f6lt a munkahely\u00e9n, olyan orvosi ruh\u00e1zatra van sz\u00fcks\u00e9ge, amely maxim\u00e1lis k\u00e9nyelmet biztos\u00edt. <strong>A csokol\u00e1d\u00e9 sz\u00edn\u0171 Scrubs Basic One Pocket n\u0151i orvosi bl\u00faz<\/strong>a legjobb min\u0151s\u00e9g\u0171 anyagb\u00f3l <strong> <span style=\"font-weight: 400;\">k\u00e9sz\u00fclt<\/span><\/strong>.<\/p>\n<p>A poli\u00e9szter, a viszk\u00f3z \u00e9s a lycra kombin\u00e1ci\u00f3j\u00e1nak k\u00f6sz\u00f6nhet\u0151en az anyag nagyon tart\u00f3s, puha, kellemes tapint\u00e1s\u00fa, alkalmazkodik b\u00e1rmilyen t\u00edpus\u00fa n\u0151i alakhoz, nem korl\u00e1tozza a mozg\u00e1st, \u00e9s &#8211; ami rendk\u00edv\u00fcl fontos az <strong>orvosi ruh\u00e1zat<\/strong> eset\u00e9ben &#8211; l\u00e9g\u00e1tereszt\u0151 \u00e9s l\u00e9legz\u0151.<\/p>\n<p><strong>A n\u0151i m\u0171t\u0151sruha Basic One Pocket csokol\u00e1d\u00e9 orvosi bl\u00faz <\/strong>t\u00f6k\u00e9letes alapot biztos\u00edt egy megb\u00edzhat\u00f3 \u00e9s id\u0151t\u00e1ll\u00f3 <strong>orvosi ruhat\u00e1rhoz<\/strong>.<\/p>\n<p>Az egy mellzsebbel rendelkez\u0151 p\u00f3l\u00f3t szabadon bet\u0171rheti orvosi nadr\u00e1gj\u00e1ba, \u00edgy sportos \u00e9s modern megjelen\u00e9st biztos\u00edthat.<\/p>\n<p>A klasszikus V-nyak optikailag meghosszabb\u00edtja a sziluettet, a keskeny\u00edtett der\u00e9kvonal kiemeli az alak el\u0151nyeit, az ujjak hossza (majdnem k\u00f6ny\u00e9kig \u00e9r) pedig v\u00e9delmet ny\u00fajt a v\u00e1llaknak an\u00e9lk\u00fcl, hogy korl\u00e1tozn\u00e1 a mozg\u00e1st.<\/p>\n<p><strong>A csokol\u00e1d\u00e9 sz\u00edn\u0171 Basic One Pocket orvosi bl\u00faz <\/strong><strong>remek\u00fcl<\/strong><strong>mutat<\/strong> az \u00faj,<strong> h\u00faz\u00f3zsin\u00f3ros derek\u00fa <\/strong><strong>orvosi joggerrel<\/strong>, valamint <strong>a<\/strong> klasszikus <strong>egyenes orvosi nadr\u00e1ggal vagy<\/strong> <strong>a<\/strong> <strong>sz\u00e9les<\/strong> <strong>orvosi nadr\u00e1ggal ugyanabban a sz\u00ednben<\/strong>.<\/p>\n<p><strong>Az egyzsebes csokol\u00e1d\u00e9 orvosi bl\u00fazt <\/strong>a kollekci\u00f3 b\u00e1rmely m\u00e1s \u00e1rnyalat\u00e1val is kombin\u00e1lhatja. <a href=\"https:\/\/medandbeauty.com\/hu\/shop\/neki\/basic-kollekcio\/\" target=\"_blank\" rel=\"noopener\"><strong>Med &amp; Beauty Basic<\/strong><\/a>.<\/p>\n<p>Ne felejtse el megn\u00e9zni a tan\u00fas\u00edtott \u00e9s l\u00e9g\u00e1tereszt\u0151 anyagb\u00f3l k\u00e9sz\u00fclt meleg, gyapj\u00fa <a href=\"https:\/\/medandbeauty.com\/hu\/shop\/neki\/basic-kollekcio\/orvosi-bluzok-hu\/\" target=\"_blank\" rel=\"noopener\">orvosi meleg\u00edt\u0151 pul\u00f3vereinket<\/a> is!<\/p>\n<p>Biztos\u00edtsa a maxim\u00e1lis k\u00e9nyelmet \u00e9s a professzion\u00e1lis megjelen\u00e9st a munkahely\u00e9n az<strong> orvosi m\u0171t\u0151sruh\u00e1val.<\/strong> <a href=\"https:\/\/medandbeauty.com\/hu\/shop\/neki\/basic-kollekcio\/\" target=\"_blank\" rel=\"noopener\"><strong>Med &amp; Beauty Basic<\/strong><\/a>.<\/p>\n<ul>\n<li>Egy praktikus mellzseb<\/li>\n<li><span style=\"font-family: inherit;\">Kont\u00faros der\u00e9kr\u00e9sz<\/span><\/li>\n<li><span style=\"font-family: inherit;\">Klasszikus v-nyak\u00fa<\/span><\/li>\n<li><span style=\"font-family: inherit;\">K\u00e9nyelmes, r\u00f6vid ujj\u00fa<\/span><\/li>\n<\/ul>\n<p>&nbsp;<\/p>\n<p><strong>Tov\u00e1bbi inform\u00e1ci\u00f3k:<\/strong><br \/>\nA k\u00e9peken l\u00e1that\u00f3 modellek S-es m\u00e9retet viselnek, \u00e9s 170-174 cm magasak.<\/p>\n<p>Ha nem tudja, milyen m\u00e9retet v\u00e1lasszon &#8211; n\u00e9zze meg a m\u00e9rett\u00e1bl\u00e1zatot. Ha tov\u00e1bbi k\u00e9ts\u00e9gek mer\u00fclnek fel &#8211; k\u00fcldje el nek\u00fcnk a m\u00e9reteit, \u00e9s mi m\u00e9retre szabjuk \u00d6nnek. <\/p>\n<p>A <a href=\"https:\/\/medandbeauty.com\/hu\/shop\/neki\/basic-kollekcio\/\" target=\"_blank\" rel=\"noopener\">Basic kollekci\u00f3<\/a> ruhadarabjainak sz\u00ednei nem egyeznek a<a href=\"https:\/\/medandbeauty.com\/hu\/shop\/neki\/premium-kollekcio\/\" target=\"_blank\" rel=\"noopener\"> Premium kollekci\u00f3<\/a> sz\u00edneivel &#8211; m\u00e1s anyagb\u00f3l k\u00e9sz\u00fcltek.<\/p>\n<p>A k\u00e9peken l\u00e1that\u00f3 egyes ruhadarabok \u00e1rnyalatai elt\u00e9rhetnek a t\u00e9nylegesekt\u0151l &#8211; ez a k\u00fcl\u00f6nb\u00f6z\u0151 elektronikus berendez\u00e9sek \u00e9s azok egyedi be\u00e1ll\u00edt\u00e1sai miatt van \u00edgy.<\/p>\n<p><strong>16.04.2025 &#8211; \u00faj anyagsz\u00e1ll\u00edt\u00e1s. Az ezen id\u0151pont el\u0151tt leadott megrendel\u00e9sekb\u0151l sz\u00e1rmaz\u00f3 term\u00e9kek sz\u00edne n\u00e9mileg elt\u00e9rhet az aktu\u00e1lis \u00e1rnyalathoz k\u00e9pest. <\/strong><\/p>\n","protected":false},"excerpt":{"rendered":"<p>Klasszikus \u00e9s megb\u00edzhat\u00f3 orvosi bl\u00fazok a Med &amp; Beauty Basic kollekci\u00f3b\u00f3l most One Pocket v\u00e1ltozatban is el\u00e9rhet\u0151! Ha hossz\u00fa \u00e9s intenz\u00edv \u00f3r\u00e1kat t\u00f6lt a munkahely\u00e9n, olyan orvosi ruh\u00e1zatra van sz\u00fcks\u00e9ge, amely maxim\u00e1lis k\u00e9nyelmet biztos\u00edt. A csokol\u00e1d\u00e9 sz\u00edn\u0171 Scrubs Basic One Pocket n\u0151i orvosi bl\u00faza legjobb min\u0151s\u00e9g\u0171 anyagb\u00f3l k\u00e9sz\u00fclt. A poli\u00e9szter, a viszk\u00f3z \u00e9s a lycra [&hellip;]<\/p>\n","protected":false},"featured_media":459035,"comment_status":"open","ping_status":"closed","template":"","meta":{"_acf_changed":false,"inline_featured_image":false},"kolor":[1896],"rodzaj-ubrania":[1877],"ubranie":[1908],"product_brand":[],"product_cat":[1888,1887,1890],"product_tag":[],"class_list":{"0":"post-459030","1":"product","2":"type-product","3":"status-publish","4":"has-post-thumbnail","6":"kolor-browns-hu","7":"rodzaj-ubrania-orvosi-bluzok","8":"ubranie-noi-orvosi-bluz-mutosruha-alapveto-egy-zsebben","9":"product_cat-basic-kollekcio","10":"product_cat-neki","11":"product_cat-orvosi-bluzok","13":"first","14":"instock","15":"taxable","16":"shipping-taxable","17":"purchasable","18":"product-type-variable"},"acf":[],"_links":{"self":[{"href":"https:\/\/medandbeauty.com\/hu\/wp-json\/wp\/v2\/product\/459030","targetHints":{"allow":["GET"]}}],"collection":[{"href":"https:\/\/medandbeauty.com\/hu\/wp-json\/wp\/v2\/product"}],"about":[{"href":"https:\/\/medandbeauty.com\/hu\/wp-json\/wp\/v2\/types\/product"}],"replies":[{"embeddable":true,"href":"https:\/\/medandbeauty.com\/hu\/wp-json\/wp\/v2\/comments?post=459030"}],"wp:featuredmedia":[{"embeddable":true,"href":"https:\/\/medandbeauty.com\/hu\/wp-json\/wp\/v2\/media\/459035"}],"wp:attachment":[{"href":"https:\/\/medandbeauty.com\/hu\/wp-json\/wp\/v2\/media?parent=459030"}],"wp:term":[{"taxonomy":"kolor","embeddable":true,"href":"https:\/\/medandbeauty.com\/hu\/wp-json\/wp\/v2\/kolor?post=459030"},{"taxonomy":"rodzaj-ubrania","embeddable":true,"href":"https:\/\/medandbeauty.com\/hu\/wp-json\/wp\/v2\/rodzaj-ubrania?post=459030"},{"taxonomy":"ubranie","embeddable":true,"href":"https:\/\/medandbeauty.com\/hu\/wp-json\/wp\/v2\/ubranie?post=459030"},{"taxonomy":"product_brand","embeddable":true,"href":"https:\/\/medandbeauty.com\/hu\/wp-json\/wp\/v2\/product_brand?post=459030"},{"taxonomy":"product_cat","embeddable":true,"href":"https:\/\/medandbeauty.com\/hu\/wp-json\/wp\/v2\/product_cat?post=459030"},{"taxonomy":"product_tag","embeddable":true,"href":"https:\/\/medandbeauty.com\/hu\/wp-json\/wp\/v2\/product_tag?post=459030"}],"curies":[{"name":"wp","href":"https:\/\/api.w.org\/{rel}","templated":true}]}}