{"id":459173,"date":"2025-05-29T10:25:40","date_gmt":"2025-05-29T08:25:40","guid":{"rendered":"https:\/\/medandbeauty.com\/product\/noi-orvosi-kopeny-lab-premium\/"},"modified":"2025-12-23T11:13:57","modified_gmt":"2025-12-23T10:13:57","slug":"noi-orvosi-kopeny-lab-premium","status":"publish","type":"product","link":"https:\/\/medandbeauty.com\/hu\/product\/noi-orvosi-kopeny-lab-premium\/","title":{"rendered":"N\u0151i orvosi k\u00f6peny LAB Premium"},"content":{"rendered":"<p><strong>A feh\u00e9r LAB Premium orvosi k\u00f6t\u00e9ny<\/strong> a t\u00f6k\u00e9letes orvosi egyenruhamodell minden olyan n\u0151 sz\u00e1m\u00e1ra, aki az orvosi \u00e9s sz\u00e9ps\u00e9giparban dolgozik, \u00e9s aki \u00e9rt\u00e9keli a klasszikus \u00e9s minimalista szab\u00e1sokat.<\/p>\n<p><strong>A feh\u00e9r LAB Premium orvosi k\u00f6t\u00e9ny<\/strong> a legjobb min\u0151s\u00e9g\u0171 pamut, nejlon \u00e9s lycra kever\u00e9k\u00e9b\u0151l k\u00e9sz\u00fclt.<\/p>\n<p>A sz\u00e1laknak ez a kombin\u00e1ci\u00f3ja a sz\u00f6vetben <a href=\"https:\/\/medandbeauty.com\/hu\/shop\/neki\/premium-kollekcio\/\" target=\"_blank\" rel=\"noopener\"><strong>Med &amp; Beauty Pr\u00e9mium orvosi ruh\u00e1zat <\/strong><\/a>l\u00e9g\u00e1tereszt\u0151, t\u00f6k\u00e9letesen alkalmazkodik minden t\u00edpus\u00fa n\u0151i alakhoz, \u00e9s teljes k\u00e9nyelmet biztos\u00edt a hossz\u00fa munka\u00f3r\u00e1k alatt.<\/p>\n<p>A <strong>Med &amp; Beauty<\/strong> \u00e1ltal gy\u00e1rtott <strong>orvosi fels\u0151ruh\u00e1zat<\/strong> minden modellje praktikus \u00e9s t\u00e1gas zsebekkel van felszerelve, hogy minden apr\u00f3s\u00e1got k\u00e9zn\u00e9l tarthasson.<\/p>\n<p>A pr\u00e9mium kollekci\u00f3b\u00f3l sz\u00e1rmaz\u00f3 <strong>feh\u00e9r LAB orvosi k\u00f6t\u00e9ny<\/strong> nagy \u00e9rt\u00e9kes\u00edt\u00e9si pontjai a hossz\u00fa, egyenes ujjak, az alakhoz t\u00f6k\u00e9letesen illeszked\u0151 hossz \u00e9s a k\u00e9nyelmes gombos r\u00f6gz\u00edt\u00e9s.<\/p>\n<p>A <strong>Med &amp;<\/strong> Beauty-n\u00e1l nemcsak a visel\u00e9si k\u00e9nyelemre, hanem az eszt\u00e9tikus \u00e9s professzion\u00e1lis megjelen\u00e9sre is \u00f6sszpontos\u00edtunk. <strong>A feh\u00e9r LAB Premium orvosi k\u00f6t\u00e9ny<\/strong> karcs\u00fa szab\u00e1sa t\u00f6k\u00e9letesen kiemeli a n\u0151i alak minden el\u0151ny\u00e9t, \u00e9s klasszikus, eleg\u00e1ns nyakkiv\u00e1g\u00e1ssal rendelkezik.<\/p>\n<p><strong>A feh\u00e9r LAB Premium orvosi k\u00f6peny<\/strong> nagyszer\u0171en n\u00e9z ki a k\u00f6vetkez\u0151 ruh\u00e1kkal <a href=\"https:\/\/medandbeauty.com\/produkt\/spodnie-medyczne-damskie-przylegajace-premium-biale\/\" target=\"_blank\" rel=\"noopener\"><strong>a hozz\u00e1 ill\u0151 orvosi nadr\u00e1ggal<\/strong><\/a>amely ugyanabb\u00f3l az anyagb\u00f3l k\u00e9sz\u00fclt.<\/p>\n<p>P\u00e1ros\u00edtsa <strong>az orvosi nadr\u00e1got<\/strong> ugyanabban a feh\u00e9r sz\u00ednben, vagy a k\u00edn\u00e1latunkban el\u00e9rhet\u0151 sz\u00e1mos \u00e1rnyalat k\u00f6z\u00fcl b\u00e1rmelyikhez.<\/p>\n<ul>\n<li>Eleg\u00e1ns gall\u00e9r<\/li>\n<li><span style=\"font-family: inherit;\">R\u00f6vid, karcs\u00fa szab\u00e1s\u00fa<\/span><\/li>\n<li><span style=\"font-family: inherit;\">N\u00e9gy t\u00e1gas zseb &#8211; egy a mellkason, kett\u0151 az oldal\u00e1n \u00e9s egy rejtett zseb a bels\u0151 oldalon.<\/span><\/li>\n<li><span style=\"font-family: inherit;\">Hossz\u00fa ujj\u00fa \u00e9s gombos z\u00e1r\u00f3d\u00e1s\u00fa<\/span><\/li>\n<li><span style=\"font-family: inherit;\">H\u00edmz\u00e9ssel szem\u00e9lyre szabhat\u00f3<\/span><\/li>\n<\/ul>\n<p>&nbsp;<\/p>\n<p><strong>Tov\u00e1bbi inform\u00e1ci\u00f3k:<\/strong><br \/>\nA k\u00e9peken l\u00e1that\u00f3 modellek S-es m\u00e9retet viselnek, \u00e9s 170-174 cm magasak.<\/p>\n<p>Ha nem tudja, milyen m\u00e9retet v\u00e1lasszon &#8211; n\u00e9zze meg a m\u00e9rett\u00e1bl\u00e1zatot. Ha tov\u00e1bbi k\u00e9ts\u00e9gek mer\u00fclnek fel &#8211; k\u00fcldje el nek\u00fcnk a m\u00e9reteit, \u00e9s mi m\u00e9retre szabjuk \u00d6nnek. <\/p>\n<p>A <a href=\"https:\/\/medandbeauty.com\/hu\/shop\/neki\/premium-kollekcio\/\" target=\"_blank\" rel=\"noopener\">Premium kollekci\u00f3<\/a> ruhadarabjainak sz\u00ednei nem egyeznek a <a href=\"https:\/\/medandbeauty.com\/hu\/shop\/neki\/basic-kollekcio\/\" target=\"_blank\" rel=\"noopener\">Basic kollekci\u00f3<\/a> sz\u00edneivel &#8211; m\u00e1s anyagb\u00f3l k\u00e9sz\u00fcltek.<\/p>\n<p>A k\u00e9peken l\u00e1that\u00f3 egyes ruhadarabok \u00e1rnyalatai elt\u00e9rhetnek a t\u00e9nylegesekt\u0151l &#8211; ez a k\u00fcl\u00f6nb\u00f6z\u0151 elektronikus berendez\u00e9sek \u00e9s azok egyedi be\u00e1ll\u00edt\u00e1sai miatt van \u00edgy.<\/p>\n","protected":false},"excerpt":{"rendered":"<p>A feh\u00e9r LAB Premium orvosi k\u00f6t\u00e9ny a t\u00f6k\u00e9letes orvosi egyenruhamodell minden olyan n\u0151 sz\u00e1m\u00e1ra, aki az orvosi \u00e9s sz\u00e9ps\u00e9giparban dolgozik, \u00e9s aki \u00e9rt\u00e9keli a klasszikus \u00e9s minimalista szab\u00e1sokat. A feh\u00e9r LAB Premium orvosi k\u00f6t\u00e9ny a legjobb min\u0151s\u00e9g\u0171 pamut, nejlon \u00e9s lycra kever\u00e9k\u00e9b\u0151l k\u00e9sz\u00fclt. A sz\u00e1laknak ez a kombin\u00e1ci\u00f3ja a sz\u00f6vetben Med &amp; Beauty Pr\u00e9mium orvosi [&hellip;]<\/p>\n","protected":false},"featured_media":459184,"comment_status":"open","ping_status":"closed","template":"","meta":{"_acf_changed":false,"inline_featured_image":false},"kolor":[1930],"rodzaj-ubrania":[1879],"ubranie":[1937],"product_brand":[],"product_cat":[1887,1936,1902],"product_tag":[],"class_list":{"0":"post-459173","1":"product","2":"type-product","3":"status-publish","4":"has-post-thumbnail","6":"kolor-feherek","7":"rodzaj-ubrania-orvosi-kopenyek","8":"ubranie-noi-orvosi-kopeny-lab-premium","9":"product_cat-neki","10":"product_cat-orvosi-kopenyek","11":"product_cat-premium-kollekcio","13":"first","14":"instock","15":"taxable","16":"shipping-taxable","17":"purchasable","18":"product-type-variable"},"acf":[],"_links":{"self":[{"href":"https:\/\/medandbeauty.com\/hu\/wp-json\/wp\/v2\/product\/459173","targetHints":{"allow":["GET"]}}],"collection":[{"href":"https:\/\/medandbeauty.com\/hu\/wp-json\/wp\/v2\/product"}],"about":[{"href":"https:\/\/medandbeauty.com\/hu\/wp-json\/wp\/v2\/types\/product"}],"replies":[{"embeddable":true,"href":"https:\/\/medandbeauty.com\/hu\/wp-json\/wp\/v2\/comments?post=459173"}],"wp:featuredmedia":[{"embeddable":true,"href":"https:\/\/medandbeauty.com\/hu\/wp-json\/wp\/v2\/media\/459184"}],"wp:attachment":[{"href":"https:\/\/medandbeauty.com\/hu\/wp-json\/wp\/v2\/media?parent=459173"}],"wp:term":[{"taxonomy":"kolor","embeddable":true,"href":"https:\/\/medandbeauty.com\/hu\/wp-json\/wp\/v2\/kolor?post=459173"},{"taxonomy":"rodzaj-ubrania","embeddable":true,"href":"https:\/\/medandbeauty.com\/hu\/wp-json\/wp\/v2\/rodzaj-ubrania?post=459173"},{"taxonomy":"ubranie","embeddable":true,"href":"https:\/\/medandbeauty.com\/hu\/wp-json\/wp\/v2\/ubranie?post=459173"},{"taxonomy":"product_brand","embeddable":true,"href":"https:\/\/medandbeauty.com\/hu\/wp-json\/wp\/v2\/product_brand?post=459173"},{"taxonomy":"product_cat","embeddable":true,"href":"https:\/\/medandbeauty.com\/hu\/wp-json\/wp\/v2\/product_cat?post=459173"},{"taxonomy":"product_tag","embeddable":true,"href":"https:\/\/medandbeauty.com\/hu\/wp-json\/wp\/v2\/product_tag?post=459173"}],"curies":[{"name":"wp","href":"https:\/\/api.w.org\/{rel}","templated":true}]}}