{"id":459231,"date":"2025-05-26T11:59:33","date_gmt":"2025-05-26T09:59:33","guid":{"rendered":"https:\/\/medandbeauty.com\/product\/noi-orvosi-nadrag-flare-premium-feher\/"},"modified":"2026-02-17T15:27:37","modified_gmt":"2026-02-17T14:27:37","slug":"noi-orvosi-nadrag-flare-premium-feher","status":"publish","type":"product","link":"https:\/\/medandbeauty.com\/hu\/product\/noi-orvosi-nadrag-flare-premium-feher\/","title":{"rendered":"N\u0151i orvosi nadr\u00e1g Flare Premium FEH\u00c9R"},"content":{"rendered":"<p>Most kaphat\u00f3 &#8211; a legkelend\u0151bb <strong>orvosi nadr\u00e1gunk mostant\u00f3l FLARE b\u0151v\u00edtett szab\u00e1sban!<\/strong><\/p>\n<p><span style=\"color: #000000;\">Ha a legjobb min\u0151s\u00e9g\u0171 anyagokb\u00f3l k\u00e9sz\u00fclt orvosi ruh\u00e1zatot szeretne a maxim\u00e1lis k\u00e9nyelem \u00e9rdek\u00e9ben &#8211; a mi<strong> <\/strong> oldalunkon. <\/span><strong><span style=\"color: #000000;\">Flare Premium orvosi nadr\u00e1g feh\u00e9r sz\u00ednben<\/span><\/strong><span style=\"color: #000000;\"> k\u00f6telez\u0151 darab a ruhat\u00e1r\u00e1ban.<\/span><\/p>\n<p style=\"color: #000000;\"><strong>N\u0151i orvosi nadr\u00e1g Flare m\u0171t\u0151sruha Basic feh\u00e9r <\/strong>m\u00e1r varrtak<span style=\"color: #333333; font-family: inherit;\">  80%-ban kiv\u00e1l\u00f3 min\u0151s\u00e9g\u0171 pamutb\u00f3l, nylonnal \u00e9s lycr\u00e1val kombin\u00e1lva. Az anyagban l\u00e9v\u0151 sz\u00e1lak e kombin\u00e1ci\u00f3ja l\u00e9g\u00e1tereszt\u0151, puha, sz\u00e9pen illeszkedik az alakhoz, \u00e9s nem gy\u0171r\u0151dik. <\/span><\/p>\n<p><span style=\"color: #000000;\">100%-os k\u00e9nyelmet garant\u00e1l a finoman magas der\u00e9kr\u00e9sz \u00e9s a sz\u00e9les, rugalmas der\u00e9kp\u00e1nt.<\/span><strong style=\"color: #000000;\">. <\/strong> <\/p>\n<p><strong><span style=\"color: #000000;\">Flare Premium orvosi nadr\u00e1g a Med &amp; Beauty-t\u00f3l<\/span><\/strong><span style=\"color: #000000;\"> nem korl\u00e1tozza a mozg\u00e1st, m\u00e9g hosszan tart\u00f3 visel\u00e9s eset\u00e9n sem.<\/span><\/p>\n<p><span style=\"color: #000000;\">\u00c1ll\u00edtsa \u00f6ssze \u00e1lmai szettj\u00e9t <\/span><strong style=\"color: #000000;\">az orvosi ruh\u00e1zatb\u00f3l<\/strong><span style=\"color: #000000;\">a  oldalon<\/span><strong><span style=\"color: #000000;\"> feh\u00e9r Flare orvosi nadr\u00e1g bor\u00edt\u00e9kolhat\u00f3 orvosi tunik\u00e1val <\/span><\/strong><span style=\"color: #000000;\">ugyanabb\u00f3l az anyagb\u00f3l.<\/span><\/p>\n<p style=\"color: #000000;\">Keverje szabadon a sz\u00edneket, \u00e9s hozzon l\u00e9tre egyedi megjelen\u00e9st, vagy v\u00e1lasszon klasszikus \u00e9s id\u0151tlen egysz\u00edn\u0171 megjelen\u00e9st.<\/p>\n<ul style=\"color: #000000;\">\n<li>Elasztikus der\u00e9kp\u00e1nt<\/li>\n<li><span style=\"font-family: inherit;\">Kiterjesztett l\u00e1bak<\/span><\/li>\n<li><span style=\"font-family: inherit;\">Nagy emelked\u00e9s az alak hangs\u00falyoz\u00e1s\u00e1ra<\/span><\/li>\n<\/ul>\n<p style=\"color: #000000;\"><strong>Tov\u00e1bbi inform\u00e1ci\u00f3k:<\/strong><br \/>\nA k\u00e9peken l\u00e1that\u00f3 modellek S-es m\u00e9retet viselnek, \u00e9s 170-174 cm magasak.<\/p>\n<p style=\"color: #000000;\">Ha nem tudja, milyen m\u00e9retet v\u00e1lasszon &#8211; n\u00e9zze meg a m\u00e9rett\u00e1bl\u00e1zatot. Ha tov\u00e1bbi k\u00e9ts\u00e9gek mer\u00fclnek fel &#8211; k\u00fcldje el nek\u00fcnk a m\u00e9reteit, \u00e9s mi m\u00e9retre szabjuk \u00d6nnek. <\/p>\n<p style=\"color: #000000;\">A<a href=\"https:\/\/medandbeauty.com\/hu\/shop\/neki\/basic-kollekcio\/\" target=\"_blank\" rel=\"noopener\"> Basic kollekci\u00f3<\/a> ruhadarabjainak sz\u00ednei nem egyeznek a <a href=\"https:\/\/medandbeauty.com\/hu\/shop\/neki\/premium-kollekcio\/\" target=\"_blank\" rel=\"noopener\">Premium kollekci\u00f3<\/a> sz\u00edneivel &#8211; m\u00e1s anyagb\u00f3l k\u00e9sz\u00fcltek.<\/p>\n<p style=\"color: #000000;\">A k\u00e9peken l\u00e1that\u00f3 egyes ruhadarabok \u00e1rnyalatai elt\u00e9rhetnek a t\u00e9nylegesekt\u0151l &#8211; ez a k\u00fcl\u00f6nb\u00f6z\u0151 elektronikus berendez\u00e9sek \u00e9s azok egyedi be\u00e1ll\u00edt\u00e1sai miatt van \u00edgy.<\/p>\n","protected":false},"excerpt":{"rendered":"<p>Most kaphat\u00f3 &#8211; a legkelend\u0151bb orvosi nadr\u00e1gunk mostant\u00f3l FLARE b\u0151v\u00edtett szab\u00e1sban! Ha a legjobb min\u0151s\u00e9g\u0171 anyagokb\u00f3l k\u00e9sz\u00fclt orvosi ruh\u00e1zatot szeretne a maxim\u00e1lis k\u00e9nyelem \u00e9rdek\u00e9ben &#8211; a mi oldalunkon. Flare Premium orvosi nadr\u00e1g feh\u00e9r sz\u00ednben k\u00f6telez\u0151 darab a ruhat\u00e1r\u00e1ban. N\u0151i orvosi nadr\u00e1g Flare m\u0171t\u0151sruha Basic feh\u00e9r m\u00e1r varrtak 80%-ban kiv\u00e1l\u00f3 min\u0151s\u00e9g\u0171 pamutb\u00f3l, nylonnal \u00e9s lycr\u00e1val kombin\u00e1lva. [&hellip;]<\/p>\n","protected":false},"featured_media":459239,"comment_status":"open","ping_status":"closed","template":"","meta":{"_acf_changed":false,"inline_featured_image":false},"kolor":[1930],"rodzaj-ubrania":[1883],"ubranie":[1929],"product_brand":[],"product_cat":[1887,1926,1902],"product_tag":[],"class_list":{"0":"post-459231","1":"product","2":"type-product","3":"status-publish","4":"has-post-thumbnail","6":"kolor-feherek","7":"rodzaj-ubrania-orvosi-nadragok","8":"ubranie-noi-orvosi-nadrag-flare-premium","9":"product_cat-neki","10":"product_cat-orvosi-nadrag-hu","11":"product_cat-premium-kollekcio","13":"first","14":"instock","15":"taxable","16":"shipping-taxable","17":"purchasable","18":"product-type-variable"},"acf":[],"_links":{"self":[{"href":"https:\/\/medandbeauty.com\/hu\/wp-json\/wp\/v2\/product\/459231","targetHints":{"allow":["GET"]}}],"collection":[{"href":"https:\/\/medandbeauty.com\/hu\/wp-json\/wp\/v2\/product"}],"about":[{"href":"https:\/\/medandbeauty.com\/hu\/wp-json\/wp\/v2\/types\/product"}],"replies":[{"embeddable":true,"href":"https:\/\/medandbeauty.com\/hu\/wp-json\/wp\/v2\/comments?post=459231"}],"wp:featuredmedia":[{"embeddable":true,"href":"https:\/\/medandbeauty.com\/hu\/wp-json\/wp\/v2\/media\/459239"}],"wp:attachment":[{"href":"https:\/\/medandbeauty.com\/hu\/wp-json\/wp\/v2\/media?parent=459231"}],"wp:term":[{"taxonomy":"kolor","embeddable":true,"href":"https:\/\/medandbeauty.com\/hu\/wp-json\/wp\/v2\/kolor?post=459231"},{"taxonomy":"rodzaj-ubrania","embeddable":true,"href":"https:\/\/medandbeauty.com\/hu\/wp-json\/wp\/v2\/rodzaj-ubrania?post=459231"},{"taxonomy":"ubranie","embeddable":true,"href":"https:\/\/medandbeauty.com\/hu\/wp-json\/wp\/v2\/ubranie?post=459231"},{"taxonomy":"product_brand","embeddable":true,"href":"https:\/\/medandbeauty.com\/hu\/wp-json\/wp\/v2\/product_brand?post=459231"},{"taxonomy":"product_cat","embeddable":true,"href":"https:\/\/medandbeauty.com\/hu\/wp-json\/wp\/v2\/product_cat?post=459231"},{"taxonomy":"product_tag","embeddable":true,"href":"https:\/\/medandbeauty.com\/hu\/wp-json\/wp\/v2\/product_tag?post=459231"}],"curies":[{"name":"wp","href":"https:\/\/api.w.org\/{rel}","templated":true}]}}