{"id":460229,"date":"2024-06-19T11:56:07","date_gmt":"2024-06-19T09:56:07","guid":{"rendered":"https:\/\/medandbeauty.com\/product\/noi-orvosi-bluz-mutosruha-basic-one-pocket-fekete\/"},"modified":"2026-03-12T02:12:57","modified_gmt":"2026-03-12T01:12:57","slug":"noi-orvosi-bluz-mutosruha-basic-one-pocket-fekete","status":"publish","type":"product","link":"https:\/\/medandbeauty.com\/hu\/product\/noi-orvosi-bluz-mutosruha-basic-one-pocket-fekete\/","title":{"rendered":"N\u0151i orvosi bl\u00faz m\u0171t\u0151sruha Basic One Pocket FEKETE"},"content":{"rendered":"<p style=\"font-weight: 400;\">Klasszikus \u00e9s megb\u00edzhat\u00f3 <a href=\"https:\/\/medandbeauty.com\/hu\/shop\/neki\/basic-kollekcio\/?rodzaj-ubrania=bluzki-medyczne\" target=\"_blank\" rel=\"noopener\"><strong>orvosi bl\u00fazok a Med &amp; Beauty Basic kollekci\u00f3b\u00f3l<\/strong><\/a> most One Pocket v\u00e1ltozatban is el\u00e9rhet\u0151!<\/p>\n<p>Hossz\u00fa \u00e9s intenz\u00edv \u00f3r\u00e1kat t\u00f6lt a munkahely\u00e9n, sz\u00fcks\u00e9ge van arra.<strong style=\"font-weight: 400;\">  orvosi ruh\u00e1zat,  <\/strong>Ami maxim\u00e1lis k\u00e9nyelmet biztos\u00edt \u00d6nnek. <strong>A m\u0171t\u0151sruha Basic One Pocket n\u0151i orvosi bl\u00faz fekete sz\u00ednben<\/strong>a legjobb min\u0151s\u00e9g\u0171 anyagb\u00f3l <strong><span style=\"font-weight: 400;\"> k\u00e9sz\u00fclt<\/span><\/strong>. <\/p>\n<p style=\"font-weight: 400;\">A poli\u00e9szter, a viszk\u00f3z \u00e9s a lycra kombin\u00e1ci\u00f3j\u00e1nak k\u00f6sz\u00f6nhet\u0151en az anyag nagyon tart\u00f3s, puha, kellemes tapint\u00e1s\u00fa, alkalmazkodik b\u00e1rmilyen t\u00edpus\u00fa n\u0151i alakhoz, nem korl\u00e1tozza a mozg\u00e1st, \u00e9s &#8211; ami rendk\u00edv\u00fcl fontos az <strong>orvosi ruh\u00e1zat<\/strong> eset\u00e9ben &#8211; l\u00e9g\u00e1tereszt\u0151 \u00e9s l\u00e9legz\u0151.<\/p>\n<p style=\"font-weight: 400;\"><strong>A fekete n\u0151i m\u0171t\u0151sruha Basic One Pocket orvosi bl\u00faz <\/strong>t\u00f6k\u00e9letes alapja egy megb\u00edzhat\u00f3 \u00e9s id\u0151t\u00e1ll\u00f3 <strong>orvosi ruhat\u00e1rnak<\/strong>.<\/p>\n<p>Az egy mellzsebbel rendelkez\u0151 p\u00f3l\u00f3t szabadon bet\u0171rheti orvosi nadr\u00e1gj\u00e1ba, \u00edgy sportos \u00e9s modern megjelen\u00e9st biztos\u00edthat.<\/p>\n<p style=\"font-weight: 400;\">A klasszikus V-nyak optikailag meghosszabb\u00edtja a sziluettet, a keskeny\u00edtett der\u00e9kvonal kiemeli az alak el\u0151nyeit, az ujjak hossza (majdnem k\u00f6ny\u00e9kig \u00e9r) pedig v\u00e9delmet ny\u00fajt a v\u00e1llaknak an\u00e9lk\u00fcl, hogy korl\u00e1tozn\u00e1 a mozg\u00e1st.<\/p>\n<p><strong>A fekete<\/strong><strong style=\"font-weight: 400;\"> m\u0171t\u0151s\u00f6k Basic One Pocket orvosi <\/strong><strong>bl\u00faz<\/strong> nagyszer\u0171en n\u00e9z ki az \u00faj<a href=\"https:\/\/medandbeauty.com\/cs\/product\/damske-lekarske-kalhoty-jogger-basic-black\/\" target=\"_blank\" rel=\"noopener\"><strong> orvosi meleg\u00edt\u0151nadr\u00e1ggal<\/strong><\/a> h\u00faz\u00f3zsin\u00f3rral a derek\u00e1n, klasszikus <a href=\"https:\/\/medandbeauty.com\/cs\/product\/damske-lekarske-kalhoty-proste-scrubs-basic-black\/\" target=\"_blank\" rel=\"noopener\"><strong>egyenes orvosi nadr\u00e1g<\/strong> <\/a>vagy ugyanolyan sz\u00edn\u0171 <a href=\"https:\/\/medandbeauty.com\/it\/product\/pantaloni-medici-da-donna-scrubs-basic-nero-kopia\/\" target=\"_blank\" rel=\"noopener\">sz\u00e9les orvosi nadr\u00e1ggal<\/a>.<\/p>\n<p><strong>Az egyzsebes orvosi bl\u00faz fekete sz\u00ednben <\/strong>a kollekci\u00f3 b\u00e1rmely m\u00e1s \u00e1rnyalat\u00e1val is kombin\u00e1lhat\u00f3. <a style=\"font-weight: 400;\" href=\"https:\/\/medandbeauty.com\/hu\/shop\/neki\/basic-kollekcio\/\" target=\"_blank\" rel=\"noopener\"><strong>Med &amp; Beauty Basic<\/strong><\/a>.<\/p>\n<p style=\"font-weight: 400;\">Biztos\u00edtsa a maxim\u00e1lis k\u00e9nyelmet \u00e9s a professzion\u00e1lis megjelen\u00e9st a munkahely\u00e9n az<strong> orvosi m\u0171t\u0151sruh\u00e1val.<\/strong> <a href=\"https:\/\/medandbeauty.com\/hu\/shop\/neki\/basic-kollekcio\/\" target=\"_blank\" rel=\"noopener\"><strong>Med &amp; Beauty Basic<\/strong><\/a>.<\/p>\n<p>Gy\u0151z\u0151dj\u00f6n meg r\u00f3la, hogy a meleg gyapj\u00fa  <a href=\"https:\/\/medandbeauty.com\/hu\/shop\/neki\/basic-kollekcio\/orvosi-bluzok-hu\/\" target=\"_blank\" rel=\"noopener\">orvosi bl\u00fazok<\/a>  tan\u00fas\u00edtott l\u00e9g\u00e1tereszt\u0151 anyagb\u00f3l k\u00e9sz\u00fclt!<\/p>\n<ul>\n<li style=\"font-weight: 400;\">Egy praktikus mellzseb<\/li>\n<li style=\"font-weight: 400;\"><span style=\"font-family: inherit;\">Kont\u00faros der\u00e9kr\u00e9sz<\/span><\/li>\n<li style=\"font-weight: 400;\"><span style=\"font-family: inherit;\">Klasszikus v-nyak\u00fa<\/span><\/li>\n<li style=\"font-weight: 400;\"><span style=\"font-family: inherit;\">K\u00e9nyelmes, r\u00f6vid ujj\u00fa<\/span><\/li>\n<\/ul>\n<p>&nbsp;<\/p>\n<p style=\"font-weight: 400;\"><strong>Tov\u00e1bbi inform\u00e1ci\u00f3k:<\/strong><br \/>\nA k\u00e9peken l\u00e1that\u00f3 modellek S-es m\u00e9retet viselnek, \u00e9s 170-174 cm magasak.<\/p>\n<p style=\"font-weight: 400;\">Ha nem tudja, milyen m\u00e9retet v\u00e1lasszon &#8211; n\u00e9zze meg a m\u00e9rett\u00e1bl\u00e1zatot. Ha tov\u00e1bbi k\u00e9ts\u00e9gek mer\u00fclnek fel &#8211; k\u00fcldje el nek\u00fcnk a m\u00e9reteit, \u00e9s mi m\u00e9retre szabjuk \u00d6nnek. <\/p>\n<p style=\"font-weight: 400;\">A <a href=\"https:\/\/medandbeauty.com\/hu\/shop\/neki\/basic-kollekcio\/\" target=\"_blank\" rel=\"noopener\">Basic kollekci\u00f3<\/a> ruhadarabjainak sz\u00ednei nem egyeznek a<a href=\"https:\/\/medandbeauty.com\/hu\/shop\/neki\/premium-kollekcio\/\" target=\"_blank\" rel=\"noopener\"> Premium kollekci\u00f3<\/a> sz\u00edneivel &#8211; m\u00e1s anyagb\u00f3l k\u00e9sz\u00fcltek.<\/p>\n<p style=\"font-weight: 400;\">A k\u00e9peken l\u00e1that\u00f3 egyes ruhadarabok \u00e1rnyalatai elt\u00e9rhetnek a t\u00e9nylegesekt\u0151l &#8211; ez a k\u00fcl\u00f6nb\u00f6z\u0151 elektronikus berendez\u00e9sek \u00e9s azok egyedi be\u00e1ll\u00edt\u00e1sai miatt van \u00edgy.<\/p>\n","protected":false},"excerpt":{"rendered":"<p>Klasszikus \u00e9s megb\u00edzhat\u00f3 orvosi bl\u00fazok a Med &amp; Beauty Basic kollekci\u00f3b\u00f3l most One Pocket v\u00e1ltozatban is el\u00e9rhet\u0151! Hossz\u00fa \u00e9s intenz\u00edv \u00f3r\u00e1kat t\u00f6lt a munkahely\u00e9n, sz\u00fcks\u00e9ge van arra. orvosi ruh\u00e1zat, Ami maxim\u00e1lis k\u00e9nyelmet biztos\u00edt \u00d6nnek. A m\u0171t\u0151sruha Basic One Pocket n\u0151i orvosi bl\u00faz fekete sz\u00ednbena legjobb min\u0151s\u00e9g\u0171 anyagb\u00f3l k\u00e9sz\u00fclt. A poli\u00e9szter, a viszk\u00f3z \u00e9s a lycra [&hellip;]<\/p>\n","protected":false},"featured_media":460287,"comment_status":"open","ping_status":"closed","template":"","meta":{"_acf_changed":false,"inline_featured_image":false},"kolor":[1928],"rodzaj-ubrania":[1877,1882],"ubranie":[1908],"product_brand":[],"product_cat":[1888,1891,1887,1890],"product_tag":[1945],"class_list":{"0":"post-460229","1":"product","2":"type-product","3":"status-publish","4":"has-post-thumbnail","6":"kolor-czernie-hu","7":"rodzaj-ubrania-orvosi-bluzok","8":"rodzaj-ubrania-scrubs-hu","9":"ubranie-noi-orvosi-bluz-mutosruha-alapveto-egy-zsebben","10":"product_cat-basic-kollekcio","11":"product_cat-bozotosok","12":"product_cat-neki","13":"product_cat-orvosi-bluzok","14":"product_tag-kozmetikai-bluzok","16":"first","17":"instock","18":"taxable","19":"shipping-taxable","20":"purchasable","21":"product-type-variable"},"acf":[],"_links":{"self":[{"href":"https:\/\/medandbeauty.com\/hu\/wp-json\/wp\/v2\/product\/460229","targetHints":{"allow":["GET"]}}],"collection":[{"href":"https:\/\/medandbeauty.com\/hu\/wp-json\/wp\/v2\/product"}],"about":[{"href":"https:\/\/medandbeauty.com\/hu\/wp-json\/wp\/v2\/types\/product"}],"replies":[{"embeddable":true,"href":"https:\/\/medandbeauty.com\/hu\/wp-json\/wp\/v2\/comments?post=460229"}],"wp:featuredmedia":[{"embeddable":true,"href":"https:\/\/medandbeauty.com\/hu\/wp-json\/wp\/v2\/media\/460287"}],"wp:attachment":[{"href":"https:\/\/medandbeauty.com\/hu\/wp-json\/wp\/v2\/media?parent=460229"}],"wp:term":[{"taxonomy":"kolor","embeddable":true,"href":"https:\/\/medandbeauty.com\/hu\/wp-json\/wp\/v2\/kolor?post=460229"},{"taxonomy":"rodzaj-ubrania","embeddable":true,"href":"https:\/\/medandbeauty.com\/hu\/wp-json\/wp\/v2\/rodzaj-ubrania?post=460229"},{"taxonomy":"ubranie","embeddable":true,"href":"https:\/\/medandbeauty.com\/hu\/wp-json\/wp\/v2\/ubranie?post=460229"},{"taxonomy":"product_brand","embeddable":true,"href":"https:\/\/medandbeauty.com\/hu\/wp-json\/wp\/v2\/product_brand?post=460229"},{"taxonomy":"product_cat","embeddable":true,"href":"https:\/\/medandbeauty.com\/hu\/wp-json\/wp\/v2\/product_cat?post=460229"},{"taxonomy":"product_tag","embeddable":true,"href":"https:\/\/medandbeauty.com\/hu\/wp-json\/wp\/v2\/product_tag?post=460229"}],"curies":[{"name":"wp","href":"https:\/\/api.w.org\/{rel}","templated":true}]}}