{"id":460809,"date":"2024-04-29T21:07:18","date_gmt":"2024-04-29T19:07:18","guid":{"rendered":"https:\/\/medandbeauty.com\/product\/noi-orvosi-nadrag-proste-scrubs-basic-malina\/"},"modified":"2025-12-23T11:57:42","modified_gmt":"2025-12-23T10:57:42","slug":"noi-orvosi-nadrag-proste-scrubs-basic-malina","status":"publish","type":"product","link":"https:\/\/medandbeauty.com\/hu\/product\/noi-orvosi-nadrag-proste-scrubs-basic-malina\/","title":{"rendered":"N\u0151i orvosi nadr\u00e1g PROSTE SCRUBS Basic MALINA"},"content":{"rendered":"<p style=\"font-weight: 400;\">Az id\u0151tlen elegancia minden kedvel\u0151je im\u00e1dni fogja ezt a klasszikus \u00e9s k\u00e9nyelmes modellt!<\/p>\n<p style=\"font-weight: 400;\">Szeretne kifog\u00e1stalan megjelen\u00e9st fenntartani munka k\u00f6zben, \u00e9s szenz\u00e1ci\u00f3san \u00e9rezni mag\u00e1t az orvosi ruh\u00e1zatban, amit visel?<\/p>\n<p style=\"font-weight: 400;\"><strong>A <a href=\"https:\/\/medandbeauty.com\/hu\/shop\/neki\/basic-kollekcio\/\" target=\"_blank\" rel=\"noopener\">Med &amp; Beauty Basic kollekci\u00f3<\/a> m\u00e1lyvasz\u00edn\u0171 orvosi egyenes nadr\u00e1gja<\/strong> t\u00f6k\u00e9letes v\u00e1laszt\u00e1s minden olyan n\u0151 sz\u00e1m\u00e1ra, akinek fontos a professzionalizmus \u00e9s a k\u00e9nyelem a hossz\u00fa munkaid\u0151 alatt.<\/p>\n<p style=\"font-weight: 400;\"><strong>A m\u00e1lyvasz\u00edn\u0171 Basic n\u0151i orvosi egyenes nadr\u00e1g<\/strong> kellemes tapint\u00e1s\u00fa, puha anyagb\u00f3l k\u00e9sz\u00fclt, \u00edgy magas visel\u00e9si k\u00e9nyelmet \u00e9s teljes mozg\u00e1sszabads\u00e1got biztos\u00edt.<\/p>\n<p style=\"font-weight: 400;\">A poli\u00e9szter, a viszk\u00f3z \u00e9s a lycra kombin\u00e1ci\u00f3j\u00e1nak k\u00f6sz\u00f6nhet\u0151en az anyag t\u00f6k\u00e9letesen illeszkedik b\u00e1rmilyen t\u00edpus\u00fa n\u0151i alakhoz, valamint rendk\u00edv\u00fcl tart\u00f3s \u00e9s l\u00e9g\u00e1tereszt\u0151.<\/p>\n<p style=\"font-weight: 400;\"><strong>A <a href=\"https:\/\/medandbeauty.com\/hu\/shop\/neki\/basic-kollekcio\/\" target=\"_blank\" rel=\"noopener\">Basic kollekci\u00f3<\/a> n\u0151i egyenes orvosi m\u0171t\u0151snadr\u00e1gja<\/strong> n\u00e9gy funkcion\u00e1lis zsebbel (kett\u0151 h\u00e1tul, kett\u0151 el\u00f6l) rendelkezik, amelyekbe a munk\u00e1hoz sz\u00fcks\u00e9ges \u00f6sszes kieg\u00e9sz\u00edt\u0151t elhelyezheti.<\/p>\n<p style=\"font-weight: 400;\">Az enyh\u00e9n sz\u0171k\u00edtett szab\u00e1s \u00e9s a magas derek\u00fa nadr\u00e1g b\u00e1rmilyen alakot kiemel, m\u00edg az elasztikus der\u00e9kp\u00e1nt teljes k\u00e9nyelmet \u00e9s mozg\u00e1sszabads\u00e1got biztos\u00edt.<\/p>\n<p style=\"font-weight: 400;\">P\u00e1ros\u00edtsa <strong>a Basic m\u00e1lnasz\u00edn\u0171 egyenes orvosi nadr\u00e1got <\/strong> <strong><a href=\"https:\/\/medandbeauty.com\/sk\/product\/damska-lekarska-bluzka-scrubs-basic-raspberry\/\" target=\"_blank\" rel=\"noopener\">egy<\/a><\/strong> ugyanolyan sz\u00edn\u0171 <strong>k\u00e9tzsebes orvosi bl\u00fazzal vagy <a href=\"https:\/\/medandbeauty.com\/sk\/product\/damska-lekarska-bluzka-scrubs-basic-one-pocket-malina\/\" target=\"_blank\" rel=\"noopener\">egyzsebes orvosi bl\u00fazzal<\/a><\/strong>, vagy p\u00e1ros\u00edtsa egy m\u00e1sik \u00e1rnyalattal a kollekci\u00f3nkb\u00f3l.<a href=\"https:\/\/medandbeauty.com\/hu\/shop\/neki\/basic-kollekcio\/\" target=\"_blank\" rel=\"noopener\"> <strong>kollekci\u00f3b\u00f3l.<\/strong><\/a> \u00e9s hozzon l\u00e9tre egy egyedi szettet!<\/p>\n<p>Gy\u0151z\u0151dj\u00f6n meg r\u00f3la, hogy a meleg gyapj\u00fa  <a href=\"https:\/\/medandbeauty.com\/hu\/shop\/neki\/basic-kollekcio\/orvosi-bluzok-hu\/\" target=\"_blank\" rel=\"noopener\">orvosi bl\u00fazok<\/a>  tan\u00fas\u00edtott l\u00e9g\u00e1tereszt\u0151 anyagb\u00f3l k\u00e9sz\u00fclt!<\/p>\n<ul>\n<li style=\"font-weight: 400;\">Elasztikus der\u00e9kp\u00e1nt<\/li>\n<li style=\"font-weight: 400;\"><span style=\"font-family: inherit;\">4 praktikus \u00e9s t\u00e1gas zseb<\/span><\/li>\n<li style=\"font-weight: 400;\"><span style=\"font-family: inherit;\">Enyh\u00e9n k\u00fapos az alj\u00e1n<\/span><\/li>\n<li style=\"font-weight: 400;\"><span style=\"font-family: inherit;\">Alakform\u00e1l\u00f3 emelked\u00e9s<\/span><strong style=\"font-family: inherit;\"> <\/strong><\/li>\n<\/ul>\n<p>&nbsp;<\/p>\n<p style=\"font-weight: 400;\"><strong>Tov\u00e1bbi inform\u00e1ci\u00f3k:<\/strong><br \/>\nA k\u00e9peken l\u00e1that\u00f3 modellek S-es m\u00e9retet viselnek, \u00e9s 170-174 cm magasak.<\/p>\n<p style=\"font-weight: 400;\">Ha nem tudja, milyen m\u00e9retet v\u00e1lasszon &#8211; n\u00e9zze meg a m\u00e9rett\u00e1bl\u00e1zatot. Ha tov\u00e1bbi k\u00e9ts\u00e9gek mer\u00fclnek fel &#8211; k\u00fcldje el nek\u00fcnk a m\u00e9reteit, \u00e9s mi m\u00e9retre szabjuk \u00d6nnek. <\/p>\n<p style=\"font-weight: 400;\">A Basic kollekci\u00f3 ruhadarabjainak sz\u00ednei nem egyeznek a <a href=\"https:\/\/medandbeauty.com\/hu\/shop\/neki\/premium-kollekcio\/\" target=\"_blank\" rel=\"noopener\">Premium kollekci\u00f3<\/a> sz\u00edneivel &#8211; m\u00e1s anyagb\u00f3l k\u00e9sz\u00fcltek.<\/p>\n<p style=\"font-weight: 400;\">A k\u00e9peken l\u00e1that\u00f3 egyes ruhadarabok \u00e1rnyalatai elt\u00e9rhetnek a t\u00e9nylegesekt\u0151l &#8211; ez a k\u00fcl\u00f6nb\u00f6z\u0151 elektronikus berendez\u00e9sek \u00e9s azok egyedi be\u00e1ll\u00edt\u00e1sai miatt van \u00edgy.<\/p>\n","protected":false},"excerpt":{"rendered":"<p>Az id\u0151tlen elegancia minden kedvel\u0151je im\u00e1dni fogja ezt a klasszikus \u00e9s k\u00e9nyelmes modellt! Szeretne kifog\u00e1stalan megjelen\u00e9st fenntartani munka k\u00f6zben, \u00e9s szenz\u00e1ci\u00f3san \u00e9rezni mag\u00e1t az orvosi ruh\u00e1zatban, amit visel? A Med &amp; Beauty Basic kollekci\u00f3 m\u00e1lyvasz\u00edn\u0171 orvosi egyenes nadr\u00e1gja t\u00f6k\u00e9letes v\u00e1laszt\u00e1s minden olyan n\u0151 sz\u00e1m\u00e1ra, akinek fontos a professzionalizmus \u00e9s a k\u00e9nyelem a hossz\u00fa munkaid\u0151 alatt. [&hellip;]<\/p>\n","protected":false},"featured_media":460859,"comment_status":"open","ping_status":"closed","template":"","meta":{"_acf_changed":false,"inline_featured_image":false},"kolor":[1900],"rodzaj-ubrania":[1883,1882],"ubranie":[1905],"product_brand":[],"product_cat":[1888,1958,1891,1889,1887,1892],"product_tag":[],"class_list":{"0":"post-460809","1":"product","2":"type-product","3":"status-publish","4":"has-post-thumbnail","6":"kolor-rozsak","7":"rodzaj-ubrania-orvosi-nadragok","8":"rodzaj-ubrania-scrubs-hu","9":"ubranie-noi-orvosi-nadrag-egyenes-mutosruha-basic","10":"product_cat-basic-kollekcio","11":"product_cat-bestsellerek","12":"product_cat-bozotosok","13":"product_cat-hirek","14":"product_cat-neki","15":"product_cat-orvosi-nadrag","17":"first","18":"instock","19":"taxable","20":"shipping-taxable","21":"purchasable","22":"product-type-variable"},"acf":[],"_links":{"self":[{"href":"https:\/\/medandbeauty.com\/hu\/wp-json\/wp\/v2\/product\/460809","targetHints":{"allow":["GET"]}}],"collection":[{"href":"https:\/\/medandbeauty.com\/hu\/wp-json\/wp\/v2\/product"}],"about":[{"href":"https:\/\/medandbeauty.com\/hu\/wp-json\/wp\/v2\/types\/product"}],"replies":[{"embeddable":true,"href":"https:\/\/medandbeauty.com\/hu\/wp-json\/wp\/v2\/comments?post=460809"}],"wp:featuredmedia":[{"embeddable":true,"href":"https:\/\/medandbeauty.com\/hu\/wp-json\/wp\/v2\/media\/460859"}],"wp:attachment":[{"href":"https:\/\/medandbeauty.com\/hu\/wp-json\/wp\/v2\/media?parent=460809"}],"wp:term":[{"taxonomy":"kolor","embeddable":true,"href":"https:\/\/medandbeauty.com\/hu\/wp-json\/wp\/v2\/kolor?post=460809"},{"taxonomy":"rodzaj-ubrania","embeddable":true,"href":"https:\/\/medandbeauty.com\/hu\/wp-json\/wp\/v2\/rodzaj-ubrania?post=460809"},{"taxonomy":"ubranie","embeddable":true,"href":"https:\/\/medandbeauty.com\/hu\/wp-json\/wp\/v2\/ubranie?post=460809"},{"taxonomy":"product_brand","embeddable":true,"href":"https:\/\/medandbeauty.com\/hu\/wp-json\/wp\/v2\/product_brand?post=460809"},{"taxonomy":"product_cat","embeddable":true,"href":"https:\/\/medandbeauty.com\/hu\/wp-json\/wp\/v2\/product_cat?post=460809"},{"taxonomy":"product_tag","embeddable":true,"href":"https:\/\/medandbeauty.com\/hu\/wp-json\/wp\/v2\/product_tag?post=460809"}],"curies":[{"name":"wp","href":"https:\/\/api.w.org\/{rel}","templated":true}]}}