{"id":461508,"date":"2024-04-25T14:59:58","date_gmt":"2024-04-25T12:59:58","guid":{"rendered":"https:\/\/medandbeauty.com\/product\/ferfi-orvosi-bluz-mutosruha-basic-rubin\/"},"modified":"2026-03-24T17:10:39","modified_gmt":"2026-03-24T16:10:39","slug":"ferfi-orvosi-bluz-mutosruha-basic-rubin","status":"publish","type":"product","link":"https:\/\/medandbeauty.com\/hu\/product\/ferfi-orvosi-bluz-mutosruha-basic-rubin\/","title":{"rendered":"F\u00e9rfi orvosi bl\u00faz m\u0171t\u0151sruha Basic RUBIN"},"content":{"rendered":"<p style=\"font-weight: 400;\">Ismerje meg a klasszikusokat, <a href=\"https:\/\/medandbeauty.com\/hu\/shop\/szamara\/basic-kollekcio-hu\/\" target=\"_blank\" rel=\"noopener\"><strong>f\u00e9rfi m\u0171t\u0151sruha Basic<\/strong><\/a> a v\u00e1s\u00e1rl\u00f3ink \u00e1ltal kedvelt!<\/p>\n<p style=\"font-weight: 400;\">Ha hossz\u00fa \u00f3r\u00e1kat t\u00f6lt a munkahely\u00e9n, olyan <strong>orvosi ruh\u00e1zatra<\/strong> van sz\u00fcks\u00e9ge, amely maxim\u00e1lis k\u00e9nyelmet biztos\u00edt. <strong>A f\u00e9rfi Scrubs Basic orvosi bl\u00faz rubin sz\u00ednben<\/strong> a legjobb min\u0151s\u00e9g\u0171 anyagokb\u00f3l k\u00e9sz\u00fclt.<\/p>\n<p style=\"font-weight: 400;\">A poli\u00e9szter, a viszk\u00f3z \u00e9s a lycra kombin\u00e1ci\u00f3ja puh\u00e1v\u00e1, nagyon tart\u00f3s, b\u00e1rmilyen testalkathoz alkalmazkodik, nem korl\u00e1tozza a mozg\u00e1st, \u00e9s &#8211; ami rendk\u00edv\u00fcl fontos az orvosi ruh\u00e1zat eset\u00e9ben &#8211; l\u00e9g\u00e1tereszt\u0151 \u00e9s l\u00e9legz\u0151.<\/p>\n<p style=\"font-weight: 400;\"><strong>A f\u00e9rfi m\u0171t\u0151sruha alap rubin orvosi bl\u00faz<\/strong> t\u00f6k\u00e9letes alapja a klasszikus \u00e9s rendk\u00edv\u00fcl praktikus <strong>f\u00e9rfi orvosi ruhat\u00e1rnak<\/strong>.<\/p>\n<p style=\"font-weight: 400;\"><strong>A f\u00e9rfi Scrubs Basic rubinsz\u00edn\u0171 orvosi bl\u00faz<\/strong> k\u00e9t t\u00e1gas \u00e9s praktikus zsebbel van ell\u00e1tva, amelyekben a munk\u00e1hoz sz\u00fcks\u00e9ges \u00f6sszes szersz\u00e1mot \u00e9s kieg\u00e9sz\u00edt\u0151t t\u00e1rolhatja. Ezenk\u00edv\u00fcl a mellkason egy funkcion\u00e1lis azonos\u00edt\u00f3 zseb is helyet kapott. <\/p>\n<p style=\"font-weight: 400;\">A klasszikus V-nyak vizu\u00e1lisan hangs\u00falyozza a modell eleganci\u00e1j\u00e1t, m\u00edg az ujjak hossza (majdnem k\u00f6ny\u00e9kig \u00e9r) v\u00e9delmet ny\u00fajt a v\u00e1llaknak, mik\u00f6zben nem korl\u00e1tozza a mozg\u00e1st.<\/p>\n<p style=\"font-weight: 400;\">P\u00e1ros\u00edtsa <strong>a f\u00e9rfi m\u0171t\u0151sruha Basic orvosi bl\u00faz rubin sz\u00ednben<\/strong> a<a href=\"https:\/\/medandbeauty.com\/it\/product\/pantaloni-medici-da-uomo-joggers-scrubs-basic-nero-kopia\/\" target=\"_blank\" rel=\"noopener\"> <strong>orvosi meleg\u00edt\u0151nadr\u00e1ggal<\/strong> <\/a>vagy a <strong>klasszikus <a href=\"https:\/\/medandbeauty.com\/it\/product\/pantaloni-medici-da-uomo-a-sigaretta-scrubs-basic-nero-kopia\/\" target=\"_blank\" rel=\"noopener\">egyenes orvosi nadr\u00e1ggal<\/a><\/strong> ugyanabban a sz\u00ednben, vagy v\u00e1lasszon egy m\u00e1sik \u00e1rnyalatot az <strong> orvosi<\/strong> nadr\u00e1gok k\u00f6z\u00fcl. <a href=\"https:\/\/medandbeauty.com\/hu\/shop\/szamara\/basic-kollekcio-hu\/\" target=\"_blank\" rel=\"noopener\"><strong>Med &amp; Beauty Basic kollekci\u00f3b\u00f3l<\/strong><\/a>.<\/p>\n<p style=\"font-weight: 400;\">Biztos\u00edtsa a maxim\u00e1lis k\u00e9nyelmet \u00e9s a professzion\u00e1lis megjelen\u00e9st a munkahely\u00e9n a k\u00f6vetkez\u0151 eszk\u00f6z\u00f6kkel<a href=\"https:\/\/medandbeauty.com\/hu\/shop\/szamara\/basic-kollekcio-hu\/\" target=\"_blank\" rel=\"noopener\"><strong> Med &amp; Beauty Basic orvosi m\u0171t\u0151sruha<\/strong><\/a>.<\/p>\n<ul>\n<li style=\"font-weight: 400;\">K\u00e9t nagy, t\u00e1gas el\u00fcls\u0151 zseb \u00e9s egy tov\u00e1bbi mellzseb<\/li>\n<li style=\"font-weight: 400;\"><span style=\"font-family: inherit;\">Eleg\u00e1ns, egyenes v\u00e1g\u00e1s<\/span><\/li>\n<li style=\"font-weight: 400;\"><span style=\"font-family: inherit;\">Klasszikus v-nyak\u00fa<\/span><\/li>\n<li style=\"font-weight: 400;\"><span style=\"font-family: inherit;\">K\u00e9nyelmes, r\u00f6vid ujj\u00fa<\/span><\/li>\n<\/ul>\n<p>&nbsp;<\/p>\n<p style=\"font-weight: 400;\"><strong>Tov\u00e1bbi inform\u00e1ci\u00f3k:<\/strong><\/p>\n<p style=\"font-weight: 400;\">A k\u00e9peken l\u00e1that\u00f3 modell L m\u00e9retet visel, \u00e9s 186 cm magas.<\/p>\n<p style=\"font-weight: 400;\">Ha nem tudja, milyen m\u00e9retet v\u00e1lasszon &#8211; n\u00e9zze meg a m\u00e9rett\u00e1bl\u00e1zatot. Ha tov\u00e1bbi k\u00e9ts\u00e9gek mer\u00fclnek fel &#8211; k\u00fcldje el nek\u00fcnk a m\u00e9reteit, \u00e9s mi m\u00e9retre szabjuk \u00d6nnek. <\/p>\n<p style=\"font-weight: 400;\">A <a href=\"https:\/\/medandbeauty.com\/hu\/shop\/szamara\/basic-kollekcio-hu\/\" target=\"_blank\" rel=\"noopener\">Basic kollekci\u00f3<\/a> ruhadarabjainak sz\u00ednei nem egyeznek a <a href=\"https:\/\/medandbeauty.com\/hu\/shop\/szamara\/premium-kollekcio-hu\/\" target=\"_blank\" rel=\"noopener\">Premium kollekci\u00f3<\/a> sz\u00edneivel &#8211; m\u00e1s anyagb\u00f3l k\u00e9sz\u00fcltek.<\/p>\n<p style=\"font-weight: 400;\">A k\u00e9peken l\u00e1that\u00f3 egyes ruhadarabok \u00e1rnyalatai elt\u00e9rhetnek a t\u00e9nylegesekt\u0151l &#8211; ez a k\u00fcl\u00f6nb\u00f6z\u0151 elektronikus berendez\u00e9sek \u00e9s azok egyedi be\u00e1ll\u00edt\u00e1sai miatt van \u00edgy.<\/p>\n","protected":false},"excerpt":{"rendered":"<p>Ismerje meg a klasszikusokat, f\u00e9rfi m\u0171t\u0151sruha Basic a v\u00e1s\u00e1rl\u00f3ink \u00e1ltal kedvelt! Ha hossz\u00fa \u00f3r\u00e1kat t\u00f6lt a munkahely\u00e9n, olyan orvosi ruh\u00e1zatra van sz\u00fcks\u00e9ge, amely maxim\u00e1lis k\u00e9nyelmet biztos\u00edt. A f\u00e9rfi Scrubs Basic orvosi bl\u00faz rubin sz\u00ednben a legjobb min\u0151s\u00e9g\u0171 anyagokb\u00f3l k\u00e9sz\u00fclt. A poli\u00e9szter, a viszk\u00f3z \u00e9s a lycra kombin\u00e1ci\u00f3ja puh\u00e1v\u00e1, nagyon tart\u00f3s, b\u00e1rmilyen testalkathoz alkalmazkodik, nem korl\u00e1tozza [&hellip;]<\/p>\n","protected":false},"featured_media":461520,"comment_status":"open","ping_status":"closed","template":"","meta":{"_acf_changed":false,"inline_featured_image":false},"kolor":[1898],"rodzaj-ubrania":[1877,1882],"ubranie":[1970],"product_brand":[],"product_cat":[1960,1961,1969,1959],"product_tag":[],"class_list":{"0":"post-461508","1":"product","2":"type-product","3":"status-publish","4":"has-post-thumbnail","6":"kolor-ibolyak","7":"rodzaj-ubrania-orvosi-bluzok","8":"rodzaj-ubrania-scrubs-hu","9":"ubranie-ferfi-orvosi-bluz-mutosruha-basic","10":"product_cat-basic-kollekcio-hu","11":"product_cat-bozotosok-hu","12":"product_cat-orvosi-bluzok-hu-2","13":"product_cat-szamara","15":"first","16":"instock","17":"taxable","18":"shipping-taxable","19":"purchasable","20":"product-type-variable"},"acf":[],"_links":{"self":[{"href":"https:\/\/medandbeauty.com\/hu\/wp-json\/wp\/v2\/product\/461508","targetHints":{"allow":["GET"]}}],"collection":[{"href":"https:\/\/medandbeauty.com\/hu\/wp-json\/wp\/v2\/product"}],"about":[{"href":"https:\/\/medandbeauty.com\/hu\/wp-json\/wp\/v2\/types\/product"}],"replies":[{"embeddable":true,"href":"https:\/\/medandbeauty.com\/hu\/wp-json\/wp\/v2\/comments?post=461508"}],"wp:featuredmedia":[{"embeddable":true,"href":"https:\/\/medandbeauty.com\/hu\/wp-json\/wp\/v2\/media\/461520"}],"wp:attachment":[{"href":"https:\/\/medandbeauty.com\/hu\/wp-json\/wp\/v2\/media?parent=461508"}],"wp:term":[{"taxonomy":"kolor","embeddable":true,"href":"https:\/\/medandbeauty.com\/hu\/wp-json\/wp\/v2\/kolor?post=461508"},{"taxonomy":"rodzaj-ubrania","embeddable":true,"href":"https:\/\/medandbeauty.com\/hu\/wp-json\/wp\/v2\/rodzaj-ubrania?post=461508"},{"taxonomy":"ubranie","embeddable":true,"href":"https:\/\/medandbeauty.com\/hu\/wp-json\/wp\/v2\/ubranie?post=461508"},{"taxonomy":"product_brand","embeddable":true,"href":"https:\/\/medandbeauty.com\/hu\/wp-json\/wp\/v2\/product_brand?post=461508"},{"taxonomy":"product_cat","embeddable":true,"href":"https:\/\/medandbeauty.com\/hu\/wp-json\/wp\/v2\/product_cat?post=461508"},{"taxonomy":"product_tag","embeddable":true,"href":"https:\/\/medandbeauty.com\/hu\/wp-json\/wp\/v2\/product_tag?post=461508"}],"curies":[{"name":"wp","href":"https:\/\/api.w.org\/{rel}","templated":true}]}}