{"id":461859,"date":"2025-02-25T16:50:59","date_gmt":"2025-02-25T15:50:59","guid":{"rendered":"https:\/\/medandbeauty.com\/product\/noi-orvosi-bluz-mutosruha-basic-cold-nude\/"},"modified":"2025-12-23T12:10:30","modified_gmt":"2025-12-23T11:10:30","slug":"noi-orvosi-bluz-mutosruha-basic-cold-nude","status":"publish","type":"product","link":"https:\/\/medandbeauty.com\/hu\/product\/noi-orvosi-bluz-mutosruha-basic-cold-nude\/","title":{"rendered":"N\u0151i orvosi bl\u00faz m\u0171t\u0151sruha basic COLD NUDE"},"content":{"rendered":"<p style=\"font-weight: 400;\">Fedezze fel a klasszikus \u00e9s megb\u00edzhat\u00f3 <strong><a href=\"https:\/\/medandbeauty.com\/hu\/shop\/neki\/basic-kollekcio\/\" target=\"_blank\" rel=\"noopener\">Basic boz\u00f3tosokat<\/a><\/strong>, amelyekbe v\u00e1s\u00e1rl\u00f3ink ezrei szerettek bele!<\/p>\n<p style=\"font-weight: 400;\">Ha hossz\u00fa \u00e9s intenz\u00edv \u00f3r\u00e1kat t\u00f6lt a munkahely\u00e9n, olyan<strong> orvosi ruh\u00e1zatra <\/strong>van sz\u00fcks\u00e9ge, amely maxim\u00e1lis k\u00e9nyelmet biztos\u00edt. <strong>A n\u0151i orvosi bl\u00faz m\u0171t\u0151sruha basic cold nude<\/strong> a legjobb min\u0151s\u00e9g\u0171 anyagb\u00f3l k\u00e9sz\u00fclt.<\/p>\n<p style=\"font-weight: 400;\">A poli\u00e9szter, a viszk\u00f3z \u00e9s a lycra kombin\u00e1ci\u00f3j\u00e1nak k\u00f6sz\u00f6nhet\u0151en az anyag nagyon tart\u00f3s, puha, kellemes tapint\u00e1s\u00fa, alkalmazkodik b\u00e1rmilyen t\u00edpus\u00fa n\u0151i alakhoz, nem korl\u00e1tozza a mozg\u00e1st, \u00e9s &#8211; ami rendk\u00edv\u00fcl fontos az <strong>orvosi ruh\u00e1zat<\/strong> eset\u00e9ben &#8211; l\u00e9g\u00e1tereszt\u0151 \u00e9s l\u00e9legz\u0151.<\/p>\n<p><strong>A n\u0151i m\u0171t\u0151sruha Basic orvosi bl\u00faz hideg nude sz\u00ednben<\/strong>ide\u00e1lis alap egy megb\u00edzhat\u00f3 \u00e9s id\u0151t\u00e1ll\u00f3 <strong style=\"font-weight: 400;\">orvosi ruhat\u00e1rhoz<\/strong>.<\/p>\n<p style=\"font-weight: 400;\">K\u00e9t t\u00e1gas \u00e9s rendk\u00edv\u00fcl praktikus zsebbel van felszerelve, amelyekben minden apr\u00f3 t\u00e1rgyat t\u00e1rolhat, amire munk\u00e1ja sor\u00e1n sz\u00fcks\u00e9ge van.<\/p>\n<p style=\"font-weight: 400;\">A klasszikus V-nyak optikailag meghosszabb\u00edtja a sziluettet, a keskeny\u00edtett der\u00e9kvonal kiemeli az alak el\u0151nyeit, az ujjak hossza (majdnem k\u00f6ny\u00e9kig \u00e9r) pedig v\u00e9delmet ny\u00fajt a v\u00e1llaknak an\u00e9lk\u00fcl, hogy korl\u00e1tozn\u00e1 a mozg\u00e1st.<\/p>\n<p>Link  <strong>n\u0151i orvosi bl\u00faz m\u0171t\u0151sruha alap hideg nude sz\u00ednben  <\/strong>z  <strong style=\"font-weight: 400;\">orvosi kocog\u00f3k  <\/strong>vagy klasszikus  <strong style=\"font-weight: 400;\">egyenes orvosi nadr\u00e1g<\/strong>  ugyanabban a sz\u00ednben, vagy v\u00e1lasszon egy m\u00e1sik \u00e1rnyalatot a kollekci\u00f3ban el\u00e9rhet\u0151 sz\u00e1mos \u00e1rnyalat k\u00f6z\u00fcl.  <a href=\"https:\/\/medandbeauty.com\/hu\/shop\/neki\/basic-kollekcio\/\" target=\"_blank\" rel=\"noopener\"><strong style=\"font-weight: 400;\">Med &amp; Beauty Basic<\/strong><\/a>.<\/p>\n<p style=\"font-weight: 400;\">Biztos\u00edtsa a maxim\u00e1lis k\u00e9nyelmet \u00e9s a professzion\u00e1lis megjelen\u00e9st a munkahely\u00e9n az<strong> orvosi m\u0171t\u0151sruh\u00e1val.<\/strong> <a href=\"https:\/\/medandbeauty.com\/hu\/shop\/neki\/basic-kollekcio\/\" target=\"_blank\" rel=\"noopener\"><strong>Med &amp; Beauty Basic<\/strong><\/a>.<\/p>\n<ul>\n<li style=\"font-weight: 400;\">K\u00e9t nagy, praktikus \u00e9s t\u00e1gas zseb<\/li>\n<li style=\"font-weight: 400;\"><span style=\"font-family: inherit;\">Kont\u00faros der\u00e9kr\u00e9sz<\/span><\/li>\n<li style=\"font-weight: 400;\"><span style=\"font-family: inherit;\">Klasszikus v-nyak\u00fa<\/span><\/li>\n<li style=\"font-weight: 400;\"><span style=\"font-family: inherit;\">K\u00e9nyelmes, r\u00f6vid ujj\u00fa<\/span><\/li>\n<\/ul>\n<p>&nbsp;<\/p>\n<p style=\"font-weight: 400;\"><strong>Tov\u00e1bbi inform\u00e1ci\u00f3k:<\/strong><br \/>\nA k\u00e9peken l\u00e1that\u00f3 modellek S-es m\u00e9retet viselnek, \u00e9s 170-174 cm magasak.<\/p>\n<p style=\"font-weight: 400;\">Ha nem tudja, milyen m\u00e9retet v\u00e1lasszon &#8211; n\u00e9zze meg a m\u00e9rett\u00e1bl\u00e1zatot. Ha tov\u00e1bbi k\u00e9ts\u00e9gek mer\u00fclnek fel &#8211; k\u00fcldje el nek\u00fcnk a m\u00e9reteit, \u00e9s mi m\u00e9retre szabjuk \u00d6nnek. <\/p>\n<p style=\"font-weight: 400;\">A Basic kollekci\u00f3 ruhadarabjainak sz\u00ednei nem egyeznek a <a href=\"https:\/\/medandbeauty.com\/hu\/shop\/neki\/premium-kollekcio\/\" target=\"_blank\" rel=\"noopener\">Premium kollekci\u00f3<\/a> sz\u00edneivel &#8211; m\u00e1s anyagb\u00f3l k\u00e9sz\u00fcltek.<\/p>\n<p style=\"font-weight: 400;\">A k\u00e9peken l\u00e1that\u00f3 egyes ruhadarabok \u00e1rnyalatai elt\u00e9rhetnek a t\u00e9nylegesekt\u0151l &#8211; ez a k\u00fcl\u00f6nb\u00f6z\u0151 elektronikus berendez\u00e9sek \u00e9s azok egyedi be\u00e1ll\u00edt\u00e1sai miatt van \u00edgy.<\/p>\n","protected":false},"excerpt":{"rendered":"<p>Fedezze fel a klasszikus \u00e9s megb\u00edzhat\u00f3 Basic boz\u00f3tosokat, amelyekbe v\u00e1s\u00e1rl\u00f3ink ezrei szerettek bele! Ha hossz\u00fa \u00e9s intenz\u00edv \u00f3r\u00e1kat t\u00f6lt a munkahely\u00e9n, olyan orvosi ruh\u00e1zatra van sz\u00fcks\u00e9ge, amely maxim\u00e1lis k\u00e9nyelmet biztos\u00edt. A n\u0151i orvosi bl\u00faz m\u0171t\u0151sruha basic cold nude a legjobb min\u0151s\u00e9g\u0171 anyagb\u00f3l k\u00e9sz\u00fclt. A poli\u00e9szter, a viszk\u00f3z \u00e9s a lycra kombin\u00e1ci\u00f3j\u00e1nak k\u00f6sz\u00f6nhet\u0151en az anyag nagyon [&hellip;]<\/p>\n","protected":false},"featured_media":461860,"comment_status":"open","ping_status":"closed","template":"","meta":{"_acf_changed":false,"inline_featured_image":false},"kolor":[1921],"rodzaj-ubrania":[1877,1882],"ubranie":[1906],"product_brand":[],"product_cat":[1888,1891,1889,1887,1890],"product_tag":[],"class_list":{"0":"post-461859","1":"product","2":"type-product","3":"status-publish","4":"has-post-thumbnail","6":"kolor-beiges-hu","7":"rodzaj-ubrania-orvosi-bluzok","8":"rodzaj-ubrania-scrubs-hu","9":"ubranie-noi-orvosi-bluz-mutosruha-basic","10":"product_cat-basic-kollekcio","11":"product_cat-bozotosok","12":"product_cat-hirek","13":"product_cat-neki","14":"product_cat-orvosi-bluzok","16":"first","17":"instock","18":"taxable","19":"shipping-taxable","20":"purchasable","21":"product-type-variable"},"acf":[],"_links":{"self":[{"href":"https:\/\/medandbeauty.com\/hu\/wp-json\/wp\/v2\/product\/461859","targetHints":{"allow":["GET"]}}],"collection":[{"href":"https:\/\/medandbeauty.com\/hu\/wp-json\/wp\/v2\/product"}],"about":[{"href":"https:\/\/medandbeauty.com\/hu\/wp-json\/wp\/v2\/types\/product"}],"replies":[{"embeddable":true,"href":"https:\/\/medandbeauty.com\/hu\/wp-json\/wp\/v2\/comments?post=461859"}],"wp:featuredmedia":[{"embeddable":true,"href":"https:\/\/medandbeauty.com\/hu\/wp-json\/wp\/v2\/media\/461860"}],"wp:attachment":[{"href":"https:\/\/medandbeauty.com\/hu\/wp-json\/wp\/v2\/media?parent=461859"}],"wp:term":[{"taxonomy":"kolor","embeddable":true,"href":"https:\/\/medandbeauty.com\/hu\/wp-json\/wp\/v2\/kolor?post=461859"},{"taxonomy":"rodzaj-ubrania","embeddable":true,"href":"https:\/\/medandbeauty.com\/hu\/wp-json\/wp\/v2\/rodzaj-ubrania?post=461859"},{"taxonomy":"ubranie","embeddable":true,"href":"https:\/\/medandbeauty.com\/hu\/wp-json\/wp\/v2\/ubranie?post=461859"},{"taxonomy":"product_brand","embeddable":true,"href":"https:\/\/medandbeauty.com\/hu\/wp-json\/wp\/v2\/product_brand?post=461859"},{"taxonomy":"product_cat","embeddable":true,"href":"https:\/\/medandbeauty.com\/hu\/wp-json\/wp\/v2\/product_cat?post=461859"},{"taxonomy":"product_tag","embeddable":true,"href":"https:\/\/medandbeauty.com\/hu\/wp-json\/wp\/v2\/product_tag?post=461859"}],"curies":[{"name":"wp","href":"https:\/\/api.w.org\/{rel}","templated":true}]}}