{"id":461873,"date":"2025-02-25T16:51:05","date_gmt":"2025-02-25T15:51:05","guid":{"rendered":"https:\/\/medandbeauty.com\/product\/noi-orvosi-jogger-nadrag-mutosnadrag-alap-cold-nude\/"},"modified":"2025-12-23T12:10:00","modified_gmt":"2025-12-23T11:10:00","slug":"noi-orvosi-jogger-nadrag-mutosnadrag-alap-cold-nude","status":"publish","type":"product","link":"https:\/\/medandbeauty.com\/hu\/product\/noi-orvosi-jogger-nadrag-mutosnadrag-alap-cold-nude\/","title":{"rendered":"N\u0151i orvosi jogger nadr\u00e1g m\u0171t\u0151snadr\u00e1g alap COLD NUDE"},"content":{"rendered":"","protected":false},"excerpt":{"rendered":"","protected":false},"featured_media":461874,"comment_status":"open","ping_status":"closed","template":"","meta":{"_acf_changed":false,"inline_featured_image":false},"kolor":[1921],"rodzaj-ubrania":[1883,1882],"ubranie":[1911],"product_brand":[],"product_cat":[1888,1891,1889,1887,1892],"product_tag":[1968],"class_list":{"0":"post-461873","1":"product","2":"type-product","3":"status-publish","4":"has-post-thumbnail","6":"kolor-beiges-hu","7":"rodzaj-ubrania-orvosi-nadragok","8":"rodzaj-ubrania-scrubs-hu","9":"ubranie-noi-orvosi-jogger-nadrag-mutosnadrag-alapszintu","10":"product_cat-basic-kollekcio","11":"product_cat-bozotosok","12":"product_cat-hirek","13":"product_cat-neki","14":"product_cat-orvosi-nadrag","15":"product_tag-kozmetikai-nadrag","17":"first","18":"instock","19":"taxable","20":"shipping-taxable","21":"purchasable","22":"product-type-variable"},"acf":[],"_links":{"self":[{"href":"https:\/\/medandbeauty.com\/hu\/wp-json\/wp\/v2\/product\/461873","targetHints":{"allow":["GET"]}}],"collection":[{"href":"https:\/\/medandbeauty.com\/hu\/wp-json\/wp\/v2\/product"}],"about":[{"href":"https:\/\/medandbeauty.com\/hu\/wp-json\/wp\/v2\/types\/product"}],"replies":[{"embeddable":true,"href":"https:\/\/medandbeauty.com\/hu\/wp-json\/wp\/v2\/comments?post=461873"}],"wp:featuredmedia":[{"embeddable":true,"href":"https:\/\/medandbeauty.com\/hu\/wp-json\/wp\/v2\/media\/461874"}],"wp:attachment":[{"href":"https:\/\/medandbeauty.com\/hu\/wp-json\/wp\/v2\/media?parent=461873"}],"wp:term":[{"taxonomy":"kolor","embeddable":true,"href":"https:\/\/medandbeauty.com\/hu\/wp-json\/wp\/v2\/kolor?post=461873"},{"taxonomy":"rodzaj-ubrania","embeddable":true,"href":"https:\/\/medandbeauty.com\/hu\/wp-json\/wp\/v2\/rodzaj-ubrania?post=461873"},{"taxonomy":"ubranie","embeddable":true,"href":"https:\/\/medandbeauty.com\/hu\/wp-json\/wp\/v2\/ubranie?post=461873"},{"taxonomy":"product_brand","embeddable":true,"href":"https:\/\/medandbeauty.com\/hu\/wp-json\/wp\/v2\/product_brand?post=461873"},{"taxonomy":"product_cat","embeddable":true,"href":"https:\/\/medandbeauty.com\/hu\/wp-json\/wp\/v2\/product_cat?post=461873"},{"taxonomy":"product_tag","embeddable":true,"href":"https:\/\/medandbeauty.com\/hu\/wp-json\/wp\/v2\/product_tag?post=461873"}],"curies":[{"name":"wp","href":"https:\/\/api.w.org\/{rel}","templated":true}]}}