{"id":462816,"date":"2025-02-24T08:03:36","date_gmt":"2025-02-24T07:03:36","guid":{"rendered":"https:\/\/medandbeauty.com\/product\/orvosi-nadrag-ferfi-joggers-mutosruha-basic-cappuccino\/"},"modified":"2026-03-24T17:04:53","modified_gmt":"2026-03-24T16:04:53","slug":"orvosi-nadrag-ferfi-joggers-mutosruha-basic-cappuccino","status":"publish","type":"product","link":"https:\/\/medandbeauty.com\/hu\/product\/orvosi-nadrag-ferfi-joggers-mutosruha-basic-cappuccino\/","title":{"rendered":"Orvosi nadr\u00e1g f\u00e9rfi joggers m\u0171t\u0151sruha Basic CAPPUCCINO"},"content":{"rendered":"<p>A t\u00f6k\u00e9letes<strong> orvosi kocog\u00f3t<\/strong> keresi a mindennapi munk\u00e1j\u00e1hoz?<\/p>\n<p>A<a href=\"https:\/\/medandbeauty.com\/hu\/shop\/szamara\/basic-kollekcio-hu\/\" target=\"_blank\" rel=\"noopener\"> <strong>alap m\u0171t\u0151sruh\u00e1k<\/strong><\/a> minden elv\u00e1r\u00e1s\u00e1nak megfelel!<\/p>\n<p>Ha \u00e9rt\u00e9keli a legjobb min\u0151s\u00e9g\u0171 anyagokb\u00f3l k\u00e9sz\u00fclt <strong>orvosi ruh\u00e1zatot<\/strong>, amely maxim\u00e1lis k\u00e9nyelmet biztos\u00edt &#8211; <strong>a f\u00e9rfi Med &amp; Beauty Basic orvosi meleg\u00edt\u0151nadr\u00e1g<\/strong> <strong>kapucs\u00edn\u00f3 sz\u00ednben<\/strong> k\u00f6telez\u0151 darab a ruhat\u00e1r\u00e1ban.<\/p>\n<p>A <strong>Basic cappuccino f\u00e9rfi orvosi jogging nadr\u00e1gos m\u0171t\u0151snadr\u00e1g<\/strong> puha tapint\u00e1s\u00fa \u00e9s k\u00e9nyelmes viselet\u0171 anyagb\u00f3l <strong>k\u00e9sz\u00fclt<\/strong>, \u00edgy teljes visel\u00e9si k\u00e9nyelmet biztos\u00edt, \u00e9s nem korl\u00e1tozza a mozg\u00e1st. A poli\u00e9szter, a viszk\u00f3z \u00e9s a lycra kombin\u00e1ci\u00f3j\u00e1nak k\u00f6sz\u00f6nhet\u0151en az anyag t\u00f6k\u00e9letesen illeszkedik a f\u00e9rfi alakhoz, valamint rendk\u00edv\u00fcl tart\u00f3s \u00e9s nagyon l\u00e9g\u00e1tereszt\u0151.<\/p>\n<p>100%-os k\u00e9nyelmet garant\u00e1l az enyh\u00e9n megemelt fels\u0151 r\u00e9sz \u00e9s a sz\u00e9les, rugalmas der\u00e9kp\u00e1nt, amely a k\u00f6nny\u0171 m\u00e9retbe\u00e1ll\u00edt\u00e1s \u00e9rdek\u00e9ben h\u00faz\u00f3zsin\u00f3rral van ell\u00e1tva. <strong>A <a href=\"https:\/\/medandbeauty.com\/hu\/shop\/szamara\/basic-kollekcio-hu\/\" target=\"_blank\" rel=\"noopener\">Med &amp; Beauty Basic kollekci\u00f3<\/a> f\u00e9rfi orvosi joggerjei<\/strong> nem korl\u00e1tozz\u00e1k a mozg\u00e1st, m\u00e9g hossz\u00fa ideig tart\u00f3 visel\u00e9s eset\u00e9n sem.<\/p>\n<p><strong>A kapucs\u00edn\u00f3 sz\u00edn\u0171 orvosi joggert<\/strong> hat t\u00e1gas \u00e9s funkcion\u00e1lis zsebbel l\u00e1tt\u00e1k el, amelyek lehet\u0151v\u00e9 teszik, hogy k\u00e9zn\u00e9l tartsa az \u00f6sszes munkaeszk\u00f6z\u00e9t \u00e9s szersz\u00e1m\u00e1t.<\/p>\n<p>A l\u00e1bak alj\u00e1n tal\u00e1lhat\u00f3 pamut h\u00faz\u00f3zsin\u00f3rok megakad\u00e1lyozz\u00e1k, hogy a nadr\u00e1g intenz\u00edv munkaid\u0151ben, vagy ak\u00e1r hirtelen mozdulatokkal felh\u00faz\u00f3djon.<\/p>\n<p>Hozzon l\u00e9tre egy t\u00f6k\u00e9letes <strong>orvosi ruhak\u00e9szletet<\/strong>, ha <strong>a kapucs\u00edn\u00f3 sz\u00edn\u0171 f\u00e9rfi orvosi meleg\u00edt\u0151nadr\u00e1got egy<\/strong> azonos anyagb\u00f3l k\u00e9sz\u00fclt <strong>orvosi bl\u00fazzal<\/strong> p\u00e1ros\u00edtja.<\/p>\n<ul>\n<li>Hat funkcion\u00e1lis, t\u00e1gas zseb<\/li>\n<li><span style=\"font-family: inherit;\">Elasztikus der\u00e9kp\u00e1nt h\u00faz\u00f3zsin\u00f3rral a m\u00e9ret be\u00e1ll\u00edt\u00e1s\u00e1hoz<\/span><\/li>\n<li><span style=\"font-family: inherit;\">Pamut bord\u00e1k a l\u00e1bakn\u00e1l<\/span><\/li>\n<li><span style=\"font-family: inherit;\">Klasszikus, sportos szab\u00e1s<\/span><\/li>\n<\/ul>\n<p>&nbsp;<\/p>\n<p><strong>Tov\u00e1bbi inform\u00e1ci\u00f3k:<\/strong><\/p>\n<p>A k\u00e9peken l\u00e1that\u00f3 modell L m\u00e9retet visel, \u00e9s 186 cm magas.<\/p>\n<p>Ha nem tudja, milyen m\u00e9retet v\u00e1lasszon &#8211; n\u00e9zze meg a m\u00e9rett\u00e1bl\u00e1zatot. Ha tov\u00e1bbi k\u00e9ts\u00e9gek mer\u00fclnek fel &#8211; k\u00fcldje el nek\u00fcnk a m\u00e9reteit, \u00e9s mi m\u00e9retre szabjuk \u00d6nnek. <\/p>\n<p>A <a href=\"https:\/\/medandbeauty.com\/hu\/shop\/szamara\/basic-kollekcio-hu\/\" target=\"_blank\" rel=\"noopener\">Basic kollekci\u00f3<\/a> ruhadarabjainak sz\u00ednei nem egyeznek a <a href=\"https:\/\/medandbeauty.com\/hu\/shop\/szamara\/premium-kollekcio-hu\/\" target=\"_blank\" rel=\"noopener\">Premium kollekci\u00f3<\/a> sz\u00edneivel &#8211; m\u00e1s anyagb\u00f3l k\u00e9sz\u00fcltek.<\/p>\n<p>A k\u00e9peken l\u00e1that\u00f3 egyes ruhadarabok \u00e1rnyalatai elt\u00e9rhetnek a t\u00e9nylegesekt\u0151l &#8211; ez a k\u00fcl\u00f6nb\u00f6z\u0151 elektronikus berendez\u00e9sek \u00e9s azok egyedi be\u00e1ll\u00edt\u00e1sai miatt van \u00edgy.<\/p>\n","protected":false},"excerpt":{"rendered":"<p>A t\u00f6k\u00e9letes orvosi kocog\u00f3t keresi a mindennapi munk\u00e1j\u00e1hoz? A alap m\u0171t\u0151sruh\u00e1k minden elv\u00e1r\u00e1s\u00e1nak megfelel! Ha \u00e9rt\u00e9keli a legjobb min\u0151s\u00e9g\u0171 anyagokb\u00f3l k\u00e9sz\u00fclt orvosi ruh\u00e1zatot, amely maxim\u00e1lis k\u00e9nyelmet biztos\u00edt &#8211; a f\u00e9rfi Med &amp; Beauty Basic orvosi meleg\u00edt\u0151nadr\u00e1g kapucs\u00edn\u00f3 sz\u00ednben k\u00f6telez\u0151 darab a ruhat\u00e1r\u00e1ban. A Basic cappuccino f\u00e9rfi orvosi jogging nadr\u00e1gos m\u0171t\u0151snadr\u00e1g puha tapint\u00e1s\u00fa \u00e9s k\u00e9nyelmes viselet\u0171 [&hellip;]<\/p>\n","protected":false},"featured_media":462822,"comment_status":"open","ping_status":"closed","template":"","meta":{"_acf_changed":false,"inline_featured_image":false},"kolor":[1921],"rodzaj-ubrania":[1883,1882],"ubranie":[1972],"product_brand":[],"product_cat":[1960,1961,1974,1962,1959],"product_tag":[1971,1931],"class_list":{"0":"post-462816","1":"product","2":"type-product","3":"status-publish","4":"has-post-thumbnail","6":"kolor-beiges-hu","7":"rodzaj-ubrania-orvosi-nadragok","8":"rodzaj-ubrania-scrubs-hu","9":"ubranie-ferfi-orvosi-nadrag-joggers-mutosruha-basic","10":"product_cat-basic-kollekcio-hu","11":"product_cat-bozotosok-hu","12":"product_cat-hirek-hu","13":"product_cat-orvosi-nadrag-hu-2","14":"product_cat-szamara","15":"product_tag-ferfi-orvosi-kocogok","16":"product_tag-orvosi-ruhazat-a-diakok-szamara","18":"first","19":"instock","20":"taxable","21":"shipping-taxable","22":"purchasable","23":"product-type-variable"},"acf":[],"_links":{"self":[{"href":"https:\/\/medandbeauty.com\/hu\/wp-json\/wp\/v2\/product\/462816","targetHints":{"allow":["GET"]}}],"collection":[{"href":"https:\/\/medandbeauty.com\/hu\/wp-json\/wp\/v2\/product"}],"about":[{"href":"https:\/\/medandbeauty.com\/hu\/wp-json\/wp\/v2\/types\/product"}],"replies":[{"embeddable":true,"href":"https:\/\/medandbeauty.com\/hu\/wp-json\/wp\/v2\/comments?post=462816"}],"wp:featuredmedia":[{"embeddable":true,"href":"https:\/\/medandbeauty.com\/hu\/wp-json\/wp\/v2\/media\/462822"}],"wp:attachment":[{"href":"https:\/\/medandbeauty.com\/hu\/wp-json\/wp\/v2\/media?parent=462816"}],"wp:term":[{"taxonomy":"kolor","embeddable":true,"href":"https:\/\/medandbeauty.com\/hu\/wp-json\/wp\/v2\/kolor?post=462816"},{"taxonomy":"rodzaj-ubrania","embeddable":true,"href":"https:\/\/medandbeauty.com\/hu\/wp-json\/wp\/v2\/rodzaj-ubrania?post=462816"},{"taxonomy":"ubranie","embeddable":true,"href":"https:\/\/medandbeauty.com\/hu\/wp-json\/wp\/v2\/ubranie?post=462816"},{"taxonomy":"product_brand","embeddable":true,"href":"https:\/\/medandbeauty.com\/hu\/wp-json\/wp\/v2\/product_brand?post=462816"},{"taxonomy":"product_cat","embeddable":true,"href":"https:\/\/medandbeauty.com\/hu\/wp-json\/wp\/v2\/product_cat?post=462816"},{"taxonomy":"product_tag","embeddable":true,"href":"https:\/\/medandbeauty.com\/hu\/wp-json\/wp\/v2\/product_tag?post=462816"}],"curies":[{"name":"wp","href":"https:\/\/api.w.org\/{rel}","templated":true}]}}