{"id":462950,"date":"2025-02-25T09:47:23","date_gmt":"2025-02-25T08:47:23","guid":{"rendered":"https:\/\/medandbeauty.com\/product\/noi-orvosi-nadrag-wide-mutosnadrag-basic-dolce-rosa\/"},"modified":"2025-12-23T12:04:58","modified_gmt":"2025-12-23T11:04:58","slug":"noi-orvosi-nadrag-wide-mutosnadrag-basic-dolce-rosa","status":"publish","type":"product","link":"https:\/\/medandbeauty.com\/hu\/product\/noi-orvosi-nadrag-wide-mutosnadrag-basic-dolce-rosa\/","title":{"rendered":"N\u0151i orvosi nadr\u00e1g WIDE m\u0171t\u0151snadr\u00e1g Basic DOLCE ROSA"},"content":{"rendered":"<p>Mostant\u00f3l kaphat\u00f3 &#8211; a legkelend\u0151bb <strong>orvosi nadr\u00e1gunk<\/strong> sz\u00e9les sz\u00e1r\u00fa v\u00e1ltozatban!<\/p>\n<p><span style=\"color: #000000;\">Ha a legjobb min\u0151s\u00e9g\u0171 anyagokb\u00f3l k\u00e9sz\u00fclt orvosi ruh\u00e1zatot keres a maxim\u00e1lis k\u00e9nyelem \u00e9rdek\u00e9ben &#8211; a mi<strong> sz\u00e9les<\/strong> <\/span><strong><span style=\"color: #000000;\">sz\u00e9les orvosi nadr\u00e1g Basic dolce rosa sz\u00ednben.<\/span><\/strong><span style=\"color: #000000;\"> k\u00f6telez\u0151 darab a ruhat\u00e1r\u00e1ban.<\/span><\/p>\n<p style=\"color: #000000;\"><strong>A n\u0151i orvosi sz\u00e9les m\u0171t\u0151snadr\u00e1g basic dolce rosa nadr\u00e1got <\/strong>puha tapint\u00e1s\u00fa \u00e9s rendk\u00edv\u00fcl kellemes viselet\u0171 anyagb\u00f3l varrt\u00e1k, amely maxim\u00e1lis k\u00e9nyelmet biztos\u00edt a visel\u00e9s sor\u00e1n \u00e9s a teljes mozg\u00e1startom\u00e1ny fenntart\u00e1s\u00e1ban.<\/p>\n<p style=\"color: #000000;\">A poli\u00e9szter, a viszk\u00f3z \u00e9s a lycra kombin\u00e1ci\u00f3ja miatt az anyag t\u00f6k\u00e9letesen illeszkedik a n\u0151i alakhoz, valamint rendk\u00edv\u00fcl tart\u00f3s \u00e9s nagyon l\u00e9g\u00e1tereszt\u0151.<\/p>\n<p style=\"color: #000000;\">100%-os k\u00e9nyelmet garant\u00e1l az enyh\u00e9n megemelt fels\u0151 r\u00e9sz, valamint a sz\u00e9les \u00e9s rugalmas der\u00e9kp\u00e1nt, amely a m\u00e9ret k\u00f6nny\u0171 be\u00e1ll\u00edt\u00e1s\u00e1hoz h\u00faz\u00f3zsin\u00f3rral rendelkezik.<strong>. Med &amp; Beauty sz\u00e9les orvosi nadr\u00e1gok<\/strong>  nem korl\u00e1tozz\u00e1k a mozg\u00e1st, m\u00e9g hossz\u00fa ideig tart\u00f3 visel\u00e9s eset\u00e9n sem.<\/p>\n<p style=\"color: #000000;\"><strong>A sz\u00e9les, dolce rosa sz\u00edn\u0171 orvosi nadr\u00e1g <\/strong>b\u00e1rmilyen \u00f6lt\u00f6z\u00e9khez j\u00f3l illik, a hat t\u00e1gas \u00e9s praktikus zseb pedig lehet\u0151v\u00e9 teszi, hogy a munk\u00e1hoz sz\u00fcks\u00e9ges dolgokat \u00e9s szersz\u00e1mokat k\u00e9zn\u00e9l tartsa.<\/p>\n<p style=\"color: #000000;\">\u00c1ll\u00edtsa \u00f6ssze \u00e1lmai <strong>orvosi ruhak\u00e9szlet\u00e9t<\/strong><strong> a n\u0151i dolce rosa sz\u00e9les orvosi nadr\u00e1g \u00e9s egy orvosi bl\u00faz k\u00e9t zsebbel vagy egy orvosi bl\u00faz egy zsebbel<\/strong>, amely azonos anyagb\u00f3l k\u00e9sz\u00fclt.<\/p>\n<p style=\"color: #000000;\">Keverje szabadon a sz\u00edneket, \u00e9s hozzon l\u00e9tre egyedi megjelen\u00e9st, vagy v\u00e1lasszon klasszikus \u00e9s id\u0151tlen egysz\u00edn\u0171 megjelen\u00e9st.<\/p>\n<ul style=\"color: #000000;\">\n<li>Elasztikus der\u00e9kp\u00e1nt h\u00faz\u00f3zsin\u00f3rral<\/li>\n<li><span style=\"font-family: inherit;\">6 praktikus \u00e9s t\u00e1gas zseb<\/span><\/li>\n<li><span style=\"font-family: inherit;\">Sz\u00e9les l\u00e1bak<\/span><\/li>\n<li><span style=\"font-family: inherit;\">Alakform\u00e1l\u00f3 emelked\u00e9s<\/span><\/li>\n<\/ul>\n<p style=\"color: #000000;\"><strong> <\/strong><\/p>\n<p style=\"color: #000000;\"><strong>Tov\u00e1bbi inform\u00e1ci\u00f3k:<\/strong><br \/>\nA k\u00e9peken l\u00e1that\u00f3 modellek S-es m\u00e9retet viselnek, \u00e9s 170-174 cm magasak.<\/p>\n<p style=\"color: #000000;\">Ha nem tudja, milyen m\u00e9retet v\u00e1lasszon &#8211; n\u00e9zze meg a m\u00e9rett\u00e1bl\u00e1zatot. Ha tov\u00e1bbi k\u00e9ts\u00e9gek mer\u00fclnek fel &#8211; k\u00fcldje el nek\u00fcnk a m\u00e9reteit, \u00e9s mi m\u00e9retre szabjuk \u00d6nnek. <\/p>\n<p style=\"color: #000000;\">A<a href=\"https:\/\/medandbeauty.com\/hu\/shop\/neki\/basic-kollekcio\/\" target=\"_blank\" rel=\"noopener\"> Basic kollekci\u00f3<\/a> ruhadarabjainak sz\u00ednei nem egyeznek a <a href=\"https:\/\/medandbeauty.com\/hu\/shop\/neki\/premium-kollekcio\/\" target=\"_blank\" rel=\"noopener\">Premium kollekci\u00f3<\/a> sz\u00edneivel &#8211; m\u00e1s anyagb\u00f3l k\u00e9sz\u00fcltek.<\/p>\n<p style=\"color: #000000;\">A k\u00e9peken l\u00e1that\u00f3 egyes ruhadarabok \u00e1rnyalatai elt\u00e9rhetnek a t\u00e9nylegesekt\u0151l &#8211; ez a k\u00fcl\u00f6nb\u00f6z\u0151 elektronikus berendez\u00e9sek \u00e9s azok egyedi be\u00e1ll\u00edt\u00e1sai miatt van \u00edgy.<\/p>\n","protected":false},"excerpt":{"rendered":"<p>Mostant\u00f3l kaphat\u00f3 &#8211; a legkelend\u0151bb orvosi nadr\u00e1gunk sz\u00e9les sz\u00e1r\u00fa v\u00e1ltozatban! Ha a legjobb min\u0151s\u00e9g\u0171 anyagokb\u00f3l k\u00e9sz\u00fclt orvosi ruh\u00e1zatot keres a maxim\u00e1lis k\u00e9nyelem \u00e9rdek\u00e9ben &#8211; a mi sz\u00e9les sz\u00e9les orvosi nadr\u00e1g Basic dolce rosa sz\u00ednben. k\u00f6telez\u0151 darab a ruhat\u00e1r\u00e1ban. A n\u0151i orvosi sz\u00e9les m\u0171t\u0151snadr\u00e1g basic dolce rosa nadr\u00e1got puha tapint\u00e1s\u00fa \u00e9s rendk\u00edv\u00fcl kellemes viselet\u0171 anyagb\u00f3l varrt\u00e1k, [&hellip;]<\/p>\n","protected":false},"featured_media":462955,"comment_status":"open","ping_status":"closed","template":"","meta":{"_acf_changed":false,"inline_featured_image":false},"kolor":[1900],"rodzaj-ubrania":[1883,1882],"ubranie":[1894],"product_brand":[],"product_cat":[1888,1891,1887,1892],"product_tag":[1947],"class_list":{"0":"post-462950","1":"product","2":"type-product","3":"status-publish","4":"has-post-thumbnail","6":"kolor-rozsak","7":"rodzaj-ubrania-orvosi-nadragok","8":"rodzaj-ubrania-scrubs-hu","9":"ubranie-noi-orvosi-nadrag-szeles-mutosruha-basic","10":"product_cat-basic-kollekcio","11":"product_cat-bozotosok","12":"product_cat-neki","13":"product_cat-orvosi-nadrag","14":"product_tag-noi-szeles-szaru-orvosi-nadragok","16":"first","17":"instock","18":"taxable","19":"shipping-taxable","20":"purchasable","21":"product-type-variable"},"acf":[],"_links":{"self":[{"href":"https:\/\/medandbeauty.com\/hu\/wp-json\/wp\/v2\/product\/462950","targetHints":{"allow":["GET"]}}],"collection":[{"href":"https:\/\/medandbeauty.com\/hu\/wp-json\/wp\/v2\/product"}],"about":[{"href":"https:\/\/medandbeauty.com\/hu\/wp-json\/wp\/v2\/types\/product"}],"replies":[{"embeddable":true,"href":"https:\/\/medandbeauty.com\/hu\/wp-json\/wp\/v2\/comments?post=462950"}],"wp:featuredmedia":[{"embeddable":true,"href":"https:\/\/medandbeauty.com\/hu\/wp-json\/wp\/v2\/media\/462955"}],"wp:attachment":[{"href":"https:\/\/medandbeauty.com\/hu\/wp-json\/wp\/v2\/media?parent=462950"}],"wp:term":[{"taxonomy":"kolor","embeddable":true,"href":"https:\/\/medandbeauty.com\/hu\/wp-json\/wp\/v2\/kolor?post=462950"},{"taxonomy":"rodzaj-ubrania","embeddable":true,"href":"https:\/\/medandbeauty.com\/hu\/wp-json\/wp\/v2\/rodzaj-ubrania?post=462950"},{"taxonomy":"ubranie","embeddable":true,"href":"https:\/\/medandbeauty.com\/hu\/wp-json\/wp\/v2\/ubranie?post=462950"},{"taxonomy":"product_brand","embeddable":true,"href":"https:\/\/medandbeauty.com\/hu\/wp-json\/wp\/v2\/product_brand?post=462950"},{"taxonomy":"product_cat","embeddable":true,"href":"https:\/\/medandbeauty.com\/hu\/wp-json\/wp\/v2\/product_cat?post=462950"},{"taxonomy":"product_tag","embeddable":true,"href":"https:\/\/medandbeauty.com\/hu\/wp-json\/wp\/v2\/product_tag?post=462950"}],"curies":[{"name":"wp","href":"https:\/\/api.w.org\/{rel}","templated":true}]}}