{"id":462982,"date":"2025-02-28T11:02:49","date_gmt":"2025-02-28T10:02:49","guid":{"rendered":"https:\/\/medandbeauty.com\/product\/life-saver-orvosi-taska\/"},"modified":"2025-11-18T11:43:39","modified_gmt":"2025-11-18T10:43:39","slug":"life-saver-orvosi-taska","status":"publish","type":"product","link":"https:\/\/medandbeauty.com\/hu\/product\/life-saver-orvosi-taska\/","title":{"rendered":"Life Saver orvosi t\u00e1ska"},"content":{"rendered":"<p><strong>\u00daJ a k\u00edn\u00e1latunkban<\/strong> &#8211; t\u00e1gas pamut orvosi t\u00e1sk\u00e1k feliratokkal, hogy hangs\u00falyozz\u00e1k a szakma ir\u00e1nti szenved\u00e9lyt!<\/p>\n<p>\u00d6n n\u0151v\u00e9r vagy orvos? Emelje ki orvosi hovatartoz\u00e1s\u00e1t<strong> egy orvosi t\u00e1sk\u00e1val, amelyen a k\u00f6vetkez\u0151 szavak szerepelnek: \u00c9letment\u0151!<\/strong> <\/p>\n<p><span style=\"font-weight: 400;\">Ha hossz\u00fa \u00e9s intenz\u00edv \u00f3r\u00e1kat t\u00f6lt a munkahely\u00e9n, nemcsak olyan<strong> orvosi ruh\u00e1zatra <\/strong>van sz\u00fcks\u00e9ge, amely maxim\u00e1lis k\u00e9nyelmet biztos\u00edt, hanem egy t\u00e1gas<strong> orvosi t\u00e1sk\u00e1ra<\/strong> is, amelyben minden, a munk\u00e1hoz sz\u00fcks\u00e9ges tartoz\u00e9kot elf\u00e9r!<\/span><\/p>\n<p><b>Orvosi t\u00e1ska felirattal: \u00c9letment\u0151 <\/b>felirat\u00fa t\u00e1ska 100% pamutb\u00f3l k\u00e9sz\u00fclt.<\/p>\n<p style=\"font-weight: 400;\"><strong>A t\u00e1ska<\/strong> k\u00e9t p\u00e1r foganty\u00faval van ell\u00e1tva, \u00edgy a kez\u00e9ben vagy a v\u00e1ll\u00e1n \u00e1tvetve is hordhatja.<\/p>\n<p>Bel\u00fcl  <strong>orvosi t\u00e1sk\u00e1k<\/strong>  A kisebb t\u00e1rgyak sz\u00e1m\u00e1ra egy tov\u00e1bbi zsebet is be\u00e9p\u00edtett\u00fcnk. Ezenk\u00edv\u00fcl a t\u00e1sk\u00e1t egy z\u00e1r\u00f3elemmel l\u00e1ttuk el, hogy biztons\u00e1gosan lez\u00e1rhassa. <\/p>\n<p>Az<strong> orvosi t\u00e1sk\u00e1kon<\/strong> elhelyezett feliratok hangs\u00falyozz\u00e1k a szakmais\u00e1got \u00e9s a szakma ir\u00e1nti szeretetet.<\/p>\n<p>Biztos\u00edtsa a maxim\u00e1lis k\u00e9nyelmet a munkahely\u00e9n<strong> egy orvosi t\u00e1sk\u00e1val, amelyen a k\u00f6vetkez\u0151 felirat szerepel: Life Saver!<\/strong><\/p>\n<ul>\n<li>Hossz: 53,5 cm, Sz\u00e9less\u00e9g: 33 cm<\/li>\n<li>R\u00f6vid f\u00fcl: 27 cm, hossz\u00fa f\u00fcl: 59 cm<\/li>\n<li style=\"font-weight: 400;\">100% pamut<\/li>\n<li>Egyedi design<\/li>\n<li>K\u00e9t f\u00fclhossz\u00fas\u00e1g<\/li>\n<li>A szakm\u00e1t kiemel\u0151 feliratok<\/li>\n<\/ul>\n<p><strong>Tov\u00e1bbi inform\u00e1ci\u00f3k:<\/strong><\/p>\n<p>A fot\u00f3kon l\u00e1that\u00f3 t\u00e1sk\u00e1k \u00e1rnyalata elt\u00e9rhet a val\u00f3s\u00e1gost\u00f3l &#8211; ez a k\u00fcl\u00f6nb\u00f6z\u0151 elektronikus berendez\u00e9sek \u00e9s azok egyedi be\u00e1ll\u00edt\u00e1sai miatt van \u00edgy.<\/p>\n","protected":false},"excerpt":{"rendered":"<p>\u00daJ a k\u00edn\u00e1latunkban &#8211; t\u00e1gas pamut orvosi t\u00e1sk\u00e1k feliratokkal, hogy hangs\u00falyozz\u00e1k a szakma ir\u00e1nti szenved\u00e9lyt! \u00d6n n\u0151v\u00e9r vagy orvos? Emelje ki orvosi hovatartoz\u00e1s\u00e1t egy orvosi t\u00e1sk\u00e1val, amelyen a k\u00f6vetkez\u0151 szavak szerepelnek: \u00c9letment\u0151! Ha hossz\u00fa \u00e9s intenz\u00edv \u00f3r\u00e1kat t\u00f6lt a munkahely\u00e9n, nemcsak olyan orvosi ruh\u00e1zatra van sz\u00fcks\u00e9ge, amely maxim\u00e1lis k\u00e9nyelmet biztos\u00edt, hanem egy t\u00e1gas orvosi t\u00e1sk\u00e1ra [&hellip;]<\/p>\n","protected":false},"featured_media":462987,"comment_status":"open","ping_status":"closed","template":"","meta":{"_acf_changed":false,"inline_featured_image":false},"kolor":[1921],"rodzaj-ubrania":[],"ubranie":[1935],"product_brand":[],"product_cat":[1889,1887,1897],"product_tag":[],"class_list":{"0":"post-462982","1":"product","2":"type-product","3":"status-publish","4":"has-post-thumbnail","6":"kolor-beiges-hu","7":"ubranie-orvosi-taska","8":"product_cat-hirek","9":"product_cat-neki","10":"product_cat-tartozekok","12":"first","13":"instock","14":"taxable","15":"shipping-taxable","16":"purchasable","17":"product-type-simple"},"acf":[],"_links":{"self":[{"href":"https:\/\/medandbeauty.com\/hu\/wp-json\/wp\/v2\/product\/462982","targetHints":{"allow":["GET"]}}],"collection":[{"href":"https:\/\/medandbeauty.com\/hu\/wp-json\/wp\/v2\/product"}],"about":[{"href":"https:\/\/medandbeauty.com\/hu\/wp-json\/wp\/v2\/types\/product"}],"replies":[{"embeddable":true,"href":"https:\/\/medandbeauty.com\/hu\/wp-json\/wp\/v2\/comments?post=462982"}],"wp:featuredmedia":[{"embeddable":true,"href":"https:\/\/medandbeauty.com\/hu\/wp-json\/wp\/v2\/media\/462987"}],"wp:attachment":[{"href":"https:\/\/medandbeauty.com\/hu\/wp-json\/wp\/v2\/media?parent=462982"}],"wp:term":[{"taxonomy":"kolor","embeddable":true,"href":"https:\/\/medandbeauty.com\/hu\/wp-json\/wp\/v2\/kolor?post=462982"},{"taxonomy":"rodzaj-ubrania","embeddable":true,"href":"https:\/\/medandbeauty.com\/hu\/wp-json\/wp\/v2\/rodzaj-ubrania?post=462982"},{"taxonomy":"ubranie","embeddable":true,"href":"https:\/\/medandbeauty.com\/hu\/wp-json\/wp\/v2\/ubranie?post=462982"},{"taxonomy":"product_brand","embeddable":true,"href":"https:\/\/medandbeauty.com\/hu\/wp-json\/wp\/v2\/product_brand?post=462982"},{"taxonomy":"product_cat","embeddable":true,"href":"https:\/\/medandbeauty.com\/hu\/wp-json\/wp\/v2\/product_cat?post=462982"},{"taxonomy":"product_tag","embeddable":true,"href":"https:\/\/medandbeauty.com\/hu\/wp-json\/wp\/v2\/product_tag?post=462982"}],"curies":[{"name":"wp","href":"https:\/\/api.w.org\/{rel}","templated":true}]}}