{"id":463319,"date":"2025-04-10T16:42:27","date_gmt":"2025-04-10T14:42:27","guid":{"rendered":"https:\/\/medandbeauty.com\/product\/noi-orvosi-bluz-polo-mutosruha-basic-chocolate\/"},"modified":"2025-12-23T11:33:51","modified_gmt":"2025-12-23T10:33:51","slug":"noi-orvosi-bluz-polo-mutosruha-basic-chocolate","status":"publish","type":"product","link":"https:\/\/medandbeauty.com\/hu\/product\/noi-orvosi-bluz-polo-mutosruha-basic-chocolate\/","title":{"rendered":"N\u0151i orvosi bl\u00faz Polo m\u0171t\u0151sruha Basic CHOCOLATE"},"content":{"rendered":"<p>Ha hossz\u00fa \u00e9s intenz\u00edv \u00f3r\u00e1kat t\u00f6lt a munkahely\u00e9n, olyan orvosi ruh\u00e1zatra van sz\u00fcks\u00e9ge, amely maxim\u00e1lis k\u00e9nyelmet biztos\u00edt.<\/p>\n<p><strong>A Basic Chocolate n\u0151i orvosi p\u00f3l\u00f3bl\u00faz <\/strong>a legjobb min\u0151s\u00e9g\u0171 anyagb\u00f3l k\u00e9sz\u00fclt.<\/p>\n<p>A poli\u00e9szter, a viszk\u00f3z \u00e9s a lycra kombin\u00e1ci\u00f3j\u00e1nak k\u00f6sz\u00f6nhet\u0151en az anyag nagyon tart\u00f3s, puha, kellemes tapint\u00e1s\u00fa, alkalmazkodik b\u00e1rmilyen t\u00edpus\u00fa n\u0151i alakhoz, nem korl\u00e1tozza a mozg\u00e1st, \u00e9s &#8211; ami rendk\u00edv\u00fcl fontos az <strong>orvosi ruh\u00e1zat<\/strong> eset\u00e9ben &#8211; l\u00e9g\u00e1tereszt\u0151 \u00e9s l\u00e9legz\u0151.<\/p>\n<p><strong>N\u0151i orvosi p\u00f3l\u00f3bl\u00faz m\u0171t\u0151sruha Basic Chocolate<span style=\"font-weight: 400;\"> <\/span><\/strong>ide\u00e1lis alap egy megb\u00edzhat\u00f3 \u00e9s id\u0151t\u00e1ll\u00f3 orvosi ruhat\u00e1rhoz.<\/p>\n<p>Egy klasszikus mellzsebbel rendelkezik, amely t\u00f6k\u00e9letesen alkalmas szem\u00e9lyi igazolv\u00e1ny r\u00f6gz\u00edt\u00e9s\u00e9re \u00e9s kisebb t\u00e1rgyak, p\u00e9ld\u00e1ul toll vagy k\u00e1rtya sz\u00e1ll\u00edt\u00e1s\u00e1ra.<\/p>\n<p>A klasszikus gall\u00e9ros p\u00f3l\u00f3nyakkiv\u00e1g\u00e1s hangs\u00falyozza a modell id\u0151tlens\u00e9g\u00e9t, a sz\u0171k\u00edtett der\u00e9kvonal kiemeli a sziluett el\u0151nyeit, az ujjak hossza (majdnem k\u00f6ny\u00e9kig \u00e9r) pedig v\u00e9delmet ny\u00fajt a v\u00e1llaknak, mik\u00f6zben nem korl\u00e1tozza a mozg\u00e1st.<\/p>\n<p>A gall\u00e9rn\u00e1l l\u00e9v\u0151 r\u00e9sek lehet\u0151v\u00e9 teszik, hogy a gall\u00e9r a nagyobb szabads\u00e1g \u00e9rdek\u00e9ben kigombolhat\u00f3 vagy a nyakn\u00e1l r\u00f6gz\u00edthet\u0151 legyen.<\/p>\n<p>P\u00e1ros\u00edtsa <strong>a n\u0151i orvosi polo m\u0171t\u0151sruh\u00e1t Basic bl\u00faz csokol\u00e1d\u00e9 sz\u00ednben<\/strong><strong>orvosi <\/strong> <strong>joggerrel <\/strong><strong>, sz\u00e9les orvosi nadr\u00e1ggal, orvosi nadr\u00e1ggal <\/strong>vagy klasszikus <strong>egyenes orvosi nadr\u00e1ggal<\/strong> ugyanabban a sz\u00ednben, vagy v\u00e1lasszon egy m\u00e1sik \u00e1rnyalatot a kollekci\u00f3ban rendelkez\u00e9sre \u00e1ll\u00f3 sz\u00e1mos \u00e1rnyalat k\u00f6z\u00fcl. <a href=\"https:\/\/medandbeauty.com\/hu\/shop\/neki\/basic-kollekcio\/\" target=\"_blank\" rel=\"noopener\"><strong>Med &amp; Beauty Basic<\/strong><\/a>.<\/p>\n<p>Biztos\u00edtsa a maxim\u00e1lis k\u00e9nyelmet \u00e9s a professzion\u00e1lis megjelen\u00e9st a munkahely\u00e9n az<strong> orvosi m\u0171t\u0151sruh\u00e1val.<\/strong> <a href=\"https:\/\/medandbeauty.com\/hu\/shop\/neki\/basic-kollekcio\/\" target=\"_blank\" rel=\"noopener\"><strong>Med &amp; Beauty Basic<\/strong><\/a>.<\/p>\n<ul>\n<li>Mellzseb<\/li>\n<li><span style=\"font-family: inherit;\">Kont\u00faros der\u00e9kr\u00e9sz<\/span><\/li>\n<li><span style=\"font-family: inherit;\">Klasszikus p\u00f3l\u00f3 gall\u00e9r<\/span><\/li>\n<li><span style=\"font-family: inherit;\">K\u00e9nyelmes, r\u00f6vid ujj\u00fa<\/span><\/li>\n<\/ul>\n<p>&nbsp;<\/p>\n<p><strong>Tov\u00e1bbi inform\u00e1ci\u00f3k:<\/strong><br \/>\nA k\u00e9peken l\u00e1that\u00f3 modellek S-es m\u00e9retet viselnek, \u00e9s 170-174 cm magasak.<\/p>\n<p>Ha nem tudja, milyen m\u00e9retet v\u00e1lasszon &#8211; n\u00e9zze meg a m\u00e9rett\u00e1bl\u00e1zatot. Ha tov\u00e1bbi k\u00e9ts\u00e9gek mer\u00fclnek fel &#8211; k\u00fcldje el nek\u00fcnk a m\u00e9reteit, \u00e9s mi m\u00e9retre szabjuk \u00d6nnek. <\/p>\n<p>A Basic kollekci\u00f3 ruhadarabjainak sz\u00ednei nem egyeznek a<a href=\"https:\/\/medandbeauty.com\/hu\/shop\/neki\/premium-kollekcio\/\" target=\"_blank\" rel=\"noopener\"> Premium kollekci\u00f3<\/a> sz\u00edneivel &#8211; m\u00e1s anyagb\u00f3l k\u00e9sz\u00fcltek.<\/p>\n<p>A k\u00e9peken l\u00e1that\u00f3 egyes ruhadarabok \u00e1rnyalatai elt\u00e9rhetnek a t\u00e9nylegesekt\u0151l &#8211; ez a k\u00fcl\u00f6nb\u00f6z\u0151 elektronikus berendez\u00e9sek \u00e9s azok egyedi be\u00e1ll\u00edt\u00e1sai miatt van \u00edgy.<\/p>\n","protected":false},"excerpt":{"rendered":"<p>Ha hossz\u00fa \u00e9s intenz\u00edv \u00f3r\u00e1kat t\u00f6lt a munkahely\u00e9n, olyan orvosi ruh\u00e1zatra van sz\u00fcks\u00e9ge, amely maxim\u00e1lis k\u00e9nyelmet biztos\u00edt. A Basic Chocolate n\u0151i orvosi p\u00f3l\u00f3bl\u00faz a legjobb min\u0151s\u00e9g\u0171 anyagb\u00f3l k\u00e9sz\u00fclt. A poli\u00e9szter, a viszk\u00f3z \u00e9s a lycra kombin\u00e1ci\u00f3j\u00e1nak k\u00f6sz\u00f6nhet\u0151en az anyag nagyon tart\u00f3s, puha, kellemes tapint\u00e1s\u00fa, alkalmazkodik b\u00e1rmilyen t\u00edpus\u00fa n\u0151i alakhoz, nem korl\u00e1tozza a mozg\u00e1st, \u00e9s &#8211; [&hellip;]<\/p>\n","protected":false},"featured_media":463320,"comment_status":"open","ping_status":"closed","template":"","meta":{"_acf_changed":false,"inline_featured_image":false},"kolor":[1896],"rodzaj-ubrania":[1877,1882],"ubranie":[1893],"product_brand":[],"product_cat":[1888,1891,1887,1890],"product_tag":[],"class_list":{"0":"post-463319","1":"product","2":"type-product","3":"status-publish","4":"has-post-thumbnail","6":"kolor-browns-hu","7":"rodzaj-ubrania-orvosi-bluzok","8":"rodzaj-ubrania-scrubs-hu","9":"ubranie-noi-orvosi-bluz-mutosruha-basic-polo","10":"product_cat-basic-kollekcio","11":"product_cat-bozotosok","12":"product_cat-neki","13":"product_cat-orvosi-bluzok","15":"first","16":"instock","17":"taxable","18":"shipping-taxable","19":"purchasable","20":"product-type-variable"},"acf":[],"_links":{"self":[{"href":"https:\/\/medandbeauty.com\/hu\/wp-json\/wp\/v2\/product\/463319","targetHints":{"allow":["GET"]}}],"collection":[{"href":"https:\/\/medandbeauty.com\/hu\/wp-json\/wp\/v2\/product"}],"about":[{"href":"https:\/\/medandbeauty.com\/hu\/wp-json\/wp\/v2\/types\/product"}],"replies":[{"embeddable":true,"href":"https:\/\/medandbeauty.com\/hu\/wp-json\/wp\/v2\/comments?post=463319"}],"wp:featuredmedia":[{"embeddable":true,"href":"https:\/\/medandbeauty.com\/hu\/wp-json\/wp\/v2\/media\/463320"}],"wp:attachment":[{"href":"https:\/\/medandbeauty.com\/hu\/wp-json\/wp\/v2\/media?parent=463319"}],"wp:term":[{"taxonomy":"kolor","embeddable":true,"href":"https:\/\/medandbeauty.com\/hu\/wp-json\/wp\/v2\/kolor?post=463319"},{"taxonomy":"rodzaj-ubrania","embeddable":true,"href":"https:\/\/medandbeauty.com\/hu\/wp-json\/wp\/v2\/rodzaj-ubrania?post=463319"},{"taxonomy":"ubranie","embeddable":true,"href":"https:\/\/medandbeauty.com\/hu\/wp-json\/wp\/v2\/ubranie?post=463319"},{"taxonomy":"product_brand","embeddable":true,"href":"https:\/\/medandbeauty.com\/hu\/wp-json\/wp\/v2\/product_brand?post=463319"},{"taxonomy":"product_cat","embeddable":true,"href":"https:\/\/medandbeauty.com\/hu\/wp-json\/wp\/v2\/product_cat?post=463319"},{"taxonomy":"product_tag","embeddable":true,"href":"https:\/\/medandbeauty.com\/hu\/wp-json\/wp\/v2\/product_tag?post=463319"}],"curies":[{"name":"wp","href":"https:\/\/api.w.org\/{rel}","templated":true}]}}