{"id":463327,"date":"2024-01-02T15:08:11","date_gmt":"2024-01-02T15:08:11","guid":{"rendered":"https:\/\/medandbeauty.com\/product\/noi-klasszikus-orvosi-kopeny-premium-feher\/"},"modified":"2026-03-01T10:31:56","modified_gmt":"2026-03-01T09:31:56","slug":"noi-klasszikus-orvosi-kopeny-premium-feher","status":"publish","type":"product","link":"https:\/\/medandbeauty.com\/hu\/product\/noi-klasszikus-orvosi-kopeny-premium-feher\/","title":{"rendered":"N\u0151i klasszikus orvosi k\u00f6peny pr\u00e9mium FEH\u00c9R"},"content":{"rendered":"<p style=\"font-weight: 400;\">Ha <strong>egy klasszikus n\u0151i orvosi k\u00f6t\u00e9nyt<\/strong> keres k\u00fcl\u00f6nleges feladatokra &#8211; j\u00f3 helyen j\u00e1r!<\/p>\n<p style=\"font-weight: 400;\">A <a href=\"https:\/\/medandbeauty.com\/hu\/shop\/neki\/premium-kollekcio\/\" target=\"_blank\" rel=\"noopener\">Pr\u00e9mium kollekci\u00f3<\/a><strong>klasszikus n\u0151i orvosi k\u00f6t\u00e9nye<\/strong> egy olyan modell, amelyet az <strong>orvosi<\/strong> \u00e9s <strong>sz\u00e9ps\u00e9giparban<\/strong> dolgoz\u00f3 \u00fcgyfeleink ezrei szerettek meg.<\/p>\n<p style=\"font-weight: 400;\"><strong>Az orvosi k\u00f6t\u00e9nyt<\/strong> a legjobb min\u0151s\u00e9g\u0171 pr\u00e9mium pamutb\u00f3l varrt\u00e1k, lyrica \u00e9s nejlon kever\u00e9k\u00e9vel. Az anyagban l\u00e9v\u0151 sz\u00e1lak ezen kombin\u00e1ci\u00f3ja rendk\u00edv\u00fcl k\u00e9nyelmess\u00e9 teszi az <strong>orvosi k\u00f6t\u00e9ny\u00fcnkben<\/strong> val\u00f3 munkav\u00e9gz\u00e9st. <\/p>\n<p style=\"font-weight: 400;\">Az anyag rugalmass\u00e1g\u00e1nak k\u00f6sz\u00f6nhet\u0151en a klasszikus <strong>Med &amp; Beauty orvosi k\u00f6t\u00e9ny<\/strong> teljes mozg\u00e1sterjedelmet biztos\u00edt, m\u00e9g becsatolt \u00e1llapotban is.<\/p>\n<p style=\"font-weight: 400;\"><strong>A klasszikus n\u0151i pr\u00e9mium orvosi k\u00f6t\u00e9nyt<\/strong> patentokkal (nyom\u00f3gombokkal) r\u00f6gz\u00edtik, \u00edgy minden helyzetben k\u00f6nnyen fel- \u00e9s lecsatolhat\u00f3.<\/p>\n<p style=\"font-weight: 400;\">K\u00e9t nagy, t\u00e1gas zsebben elf\u00e9r minden apr\u00f3s\u00e1g, amire a munk\u00e1hoz sz\u00fcks\u00e9ge van, a hossz\u00fa ujjak pedig v\u00e9dik a karj\u00e1t \u00e9s az alkarj\u00e1t.<\/p>\n<p style=\"font-weight: 400;\"><strong>A k\u00f6t\u00e9ny<\/strong> egyszer\u0171 form\u00e1ja \u00e9s a finom \u00e1ll\u00f3gall\u00e9r form\u00e1j\u00fa gall\u00e9r kiemeli a modell klasszikus jelleg\u00e9t, \u00e9s a klasszikus <strong>orvosi k\u00f6t\u00e9ny\u00fcnket<\/strong> visel\u0151 n\u0151 nagyon professzion\u00e1lis megjelen\u00e9st k\u00f6lcs\u00f6n\u00f6z.<\/p>\n<p style=\"font-weight: 400;\">P\u00e1ros\u00edtsa <strong>a klasszikus n\u0151i orvosi k\u00f6penyt b\u00e1rmelyik<\/strong> <a href=\"https:\/\/medandbeauty.com\/hu\/shop\/neki\/basic-kollekcio\/\" target=\"_blank\" rel=\"noopener\"><strong>m\u0171t\u0151sruha<\/strong><\/a> vagy a <a href=\"https:\/\/medandbeauty.com\/hu\/shop\/neki\/premium-kollekcio\/?rodzaj-ubrania=sukienki-medyczne\" target=\"_blank\" rel=\"noopener\"><strong>orvosi k\u00f6penyekkel<\/strong><\/a> a <a href=\"https:\/\/medandbeauty.com\/hu\/shop\/neki\/premium-kollekcio\/\" target=\"_blank\" rel=\"noopener\"><strong>Med &amp; Beauty Premium<\/strong><\/a> vagy a <a href=\"https:\/\/medandbeauty.com\/hu\/shop\/neki\/basic-kollekcio\/\" target=\"_blank\" rel=\"noopener\"><strong>Basic<\/strong><\/a>. K\u00edn\u00e1latunkban t\u00f6bb mint egy tucat sz\u00ednt tal\u00e1l, amelyek t\u00f6k\u00e9letesen illeszkednek a k\u00f6t\u00e9nyhez.<\/p>\n<ul>\n<li style=\"font-weight: 400;\">K\u00e9t nagy, t\u00e1gas \u00e9s praktikus zseb<\/li>\n<li style=\"font-weight: 400;\"><span style=\"font-family: inherit;\">K\u00e9nyelmes nyom\u00f3gombokkal r\u00f6gz\u00edtve<\/span><\/li>\n<li style=\"font-weight: 400;\"><span style=\"font-family: inherit;\">Klasszikus szab\u00e1s \u00e1ll\u00f3gall\u00e9rral<\/span><\/li>\n<li style=\"font-weight: 400;\"><span style=\"font-family: inherit;\">H\u00edmz\u00e9ssel szem\u00e9lyre szabhat\u00f3<\/span><\/li>\n<\/ul>\n<p style=\"font-weight: 400;\"><strong>Tov\u00e1bbi inform\u00e1ci\u00f3k:<\/strong><br \/>\nA k\u00e9peken l\u00e1that\u00f3 modellek S-es m\u00e9retet viselnek, \u00e9s 170-174 cm magasak.<\/p>\n<p style=\"font-weight: 400;\">Ha nem tudja, milyen m\u00e9retet v\u00e1lasszon &#8211; n\u00e9zze meg a m\u00e9rett\u00e1bl\u00e1zatot. Ha tov\u00e1bbi k\u00e9ts\u00e9gek mer\u00fclnek fel &#8211; k\u00fcldje el nek\u00fcnk a m\u00e9reteit, \u00e9s mi m\u00e9retre szabjuk \u00d6nnek. <\/p>\n<p style=\"font-weight: 400;\">A Premium kollekci\u00f3 ruhadarabjainak sz\u00ednei nem egyeznek a <a href=\"https:\/\/medandbeauty.com\/hu\/shop\/neki\/basic-kollekcio\/\" target=\"_blank\" rel=\"noopener\">Basic kollekci\u00f3<\/a> sz\u00edneivel &#8211; m\u00e1s anyagb\u00f3l k\u00e9sz\u00fcltek.<\/p>\n<p style=\"font-weight: 400;\">A k\u00e9peken l\u00e1that\u00f3 egyes ruhadarabok \u00e1rnyalatai elt\u00e9rhetnek a t\u00e9nylegesekt\u0151l &#8211; ez a k\u00fcl\u00f6nb\u00f6z\u0151 elektronikus berendez\u00e9sek \u00e9s azok egyedi be\u00e1ll\u00edt\u00e1sai miatt van \u00edgy.<\/p>\n","protected":false},"excerpt":{"rendered":"<p>Ha egy klasszikus n\u0151i orvosi k\u00f6t\u00e9nyt keres k\u00fcl\u00f6nleges feladatokra &#8211; j\u00f3 helyen j\u00e1r! A Pr\u00e9mium kollekci\u00f3klasszikus n\u0151i orvosi k\u00f6t\u00e9nye egy olyan modell, amelyet az orvosi \u00e9s sz\u00e9ps\u00e9giparban dolgoz\u00f3 \u00fcgyfeleink ezrei szerettek meg. Az orvosi k\u00f6t\u00e9nyt a legjobb min\u0151s\u00e9g\u0171 pr\u00e9mium pamutb\u00f3l varrt\u00e1k, lyrica \u00e9s nejlon kever\u00e9k\u00e9vel. Az anyagban l\u00e9v\u0151 sz\u00e1lak ezen kombin\u00e1ci\u00f3ja rendk\u00edv\u00fcl k\u00e9nyelmess\u00e9 teszi az [&hellip;]<\/p>\n","protected":false},"featured_media":463332,"comment_status":"open","ping_status":"closed","template":"","meta":{"_acf_changed":false,"inline_featured_image":false},"kolor":[],"rodzaj-ubrania":[1879],"ubranie":[1986],"product_brand":[],"product_cat":[1958,1887,1936,1902],"product_tag":[],"class_list":{"0":"post-463327","1":"product","2":"type-product","3":"status-publish","4":"has-post-thumbnail","6":"rodzaj-ubrania-orvosi-kopenyek","7":"ubranie-noi-klasszikus-orvosi-kopeny-premium","8":"product_cat-bestsellerek","9":"product_cat-neki","10":"product_cat-orvosi-kopenyek","11":"product_cat-premium-kollekcio","13":"first","14":"instock","15":"taxable","16":"shipping-taxable","17":"purchasable","18":"product-type-variable"},"acf":[],"_links":{"self":[{"href":"https:\/\/medandbeauty.com\/hu\/wp-json\/wp\/v2\/product\/463327","targetHints":{"allow":["GET"]}}],"collection":[{"href":"https:\/\/medandbeauty.com\/hu\/wp-json\/wp\/v2\/product"}],"about":[{"href":"https:\/\/medandbeauty.com\/hu\/wp-json\/wp\/v2\/types\/product"}],"replies":[{"embeddable":true,"href":"https:\/\/medandbeauty.com\/hu\/wp-json\/wp\/v2\/comments?post=463327"}],"wp:featuredmedia":[{"embeddable":true,"href":"https:\/\/medandbeauty.com\/hu\/wp-json\/wp\/v2\/media\/463332"}],"wp:attachment":[{"href":"https:\/\/medandbeauty.com\/hu\/wp-json\/wp\/v2\/media?parent=463327"}],"wp:term":[{"taxonomy":"kolor","embeddable":true,"href":"https:\/\/medandbeauty.com\/hu\/wp-json\/wp\/v2\/kolor?post=463327"},{"taxonomy":"rodzaj-ubrania","embeddable":true,"href":"https:\/\/medandbeauty.com\/hu\/wp-json\/wp\/v2\/rodzaj-ubrania?post=463327"},{"taxonomy":"ubranie","embeddable":true,"href":"https:\/\/medandbeauty.com\/hu\/wp-json\/wp\/v2\/ubranie?post=463327"},{"taxonomy":"product_brand","embeddable":true,"href":"https:\/\/medandbeauty.com\/hu\/wp-json\/wp\/v2\/product_brand?post=463327"},{"taxonomy":"product_cat","embeddable":true,"href":"https:\/\/medandbeauty.com\/hu\/wp-json\/wp\/v2\/product_cat?post=463327"},{"taxonomy":"product_tag","embeddable":true,"href":"https:\/\/medandbeauty.com\/hu\/wp-json\/wp\/v2\/product_tag?post=463327"}],"curies":[{"name":"wp","href":"https:\/\/api.w.org\/{rel}","templated":true}]}}