{"id":463360,"date":"2024-01-02T15:41:44","date_gmt":"2024-01-02T15:41:44","guid":{"rendered":"https:\/\/medandbeauty.com\/product\/noi-orvosi-bluz-mutosruha-premium-feher\/"},"modified":"2025-12-23T12:04:01","modified_gmt":"2025-12-23T11:04:01","slug":"noi-orvosi-bluz-mutosruha-premium-feher","status":"publish","type":"product","link":"https:\/\/medandbeauty.com\/hu\/product\/noi-orvosi-bluz-mutosruha-premium-feher\/","title":{"rendered":"N\u0151i orvosi bl\u00faz m\u0171t\u0151sruha pr\u00e9mium FEH\u00c9R"},"content":{"rendered":"<h2>Orvosi pul\u00f3ver feh\u00e9r m\u0171t\u0151sruha pr\u00e9mium<\/h2>\n<p>Klasszikus, t\u00f6bb ezer \u00fcgyfel\u00fcnk \u00e1ltal kedvelt boz\u00f3tosok, most pr\u00e9mium verzi\u00f3ban is el\u00e9rhet\u0151ek!<\/p>\n<p>A hossz\u00fa \u00e9s intenz\u00edv munka\u00f3r\u00e1k <strong>a legk\u00e9nyelmesebb orvosi ruh\u00e1zatot<\/strong> ig\u00e9nylik. <strong>A feh\u00e9r m\u0171t\u0151sn\u0151k pr\u00e9mium n\u0151i orvosi bl\u00faz\u00e1t<\/strong> nem kevesebb, mint 80% pamutb\u00f3l varrt\u00e1k, gyeng\u00e9d lycra \u00e9s nejlon hozz\u00e1ad\u00e1s\u00e1val.<\/p>\n<p>Az anyagban l\u00e9v\u0151 sz\u00e1lak e kombin\u00e1ci\u00f3ja teszi a feh\u00e9r orvosi meleg\u00edt\u0151fels\u0151t puh\u00e1v\u00e1, tart\u00f3ss\u00e1, t\u00f6k\u00e9letesen illeszked\u0151v\u00e9, sz\u0171k\u00edthetetlenn\u00e9 \u00e9s &#8211; ami a legfontosabb &#8211; l\u00e9g\u00e1tereszt\u0151v\u00e9.<\/p>\n<p><strong>A feh\u00e9r m\u0171t\u0151sn\u0151i pr\u00e9mium n\u0151i orvosi bl\u00faz<\/strong> a legk\u00e9nyelmesebb, legsokoldal\u00fabb orvosi ruhat\u00e1r t\u00f6k\u00e9letes alapja.<\/p>\n<p>A k\u00e9t t\u00e1gas \u00e9s praktikus el\u00fcls\u0151 zsebnek k\u00f6sz\u00f6nhet\u0151en minden olyan dolgot mag\u00e1val vihet, amit mindig k\u00e9zn\u00e9l szeretne tartani.<\/p>\n<p>A feh\u00e9r n\u0151i orvosi bl\u00faz klasszikus V-nyak\u00fa, hogy optikailag megny\u00fajtsa az alakot, karcs\u00fa szab\u00e1sa kiemeli a n\u0151i alakot, \u00e9s majdnem k\u00f6ny\u00f6kig \u00e9r\u0151 ujja v\u00e9di a v\u00e1llat munka k\u00f6zben an\u00e9lk\u00fcl, hogy korl\u00e1tozn\u00e1 a mozg\u00e1sszabads\u00e1got.<\/p>\n<h2>Feh\u00e9r orvosi pul\u00f3ver &#8211; k\u00e9nyelem \u00e9s min\u0151s\u00e9g<\/h2>\n<p>Egyezik a <strong>feh\u00e9r n\u0151i orvosi m\u0171t\u0151sruh\u00e1k pr\u00e9mium bl\u00faz\u00e1val<\/strong> <a href=\"https:\/\/medandbeauty.com\/produkt\/spodnie-medyczne-damskie-joggery-scrubs-premium-biale\/\" target=\"_blank\" rel=\"noopener\"><strong>orvosi meleg\u00edt\u0151nadr\u00e1g<\/strong><\/a>, <a href=\"https:\/\/medandbeauty.com\/produkt\/spodnie-medyczne-damskie-proste-scrubs-premium-biale\/\" target=\"_blank\" rel=\"noopener\"><strong>egyenes orvosi nadr\u00e1g<\/strong><\/a> vagy <a href=\"https:\/\/medandbeauty.com\/produkt\/spodnie-medyczne-damskie-przylegajace-premium-biale\/\" target=\"_blank\" rel=\"noopener\"><strong>sz\u0171k orvosi nadr\u00e1g<\/strong><\/a> ugyanabban a sz\u00ednben, vagy szabadon keverheti a k\u00edn\u00e1latunk \u00e1rnyalatait.<\/p>\n<p>Biztos\u00edtsa a teljes k\u00e9nyelmet \u00e9s a professzion\u00e1lis megjelen\u00e9st a munkahely\u00e9n az orvosi ruh\u00e1zattal a <a href=\"https:\/\/medandbeauty.com\/hu\/shop\/neki\/premium-kollekcio\/\" target=\"_blank\" rel=\"noopener\"><strong>Med &amp; Beauty Premium kollekci\u00f3b\u00f3l<\/strong><\/a>. Mit\u0151l emelkedik ki az orvosi feh\u00e9r meleg\u00edt\u0151nk?<\/p>\n<ul>\n<li>k\u00e9t t\u00e1gas el\u00fcls\u0151 zseb,<\/li>\n<li>puha \u00e9s l\u00e9legz\u0151 anyag,<\/li>\n<li>Karcs\u00fa, id\u0151tlen szab\u00e1s,<\/li>\n<li>h\u00edmz\u00e9s form\u00e1j\u00e1ban t\u00f6rt\u00e9n\u0151 szem\u00e9lyre szab\u00e1s lehets\u00e9ges.<\/li>\n<\/ul>\n<p><strong>Tov\u00e1bbi inform\u00e1ci\u00f3k:<\/strong> A k\u00e9peken l\u00e1that\u00f3 modellek n\u0151i orvosi feh\u00e9r pul\u00f3vert viselnek S m\u00e9retben, \u00e9s 170-174 cm magasak.<\/p>\n<p>Ha nem tudja, milyen m\u00e9retet v\u00e1lasszon &#8211; n\u00e9zze meg a m\u00e9rett\u00e1bl\u00e1zatot. Ha tov\u00e1bbi k\u00e9ts\u00e9gek mer\u00fclnek fel &#8211; k\u00fcldje el nek\u00fcnk a m\u00e9reteit, \u00e9s mi m\u00e9retre szabjuk \u00d6nnek. <\/p>\n<p>A <a href=\"https:\/\/medandbeauty.com\/hu\/shop\/neki\/premium-kollekcio\/\" target=\"_blank\" rel=\"noopener\">Premium kollekci\u00f3<\/a> ruhadarabjainak sz\u00ednei nem egyeznek a <a href=\"https:\/\/medandbeauty.com\/hu\/shop\/neki\/basic-kollekcio\/\" target=\"_blank\" rel=\"noopener\">Basic kollekci\u00f3<\/a> sz\u00edneivel &#8211; m\u00e1s anyagb\u00f3l k\u00e9sz\u00fcltek.<\/p>\n<p>Az orvosi ruh\u00e1zati bolt k\u00edn\u00e1l:<\/p>\n<ul>\n<li><a href=\"https:\/\/medandbeauty.com\/hu\/shop\/neki\/\" target=\"_new\" rel=\"noopener\">n\u0151i orvosi ruh\u00e1zat<\/a>,<\/li>\n<li><a href=\"https:\/\/medandbeauty.com\/hu\/rodzaj-ubrania\/orvosi-bluzok\/\" target=\"_new\" rel=\"noopener\">orvosi bl\u00fazok<\/a>,<\/li>\n<li><a href=\"https:\/\/medandbeauty.com\/hu\/shop\/neki\/basic-kollekcio\/orvosi-bluzok\/\" target=\"_new\" rel=\"noopener\">n\u0151i orvosi bl\u00fazok<\/a>,<\/li>\n<li><a href=\"https:\/\/medandbeauty.com\/hu\/shop\/neki\/premium-kollekcio\/orvosi-bluzok-hu-4\/\" target=\"_new\" rel=\"noopener\">n\u0151i orvosi pamut bl\u00fazok.<\/a><\/li>\n<\/ul>\n<p>Arra b\u00e1tor\u00edtjuk \u00d6nt, hogy rendelje meg a n\u0151i orvosi feh\u00e9r pul\u00f3vert \u00e9s m\u00e1s orvosi ruhat\u00e1ri cikkeket.<\/p>\n<p>A k\u00e9peken l\u00e1that\u00f3 egyes ruhadarabok \u00e1rnyalatai elt\u00e9rhetnek a t\u00e9nylegesekt\u0151l &#8211; ez a k\u00fcl\u00f6nb\u00f6z\u0151 elektronikus berendez\u00e9sek \u00e9s azok egyedi be\u00e1ll\u00edt\u00e1sai miatt van \u00edgy.<\/p>\n","protected":false},"excerpt":{"rendered":"<p>Orvosi pul\u00f3ver feh\u00e9r m\u0171t\u0151sruha pr\u00e9mium Klasszikus, t\u00f6bb ezer \u00fcgyfel\u00fcnk \u00e1ltal kedvelt boz\u00f3tosok, most pr\u00e9mium verzi\u00f3ban is el\u00e9rhet\u0151ek! A hossz\u00fa \u00e9s intenz\u00edv munka\u00f3r\u00e1k a legk\u00e9nyelmesebb orvosi ruh\u00e1zatot ig\u00e9nylik. A feh\u00e9r m\u0171t\u0151sn\u0151k pr\u00e9mium n\u0151i orvosi bl\u00faz\u00e1t nem kevesebb, mint 80% pamutb\u00f3l varrt\u00e1k, gyeng\u00e9d lycra \u00e9s nejlon hozz\u00e1ad\u00e1s\u00e1val. Az anyagban l\u00e9v\u0151 sz\u00e1lak e kombin\u00e1ci\u00f3ja teszi a feh\u00e9r orvosi [&hellip;]<\/p>\n","protected":false},"featured_media":463372,"comment_status":"open","ping_status":"closed","template":"","meta":{"_acf_changed":false,"inline_featured_image":false},"kolor":[1930],"rodzaj-ubrania":[1877,1882],"ubranie":[1990],"product_brand":[],"product_cat":[1989,1887,1988,1902],"product_tag":[],"class_list":{"0":"post-463360","1":"product","2":"type-product","3":"status-publish","4":"has-post-thumbnail","6":"kolor-feherek","7":"rodzaj-ubrania-orvosi-bluzok","8":"rodzaj-ubrania-scrubs-hu","9":"ubranie-noi-orvosi-bluz-mutosruha-premium","10":"product_cat-bozotosok-hu-2","11":"product_cat-neki","12":"product_cat-orvosi-bluzok-hu-4","13":"product_cat-premium-kollekcio","15":"first","16":"instock","17":"taxable","18":"shipping-taxable","19":"purchasable","20":"product-type-variable"},"acf":[],"_links":{"self":[{"href":"https:\/\/medandbeauty.com\/hu\/wp-json\/wp\/v2\/product\/463360","targetHints":{"allow":["GET"]}}],"collection":[{"href":"https:\/\/medandbeauty.com\/hu\/wp-json\/wp\/v2\/product"}],"about":[{"href":"https:\/\/medandbeauty.com\/hu\/wp-json\/wp\/v2\/types\/product"}],"replies":[{"embeddable":true,"href":"https:\/\/medandbeauty.com\/hu\/wp-json\/wp\/v2\/comments?post=463360"}],"wp:featuredmedia":[{"embeddable":true,"href":"https:\/\/medandbeauty.com\/hu\/wp-json\/wp\/v2\/media\/463372"}],"wp:attachment":[{"href":"https:\/\/medandbeauty.com\/hu\/wp-json\/wp\/v2\/media?parent=463360"}],"wp:term":[{"taxonomy":"kolor","embeddable":true,"href":"https:\/\/medandbeauty.com\/hu\/wp-json\/wp\/v2\/kolor?post=463360"},{"taxonomy":"rodzaj-ubrania","embeddable":true,"href":"https:\/\/medandbeauty.com\/hu\/wp-json\/wp\/v2\/rodzaj-ubrania?post=463360"},{"taxonomy":"ubranie","embeddable":true,"href":"https:\/\/medandbeauty.com\/hu\/wp-json\/wp\/v2\/ubranie?post=463360"},{"taxonomy":"product_brand","embeddable":true,"href":"https:\/\/medandbeauty.com\/hu\/wp-json\/wp\/v2\/product_brand?post=463360"},{"taxonomy":"product_cat","embeddable":true,"href":"https:\/\/medandbeauty.com\/hu\/wp-json\/wp\/v2\/product_cat?post=463360"},{"taxonomy":"product_tag","embeddable":true,"href":"https:\/\/medandbeauty.com\/hu\/wp-json\/wp\/v2\/product_tag?post=463360"}],"curies":[{"name":"wp","href":"https:\/\/api.w.org\/{rel}","templated":true}]}}