{"id":463365,"date":"2024-01-02T14:43:56","date_gmt":"2024-01-02T14:43:56","guid":{"rendered":"https:\/\/medandbeauty.com\/product\/noi-orvosi-kopeny-premium-nyakkivagassal-black\/"},"modified":"2025-12-23T12:03:37","modified_gmt":"2025-12-23T11:03:37","slug":"noi-orvosi-kopeny-premium-nyakkivagassal-black","status":"publish","type":"product","link":"https:\/\/medandbeauty.com\/hu\/product\/noi-orvosi-kopeny-premium-nyakkivagassal-black\/","title":{"rendered":"N\u0151i orvosi k\u00f6peny pr\u00e9mium nyakkiv\u00e1g\u00e1ssal BLACK"},"content":{"rendered":"<p style=\"font-weight: 400;\"><strong>A fekete orvosi k\u00f6t\u00e9ny pr\u00e9mium nyakkiv\u00e1g\u00e1ssal<\/strong> t\u00f6k\u00e9letes v\u00e1laszt\u00e1s a sz\u00e9ps\u00e9giparban \u00e9s az eg\u00e9szs\u00e9g\u00fcgyben dolgoz\u00f3 n\u0151k sz\u00e1m\u00e1ra, akik a klasszikus st\u00edlust \u00e9s a kifinomult eleganci\u00e1t kedvelik.<\/p>\n<p style=\"font-weight: 400;\"><strong>A <a href=\"https:\/\/medandbeauty.com\/hu\/shop\/neki\/premium-kollekcio\/\" target=\"_blank\" rel=\"noopener\">Pr\u00e9mium kollekci\u00f3<\/a> fekete orvosi k\u00f6t\u00e9nye nyakkiv\u00e1g\u00e1ssal<\/strong> kiv\u00e1l\u00f3 min\u0151s\u00e9g\u0171 pamut, nejlon \u00e9s lycra kever\u00e9k\u00e9b\u0151l k\u00e9sz\u00fclt, \u00edgy nem csak k\u00e9nyelmet, hanem a k\u00fcl\u00f6nb\u00f6z\u0151 sziluettekhez t\u00f6k\u00e9letes illeszked\u00e9st \u00e9s k\u00e9nyelmet is biztos\u00edt a munkanap sor\u00e1n.<\/p>\n<p style=\"font-weight: 400;\">Ennek a modellnek a zsebei praktikusak \u00e9s t\u00e1gasak, \u00edgy lehet\u0151v\u00e9 teszik, hogy elrejtse azokat az alapvet\u0151 t\u00e1rgyakat, amelyeket mindig k\u00e9zn\u00e9l szeretne tartani.<\/p>\n<p style=\"font-weight: 400;\"><strong>A fekete<\/strong> <strong>Med &amp; Beauty<\/strong> <strong>orvosi k\u00f6t\u00e9ny<\/strong> fontos megk\u00fcl\u00f6nb\u00f6ztet\u0151 jegye a <strong>nyakr\u00e9szes,<\/strong> praktikus nyom\u00f3gombos r\u00f6gz\u00edt\u00e9s, amely lehet\u0151v\u00e9 teszi a k\u00f6t\u00e9ny gyors fel- \u00e9s lev\u00e9tel\u00e9t.<\/p>\n<p style=\"font-weight: 400;\">A klasszikus trap\u00e9z alak\u00fa nyakkiv\u00e1g\u00e1s id\u0151tlen b\u00e1jt \u00e9s modern csavart is k\u00f6lcs\u00f6n\u00f6z, a k\u00f6t\u00e9ny hossz\u00e1t pedig pontosan megv\u00e1lasztott\u00e1k, hogy b\u00e1rmilyen sziluetthez sz\u00e9pen illeszkedjen.<\/p>\n<p style=\"font-weight: 400;\">A <strong>Med &amp;<\/strong> Beauty-n\u00e1l nemcsak a visel\u0151 k\u00e9nyelme, hanem az eszt\u00e9tikum \u00e9s a professzion\u00e1lis megjelen\u00e9s is fontos sz\u00e1munkra. <strong>A fekete, dekolt\u00e1zsos orvosi k\u00f6t\u00e9ny<\/strong> der\u00e9ksz\u00f6g\u0171 szab\u00e1sa kiemeli a n\u0151i alak minden el\u0151ny\u00e9t. <\/p>\n<p style=\"font-weight: 400;\">J\u00f3l p\u00e1ros\u00edthat\u00f3 <a href=\"https:\/\/medandbeauty.com\/sklep?s=przylegaj%C4%85ce\" target=\"_blank\" rel=\"noopener\"><strong>orvosi nadr\u00e1g<\/strong><\/a>ugyanabb\u00f3l az anyagb\u00f3l k\u00e9sz\u00fclt. V\u00e1laszthat <a href=\"https:\/\/medandbeauty.com\/hu\/shop\/neki\/premium-kollekcio\/?rodzaj-ubrania=spodnie-medyczne\" target=\"_blank\" rel=\"noopener\"><strong>orvosi nadr\u00e1g<\/strong><\/a> fekete sz\u00ednben, vagy a kollekci\u00f3ban el\u00e9rhet\u0151 pr\u00e9mium sz\u00ednek b\u00e1rmelyik \u00e1rnyalat\u00e1hoz v\u00e1laszthat.<\/p>\n<ul>\n<li style=\"font-weight: 400;\">Eleg\u00e1ns trap\u00e9z alak\u00fa nyakkiv\u00e1g\u00e1s<\/li>\n<li style=\"font-weight: 400;\"><span style=\"font-family: inherit;\">K\u00e9nyelmes r\u00f6gz\u00edt\u00e9s nyom\u00f3gombokkal<\/span><\/li>\n<li style=\"font-weight: 400;\"><span style=\"font-family: inherit;\">Karcs\u00fas\u00edtott, klasszikus szab\u00e1s a h\u00edzelg\u0151 sziluett \u00e9rdek\u00e9ben<\/span><\/li>\n<li style=\"font-weight: 400;\"><span style=\"font-family: inherit;\">K\u00e9t t\u00e1gas, foltos el\u00fcls\u0151 zseb<\/span><\/li>\n<li style=\"font-weight: 400;\"><span style=\"font-family: inherit;\">H\u00edmz\u00e9ssel szem\u00e9lyre szabhat\u00f3<\/span><\/li>\n<\/ul>\n<p style=\"font-weight: 400;\"><strong>Tov\u00e1bbi inform\u00e1ci\u00f3k:<\/strong><br \/>\nA k\u00e9peken l\u00e1that\u00f3 modellek S-es m\u00e9retet viselnek, \u00e9s 170-174 cm magasak.<\/p>\n<p style=\"font-weight: 400;\">Ha nem tudja, milyen m\u00e9retet v\u00e1lasszon &#8211; n\u00e9zze meg a m\u00e9rett\u00e1bl\u00e1zatot. Ha tov\u00e1bbi k\u00e9ts\u00e9gek mer\u00fclnek fel &#8211; k\u00fcldje el nek\u00fcnk a m\u00e9reteit, \u00e9s mi m\u00e9retre szabjuk \u00d6nnek. <\/p>\n<p style=\"font-weight: 400;\">A Premium kollekci\u00f3 ruhadarabjainak sz\u00ednei nem egyeznek a<a href=\"https:\/\/medandbeauty.com\/hu\/shop\/neki\/basic-kollekcio\/\" target=\"_blank\" rel=\"noopener\"> Basic kollekci\u00f3<\/a> sz\u00edneivel &#8211; m\u00e1s anyagb\u00f3l k\u00e9sz\u00fcltek.<\/p>\n<p style=\"font-weight: 400;\">A k\u00e9peken l\u00e1that\u00f3 egyes ruhadarabok \u00e1rnyalatai elt\u00e9rhetnek a t\u00e9nylegesekt\u0151l &#8211; ez a k\u00fcl\u00f6nb\u00f6z\u0151 elektronikus berendez\u00e9sek \u00e9s azok egyedi be\u00e1ll\u00edt\u00e1sai miatt van \u00edgy.<\/p>\n","protected":false},"excerpt":{"rendered":"<p>A fekete orvosi k\u00f6t\u00e9ny pr\u00e9mium nyakkiv\u00e1g\u00e1ssal t\u00f6k\u00e9letes v\u00e1laszt\u00e1s a sz\u00e9ps\u00e9giparban \u00e9s az eg\u00e9szs\u00e9g\u00fcgyben dolgoz\u00f3 n\u0151k sz\u00e1m\u00e1ra, akik a klasszikus st\u00edlust \u00e9s a kifinomult eleganci\u00e1t kedvelik. A Pr\u00e9mium kollekci\u00f3 fekete orvosi k\u00f6t\u00e9nye nyakkiv\u00e1g\u00e1ssal kiv\u00e1l\u00f3 min\u0151s\u00e9g\u0171 pamut, nejlon \u00e9s lycra kever\u00e9k\u00e9b\u0151l k\u00e9sz\u00fclt, \u00edgy nem csak k\u00e9nyelmet, hanem a k\u00fcl\u00f6nb\u00f6z\u0151 sziluettekhez t\u00f6k\u00e9letes illeszked\u00e9st \u00e9s k\u00e9nyelmet is biztos\u00edt a [&hellip;]<\/p>\n","protected":false},"featured_media":463366,"comment_status":"open","ping_status":"closed","template":"","meta":{"_acf_changed":false,"inline_featured_image":false},"kolor":[1928],"rodzaj-ubrania":[1879],"ubranie":[1987],"product_brand":[],"product_cat":[1887,1936,1902],"product_tag":[],"class_list":{"0":"post-463365","1":"product","2":"type-product","3":"status-publish","4":"has-post-thumbnail","6":"kolor-czernie-hu","7":"rodzaj-ubrania-orvosi-kopenyek","8":"ubranie-premium-orvosi-kopeny-noknek-nyakkivagassal","9":"product_cat-neki","10":"product_cat-orvosi-kopenyek","11":"product_cat-premium-kollekcio","13":"first","14":"instock","15":"taxable","16":"shipping-taxable","17":"purchasable","18":"product-type-variable"},"acf":[],"_links":{"self":[{"href":"https:\/\/medandbeauty.com\/hu\/wp-json\/wp\/v2\/product\/463365","targetHints":{"allow":["GET"]}}],"collection":[{"href":"https:\/\/medandbeauty.com\/hu\/wp-json\/wp\/v2\/product"}],"about":[{"href":"https:\/\/medandbeauty.com\/hu\/wp-json\/wp\/v2\/types\/product"}],"replies":[{"embeddable":true,"href":"https:\/\/medandbeauty.com\/hu\/wp-json\/wp\/v2\/comments?post=463365"}],"wp:featuredmedia":[{"embeddable":true,"href":"https:\/\/medandbeauty.com\/hu\/wp-json\/wp\/v2\/media\/463366"}],"wp:attachment":[{"href":"https:\/\/medandbeauty.com\/hu\/wp-json\/wp\/v2\/media?parent=463365"}],"wp:term":[{"taxonomy":"kolor","embeddable":true,"href":"https:\/\/medandbeauty.com\/hu\/wp-json\/wp\/v2\/kolor?post=463365"},{"taxonomy":"rodzaj-ubrania","embeddable":true,"href":"https:\/\/medandbeauty.com\/hu\/wp-json\/wp\/v2\/rodzaj-ubrania?post=463365"},{"taxonomy":"ubranie","embeddable":true,"href":"https:\/\/medandbeauty.com\/hu\/wp-json\/wp\/v2\/ubranie?post=463365"},{"taxonomy":"product_brand","embeddable":true,"href":"https:\/\/medandbeauty.com\/hu\/wp-json\/wp\/v2\/product_brand?post=463365"},{"taxonomy":"product_cat","embeddable":true,"href":"https:\/\/medandbeauty.com\/hu\/wp-json\/wp\/v2\/product_cat?post=463365"},{"taxonomy":"product_tag","embeddable":true,"href":"https:\/\/medandbeauty.com\/hu\/wp-json\/wp\/v2\/product_tag?post=463365"}],"curies":[{"name":"wp","href":"https:\/\/api.w.org\/{rel}","templated":true}]}}