{"id":463404,"date":"2024-01-02T15:43:12","date_gmt":"2024-01-02T15:43:12","guid":{"rendered":"https:\/\/medandbeauty.com\/product\/noi-orvosi-bluz-mutosruha-premium-kek\/"},"modified":"2025-12-23T12:04:23","modified_gmt":"2025-12-23T11:04:23","slug":"noi-orvosi-bluz-mutosruha-premium-kek","status":"publish","type":"product","link":"https:\/\/medandbeauty.com\/hu\/product\/noi-orvosi-bluz-mutosruha-premium-kek\/","title":{"rendered":"N\u0151i orvosi bl\u00faz m\u0171t\u0151sruha pr\u00e9mium K\u00c9K"},"content":{"rendered":"<p style=\"font-weight: 400;\">A <strong>klasszikus m\u0171t\u0151sruh\u00e1k<\/strong>, amelyek m\u00e1r t\u00f6bb ezer v\u00e1s\u00e1rl\u00f3nk sz\u00edv\u00e9t nyert\u00e9k el, most egy <a href=\"https:\/\/medandbeauty.com\/hu\/shop\/neki\/premium-kollekcio\/\" target=\"_blank\" rel=\"noopener\">pr\u00e9mium kollekci\u00f3ban<\/a> is!<\/p>\n<p style=\"font-weight: 400;\">A hossz\u00fa munkaid\u0151 a legk\u00e9nyelmesebb <strong>orvosi ruh\u00e1zatot<\/strong> ig\u00e9nyli. <strong>A k\u00e9k n\u0151i m\u0171t\u0151sruha pr\u00e9mium orvosi bl\u00faz<\/strong> 80% pr\u00e9mium pamutb\u00f3l lett szabva, \u00e9s finom lycra \u00e9s nejlon kever\u00e9kkel lett tov\u00e1bb jav\u00edtva.<\/p>\n<p style=\"font-weight: 400;\">A sz\u00f6vetben l\u00e9v\u0151 sz\u00e1lak e kever\u00e9ke teszi az anyagot puh\u00e1v\u00e1, tart\u00f3ss\u00e1, t\u00f6k\u00e9letesen illeszkedik az alakhoz, nem korl\u00e1tozza a mozg\u00e1st, \u00e9s ami a legfontosabb, l\u00e9g\u00e1tereszt\u0151.<\/p>\n<p style=\"font-weight: 400;\"><strong>A k\u00e9k n\u0151i orvosi<a href=\"https:\/\/medandbeauty.com\/hu\/shop\/neki\/premium-kollekcio\/\" target=\"_blank\" rel=\"noopener\">m\u0171t\u0151sruha pr\u00e9mium<\/a> bl\u00faz<\/strong> t\u00f6k\u00e9letes alapot biztos\u00edt a k\u00e9nyelmes \u00e9s sokoldal\u00fa orvosi egyenruh\u00e1s ruhat\u00e1rhoz.<\/p>\n<p style=\"font-weight: 400;\">Az el\u00fcls\u0151 k\u00e9t nagy, praktikus zseb lehet\u0151v\u00e9 teszi, hogy minden l\u00e9nyeges dolgot k\u00e9zn\u00e9l tartson munka k\u00f6zben.<\/p>\n<p style=\"font-weight: 400;\">A klasszikus V-nyak optikailag meghosszabb\u00edtja a sziluettet, a karcs\u00fa szab\u00e1s kiemeli a n\u0151i el\u0151ny\u00f6ket, az ujjak hossza (majdnem k\u00f6ny\u00e9kig \u00e9r) pedig garant\u00e1lja a v\u00e1llak v\u00e9delm\u00e9t an\u00e9lk\u00fcl, hogy korl\u00e1tozn\u00e1 a mozg\u00e1st.<\/p>\n<p style=\"font-weight: 400;\">P\u00e1ros\u00edtsa <strong>a n\u0151i k\u00e9k m\u0171t\u0151sruha pr\u00e9mium orvosi bl\u00faz\u00e1t<\/strong> <a href=\"https:\/\/medandbeauty.com\/hu\/product\/noi-orvosi-jogger-nadrag-mutosnadrag-premium-feher\/\" target=\"_blank\" rel=\"noopener\"><strong>orvosi joggerrel<\/strong><\/a>, <a href=\"https:\/\/medandbeauty.com\/hu\/product\/noi-orvosi-nadrag-premium-fit-feher\/\" target=\"_blank\" rel=\"noopener\"><strong>orvosi nadr\u00e1g<\/strong> <\/a>vagy klasszikus <a href=\"https:\/\/medandbeauty.com\/hu\/product\/noi-orvosi-nadrag-proste-mutosruha-premium-feher\/\" target=\"_blank\" rel=\"noopener\"><strong>egyenes orvosi nadr\u00e1ggal<\/strong> <\/a>ugyanabban az \u00e1rnyalatban, vagy v\u00e1lasszon m\u00e1s sz\u00ednt a k\u00edn\u00e1latunkban el\u00e9rhet\u0151 sz\u00e1mos sz\u00edn k\u00f6z\u00fcl.<\/p>\n<p style=\"font-weight: 400;\">Biztos\u00edtsa a teljes k\u00e9nyelmet \u00e9s a professzion\u00e1lis megjelen\u00e9st a munkahelyen az <strong>orvosi ruh\u00e1zati<\/strong> term\u00e9kcsal\u00e1ddal <strong>.<\/strong> <a href=\"https:\/\/medandbeauty.com\/hu\/shop\/neki\/premium-kollekcio\/\" target=\"_blank\" rel=\"noopener\"><strong>Med &amp; Beauty Premium<\/strong><\/a>.<strong><br \/>\n<\/strong><\/p>\n<ul>\n<li style=\"font-weight: 400;\">K\u00e9t t\u00e1gas el\u00fcls\u0151 zseb<\/li>\n<li style=\"font-weight: 400;\"><span style=\"font-family: inherit;\">Puha \u00e9s l\u00e9g\u00e1tereszt\u0151 anyag<\/span><\/li>\n<li style=\"font-weight: 400;\"><span style=\"font-family: inherit;\">Karcs\u00fa, id\u0151tlen szab\u00e1s<\/span><\/li>\n<li style=\"font-weight: 400;\"><span style=\"font-family: inherit;\">H\u00edmz\u00e9ssel szem\u00e9lyre szabhat\u00f3<\/span><\/li>\n<\/ul>\n<p style=\"font-weight: 400;\"><strong>Tov\u00e1bbi inform\u00e1ci\u00f3k:<\/strong><br \/>\nA k\u00e9peken l\u00e1that\u00f3 modellek S-es m\u00e9retet viselnek, \u00e9s 170-174 cm magasak.<\/p>\n<p style=\"font-weight: 400;\">Ha nem tudja, milyen m\u00e9retet v\u00e1lasszon &#8211; n\u00e9zze meg a m\u00e9rett\u00e1bl\u00e1zatot. Ha tov\u00e1bbi k\u00e9ts\u00e9gek mer\u00fclnek fel &#8211; k\u00fcldje el nek\u00fcnk a m\u00e9reteit, \u00e9s mi m\u00e9retre szabjuk \u00d6nnek. <\/p>\n<p style=\"font-weight: 400;\">A<a href=\"https:\/\/medandbeauty.com\/hu\/shop\/neki\/premium-kollekcio\/\" target=\"_blank\" rel=\"noopener\"> Premium kollekci\u00f3<\/a> ruhadarabjainak sz\u00ednei nem egyeznek a <a href=\"https:\/\/medandbeauty.com\/hu\/shop\/neki\/basic-kollekcio\/\" target=\"_blank\" rel=\"noopener\">Basic kollekci\u00f3<\/a> sz\u00edneivel &#8211; m\u00e1s anyagb\u00f3l k\u00e9sz\u00fcltek.<\/p>\n<p style=\"font-weight: 400;\">A k\u00e9peken l\u00e1that\u00f3 egyes ruhadarabok \u00e1rnyalatai elt\u00e9rhetnek a t\u00e9nylegesekt\u0151l &#8211; ez a k\u00fcl\u00f6nb\u00f6z\u0151 elektronikus berendez\u00e9sek \u00e9s azok egyedi be\u00e1ll\u00edt\u00e1sai miatt van \u00edgy.<\/p>\n","protected":false},"excerpt":{"rendered":"<p>A klasszikus m\u0171t\u0151sruh\u00e1k, amelyek m\u00e1r t\u00f6bb ezer v\u00e1s\u00e1rl\u00f3nk sz\u00edv\u00e9t nyert\u00e9k el, most egy pr\u00e9mium kollekci\u00f3ban is! A hossz\u00fa munkaid\u0151 a legk\u00e9nyelmesebb orvosi ruh\u00e1zatot ig\u00e9nyli. A k\u00e9k n\u0151i m\u0171t\u0151sruha pr\u00e9mium orvosi bl\u00faz 80% pr\u00e9mium pamutb\u00f3l lett szabva, \u00e9s finom lycra \u00e9s nejlon kever\u00e9kkel lett tov\u00e1bb jav\u00edtva. A sz\u00f6vetben l\u00e9v\u0151 sz\u00e1lak e kever\u00e9ke teszi az anyagot puh\u00e1v\u00e1, [&hellip;]<\/p>\n","protected":false},"featured_media":463413,"comment_status":"open","ping_status":"closed","template":"","meta":{"_acf_changed":false,"inline_featured_image":false},"kolor":[1901],"rodzaj-ubrania":[1877,1882],"ubranie":[1990],"product_brand":[],"product_cat":[1989,1887,1988,1902],"product_tag":[],"class_list":{"0":"post-463404","1":"product","2":"type-product","3":"status-publish","4":"has-post-thumbnail","6":"kolor-kek","7":"rodzaj-ubrania-orvosi-bluzok","8":"rodzaj-ubrania-scrubs-hu","9":"ubranie-noi-orvosi-bluz-mutosruha-premium","10":"product_cat-bozotosok-hu-2","11":"product_cat-neki","12":"product_cat-orvosi-bluzok-hu-4","13":"product_cat-premium-kollekcio","15":"first","16":"instock","17":"taxable","18":"shipping-taxable","19":"purchasable","20":"product-type-variable"},"acf":[],"_links":{"self":[{"href":"https:\/\/medandbeauty.com\/hu\/wp-json\/wp\/v2\/product\/463404","targetHints":{"allow":["GET"]}}],"collection":[{"href":"https:\/\/medandbeauty.com\/hu\/wp-json\/wp\/v2\/product"}],"about":[{"href":"https:\/\/medandbeauty.com\/hu\/wp-json\/wp\/v2\/types\/product"}],"replies":[{"embeddable":true,"href":"https:\/\/medandbeauty.com\/hu\/wp-json\/wp\/v2\/comments?post=463404"}],"wp:featuredmedia":[{"embeddable":true,"href":"https:\/\/medandbeauty.com\/hu\/wp-json\/wp\/v2\/media\/463413"}],"wp:attachment":[{"href":"https:\/\/medandbeauty.com\/hu\/wp-json\/wp\/v2\/media?parent=463404"}],"wp:term":[{"taxonomy":"kolor","embeddable":true,"href":"https:\/\/medandbeauty.com\/hu\/wp-json\/wp\/v2\/kolor?post=463404"},{"taxonomy":"rodzaj-ubrania","embeddable":true,"href":"https:\/\/medandbeauty.com\/hu\/wp-json\/wp\/v2\/rodzaj-ubrania?post=463404"},{"taxonomy":"ubranie","embeddable":true,"href":"https:\/\/medandbeauty.com\/hu\/wp-json\/wp\/v2\/ubranie?post=463404"},{"taxonomy":"product_brand","embeddable":true,"href":"https:\/\/medandbeauty.com\/hu\/wp-json\/wp\/v2\/product_brand?post=463404"},{"taxonomy":"product_cat","embeddable":true,"href":"https:\/\/medandbeauty.com\/hu\/wp-json\/wp\/v2\/product_cat?post=463404"},{"taxonomy":"product_tag","embeddable":true,"href":"https:\/\/medandbeauty.com\/hu\/wp-json\/wp\/v2\/product_tag?post=463404"}],"curies":[{"name":"wp","href":"https:\/\/api.w.org\/{rel}","templated":true}]}}