{"id":463450,"date":"2024-01-02T15:52:50","date_gmt":"2024-01-02T15:52:50","guid":{"rendered":"https:\/\/medandbeauty.com\/product\/noi-orvosi-bluz-mutosruha-premium-fekete\/"},"modified":"2025-12-23T12:05:22","modified_gmt":"2025-12-23T11:05:22","slug":"noi-orvosi-bluz-mutosruha-premium-fekete","status":"publish","type":"product","link":"https:\/\/medandbeauty.com\/hu\/product\/noi-orvosi-bluz-mutosruha-premium-fekete\/","title":{"rendered":"N\u0151i orvosi bl\u00faz m\u0171t\u0151sruha pr\u00e9mium FEKETE"},"content":{"rendered":"<p>&nbsp;<\/p>\n<h2>Orvosi pul\u00f3ver fekete &#8211; m\u0171t\u0151sruha<\/h2>\n<p>Klasszikus <strong>boz\u00f3tosok<\/strong> <strong>, amelyek elnyerik n\u0151i v\u00e1s\u00e1rl\u00f3ink sz\u00edv\u00e9t<\/strong>, most pr\u00e9mium v\u00e1ltozatban is el\u00e9rhet\u0151ek!<\/p>\n<p>A hossz\u00fa \u00f3r\u00e1kon \u00e1t tart\u00f3 munkav\u00e9gz\u00e9shez olyan orvosi ruh\u00e1zatra van sz\u00fcks\u00e9g, amely a legnagyobb k\u00e9nyelmet biztos\u00edtja. A fekete sz\u00edn\u0171, n\u0151i pr\u00e9mium orvosi bl\u00faz 80%-ban kiv\u00e1l\u00f3 min\u0151s\u00e9g\u0171 pamutb\u00f3l k\u00e9sz\u00fcl, gyeng\u00e9d lycra \u00e9s nejlon hozz\u00e1ad\u00e1s\u00e1val. <\/p>\n<p>A sz\u00e1laknak ez a kombin\u00e1ci\u00f3ja az anyagban <strong>tart\u00f3s, puha, t\u00f6k\u00e9letesen illeszked\u0151,<\/strong> nem sz\u0171k\u00edt\u0151 \u00e9s &#8211; ami a legfontosabb &#8211; l\u00e9legz\u0151v\u00e9 teszi <strong>az orvosi fekete meleg\u00edt\u0151fels\u0151t<\/strong>.<\/p>\n<p><strong>A fekete n\u0151i orvosi m\u0171t\u0151sruha pr\u00e9mium bl\u00faz<\/strong> kiv\u00e1l\u00f3 alapot biztos\u00edt egy k\u00e9nyelmes \u00e9s sokoldal\u00fa orvosi egyenruh\u00e1s ruhat\u00e1rhoz.<\/p>\n<p>A fekete orvosi pul\u00f3ver elej\u00e9n tal\u00e1lhat\u00f3 k\u00e9t t\u00e1gas \u00e9s praktikus zseb lehet\u0151v\u00e9 teszi, hogy minden l\u00e9nyeges dolgot k\u00e9zn\u00e9l tartson munka k\u00f6zben.<\/p>\n<p>A n\u0151i fekete orvosi meleg\u00edt\u0151fels\u0151 hagyom\u00e1nyos V-nyakkiv\u00e1g\u00e1sa optikailag meghosszabb\u00edtja a sziluettet, a testhez\u00e1ll\u00f3 szab\u00e1s kiemeli a n\u0151i alak minden el\u0151ny\u00e9t, az ujjak hossza (majdnem k\u00f6ny\u00e9kig \u00e9r) pedig v\u00e9delmet ny\u00fajt a karoknak, mik\u00f6zben nem korl\u00e1tozza a mozg\u00e1sszabads\u00e1got.<\/p>\n<h2>Fekete orvosi pul\u00f3ver &#8211; divatos \u00e9s k\u00e9nyelmes<\/h2>\n<p>Kombin\u00e1lja a fekete n\u0151i orvosi m\u0171t\u0151sruha pr\u00e9mium bl\u00faz\u00e1t <a href=\"https:\/\/medandbeauty.com\/produkt\/spodnie-medyczne-damskie-joggery-scrubs-premium-czarne\/\" target=\"_blank\" rel=\"noopener\"><strong>orvosi joggerrel<\/strong><\/a>, <a href=\"https:\/\/medandbeauty.com\/produkt\/spodnie-medyczne-damskie-przylegajace-premium-czarne\/\" target=\"_blank\" rel=\"noopener\"><strong>orvosi nadr\u00e1g<\/strong> <\/a>vagy klasszikus <a href=\"https:\/\/medandbeauty.com\/produkt\/spodnie-medyczne-damskie-proste-scrubs-premium-czarne\/\" target=\"_blank\" rel=\"noopener\"><strong>egyenes orvosi nadr\u00e1ggal<\/strong> <\/a>ugyanabban a sz\u00ednben, vagy v\u00e1lasszon m\u00e1s \u00e1rnyalatot a k\u00edn\u00e1latunkban el\u00e9rhet\u0151 sz\u00e1mos \u00e1rnyalat k\u00f6z\u00fcl.<\/p>\n<p><strong>A teljes k\u00e9nyelem \u00e9s a professzion\u00e1lis megjelen\u00e9s el\u00e9r\u00e9se a munkahelyen az orvosi<\/strong> m\u0171t\u0151sruh\u00e1k <strong>sor\u00e1b\u00f3l sz\u00e1rmaz\u00f3 orvosi m\u0171t\u0151sruh\u00e1kkal.<\/strong> <a href=\"https:\/\/medandbeauty.com\/hu\/shop\/neki\/premium-kollekcio\/\" target=\"_blank\" rel=\"noopener\"><strong>Med &amp; Beauty Premium<\/strong><\/a>. A n\u0151i orvosi pul\u00f3vert fekete sz\u00ednben a k\u00f6vetkez\u0151k jellemzik:<\/p>\n<ul>\n<li>k\u00e9t t\u00e1gas el\u00fcls\u0151 zseb,<\/li>\n<li>puha \u00e9s l\u00e9legz\u0151 anyag,<\/li>\n<li>karcs\u00fa, id\u0151tlen szab\u00e1ssal,<\/li>\n<li>h\u00edmz\u00e9ssel szem\u00e9lyre szabott.<\/li>\n<\/ul>\n<p><strong>Tov\u00e1bbi inform\u00e1ci\u00f3k:<\/strong> A k\u00e9peken l\u00e1that\u00f3 modellek fekete n\u0151i orvosi pul\u00f3vert viselnek, S m\u00e9ret\u0171, 170-174 cm magasak.<\/p>\n<p>Ha nem tudja, milyen m\u00e9retet v\u00e1lasszon &#8211; n\u00e9zze meg a m\u00e9rett\u00e1bl\u00e1zatot. Ha m\u00e9g mindig bizonytalan &#8211; k\u00fcldje el nek\u00fcnk a m\u00e9reteit, \u00e9s mi szem\u00e9lyre szabjuk az orvosi fekete pul\u00f3vert. <\/p>\n<h2>Orvosi bl\u00faz fekete n\u0151knek<\/h2>\n<p>A <a href=\"https:\/\/medandbeauty.com\/hu\/shop\/neki\/premium-kollekcio\/\" target=\"_blank\" rel=\"noopener\">Premium kollekci\u00f3<\/a> ruhadarabjainak sz\u00ednei nem egyeznek a <a href=\"https:\/\/medandbeauty.com\/hu\/shop\/neki\/basic-kollekcio\/\" target=\"_blank\" rel=\"noopener\">Basic kollekci\u00f3<\/a> sz\u00edneivel &#8211; m\u00e1s anyagb\u00f3l k\u00e9sz\u00fcltek.<\/p>\n<p>A Med&amp;Beauty <a href=\"https:\/\/medandbeauty.com\/hu\/\">orvosi ruh\u00e1zati bolt<\/a> aj\u00e1nlja:<\/p>\n<ul>\n<li><a href=\"https:\/\/medandbeauty.com\/hu\/shop\/neki\/\" target=\"_new\" rel=\"noopener\">n\u0151i orvosi ruh\u00e1zat<\/a>,<\/li>\n<li><a href=\"https:\/\/medandbeauty.com\/hu\/rodzaj-ubrania\/orvosi-bluzok\/\" target=\"_new\" rel=\"noopener\">orvosi bl\u00fazok<\/a>,<\/li>\n<li><a href=\"https:\/\/medandbeauty.com\/hu\/shop\/neki\/basic-kollekcio\/orvosi-bluzok\/\" target=\"_new\" rel=\"noopener\">n\u0151i orvosi bl\u00fazok<\/a>,<\/li>\n<li><a href=\"https:\/\/medandbeauty.com\/hu\/shop\/neki\/premium-kollekcio\/orvosi-bluzok-hu-4\/\" target=\"_new\" rel=\"noopener\">n\u0151i orvosi pamut bl\u00fazok.<\/a><\/li>\n<\/ul>\n<p>Arra b\u00e1tor\u00edtjuk \u00d6nt, hogy adjon le megrendel\u00e9seket.<\/p>\n<p>A k\u00e9peken l\u00e1that\u00f3 egyes ruhadarabok \u00e1rnyalatai elt\u00e9rhetnek a t\u00e9nylegesekt\u0151l &#8211; ez a k\u00fcl\u00f6nb\u00f6z\u0151 elektronikus berendez\u00e9sek \u00e9s azok egyedi be\u00e1ll\u00edt\u00e1sai miatt van \u00edgy.<\/p>\n","protected":false},"excerpt":{"rendered":"<p>&nbsp; Orvosi pul\u00f3ver fekete &#8211; m\u0171t\u0151sruha Klasszikus boz\u00f3tosok , amelyek elnyerik n\u0151i v\u00e1s\u00e1rl\u00f3ink sz\u00edv\u00e9t, most pr\u00e9mium v\u00e1ltozatban is el\u00e9rhet\u0151ek! A hossz\u00fa \u00f3r\u00e1kon \u00e1t tart\u00f3 munkav\u00e9gz\u00e9shez olyan orvosi ruh\u00e1zatra van sz\u00fcks\u00e9g, amely a legnagyobb k\u00e9nyelmet biztos\u00edtja. A fekete sz\u00edn\u0171, n\u0151i pr\u00e9mium orvosi bl\u00faz 80%-ban kiv\u00e1l\u00f3 min\u0151s\u00e9g\u0171 pamutb\u00f3l k\u00e9sz\u00fcl, gyeng\u00e9d lycra \u00e9s nejlon hozz\u00e1ad\u00e1s\u00e1val. A sz\u00e1laknak ez [&hellip;]<\/p>\n","protected":false},"featured_media":463455,"comment_status":"open","ping_status":"closed","template":"","meta":{"_acf_changed":false,"inline_featured_image":false},"kolor":[1928],"rodzaj-ubrania":[1877,1882],"ubranie":[1990],"product_brand":[],"product_cat":[1989,1887,1988,1902],"product_tag":[],"class_list":{"0":"post-463450","1":"product","2":"type-product","3":"status-publish","4":"has-post-thumbnail","6":"kolor-czernie-hu","7":"rodzaj-ubrania-orvosi-bluzok","8":"rodzaj-ubrania-scrubs-hu","9":"ubranie-noi-orvosi-bluz-mutosruha-premium","10":"product_cat-bozotosok-hu-2","11":"product_cat-neki","12":"product_cat-orvosi-bluzok-hu-4","13":"product_cat-premium-kollekcio","15":"first","16":"instock","17":"taxable","18":"shipping-taxable","19":"purchasable","20":"product-type-variable"},"acf":[],"_links":{"self":[{"href":"https:\/\/medandbeauty.com\/hu\/wp-json\/wp\/v2\/product\/463450","targetHints":{"allow":["GET"]}}],"collection":[{"href":"https:\/\/medandbeauty.com\/hu\/wp-json\/wp\/v2\/product"}],"about":[{"href":"https:\/\/medandbeauty.com\/hu\/wp-json\/wp\/v2\/types\/product"}],"replies":[{"embeddable":true,"href":"https:\/\/medandbeauty.com\/hu\/wp-json\/wp\/v2\/comments?post=463450"}],"wp:featuredmedia":[{"embeddable":true,"href":"https:\/\/medandbeauty.com\/hu\/wp-json\/wp\/v2\/media\/463455"}],"wp:attachment":[{"href":"https:\/\/medandbeauty.com\/hu\/wp-json\/wp\/v2\/media?parent=463450"}],"wp:term":[{"taxonomy":"kolor","embeddable":true,"href":"https:\/\/medandbeauty.com\/hu\/wp-json\/wp\/v2\/kolor?post=463450"},{"taxonomy":"rodzaj-ubrania","embeddable":true,"href":"https:\/\/medandbeauty.com\/hu\/wp-json\/wp\/v2\/rodzaj-ubrania?post=463450"},{"taxonomy":"ubranie","embeddable":true,"href":"https:\/\/medandbeauty.com\/hu\/wp-json\/wp\/v2\/ubranie?post=463450"},{"taxonomy":"product_brand","embeddable":true,"href":"https:\/\/medandbeauty.com\/hu\/wp-json\/wp\/v2\/product_brand?post=463450"},{"taxonomy":"product_cat","embeddable":true,"href":"https:\/\/medandbeauty.com\/hu\/wp-json\/wp\/v2\/product_cat?post=463450"},{"taxonomy":"product_tag","embeddable":true,"href":"https:\/\/medandbeauty.com\/hu\/wp-json\/wp\/v2\/product_tag?post=463450"}],"curies":[{"name":"wp","href":"https:\/\/api.w.org\/{rel}","templated":true}]}}