{"id":463459,"date":"2024-01-06T01:38:19","date_gmt":"2024-01-06T01:38:19","guid":{"rendered":"https:\/\/medandbeauty.com\/product\/noi-orvosi-boritek-tunika-premium-fekete\/"},"modified":"2025-12-23T11:39:57","modified_gmt":"2025-12-23T10:39:57","slug":"noi-orvosi-boritek-tunika-premium-fekete","status":"publish","type":"product","link":"https:\/\/medandbeauty.com\/hu\/product\/noi-orvosi-boritek-tunika-premium-fekete\/","title":{"rendered":"N\u0151i orvosi bor\u00edt\u00e9k tunika Premium FEKETE"},"content":{"rendered":"<p style=\"font-weight: 400;\"><strong>A Premium Black Medical Envelope Tunic<\/strong> t\u00f6k\u00e9letes modell minden olyan n\u0151 sz\u00e1m\u00e1ra, aki az orvosi \u00e9s sz\u00e9ps\u00e9giparban dolgozik, \u00e9s aki \u00e9rt\u00e9keli a minimalista szab\u00e1sokat \u00e9s a professzion\u00e1lis megjelen\u00e9st a munkahely\u00e9n.<\/p>\n<p style=\"font-weight: 400;\"><strong>A <a href=\"https:\/\/medandbeauty.com\/hu\/shop\/neki\/premium-kollekcio\/\" target=\"_blank\" rel=\"noopener\">pr\u00e9mium kollekci\u00f3<\/a> fekete orvosi bor\u00edt\u00e9ktunik\u00e1ja<\/strong> a legjobb min\u0151s\u00e9g\u0171 pamut, nejlon \u00e9s lycra kever\u00e9k\u00e9b\u0151l <strong> k\u00e9sz\u00fclt<\/strong>. Az anyagban l\u00e9v\u0151 sz\u00e1lak ilyen kombin\u00e1ci\u00f3ja teszi <strong>a Med&amp;Beauty bor\u00edt\u00e9k tunik\u00e1kat l\u00e9g\u00e1tereszt\u0151v\u00e9<\/strong>, t\u00f6k\u00e9letesen illeszkednek a n\u0151i alakhoz, \u00e9s teljes k\u00e9nyelmet biztos\u00edtanak a hossz\u00fa munka\u00f3r\u00e1k alatt.<\/p>\n<p style=\"font-weight: 400;\">A <strong>Med &amp; Beauty<\/strong> \u00e1ltal gy\u00e1rtott <strong>orvosi fels\u0151ruh\u00e1zat<\/strong> minden modellje praktikus \u00e9s t\u00e1gas zsebekkel van felszerelve, amelyekben minden olyan dolgot k\u00e9zn\u00e9l tarthat, amit szeretne.<\/p>\n<p style=\"font-weight: 400;\"><strong>A pr\u00e9mium fekete orvosi bor\u00edt\u00e9ktunik\u00e1nak <\/strong>a nyakkiv\u00e1g\u00e1sn\u00e1l l\u00e9v\u0151 r\u00f6gz\u00edt\u00e9s a nagy elad\u00e1si pontja. A maxim\u00e1lis k\u00e9nyelem \u00e9rdek\u00e9ben rejtett gombbal \u00e9s r\u00f6gz\u00edt\u0151vel l\u00e1ttuk el. <\/p>\n<p style=\"font-weight: 400;\">A sz\u00edv alak\u00fa nyakkiv\u00e1g\u00e1s egyszerre id\u0151tlen \u00e9s modern, a tunika hossz\u00e1t pedig \u00fagy v\u00e1lasztottuk meg, hogy az b\u00e1rmilyen alakhoz sz\u00e9pen illeszkedjen.<\/p>\n<p style=\"font-weight: 400;\">A <strong>Med &amp;<\/strong> Beauty-n\u00e1l nemcsak a visel\u00e9si k\u00e9nyelemre, hanem az eszt\u00e9tikus \u00e9s professzion\u00e1lis megjelen\u00e9sre is \u00f6sszpontos\u00edtunk. A<strong> pr\u00e9mium fekete orvosi bor\u00edt\u00e9ktunik\u00e1t<\/strong> egy der\u00e9k\u00f6vvel eg\u00e9sz\u00edtett\u00fck ki, amely t\u00f6k\u00e9letesen kiemeli a n\u0151i alak minden tulajdons\u00e1g\u00e1t. <\/p>\n<p style=\"font-weight: 400;\"><strong>A pr\u00e9mium fekete orvosi bor\u00edt\u00e9k tunika <\/strong>j\u00f3l n\u00e9z ki a k\u00f6vetkez\u0151kkel <a href=\"https:\/\/medandbeauty.com\/sk\/product\/damske-lekarske-nohavice-priliehave-premium-black\/\" target=\"_blank\" rel=\"noopener\"><strong>orvosi nadr\u00e1g<\/strong><\/a>amely ugyanabb\u00f3l az anyagb\u00f3l k\u00e9sz\u00fclt.<\/p>\n<p style=\"font-weight: 400;\">P\u00e1ros\u00edtsa <strong>az orvosi nadr\u00e1got<\/strong> fekete sz\u00ednben, vagy illeszkedjen a k\u00edn\u00e1latunkban el\u00e9rhet\u0151 sz\u00e1mos \u00e1rnyalat k\u00f6z\u00fcl b\u00e1rmelyikhez.<\/p>\n<ul>\n<li style=\"font-weight: 400;\">K\u00e9t nagy, t\u00e1gas zseb<\/li>\n<li style=\"font-weight: 400;\"><span style=\"font-family: inherit;\">Nap Nap a nyakkiv\u00e1g\u00e1sn\u00e1l a maxim\u00e1lis k\u00e9nyelem \u00e9rdek\u00e9ben<\/span><\/li>\n<li style=\"font-weight: 400;\"><span style=\"font-family: inherit;\">K\u00fapos der\u00e9kr\u00e9sz \u00f6vvel<\/span><\/li>\n<li style=\"font-weight: 400;\"><span style=\"font-family: inherit;\">H\u00fcvely 3\/4<\/span><\/li>\n<li style=\"font-weight: 400;\"><span style=\"font-family: inherit;\">H\u00edmz\u00e9ssel szem\u00e9lyre szabhat\u00f3<\/span><\/li>\n<\/ul>\n<p>&nbsp;<\/p>\n<p style=\"font-weight: 400;\"><strong>Tov\u00e1bbi inform\u00e1ci\u00f3k:<\/strong><br \/>\nA k\u00e9peken l\u00e1that\u00f3 modellek S-es m\u00e9retet viselnek, \u00e9s 170-174 cm magasak.<\/p>\n<p style=\"font-weight: 400;\">Ha nem tudja, milyen m\u00e9retet v\u00e1lasszon &#8211; n\u00e9zze meg a m\u00e9rett\u00e1bl\u00e1zatot. Ha tov\u00e1bbi k\u00e9ts\u00e9gek mer\u00fclnek fel &#8211; k\u00fcldje el nek\u00fcnk a m\u00e9reteit, \u00e9s mi m\u00e9retre szabjuk \u00d6nnek. <\/p>\n<p style=\"font-weight: 400;\">A <a href=\"https:\/\/medandbeauty.com\/hu\/shop\/neki\/premium-kollekcio\/\" target=\"_blank\" rel=\"noopener\">Premium kollekci\u00f3<\/a> ruhadarabjainak sz\u00ednei nem egyeznek a <a href=\"https:\/\/medandbeauty.com\/hu\/shop\/neki\/basic-kollekcio\/\" target=\"_blank\" rel=\"noopener\">Basic kollekci\u00f3<\/a> sz\u00edneivel &#8211; m\u00e1s anyagb\u00f3l k\u00e9sz\u00fcltek.<\/p>\n<p style=\"font-weight: 400;\">A k\u00e9peken l\u00e1that\u00f3 egyes ruhadarabok \u00e1rnyalatai elt\u00e9rhetnek a t\u00e9nylegesekt\u0151l &#8211; ez a k\u00fcl\u00f6nb\u00f6z\u0151 elektronikus berendez\u00e9sek \u00e9s azok egyedi be\u00e1ll\u00edt\u00e1sai miatt van \u00edgy.<\/p>\n","protected":false},"excerpt":{"rendered":"<p>A Premium Black Medical Envelope Tunic t\u00f6k\u00e9letes modell minden olyan n\u0151 sz\u00e1m\u00e1ra, aki az orvosi \u00e9s sz\u00e9ps\u00e9giparban dolgozik, \u00e9s aki \u00e9rt\u00e9keli a minimalista szab\u00e1sokat \u00e9s a professzion\u00e1lis megjelen\u00e9st a munkahely\u00e9n. A pr\u00e9mium kollekci\u00f3 fekete orvosi bor\u00edt\u00e9ktunik\u00e1ja a legjobb min\u0151s\u00e9g\u0171 pamut, nejlon \u00e9s lycra kever\u00e9k\u00e9b\u0151l k\u00e9sz\u00fclt. Az anyagban l\u00e9v\u0151 sz\u00e1lak ilyen kombin\u00e1ci\u00f3ja teszi a Med&amp;Beauty bor\u00edt\u00e9k [&hellip;]<\/p>\n","protected":false},"featured_media":463463,"comment_status":"open","ping_status":"closed","template":"","meta":{"_acf_changed":false,"inline_featured_image":false},"kolor":[1928],"rodzaj-ubrania":[1885],"ubranie":[1924],"product_brand":[],"product_cat":[1887,1923,1902],"product_tag":[1957],"class_list":{"0":"post-463459","1":"product","2":"type-product","3":"status-publish","4":"has-post-thumbnail","6":"kolor-czernie-hu","7":"rodzaj-ubrania-orvosi-tunikak","8":"ubranie-premium-noi-orvosi-boritek-tunika","9":"product_cat-neki","10":"product_cat-orvosi-tunikak","11":"product_cat-premium-kollekcio","12":"product_tag-kozmetikai-tunikak","14":"first","15":"instock","16":"taxable","17":"shipping-taxable","18":"purchasable","19":"product-type-variable"},"acf":[],"_links":{"self":[{"href":"https:\/\/medandbeauty.com\/hu\/wp-json\/wp\/v2\/product\/463459","targetHints":{"allow":["GET"]}}],"collection":[{"href":"https:\/\/medandbeauty.com\/hu\/wp-json\/wp\/v2\/product"}],"about":[{"href":"https:\/\/medandbeauty.com\/hu\/wp-json\/wp\/v2\/types\/product"}],"replies":[{"embeddable":true,"href":"https:\/\/medandbeauty.com\/hu\/wp-json\/wp\/v2\/comments?post=463459"}],"wp:featuredmedia":[{"embeddable":true,"href":"https:\/\/medandbeauty.com\/hu\/wp-json\/wp\/v2\/media\/463463"}],"wp:attachment":[{"href":"https:\/\/medandbeauty.com\/hu\/wp-json\/wp\/v2\/media?parent=463459"}],"wp:term":[{"taxonomy":"kolor","embeddable":true,"href":"https:\/\/medandbeauty.com\/hu\/wp-json\/wp\/v2\/kolor?post=463459"},{"taxonomy":"rodzaj-ubrania","embeddable":true,"href":"https:\/\/medandbeauty.com\/hu\/wp-json\/wp\/v2\/rodzaj-ubrania?post=463459"},{"taxonomy":"ubranie","embeddable":true,"href":"https:\/\/medandbeauty.com\/hu\/wp-json\/wp\/v2\/ubranie?post=463459"},{"taxonomy":"product_brand","embeddable":true,"href":"https:\/\/medandbeauty.com\/hu\/wp-json\/wp\/v2\/product_brand?post=463459"},{"taxonomy":"product_cat","embeddable":true,"href":"https:\/\/medandbeauty.com\/hu\/wp-json\/wp\/v2\/product_cat?post=463459"},{"taxonomy":"product_tag","embeddable":true,"href":"https:\/\/medandbeauty.com\/hu\/wp-json\/wp\/v2\/product_tag?post=463459"}],"curies":[{"name":"wp","href":"https:\/\/api.w.org\/{rel}","templated":true}]}}