{"id":463481,"date":"2024-01-02T16:19:31","date_gmt":"2024-01-02T16:19:31","guid":{"rendered":"https:\/\/medandbeauty.com\/product\/noi-orvosi-bluz-mutosruha-premium-vilagos-bezs-szinu\/"},"modified":"2025-12-23T12:05:23","modified_gmt":"2025-12-23T11:05:23","slug":"noi-orvosi-bluz-mutosruha-premium-vilagos-bezs-szinu","status":"publish","type":"product","link":"https:\/\/medandbeauty.com\/hu\/product\/noi-orvosi-bluz-mutosruha-premium-vilagos-bezs-szinu\/","title":{"rendered":"N\u0151i orvosi bl\u00faz m\u0171t\u0151sruha pr\u00e9mium vil\u00e1gos b\u00e9zs sz\u00edn\u0171"},"content":{"rendered":"<p style=\"font-weight: 400;\"><strong>Klasszikus<\/strong>, t\u00f6bb ezer \u00fcgyfel\u00fcnk \u00e1ltal kedvelt <strong>boz\u00f3tosok<\/strong>, most pr\u00e9mium verzi\u00f3ban is el\u00e9rhet\u0151ek!<\/p>\n<p style=\"font-weight: 400;\">Ha hossz\u00fa \u00f3r\u00e1kat t\u00f6lt a munkahely\u00e9n, olyan<strong> orvosi ruh\u00e1zatra <\/strong>van sz\u00fcks\u00e9ge, amely maxim\u00e1lis k\u00e9nyelmet biztos\u00edt. <strong>A m\u0171t\u0151sn\u0151k pr\u00e9mium n\u0151i orvosi bl\u00faz<\/strong><strong> vil\u00e1gos b\u00e9zs <\/strong>sz\u00ednben 80% pr\u00e9mium pamutb\u00f3l lett varrva, gyeng\u00e9d lycra \u00e9s nejlon hozz\u00e1ad\u00e1s\u00e1val.<\/p>\n<p style=\"font-weight: 400;\">A sz\u00e1laknak ez az anyagkombin\u00e1ci\u00f3ja teszi a sz\u00f6vetet puh\u00e1v\u00e1, tart\u00f3ss\u00e1, b\u00e1rmilyen testalkathoz alkalmazkod\u00f3v\u00e1, nem korl\u00e1tozza a mozg\u00e1st, \u00e9s &#8211; ami rendk\u00edv\u00fcl fontos az <strong>orvosi ruh\u00e1zat<\/strong> eset\u00e9ben &#8211; l\u00e9g\u00e1tereszt\u0151.<\/p>\n<p style=\"font-weight: 400;\"><strong>A vil\u00e1gos b\u00e9zs n\u0151i orvosi m\u0171t\u0151sruha pr\u00e9mium bl\u00faz<\/strong> ide\u00e1lis alap egy sokoldal\u00fa \u00e9s k\u00e9nyelmes <strong>orvosi ruhat\u00e1rhoz<\/strong>.<\/p>\n<p style=\"font-weight: 400;\">K\u00e9t praktikus \u00e9s t\u00e1gas zsebbel van felszerelve, amelyek lehet\u0151v\u00e9 teszik, hogy a munk\u00e1hoz sz\u00fcks\u00e9ges \u00f6sszes kisebb kieg\u00e9sz\u00edt\u0151t \u00e9s szersz\u00e1mot mag\u00e1val vigye.<\/p>\n<p style=\"font-weight: 400;\">A klasszikus V-nyak optikailag megny\u00fajtja az alakot, a karcs\u00fa szab\u00e1s minden n\u0151i alak minden el\u0151ny\u00e9t kiemeli, az ujjak hossza (majdnem k\u00f6ny\u00e9kig \u00e9r) pedig v\u00e9delmet ny\u00fajt a v\u00e1llaknak, mik\u00f6zben nem korl\u00e1tozza a mozg\u00e1st.<\/p>\n<p style=\"font-weight: 400;\">Kombin\u00e1lja <strong>a n\u0151i orvosi m\u0171t\u0151sruha pr\u00e9mium bl\u00faz vil\u00e1gos b\u00e9zs sz\u00ednben<\/strong> a <a href=\"https:\/\/medandbeauty.com\/produkt\/spodnie-medyczne-damskie-joggery-scrubs-premium-jasny-bez\/\" target=\"_blank\" rel=\"noopener\"><strong>orvosi meleg\u00edt\u0151nadr\u00e1ggal<\/strong><\/a>, <a href=\"https:\/\/medandbeauty.com\/produkt\/spodnie-medyczne-damskie-przylegajace-premium-jasny-bez\/\" target=\"_blank\" rel=\"noopener\"><strong>orvosi nadr\u00e1g<\/strong><\/a> vagy klasszikus <a href=\"https:\/\/medandbeauty.com\/produkt\/spodnie-medyczne-damskie-proste-scrubs-premium-jasny-bez\/\" target=\"_blank\" rel=\"noopener\"><strong>egyenes orvosi nadr\u00e1g<\/strong><\/a> ugyanabban az \u00e1rnyalatban, vagy v\u00e1lasszon m\u00e1s sz\u00ednt a kollekci\u00f3ban el\u00e9rhet\u0151 sz\u00e1mos sz\u00edn k\u00f6z\u00fcl. <a href=\"https:\/\/medandbeauty.com\/hu\/shop\/neki\/premium-kollekcio\/\" target=\"_blank\" rel=\"noopener\"><strong>Med &amp; Beauty Premium<\/strong><\/a>.<\/p>\n<p style=\"font-weight: 400;\">Biztos\u00edtson mag\u00e1nak maxim\u00e1lis k\u00e9nyelmet \u00e9s professzion\u00e1lis megjelen\u00e9st a munkahely\u00e9n a k\u00f6vetkez\u0151kkel<a href=\"https:\/\/medandbeauty.com\/hu\/shop\/neki\/premium-kollekcio\/\" target=\"_blank\" rel=\"noopener\"><strong> orvosi m\u0171t\u0151sruha<\/strong> <strong>Med &amp; Beauty Premium<\/strong><\/a>.<\/p>\n<ul>\n<li style=\"font-weight: 400;\">K\u00e9t t\u00e1gas el\u00fcls\u0151 zseb<\/li>\n<li style=\"font-weight: 400;\"><span style=\"font-family: inherit;\">Puha \u00e9s l\u00e9g\u00e1tereszt\u0151 anyag<\/span><\/li>\n<li style=\"font-weight: 400;\"><span style=\"font-family: inherit;\">Karcs\u00fa, id\u0151tlen szab\u00e1s<\/span><\/li>\n<li style=\"font-weight: 400;\"><span style=\"font-family: inherit;\">H\u00edmz\u00e9ssel szem\u00e9lyre szabhat\u00f3<\/span><\/li>\n<\/ul>\n<p style=\"font-weight: 400;\"><strong>Tov\u00e1bbi inform\u00e1ci\u00f3k:<\/strong><br \/>\nA k\u00e9peken l\u00e1that\u00f3 modellek S-es m\u00e9retet viselnek, \u00e9s 170-174 cm magasak.<\/p>\n<p style=\"font-weight: 400;\">Ha nem tudja, milyen m\u00e9retet v\u00e1lasszon &#8211; n\u00e9zze meg a m\u00e9rett\u00e1bl\u00e1zatot. Ha tov\u00e1bbi k\u00e9ts\u00e9gek mer\u00fclnek fel &#8211; k\u00fcldje el nek\u00fcnk a m\u00e9reteit, \u00e9s mi m\u00e9retre szabjuk \u00d6nnek. <\/p>\n<p style=\"font-weight: 400;\">A Premium kollekci\u00f3 ruhadarabjainak sz\u00ednei nem egyeznek a<a href=\"https:\/\/medandbeauty.com\/hu\/shop\/neki\/basic-kollekcio\/\" target=\"_blank\" rel=\"noopener\"> Basic kollekci\u00f3<\/a> sz\u00edneivel &#8211; m\u00e1s anyagb\u00f3l k\u00e9sz\u00fcltek.<\/p>\n<p style=\"font-weight: 400;\">A k\u00e9peken l\u00e1that\u00f3 egyes ruhadarabok \u00e1rnyalatai elt\u00e9rhetnek a t\u00e9nylegesekt\u0151l &#8211; ez a k\u00fcl\u00f6nb\u00f6z\u0151 elektronikus berendez\u00e9sek \u00e9s azok egyedi be\u00e1ll\u00edt\u00e1sai miatt van \u00edgy.<\/p>\n","protected":false},"excerpt":{"rendered":"<p>Klasszikus, t\u00f6bb ezer \u00fcgyfel\u00fcnk \u00e1ltal kedvelt boz\u00f3tosok, most pr\u00e9mium verzi\u00f3ban is el\u00e9rhet\u0151ek! Ha hossz\u00fa \u00f3r\u00e1kat t\u00f6lt a munkahely\u00e9n, olyan orvosi ruh\u00e1zatra van sz\u00fcks\u00e9ge, amely maxim\u00e1lis k\u00e9nyelmet biztos\u00edt. A m\u0171t\u0151sn\u0151k pr\u00e9mium n\u0151i orvosi bl\u00faz vil\u00e1gos b\u00e9zs sz\u00ednben 80% pr\u00e9mium pamutb\u00f3l lett varrva, gyeng\u00e9d lycra \u00e9s nejlon hozz\u00e1ad\u00e1s\u00e1val. A sz\u00e1laknak ez az anyagkombin\u00e1ci\u00f3ja teszi a sz\u00f6vetet puh\u00e1v\u00e1, [&hellip;]<\/p>\n","protected":false},"featured_media":463485,"comment_status":"open","ping_status":"closed","template":"","meta":{"_acf_changed":false,"inline_featured_image":false},"kolor":[1921],"rodzaj-ubrania":[1877,1882],"ubranie":[1990],"product_brand":[],"product_cat":[1989,1887,1988,1902],"product_tag":[],"class_list":{"0":"post-463481","1":"product","2":"type-product","3":"status-publish","4":"has-post-thumbnail","6":"kolor-beiges-hu","7":"rodzaj-ubrania-orvosi-bluzok","8":"rodzaj-ubrania-scrubs-hu","9":"ubranie-noi-orvosi-bluz-mutosruha-premium","10":"product_cat-bozotosok-hu-2","11":"product_cat-neki","12":"product_cat-orvosi-bluzok-hu-4","13":"product_cat-premium-kollekcio","15":"first","16":"instock","17":"taxable","18":"shipping-taxable","19":"purchasable","20":"product-type-variable"},"acf":[],"_links":{"self":[{"href":"https:\/\/medandbeauty.com\/hu\/wp-json\/wp\/v2\/product\/463481","targetHints":{"allow":["GET"]}}],"collection":[{"href":"https:\/\/medandbeauty.com\/hu\/wp-json\/wp\/v2\/product"}],"about":[{"href":"https:\/\/medandbeauty.com\/hu\/wp-json\/wp\/v2\/types\/product"}],"replies":[{"embeddable":true,"href":"https:\/\/medandbeauty.com\/hu\/wp-json\/wp\/v2\/comments?post=463481"}],"wp:featuredmedia":[{"embeddable":true,"href":"https:\/\/medandbeauty.com\/hu\/wp-json\/wp\/v2\/media\/463485"}],"wp:attachment":[{"href":"https:\/\/medandbeauty.com\/hu\/wp-json\/wp\/v2\/media?parent=463481"}],"wp:term":[{"taxonomy":"kolor","embeddable":true,"href":"https:\/\/medandbeauty.com\/hu\/wp-json\/wp\/v2\/kolor?post=463481"},{"taxonomy":"rodzaj-ubrania","embeddable":true,"href":"https:\/\/medandbeauty.com\/hu\/wp-json\/wp\/v2\/rodzaj-ubrania?post=463481"},{"taxonomy":"ubranie","embeddable":true,"href":"https:\/\/medandbeauty.com\/hu\/wp-json\/wp\/v2\/ubranie?post=463481"},{"taxonomy":"product_brand","embeddable":true,"href":"https:\/\/medandbeauty.com\/hu\/wp-json\/wp\/v2\/product_brand?post=463481"},{"taxonomy":"product_cat","embeddable":true,"href":"https:\/\/medandbeauty.com\/hu\/wp-json\/wp\/v2\/product_cat?post=463481"},{"taxonomy":"product_tag","embeddable":true,"href":"https:\/\/medandbeauty.com\/hu\/wp-json\/wp\/v2\/product_tag?post=463481"}],"curies":[{"name":"wp","href":"https:\/\/api.w.org\/{rel}","templated":true}]}}