{"id":463587,"date":"2024-02-04T23:43:13","date_gmt":"2024-02-04T23:43:13","guid":{"rendered":"https:\/\/medandbeauty.com\/product\/ajandekkartya\/"},"modified":"2025-08-13T12:37:40","modified_gmt":"2025-08-13T10:37:40","slug":"ajandekkartya","status":"publish","type":"product","link":"https:\/\/medandbeauty.com\/hu\/product\/ajandekkartya\/","title":{"rendered":"Aj\u00e1nd\u00e9kk\u00e1rtya"},"content":{"rendered":"<p>V\u00e1s\u00e1rl\u00e1sa ut\u00e1n egy aj\u00e1nd\u00e9kk\u00e1rty\u00e1t kap az \u00d6n \u00e1ltal v\u00e1lasztott \u00e9rt\u00e9kben.<\/p>\n<p>Az aj\u00e1nd\u00e9kk\u00e1rtya eg\u00e9sz \u00e9vben \u00e9rv\u00e9nyes, \u00e9s az online \u00e1ruh\u00e1zban \u00e9s az \u00fczletekben kaphat\u00f3 b\u00e1rmely term\u00e9k megv\u00e1s\u00e1rl\u00e1s\u00e1ra felhaszn\u00e1lhat\u00f3.<\/p>\n<p><strong>Felh\u00edvjuk figyelm\u00e9t, hogy az aj\u00e1nd\u00e9kk\u00e1rtya nem kombin\u00e1lhat\u00f3 m\u00e1s aj\u00e1nd\u00e9kk\u00e1rty\u00e1kkal vagy kedvezm\u00e9nyk\u00f3dokkal. Az aj\u00e1nd\u00e9kk\u00e1rty\u00e1k nem cser\u00e9lhet\u0151k ki \u00e9s nem t\u00e9r\u00edthet\u0151k vissza. <\/strong><\/p>\n<p>&nbsp;<\/p>\n","protected":false},"excerpt":{"rendered":"<p>Szeretne k\u00fcl\u00f6nleges aj\u00e1nd\u00e9kot adni az orvosi vagy sz\u00e9ps\u00e9giparban dolgoz\u00f3 szeretteinek?<\/p>\n<p>Aj\u00e1nd\u00e9kk\u00e1rty\u00e1nk t\u00f6k\u00e9letes aj\u00e1nd\u00e9k\u00f6tlet b\u00e1rmilyen alkalomra!<\/p>\n","protected":false},"featured_media":463594,"comment_status":"closed","ping_status":"closed","template":"","meta":{"_acf_changed":false,"inline_featured_image":false},"kolor":[],"rodzaj-ubrania":[],"ubranie":[],"product_brand":[],"product_cat":[2005],"product_tag":[],"class_list":{"0":"post-463587","1":"product","2":"type-product","3":"status-publish","4":"has-post-thumbnail","6":"product_cat-ajandekkartyak","8":"first","9":"instock","10":"taxable","11":"shipping-taxable","12":"purchasable","13":"product-type-variable"},"acf":[],"_links":{"self":[{"href":"https:\/\/medandbeauty.com\/hu\/wp-json\/wp\/v2\/product\/463587","targetHints":{"allow":["GET"]}}],"collection":[{"href":"https:\/\/medandbeauty.com\/hu\/wp-json\/wp\/v2\/product"}],"about":[{"href":"https:\/\/medandbeauty.com\/hu\/wp-json\/wp\/v2\/types\/product"}],"replies":[{"embeddable":true,"href":"https:\/\/medandbeauty.com\/hu\/wp-json\/wp\/v2\/comments?post=463587"}],"wp:featuredmedia":[{"embeddable":true,"href":"https:\/\/medandbeauty.com\/hu\/wp-json\/wp\/v2\/media\/463594"}],"wp:attachment":[{"href":"https:\/\/medandbeauty.com\/hu\/wp-json\/wp\/v2\/media?parent=463587"}],"wp:term":[{"taxonomy":"kolor","embeddable":true,"href":"https:\/\/medandbeauty.com\/hu\/wp-json\/wp\/v2\/kolor?post=463587"},{"taxonomy":"rodzaj-ubrania","embeddable":true,"href":"https:\/\/medandbeauty.com\/hu\/wp-json\/wp\/v2\/rodzaj-ubrania?post=463587"},{"taxonomy":"ubranie","embeddable":true,"href":"https:\/\/medandbeauty.com\/hu\/wp-json\/wp\/v2\/ubranie?post=463587"},{"taxonomy":"product_brand","embeddable":true,"href":"https:\/\/medandbeauty.com\/hu\/wp-json\/wp\/v2\/product_brand?post=463587"},{"taxonomy":"product_cat","embeddable":true,"href":"https:\/\/medandbeauty.com\/hu\/wp-json\/wp\/v2\/product_cat?post=463587"},{"taxonomy":"product_tag","embeddable":true,"href":"https:\/\/medandbeauty.com\/hu\/wp-json\/wp\/v2\/product_tag?post=463587"}],"curies":[{"name":"wp","href":"https:\/\/api.w.org\/{rel}","templated":true}]}}