{"id":463633,"date":"2024-01-05T19:39:49","date_gmt":"2024-01-05T19:39:49","guid":{"rendered":"https:\/\/medandbeauty.com\/product\/noi-orvosi-nadrag-proste-mutosruha-premium-kek\/"},"modified":"2025-12-23T12:07:06","modified_gmt":"2025-12-23T11:07:06","slug":"noi-orvosi-nadrag-proste-mutosruha-premium-kek","status":"publish","type":"product","link":"https:\/\/medandbeauty.com\/hu\/product\/noi-orvosi-nadrag-proste-mutosruha-premium-kek\/","title":{"rendered":"N\u0151i orvosi nadr\u00e1g PROSTE m\u0171t\u0151sruha pr\u00e9mium K\u00c9K"},"content":{"rendered":"<p style=\"font-weight: 400;\">A klasszikusok \u00e9s az elegancia minden kedvel\u0151je \u00e9rt\u00e9kelni fogja ezt a k\u00e9nyelmes \u00e9s id\u0151tlen modellt!<\/p>\n<p style=\"font-weight: 400;\">Szeretne kifog\u00e1stalan megjelen\u00e9st fenntartani \u00e9s szenz\u00e1ci\u00f3san \u00e9rezni mag\u00e1t munka k\u00f6zben?<\/p>\n<p style=\"font-weight: 400;\">A <strong>Med &amp; Beauty Premium kollekci\u00f3<\/strong> k\u00e9k sz\u00edn\u0171 <strong>orvosi egyenes nadr\u00e1gja<\/strong> t\u00f6k\u00e9letes v\u00e1laszt\u00e1s azoknak a n\u0151knek, akiknek fontos a professzionalizmus \u00e9s a k\u00e9nyelem a hossz\u00fa munkaid\u0151 alatt.<\/p>\n<p style=\"font-weight: 400;\"><strong>A k\u00e9k sz\u00edn\u0171 pr\u00e9mium n\u0151i egyenes orvosi nadr\u00e1g<\/strong> kellemes, puha anyagb\u00f3l k\u00e9sz\u00fclt, \u00edgy mozg\u00e1sszabads\u00e1got \u00e9s k\u00e9nyelmet biztos\u00edt.<\/p>\n<p style=\"font-weight: 400;\">A 80% kiv\u00e1l\u00f3 min\u0151s\u00e9g\u0171 pamut, lycra \u00e9s nylon kombin\u00e1ci\u00f3ja t\u00f6k\u00e9letes illeszked\u00e9st biztos\u00edt, valamint l\u00e9g\u00e1tereszt\u0151 \u00e9s tart\u00f3s.<\/p>\n<p style=\"font-weight: 400;\"><strong>A <a href=\"https:\/\/medandbeauty.com\/hu\/shop\/neki\/premium-kollekcio\/\" target=\"_blank\" rel=\"noopener\">Premium kollekci\u00f3<\/a> n\u0151i egyenes orvosi nadr\u00e1gja<\/strong> n\u00e9gy funkcion\u00e1lis zsebbel (kett\u0151 h\u00e1tul, kett\u0151 el\u00f6l) rendelkezik, amelyekben a napi munk\u00e1hoz sz\u00fcks\u00e9ges \u00f6sszes tartoz\u00e9k elf\u00e9r.<\/p>\n<p style=\"font-weight: 400;\">Az enyh\u00e9n sz\u0171k\u00edtett szab\u00e1s \u00e9s a magas derek\u00fa nadr\u00e1g kiemeli b\u00e1rmelyik alak el\u0151nyeit, m\u00edg az elasztikus der\u00e9kp\u00e1nt teljes k\u00e9nyelmet \u00e9s mozg\u00e1sszabads\u00e1got biztos\u00edt.<\/p>\n<p style=\"font-weight: 400;\">P\u00e1ros\u00edtsa <strong>a k\u00e9k egyenes orvosi m\u0171t\u0151snadr\u00e1g pr\u00e9mium nadr\u00e1got<\/strong> a <a href=\"https:\/\/medandbeauty.com\/produkt\/bluzka-medyczna-damska-scrubs-premium-blekitna\/\" target=\"_blank\" rel=\"noopener\"><strong>orvosi bl\u00faz<\/strong> <\/a>ugyanabban a sz\u00ednben, vagy p\u00e1ros\u00edtsa egy m\u00e1sik \u00e1rnyalattal az<a href=\"https:\/\/medandbeauty.com\/hu\/shop\/neki\/premium-kollekcio\/\" target=\"_blank\" rel=\"noopener\"><strong> pr\u00e9mium m\u0171t\u0151sruha kollekci\u00f3nkb\u00f3l<\/strong><\/a> \u00e9s hozzon l\u00e9tre egy egyedi szettet!<\/p>\n<ul>\n<li style=\"font-weight: 400;\">\u00d6sszesen 4 t\u00e1gas zseb &#8211; k\u00e9t el\u00fcls\u0151 \u00e9s k\u00e9t h\u00e1ts\u00f3 zseb<\/li>\n<li style=\"font-weight: 400;\"><span style=\"font-family: inherit;\">Egyenes, enyh\u00e9n k\u00fapos l\u00e1bak<\/span><\/li>\n<li style=\"font-weight: 400;\"><span style=\"font-family: inherit;\">Magasan emelked\u0151, sz\u00e9les elasztikus der\u00e9ksz\u00edjjal<\/span><\/li>\n<li style=\"font-weight: 400;\"><span style=\"font-family: inherit;\">Eleg\u00e1ns \u00e9s finom has\u00edt\u00e9kok a l\u00e1bakn\u00e1l<\/span><\/li>\n<\/ul>\n<p>&nbsp;<\/p>\n<p style=\"font-weight: 400;\"><strong>Tov\u00e1bbi inform\u00e1ci\u00f3k:<\/strong><br \/>\nA k\u00e9peken l\u00e1that\u00f3 modellek S-es m\u00e9retet viselnek, \u00e9s 170-174 cm magasak.<\/p>\n<p style=\"font-weight: 400;\">Ha nem tudja, milyen m\u00e9retet v\u00e1lasszon &#8211; n\u00e9zze meg a m\u00e9rett\u00e1bl\u00e1zatot. Ha tov\u00e1bbi k\u00e9ts\u00e9gek mer\u00fclnek fel &#8211; k\u00fcldje el nek\u00fcnk a m\u00e9reteit, \u00e9s mi m\u00e9retre szabjuk \u00d6nnek. <\/p>\n<p style=\"font-weight: 400;\">A <a href=\"https:\/\/medandbeauty.com\/hu\/shop\/neki\/premium-kollekcio\/\" target=\"_blank\" rel=\"noopener\">Premium kollekci\u00f3<\/a> ruhadarabjainak sz\u00ednei nem egyeznek a <a href=\"https:\/\/medandbeauty.com\/hu\/shop\/neki\/basic-kollekcio\/\" target=\"_blank\" rel=\"noopener\">Basic kollekci\u00f3<\/a> sz\u00edneivel &#8211; m\u00e1s anyagb\u00f3l k\u00e9sz\u00fcltek.<\/p>\n<p style=\"font-weight: 400;\">A k\u00e9peken l\u00e1that\u00f3 egyes ruhadarabok \u00e1rnyalatai elt\u00e9rhetnek a t\u00e9nylegesekt\u0151l &#8211; ez a k\u00fcl\u00f6nb\u00f6z\u0151 elektronikus berendez\u00e9sek \u00e9s azok egyedi be\u00e1ll\u00edt\u00e1sai miatt van \u00edgy.<\/p>\n","protected":false},"excerpt":{"rendered":"<p>A klasszikusok \u00e9s az elegancia minden kedvel\u0151je \u00e9rt\u00e9kelni fogja ezt a k\u00e9nyelmes \u00e9s id\u0151tlen modellt! Szeretne kifog\u00e1stalan megjelen\u00e9st fenntartani \u00e9s szenz\u00e1ci\u00f3san \u00e9rezni mag\u00e1t munka k\u00f6zben? A Med &amp; Beauty Premium kollekci\u00f3 k\u00e9k sz\u00edn\u0171 orvosi egyenes nadr\u00e1gja t\u00f6k\u00e9letes v\u00e1laszt\u00e1s azoknak a n\u0151knek, akiknek fontos a professzionalizmus \u00e9s a k\u00e9nyelem a hossz\u00fa munkaid\u0151 alatt. A k\u00e9k sz\u00edn\u0171 [&hellip;]<\/p>\n","protected":false},"featured_media":463636,"comment_status":"open","ping_status":"closed","template":"","meta":{"_acf_changed":false,"inline_featured_image":false},"kolor":[1901],"rodzaj-ubrania":[1883,1882],"ubranie":[1992],"product_brand":[],"product_cat":[1989,1887,1926,1902],"product_tag":[],"class_list":{"0":"post-463633","1":"product","2":"type-product","3":"status-publish","4":"has-post-thumbnail","6":"kolor-kek","7":"rodzaj-ubrania-orvosi-nadragok","8":"rodzaj-ubrania-scrubs-hu","9":"ubranie-noi-orvosi-egyenes-nadrag-mutosnadrag-premium","10":"product_cat-bozotosok-hu-2","11":"product_cat-neki","12":"product_cat-orvosi-nadrag-hu","13":"product_cat-premium-kollekcio","15":"first","16":"instock","17":"taxable","18":"shipping-taxable","19":"purchasable","20":"product-type-variable"},"acf":[],"_links":{"self":[{"href":"https:\/\/medandbeauty.com\/hu\/wp-json\/wp\/v2\/product\/463633","targetHints":{"allow":["GET"]}}],"collection":[{"href":"https:\/\/medandbeauty.com\/hu\/wp-json\/wp\/v2\/product"}],"about":[{"href":"https:\/\/medandbeauty.com\/hu\/wp-json\/wp\/v2\/types\/product"}],"replies":[{"embeddable":true,"href":"https:\/\/medandbeauty.com\/hu\/wp-json\/wp\/v2\/comments?post=463633"}],"wp:featuredmedia":[{"embeddable":true,"href":"https:\/\/medandbeauty.com\/hu\/wp-json\/wp\/v2\/media\/463636"}],"wp:attachment":[{"href":"https:\/\/medandbeauty.com\/hu\/wp-json\/wp\/v2\/media?parent=463633"}],"wp:term":[{"taxonomy":"kolor","embeddable":true,"href":"https:\/\/medandbeauty.com\/hu\/wp-json\/wp\/v2\/kolor?post=463633"},{"taxonomy":"rodzaj-ubrania","embeddable":true,"href":"https:\/\/medandbeauty.com\/hu\/wp-json\/wp\/v2\/rodzaj-ubrania?post=463633"},{"taxonomy":"ubranie","embeddable":true,"href":"https:\/\/medandbeauty.com\/hu\/wp-json\/wp\/v2\/ubranie?post=463633"},{"taxonomy":"product_brand","embeddable":true,"href":"https:\/\/medandbeauty.com\/hu\/wp-json\/wp\/v2\/product_brand?post=463633"},{"taxonomy":"product_cat","embeddable":true,"href":"https:\/\/medandbeauty.com\/hu\/wp-json\/wp\/v2\/product_cat?post=463633"},{"taxonomy":"product_tag","embeddable":true,"href":"https:\/\/medandbeauty.com\/hu\/wp-json\/wp\/v2\/product_tag?post=463633"}],"curies":[{"name":"wp","href":"https:\/\/api.w.org\/{rel}","templated":true}]}}