{"id":463673,"date":"2024-01-05T19:44:56","date_gmt":"2024-01-05T19:44:56","guid":{"rendered":"https:\/\/medandbeauty.com\/product\/noi-orvosi-nadrag-proste-mutosruha-premium-pale-beige\/"},"modified":"2025-12-23T12:07:06","modified_gmt":"2025-12-23T11:07:06","slug":"noi-orvosi-nadrag-proste-mutosruha-premium-pale-beige","status":"publish","type":"product","link":"https:\/\/medandbeauty.com\/hu\/product\/noi-orvosi-nadrag-proste-mutosruha-premium-pale-beige\/","title":{"rendered":"N\u0151i orvosi nadr\u00e1g PROSTE m\u0171t\u0151sruha pr\u00e9mium PALE BEIGE"},"content":{"rendered":"<p style=\"font-weight: 400;\">Az eleg\u00e1ns \u00e9s klasszikus st\u00edlus minden kedvel\u0151je im\u00e1dja ezt a modellt!<\/p>\n<p style=\"font-weight: 400;\">Szeretne egyszerre profin \u00e9s laz\u00e1n megjelenni a munkahely\u00e9n?<\/p>\n<p style=\"font-weight: 400;\"><strong>Egyszer\u0171,<\/strong> <strong>vil\u00e1gos b\u00e9zs<\/strong> <strong>sz\u00edn\u0171<\/strong> <strong>orvosi nadr\u00e1gunk a <a href=\"https:\/\/medandbeauty.com\/hu\/shop\/neki\/premium-kollekcio\/\" target=\"_blank\" rel=\"noopener\">pr\u00e9mium kollekci\u00f3b\u00f3l<\/a><\/strong> t\u00f6k\u00e9letes v\u00e1laszt\u00e1s minden olyan n\u0151 sz\u00e1m\u00e1ra, akinek fontos a kifog\u00e1stalan megjelen\u00e9s \u00e9s a teljes k\u00e9nyelem munka k\u00f6zben.<\/p>\n<p style=\"font-weight: 400;\"><strong>A vil\u00e1gos b\u00e9zs sz\u00edn\u0171, pr\u00e9mium n\u0151i egyenes nadr\u00e1got<\/strong> puha \u00e9s tapinthat\u00f3 anyagb\u00f3l szabt\u00e1k, \u00edgy teljes mozg\u00e1sterjedelmet \u00e9s kiv\u00e9teles visel\u00e9si k\u00e9nyelmet biztos\u00edt.<\/p>\n<p style=\"font-weight: 400;\">A 80% pr\u00e9mium pamut, lycra \u00e9s nejlon kombin\u00e1ci\u00f3j\u00e1nak k\u00f6sz\u00f6nhet\u0151en az anyag t\u00f6k\u00e9letesen illeszkedik minden alakhoz, valamint tart\u00f3s \u00e9s l\u00e9g\u00e1tereszt\u0151.<\/p>\n<p style=\"font-weight: 400;\">N\u00e9gy funkcion\u00e1lis zsebbel (kett\u0151 az elej\u00e9n \u00e9s kett\u0151 a h\u00e1tulj\u00e1n) minden apr\u00f3s\u00e1got magaddal vihetsz, amire sz\u00fcks\u00e9ged van a munkahelyeden.<\/p>\n<p style=\"font-weight: 400;\">A szeg\u00e9lyn\u00e9l enyh\u00e9n sz\u0171k\u00fcl\u0151 szab\u00e1svonal kiemeli minden alak el\u0151nyeit, m\u00edg az elasztikus der\u00e9kp\u00e1nt alkalmazkodik a testhez, \u00e9s rendk\u00edv\u00fcl k\u00e9nyelmess\u00e9 teszi a nadr\u00e1got.<\/p>\n<p style=\"font-weight: 400;\">A <strong>vil\u00e1gos b\u00e9zs sz\u00edn\u0171 egyenes pr\u00e9mium orvosi nadr\u00e1g<\/strong> magas\u00edtott emelked\u00e9se gy\u00f6ny\u00f6r\u0171en form\u00e1lja a sziluettet, \u00e9s megakad\u00e1lyozza, hogy a nadr\u00e1g lecs\u00fasszon.<\/p>\n<p style=\"font-weight: 400;\">P\u00e1ros\u00edtsa <strong>a Premium m\u0171t\u0151snadr\u00e1g vil\u00e1gos b\u00e9zs sz\u00edn\u0171 egyenes orvosi nadr\u00e1gj\u00e1t<\/strong> <strong><a href=\"https:\/\/medandbeauty.com\/produkt\/bluzka-medyczna-damska-scrubs-premium-jasny-bez\/\" target=\"_blank\" rel=\"noopener\">egy<\/a><\/strong> ugyanolyan sz\u00edn\u0171 <strong>orvosi bl\u00fazzal<\/strong>, vagy v\u00e1lasszon egy m\u00e1sik \u00e1rnyalatot a Premium m\u0171t\u0151snadr\u00e1gok k\u00f6z\u00fcl. <a href=\"https:\/\/medandbeauty.com\/hu\/shop\/neki\/premium-kollekcio\/\" target=\"_blank\" rel=\"noopener\"><strong>pr\u00e9mium kollekci\u00f3nkb\u00f3l<\/strong><\/a> \u00e9s hozzon l\u00e9tre egy egyedi szettet!<\/p>\n<ul>\n<li style=\"font-weight: 400;\">\u00d6sszesen 4 t\u00e1gas zseb &#8211; k\u00e9t el\u00fcls\u0151 \u00e9s k\u00e9t h\u00e1ts\u00f3 zseb<\/li>\n<li style=\"font-weight: 400;\"><span style=\"font-family: inherit;\">Egyenes, enyh\u00e9n k\u00fapos l\u00e1bak<\/span><\/li>\n<li style=\"font-weight: 400;\"><span style=\"font-family: inherit;\">Magasan emelked\u0151, sz\u00e9les elasztikus der\u00e9ksz\u00edjjal<\/span><\/li>\n<li style=\"font-weight: 400;\"><span style=\"font-family: inherit;\">  Eleg\u00e1ns \u00e9s finom has\u00edt\u00e9kok a l\u00e1bakn\u00e1l<\/span><\/li>\n<\/ul>\n<p>&nbsp;<\/p>\n<p style=\"font-weight: 400;\"><strong>Tov\u00e1bbi inform\u00e1ci\u00f3k:<\/strong><br \/>\nA k\u00e9peken l\u00e1that\u00f3 modellek S-es m\u00e9retet viselnek, \u00e9s 170-174 cm magasak.<\/p>\n<p style=\"font-weight: 400;\">Ha nem tudja, milyen m\u00e9retet v\u00e1lasszon &#8211; n\u00e9zze meg a m\u00e9rett\u00e1bl\u00e1zatot. Ha tov\u00e1bbi k\u00e9ts\u00e9gek mer\u00fclnek fel &#8211; k\u00fcldje el nek\u00fcnk a m\u00e9reteit, \u00e9s mi m\u00e9retre szabjuk \u00d6nnek. <\/p>\n<p style=\"font-weight: 400;\">A <a href=\"https:\/\/medandbeauty.com\/hu\/shop\/neki\/premium-kollekcio\/\" target=\"_blank\" rel=\"noopener\">Premium kollekci\u00f3<\/a> ruhadarabjainak sz\u00ednei nem egyeznek a <a href=\"https:\/\/medandbeauty.com\/hu\/shop\/neki\/basic-kollekcio\/\" target=\"_blank\" rel=\"noopener\">Basic kollekci\u00f3<\/a> sz\u00edneivel &#8211; m\u00e1s anyagb\u00f3l k\u00e9sz\u00fcltek.<\/p>\n<p style=\"font-weight: 400;\">A k\u00e9peken l\u00e1that\u00f3 egyes ruhadarabok \u00e1rnyalatai elt\u00e9rhetnek a t\u00e9nylegesekt\u0151l &#8211; ez a k\u00fcl\u00f6nb\u00f6z\u0151 elektronikus berendez\u00e9sek \u00e9s azok egyedi be\u00e1ll\u00edt\u00e1sai miatt van \u00edgy.<\/p>\n","protected":false},"excerpt":{"rendered":"<p>Az eleg\u00e1ns \u00e9s klasszikus st\u00edlus minden kedvel\u0151je im\u00e1dja ezt a modellt! Szeretne egyszerre profin \u00e9s laz\u00e1n megjelenni a munkahely\u00e9n? Egyszer\u0171, vil\u00e1gos b\u00e9zs sz\u00edn\u0171 orvosi nadr\u00e1gunk a pr\u00e9mium kollekci\u00f3b\u00f3l t\u00f6k\u00e9letes v\u00e1laszt\u00e1s minden olyan n\u0151 sz\u00e1m\u00e1ra, akinek fontos a kifog\u00e1stalan megjelen\u00e9s \u00e9s a teljes k\u00e9nyelem munka k\u00f6zben. A vil\u00e1gos b\u00e9zs sz\u00edn\u0171, pr\u00e9mium n\u0151i egyenes nadr\u00e1got puha \u00e9s [&hellip;]<\/p>\n","protected":false},"featured_media":463678,"comment_status":"open","ping_status":"closed","template":"","meta":{"_acf_changed":false,"inline_featured_image":false},"kolor":[1921],"rodzaj-ubrania":[1883,1882],"ubranie":[1992],"product_brand":[],"product_cat":[1989,1887,1926,1902],"product_tag":[],"class_list":{"0":"post-463673","1":"product","2":"type-product","3":"status-publish","4":"has-post-thumbnail","6":"kolor-beiges-hu","7":"rodzaj-ubrania-orvosi-nadragok","8":"rodzaj-ubrania-scrubs-hu","9":"ubranie-noi-orvosi-egyenes-nadrag-mutosnadrag-premium","10":"product_cat-bozotosok-hu-2","11":"product_cat-neki","12":"product_cat-orvosi-nadrag-hu","13":"product_cat-premium-kollekcio","15":"first","16":"instock","17":"taxable","18":"shipping-taxable","19":"purchasable","20":"product-type-variable"},"acf":[],"_links":{"self":[{"href":"https:\/\/medandbeauty.com\/hu\/wp-json\/wp\/v2\/product\/463673","targetHints":{"allow":["GET"]}}],"collection":[{"href":"https:\/\/medandbeauty.com\/hu\/wp-json\/wp\/v2\/product"}],"about":[{"href":"https:\/\/medandbeauty.com\/hu\/wp-json\/wp\/v2\/types\/product"}],"replies":[{"embeddable":true,"href":"https:\/\/medandbeauty.com\/hu\/wp-json\/wp\/v2\/comments?post=463673"}],"wp:featuredmedia":[{"embeddable":true,"href":"https:\/\/medandbeauty.com\/hu\/wp-json\/wp\/v2\/media\/463678"}],"wp:attachment":[{"href":"https:\/\/medandbeauty.com\/hu\/wp-json\/wp\/v2\/media?parent=463673"}],"wp:term":[{"taxonomy":"kolor","embeddable":true,"href":"https:\/\/medandbeauty.com\/hu\/wp-json\/wp\/v2\/kolor?post=463673"},{"taxonomy":"rodzaj-ubrania","embeddable":true,"href":"https:\/\/medandbeauty.com\/hu\/wp-json\/wp\/v2\/rodzaj-ubrania?post=463673"},{"taxonomy":"ubranie","embeddable":true,"href":"https:\/\/medandbeauty.com\/hu\/wp-json\/wp\/v2\/ubranie?post=463673"},{"taxonomy":"product_brand","embeddable":true,"href":"https:\/\/medandbeauty.com\/hu\/wp-json\/wp\/v2\/product_brand?post=463673"},{"taxonomy":"product_cat","embeddable":true,"href":"https:\/\/medandbeauty.com\/hu\/wp-json\/wp\/v2\/product_cat?post=463673"},{"taxonomy":"product_tag","embeddable":true,"href":"https:\/\/medandbeauty.com\/hu\/wp-json\/wp\/v2\/product_tag?post=463673"}],"curies":[{"name":"wp","href":"https:\/\/api.w.org\/{rel}","templated":true}]}}